{"id":4100,"date":"2021-11-09T15:21:45","date_gmt":"2021-11-09T15:21:45","guid":{"rendered":"https:\/\/renynsys.es\/haeufig-gestellte-fragen\/"},"modified":"2023-06-02T13:13:00","modified_gmt":"2023-06-02T13:13:00","slug":"haeufig-gestellte-fragen","status":"publish","type":"page","link":"https:\/\/renynsys.es\/de\/haeufig-gestellte-fragen\/","title":{"rendered":"H\u00e4ufig gestellte Fragen"},"content":{"rendered":"<p>[et_pb_section fb_built=&#8221;1&#8243; disabled_on=&#8221;on|on|off&#8221; _builder_version=&#8221;4.5.8&#8243; _module_preset=&#8221;default&#8221; background_color=&#8221;#f3f4f5&#8243; custom_padding=&#8221;||0px|||&#8221;][et_pb_row column_structure=&#8221;1_2,1_2&#8243; _builder_version=&#8221;4.5.8&#8243; _module_preset=&#8221;default&#8221; max_width=&#8221;1195px&#8221; min_height=&#8221;568px&#8221; custom_padding=&#8221;||0px|||&#8221;][et_pb_column type=&#8221;1_2&#8243; _builder_version=&#8221;4.5.8&#8243; _module_preset=&#8221;default&#8221;][et_pb_text content_tablet=&#8221;&#8221; content_phone=&#8221;&#8221; content_last_edited=&#8221;on|desktop&#8221; _builder_version=&#8221;4.5.8&#8243; _module_preset=&#8221;default&#8221; header_text_color=&#8221;#b2292e&#8221;]<\/p>\n<h1>H\u00c4UFIG GESTELLTE FRAGEN<\/h1>\n<p>[\/et_pb_text][et_pb_text content_tablet=&#8221;&#8221; content_phone=&#8221;&#8221; content_last_edited=&#8221;on|desktop&#8221; _builder_version=&#8221;4.5.8&#8243; _module_preset=&#8221;default&#8221; text_font_size=&#8221;16px&#8221; header_text_color=&#8221;#b2292e&#8221;]<\/p>\n<p style=\"text-align: justify;\">Wenn Sie noch Zweifel haben, haben wir in diesem Abschnitt die am h\u00e4ufigsten gestellten Fragen unserer Kunden gesammelt.<\/p>\n<p>[\/et_pb_text][\/et_pb_column][et_pb_column type=&#8221;1_2&#8243; _builder_version=&#8221;4.5.8&#8243; _module_preset=&#8221;default&#8221;][et_pb_image src=&#8221;https:\/\/renynsys.es\/wp-content\/uploads\/2021\/11\/preguntas_frecuentes.png&#8221; alt=&#8221;H\u00e4ufig gestellte Fragen&#8221; title_text=&#8221;h\u00e4ufig_gestellte_Fragen&#8221; align=&#8221;right&#8221; disabled_on=&#8221;on|on|off&#8221; _builder_version=&#8221;4.5.8&#8243; _module_preset=&#8221;default&#8221; width=&#8221;100%&#8221; hover_enabled=&#8221;0&#8243;][\/et_pb_image][\/et_pb_column][\/et_pb_row][\/et_pb_section][et_pb_section fb_built=&#8221;1&#8243; disabled_on=&#8221;off|off|on&#8221; _builder_version=&#8221;4.5.8&#8243; _module_preset=&#8221;default&#8221; background_color=&#8221;#f3f4f5&#8243; min_height=&#8221;711px&#8221; custom_margin=&#8221;||4px|||&#8221; custom_padding=&#8221;||0px|||&#8221;][et_pb_row column_structure=&#8221;1_2,1_2&#8243; _builder_version=&#8221;4.5.8&#8243; _module_preset=&#8221;default&#8221; custom_padding=&#8221;3px||0px|||&#8221;][et_pb_column type=&#8221;1_2&#8243; _builder_version=&#8221;4.5.8&#8243; _module_preset=&#8221;default&#8221;][et_pb_text content_tablet=&#8221;<\/p>\n<h1>H\u00c4UFIG GESTELLTE FRAGEN<\/h1>\n<p>&#8221; content_phone=&#8221;<\/p>\n<h1>H\u00c4UFIG GESTELLTE FRAGEN<\/h1>\n<p>&#8221; content_last_edited=&#8221;on|phone&#8221; _builder_version=&#8221;4.5.8&#8243; _module_preset=&#8221;default&#8221; header_text_color=&#8221;#b2292e&#8221; header_font_size=&#8221;22px&#8221;]<\/p>\n<h1>H\u00c4UFIG GESTELLTE FRAGEN<\/h1>\n<p>[\/et_pb_text][et_pb_text content_tablet=&#8221;<\/p>\n<p>Wenn Sie noch Zweifel haben, haben wir in diesem Abschnitt die am h\u00e4ufigsten gestellten Fragen unserer Kunden gesammelt.<\/p>\n<p>&#8221; content_phone=&#8221;<\/p>\n<p style=%22text-align: justify;%22>Wenn Sie noch Zweifel haben, haben wir in diesem Abschnitt die am h\u00e4ufigsten gestellten Fragen unserer Kunden gesammelt.<\/p>\n<p>&#8221; content_last_edited=&#8221;on|desktop&#8221; _builder_version=&#8221;4.5.8&#8243; _module_preset=&#8221;default&#8221; header_text_color=&#8221;#b2292e&#8221;]<\/p>\n<p style=\"text-align: justify;\">Wenn Sie noch Zweifel haben, haben wir in diesem Abschnitt die am h\u00e4ufigsten gestellten Fragen unserer Kunden gesammelt.<\/p>\n<p>[\/et_pb_text][\/et_pb_column][et_pb_column type=&#8221;1_2&#8243; _builder_version=&#8221;4.5.8&#8243; _module_preset=&#8221;default&#8221;][et_pb_image src=&#8221;https:\/\/renynsys.es\/wp-content\/uploads\/2021\/11\/preguntas_frecuentes.png&#8221; alt=&#8221;H\u00e4ufig gestellte Fragen&#8221; title_text=&#8221;h\u00e4ufig_gestellte_Fragen&#8221; align=&#8221;center&#8221; disabled_on=&#8221;off|off|on&#8221; _builder_version=&#8221;4.5.8&#8243; _module_preset=&#8221;default&#8221; width=&#8221;100%&#8221; locked=&#8221;off&#8221;][\/et_pb_image][\/et_pb_column][\/et_pb_row][\/et_pb_section][et_pb_section fb_built=&#8221;1&#8243; _builder_version=&#8221;4.5.8&#8243; _module_preset=&#8221;default&#8221; custom_margin=&#8221;-2px|||||&#8221; custom_padding=&#8221;||2px|||&#8221;][et_pb_row _builder_version=&#8221;4.5.8&#8243; _module_preset=&#8221;default&#8221; max_width=&#8221;1195px&#8221;][et_pb_column type=&#8221;4_4&#8243; _builder_version=&#8221;4.5.8&#8243; _module_preset=&#8221;default&#8221;][et_pb_toggle title=&#8221;Wie unterscheidet sich die Cherokee-Kamera von herk\u00f6mmlichen Fotofallen-Kameras?&#8221; open_toggle_text_color=&#8221;#b2292e&#8221; _builder_version=&#8221;4.5.8&#8243; _module_preset=&#8221;default&#8221;]<\/p>\n<p style=\"text-align: justify;\">Die Cherokee-Kamera ist eine<span lang=\"ES-TRAD\">hochwertige<\/span> Fotofallen-Kamera&nbsp;<span lang=\"ES-TRAD\">, die f\u00fcr die \u00dcberwachung von landwirtschaftlichen Betrieben angepasst und konfiguriert<\/span> wurde.<span lang=\"ES-TRAD\"><o:p><\/o:p><\/span><\/p>\n<p class=\"parrafo\"><span lang=\"ES-TRAD\">Dank dieses Systems und seiner k\u00fcnstlichen Intelligenz k\u00f6nnen Sie von Vorteilen wie diesen profitieren:<o:p><\/o:p><\/span><\/p>\n<ul style=\"text-align: justify;\">\n<li>Fahrzeug- und Nummernschilderkennung.<\/li>\n<li>Verwaltung und Speicherung von Bildern in der Cloud.<\/li>\n<li>Individuell anpassbares Alarmsystem.<\/li>\n<li>Kamera\u00fcberwachung ohne Scrollen in der App.<\/li>\n<li>Erstellung von Gruppen zum Austausch von Informationen mit Ihrer Umgebung oder Ihrem Arbeitsteam.<\/li>\n<li>Automatische Bildfilterung.<\/li>\n<\/ul>\n<p style=\"text-align: justify;\">[\/et_pb_toggle][et_pb_toggle title=&#8221;Kann ich mehrere Trapping-Kameras von einem einzigen Benutzerkonto aus verwalten?&#8221; open_toggle_text_color=&#8221;#b2292e&#8221; _builder_version=&#8221;4.5.8&#8243; _module_preset=&#8221;default&#8221;]<\/p>\n<p style=\"text-align: justify;\">Ja, nat\u00fcrlich. Von der Renyn Systems Anwendung aus k\u00f6nnen Sie so viele Fotofallen-Kameras verwalten und konfigurieren, wie Sie m\u00f6chten (auch wenn sie weit voneinander entfernt sind).&nbsp;<\/p>\n<p style=\"text-align: justify;\">Durch die Ansichten <strong><br \/>\n  <em>Karte<\/em><br \/>\n<\/strong> y <strong><br \/>\n  <em>Ger\u00e4teansicht<\/em><br \/>\n<\/strong> der Anwendung k\u00f6nnen Sie ihren Standort \u00fcberpr\u00fcfen, ihren Status erfahren, wie viel Akkulaufzeit sie noch haben usw.<\/p>\n<p>[\/et_pb_toggle][et_pb_toggle title=&#8221;Kann ich die Cherokee-Kamera mit einer SIM-Karte eines anderen Herstellers verwenden?&#8221; open_toggle_text_color=&#8221;#b2292e&#8221; _builder_version=&#8221;4.5.8&#8243; _module_preset=&#8221;default&#8221;]<\/p>\n<p style=\"text-align: justify;\">Ja, Sie k\u00f6nnen die Cherokee-Kamera mit einer SIM-Karte verwenden, die nicht von Renyn Systems stammt, und haben trotzdem Zugriff auf die Funktionen der Anwendung.<\/p>\n<p class=\"parrafo\" style=\"text-align: justify;\"><span lang=\"ES-TRAD\">Allerdings m\u00fcssen Sie sich vergewissern, dass der Betreiber in dem Bereich, in dem Sie die Kamera montieren wollen, auch Empfang hat, was bei der Renyn Systems Sim nicht der Fall ist.<o:p><\/o:p><\/span><\/p>\n<p>[\/et_pb_toggle][et_pb_toggle title=&#8221;Kann ich die Cherokee-Kamera auch ohne Abdeckung verwenden?&#8221; open_toggle_text_color=&#8221;#b2292e&#8221; _builder_version=&#8221;4.5.8&#8243; _module_preset=&#8221;default&#8221;]<\/p>\n<p style=\"text-align: justify;\">Sie k\u00f6nnen die Cherokee-Kamera ohne Abdeckung verwenden. Das Einzige, was Sie beachten sollten, ist, dass es sich nicht mit der App synchronisiert, um Ihnen die Fotos zu senden, bis es wieder Empfang hat.&nbsp;<\/p>\n<p style=\"text-align: justify;\">Dank unserer SIM-Karte ist es jedoch schwieriger, gestrandet zu sein, da sie f\u00fcr mehrere Betreiber geeignet ist. Das hei\u00dft, es wird an die Antenne des n\u00e4chstgelegenen Teleoperators angeschlossen, unabh\u00e4ngig von dessen Marke.<\/p>\n<p>[\/et_pb_toggle][et_pb_toggle title=&#8221;Ich habe Probleme, die Kamera zu aktivieren, sie zu konfigurieren oder sie mit der Anwendung zu synchronisieren. Was kann ich tun?&#8221; open_toggle_text_color=&#8221;#b2292e&#8221; _builder_version=&#8221;4.5.8&#8243; _module_preset=&#8221;default&#8221;]<\/p>\n<p style=\"text-align: justify;\">Wenn Sie die Cherokee-Kamera bereits besitzen, empfehlen wir Ihnen, die Schritt-f\u00fcr-Schritt-Anleitung in dem Ihnen zugesandten Handbuch zu befolgen.&nbsp;<\/p>\n<p style=\"text-align: justify;\">Dort finden Sie alle Informationen, die Sie beachten m\u00fcssen.&nbsp;<\/p>\n<p style=\"text-align: justify;\">Wenn Sie immer noch Schwierigkeiten haben oder etwas nicht in Ordnung ist, senden Sie uns eine E-Mail an info@renynsys.es.<\/p>\n<p>[\/et_pb_toggle][et_pb_toggle title=&#8221;Ich bin nicht gut in Technik. Werde ich die Kamera und die Anwendung nutzen k\u00f6nnen?&#8221; open_toggle_text_color=&#8221;#b2292e&#8221; _builder_version=&#8221;4.5.8&#8243; _module_preset=&#8221;default&#8221;]<\/p>\n<p style=\"text-align: justify;\">Wir haben uns f\u00fcr die Cherokee-Kamera entschieden, weil sie schnell und einfach zu aktivieren und in Betrieb zu nehmen ist.<\/p>\n<p style=\"text-align: justify;\">&nbsp;Wir haben auch die Anwendung von Renyn Systems selbst entwickelt, die dank ihrer benutzerfreundlichen Oberfl\u00e4che f\u00fcr jeden leicht zu bedienen ist.&nbsp;<\/p>\n<p style=\"text-align: justify;\">Dar\u00fcber hinaus erhalten Sie mit unserer Kamera ein Handbuch und alle Informationen, die Sie ben\u00f6tigen, um die Kamera und die Anwendung schnell zu bedienen.<\/p>\n<p>[\/et_pb_toggle][et_pb_toggle title=&#8221;Wo werden meine Daten gespeichert und wie kann ich sicher sein, dass sie sicher sind?&#8221; open_toggle_text_color=&#8221;#b2292e&#8221; _builder_version=&#8221;4.5.8&#8243; _module_preset=&#8221;default&#8221;]<\/p>\n<p style=\"text-align: justify;\">Nur Sie und die Personen, die Sie \u00fcber die App ausw\u00e4hlen, k\u00f6nnen die Fotos sehen.<br \/>\nDiese werden in unserer Cloud gespeichert, die auf den Servern von Google gehostet wird, um Hackerangriffe und Informationsdiebstahl zu verhindern.<br \/>\nSo sind nicht nur Ihre physischen Werte sicher, sondern auch Ihre Daten.<\/p>\n<p>[\/et_pb_toggle][et_pb_toggle title=&#8221;Beinhaltet der Dienst die Nutzung des Internets \u00fcber meine Kamera?&#8221; open_toggle_text_color=&#8221;#b2292e&#8221; _builder_version=&#8221;4.5.8&#8243; _module_preset=&#8221;default&#8221;]<\/p>\n<p style=\"text-align: justify;\">Beim Premium-Paket ist der Internetdienst im Preis inbegriffen und Sie m\u00fcssen nicht extra daf\u00fcr bezahlen. Es handelt sich jedoch um eine Dienstleistung, die ausschlie\u00dflich f\u00fcr Unternehmen, Gro\u00dfgrundbesitzer und \u00f6ffentliche Einrichtungen bestimmt ist.&nbsp;<\/p>\n<p style=\"text-align: justify;\">Mit dem Standardpaket erhalten Sie eine Multioperator-SIM-Karte, die Sie \u00fcber die Anwendung aktivieren k\u00f6nnen, wann immer Sie wollen. Das bedeutet, dass Sie es in den Monaten, in denen Sie es nicht nutzen, deaktivieren k\u00f6nnen, um Ausgaben zu vermeiden. Der Preis f\u00fcr den Multi-Operator-Internetdienst betr\u00e4gt 5 Euro pro Monat (+ MwSt.).&nbsp;<\/p>\n<p style=\"text-align: justify;\">Wenn Sie unseren Dienst mit einem der Pakete nutzen, erhalten Sie Internet mit mehreren Betreibern. Mit anderen Worten: Wenn Sie einen Dienst auf dem Grundst\u00fcck haben, verbindet sich die Kamera und arbeitet synchron mit der App. Dar\u00fcber hinaus garantiert Ihnen der Dienst, dass Sie etwa 1200 Fotos pro Monat erhalten, mehr als Sie f\u00fcr Ihre Sicherheit ben\u00f6tigen.<\/p>\n<p>[\/et_pb_toggle][et_pb_toggle title=&#8221;Kann ich die Renyn System Anwendung auf einer anderen Kamera als Ihrer eigenen verwenden?&#8221; open_toggle_text_color=&#8221;#b2292e&#8221; _builder_version=&#8221;4.5.8&#8243; _module_preset=&#8221;default&#8221;]<\/p>\n<p style=\"text-align: justify;\">Wenn Sie bereits eine Kamera haben und keine weitere kaufen wollen, k\u00f6nnen wir sie in Ihre Kamera integrieren, damit Sie unsere Dienste nutzen k\u00f6nnen.&nbsp;<\/p>\n<p style=\"text-align: justify;\">Melden Sie sich <u>hier<\/u> f\u00fcr den Integrationsdienst f\u00fcr 2 Euro pro Monat (+ MwSt.) an.<\/p>\n<p>[\/et_pb_toggle][et_pb_toggle title=&#8221;Ich habe meine SIM-Karte verloren. Wo kann ich ein weiteres Exemplar kaufen oder ein Duplikat erhalten?&#8221; open_toggle_text_color=&#8221;#b2292e&#8221; _builder_version=&#8221;4.5.8&#8243; _module_preset=&#8221;default&#8221;]<\/p>\n<p style=\"text-align: justify;\">Wenn Sie Ihre SIM-Karte verloren haben, <u>setzen Sie sich bitte mit uns in Verbindung<\/u>, und wir werden Ihnen die M\u00f6glichkeit geben, eine neue Karte zu kaufen.<\/p>\n<p>[\/et_pb_toggle][et_pb_toggle title=&#8221;Verkaufen Sie die Cherokee-Kamera auch ohne SIM-Karte und Internetverbindung?&#8221; open_toggle_text_color=&#8221;#b2292e&#8221; _builder_version=&#8221;4.5.8&#8243; _module_preset=&#8221;default&#8221; custom_margin=&#8221;||68px|||&#8221;]<\/p>\n<p style=\"text-align: justify;\">Die Cherokee-Kamera ist nur als Teil des Standardpakets erh\u00e4ltlich.<\/p>\n<p style=\"text-align: justify;\">&nbsp;Wenn Sie die SIM-Karte nicht benutzen, nicht mit dem Internet verbinden oder mit der App synchronisieren m\u00f6chten, um die Funktionen zu nutzen, k\u00f6nnen Sie sie trotzdem in unserem Shop kaufen.&nbsp;<\/p>\n<p style=\"text-align: justify;\">Selbst wenn Sie diese Extras nicht in Anspruch nehmen, ist der Preis g\u00fcnstiger als bei vielen Kameras, die Sie online in anderen Gesch\u00e4ften finden. Und wenn Sie diese Funktionen in Zukunft nutzen wollen, haben Sie jederzeit die M\u00f6glichkeit dazu.<\/p>\n<p>[\/et_pb_toggle][et_pb_text content_tablet=&#8221;<\/p>\n<p>Wenn Sie noch Zweifel haben, k\u00f6nnen Sie uns \u00fcber dieses Formular kontaktieren<\/p>\n<p>&#8221; content_phone=&#8221;<\/p>\n<p>Wenn Sie noch Zweifel haben, k\u00f6nnen Sie uns \u00fcber dieses Formular kontaktieren<\/p>\n<p>&#8221; content_last_edited=&#8221;on|phone&#8221; _builder_version=&#8221;4.5.8&#8243; _module_preset=&#8221;default&#8221; text_text_color=&#8221;#b2292e&#8221; text_font_size=&#8221;16px&#8221; custom_margin=&#8221;18px|||||&#8221; custom_padding=&#8221;||0px|||&#8221; hover_enabled=&#8221;0&#8243;]<\/p>\n<p style=\"text-align: center;\">Wenn Sie noch Zweifel haben, k\u00f6nnen Sie uns \u00fcber dieses Formular kontaktieren<\/p>\n<p>[\/et_pb_text][\/et_pb_column][\/et_pb_row][et_pb_row _builder_version=&#8221;4.5.8&#8243; _module_preset=&#8221;default&#8221; custom_padding=&#8221;0px|||||&#8221;][et_pb_column type=&#8221;4_4&#8243; _builder_version=&#8221;4.5.8&#8243; _module_preset=&#8221;default&#8221;][wpforms_selector form_id=&#8221;961&#8243; _builder_version=&#8221;4.5.8&#8243; _module_preset=&#8221;default&#8221;][\/wpforms_selector][\/et_pb_column][\/et_pb_row][\/et_pb_section][et_pb_section fb_built=&#8221;1&#8243; _builder_version=&#8221;4.5.8&#8243; _module_preset=&#8221;default&#8221; background_color=&#8221;#f3f4f5&#8243; locked=&#8221;off&#8221;][et_pb_row _builder_version=&#8221;4.5.8&#8243; _module_preset=&#8221;default&#8221;][et_pb_column type=&#8221;4_4&#8243; _builder_version=&#8221;4.5.8&#8243; _module_preset=&#8221;default&#8221;][et_pb_text content_tablet=&#8221;&#8221; content_phone=&#8221;&#8221; content_last_edited=&#8221;on|desktop&#8221; disabled_on=&#8221;on|on|off&#8221; _builder_version=&#8221;4.5.8&#8243; _module_preset=&#8221;default&#8221; locked=&#8221;off&#8221;]<\/p>\n<h2 style=\"text-align: center;\"><em>Folgen Sie uns in unseren sozialen Netzwerken<\/em><\/h2>\n<p>[\/et_pb_text][et_pb_text content_tablet=&#8221;<\/p>\n<h2 style=%22text-align: center;%22><em>Folgen Sie uns in unseren sozialen Netzwerken<\/em><\/h2>\n<p>&#8221; content_phone=&#8221;<\/p>\n<h2 style=%22text-align: center;%22><em>Folgen Sie uns in unseren sozialen Netzwerken<\/em><\/h2>\n<p>&#8221; content_last_edited=&#8221;on|phone&#8221; disabled_on=&#8221;off|off|on&#8221; _builder_version=&#8221;4.5.8&#8243; _module_preset=&#8221;default&#8221; header_2_font_size=&#8221;22px&#8221; locked=&#8221;off&#8221;]<\/p>\n<h2 style=\"text-align: center;\"><em>Folgen Sie uns in unseren sozialen Netzwerken<\/em><\/h2>\n<p>[\/et_pb_text][et_pb_text content_tablet=&#8221;<\/p>\n<p>Wir laden t\u00e4glich Inhalte mit Fotos und Videos hoch, die wir mit unseren Kameras aufgenommen haben. Verpassen Sie es nicht!<\/p>\n<p>&#8221; content_phone=&#8221;<\/p>\n<p>Wir laden t\u00e4glich Inhalte mit Fotos und Videos hoch, die wir mit unseren Kameras aufgenommen haben.<br \/>  Verpassen Sie es nicht!<\/p>\n<p>&#8221; content_last_edited=&#8221;on|phone&#8221; _builder_version=&#8221;4.5.8&#8243; _module_preset=&#8221;default&#8221; text_font_size=&#8221;16px&#8221;]<\/p>\n<p style=\"text-align: center;\">Wir laden t\u00e4glich Inhalte mit Fotos und Videos hoch, die wir mit unseren Kameras aufgenommen haben.<br \/>  Verpassen Sie es nicht!<\/p>\n<p>[\/et_pb_text][\/et_pb_column][\/et_pb_row][et_pb_row column_structure=&#8221;1_3,1_3,1_3&#8243; _builder_version=&#8221;4.5.8&#8243; _module_preset=&#8221;default&#8221; animation_style=&#8221;fade&#8221;][et_pb_column type=&#8221;1_3&#8243; _builder_version=&#8221;4.5.8&#8243; _module_preset=&#8221;default&#8221;][et_pb_image src=&#8221;https:\/\/renynsys.es\/wp-content\/uploads\/2021\/11\/face.png&#8221; alt=&#8221;Renyn-Systeme&#8221; title_text=&#8221;Gesicht&#8221; url=&#8221;https:\/\/www.facebook.com\/RenynSystems&#8221; url_new_window=&#8221;on&#8221; align=&#8221;center&#8221; _builder_version=&#8221;4.5.8&#8243; _module_preset=&#8221;default&#8221;][\/et_pb_image][\/et_pb_column][et_pb_column type=&#8221;1_3&#8243; _builder_version=&#8221;4.5.8&#8243; _module_preset=&#8221;default&#8221;][et_pb_image src=&#8221;https:\/\/renynsys.es\/wp-content\/uploads\/2021\/11\/insta.png&#8221; alt=&#8221;Renyn-Systeme&#8221; title_text=&#8221;dr\u00e4ngt&#8221; url=&#8221;https:\/\/www.instagram.com\/renynsys\/&#8221; align=&#8221;center&#8221; _builder_version=&#8221;4.5.8&#8243; _module_preset=&#8221;default&#8221;][\/et_pb_image][\/et_pb_column][et_pb_column type=&#8221;1_3&#8243; _builder_version=&#8221;4.5.8&#8243; _module_preset=&#8221;default&#8221;][et_pb_image src=&#8221;https:\/\/renynsys.es\/wp-content\/uploads\/2021\/11\/linkedin.png&#8221; alt=&#8221;Renyn-Systeme&#8221; title_text=&#8221;linkedin&#8221; url=&#8221;https:\/\/www.linkedin.com\/company\/71809565\/admin\/&#8221; align=&#8221;center&#8221; _builder_version=&#8221;4.5.8&#8243; _module_preset=&#8221;default&#8221;][\/et_pb_image][\/et_pb_column][\/et_pb_row][\/et_pb_section][et_pb_section fb_built=&#8221;1&#8243; _builder_version=&#8221;4.5.8&#8243; _module_preset=&#8221;default&#8221; custom_padding=&#8221;0px||0px|||&#8221;][et_pb_row _builder_version=&#8221;4.5.8&#8243; _module_preset=&#8221;default&#8221;][et_pb_column type=&#8221;4_4&#8243; _builder_version=&#8221;4.5.8&#8243; _module_preset=&#8221;default&#8221;][et_pb_divider show_divider=&#8221;off&#8221; _builder_version=&#8221;4.5.8&#8243; _module_preset=&#8221;default&#8221;][\/et_pb_divider][\/et_pb_column][\/et_pb_row][\/et_pb_section]<\/p>\n","protected":false},"excerpt":{"rendered":"<p>H\u00c4UFIG GESTELLTE FRAGENWenn Sie noch Zweifel haben, haben wir in diesem Abschnitt die am h\u00e4ufigsten gestellten Fragen unserer Kunden gesammelt.H\u00c4UFIG GESTELLTE FRAGENWenn Sie noch Zweifel haben, haben wir in diesem Abschnitt die am h\u00e4ufigsten gestellten Fragen unserer Kunden gesammelt.Die Cherokee-Kamera ist einehochwertige Fotofallen-Kamera&nbsp;, die f\u00fcr die \u00dcberwachung von landwirtschaftlichen Betrieben angepasst und konfiguriert wurde. Dank [&hellip;]<\/p>\n","protected":false},"author":3,"featured_media":0,"parent":0,"menu_order":0,"comment_status":"closed","ping_status":"closed","template":"","meta":{"_et_pb_use_builder":"on","_et_pb_old_content":"","_et_gb_content_width":"","_joinchat":[],"footnotes":""},"class_list":["post-4100","page","type-page","status-publish","hentry"],"_links":{"self":[{"href":"https:\/\/renynsys.es\/de\/wp-json\/wp\/v2\/pages\/4100","targetHints":{"allow":["GET"]}}],"collection":[{"href":"https:\/\/renynsys.es\/de\/wp-json\/wp\/v2\/pages"}],"about":[{"href":"https:\/\/renynsys.es\/de\/wp-json\/wp\/v2\/types\/page"}],"author":[{"embeddable":true,"href":"https:\/\/renynsys.es\/de\/wp-json\/wp\/v2\/users\/3"}],"replies":[{"embeddable":true,"href":"https:\/\/renynsys.es\/de\/wp-json\/wp\/v2\/comments?post=4100"}],"version-history":[{"count":0,"href":"https:\/\/renynsys.es\/de\/wp-json\/wp\/v2\/pages\/4100\/revisions"}],"wp:attachment":[{"href":"https:\/\/renynsys.es\/de\/wp-json\/wp\/v2\/media?parent=4100"}],"curies":[{"name":"wp","href":"https:\/\/api.w.org\/{rel}","templated":true}]}}