{"id":4136,"date":"2021-11-11T08:48:25","date_gmt":"2021-11-11T08:48:25","guid":{"rendered":"https:\/\/renynsys.es\/premium-paket\/"},"modified":"2023-06-02T13:13:05","modified_gmt":"2023-06-02T13:13:05","slug":"premium-paket","status":"publish","type":"page","link":"https:\/\/renynsys.es\/de\/premium-paket\/","title":{"rendered":"Premium-Paket"},"content":{"rendered":"<p>[et_pb_section fb_built=&#8221;1&#8243; disabled_on=&#8221;on|on|off&#8221; _builder_version=&#8221;4.12.1&#8243; _module_preset=&#8221;default&#8221; custom_padding=&#8221;45px|||||&#8221; locked=&#8221;off&#8221;][et_pb_row _builder_version=&#8221;4.5.8&#8243; _module_preset=&#8221;default&#8221; max_width=&#8221;1195px&#8221;][et_pb_column type=&#8221;4_4&#8243; _builder_version=&#8221;4.12.1&#8243; _module_preset=&#8221;default&#8221;][et_pb_text content_tablet=&#8221;<\/p>\n<h1 style=\"%22text-align:\" center;%22=\"\"><em><span style=\"%22color:\" #b2292e;%22=\"\">Crea tu sistema de Videovigilancia Renyn Systems<\/span><\/em><\/h1>\n<p>&#8221; content_phone=&#8221;<\/p>\n<h1 style=\"%22text-align:\" center;%22=\"\"><em><span style=\"%22color:\" #b2292e;%22=\"\">Crea tu sistema de Videovigilancia Renyn Systems<\/span><\/em><\/h1>\n<p>&#8221; content_last_edited=&#8221;on|desktop&#8221; _builder_version=&#8221;4.5.8&#8243; _module_preset=&#8221;default&#8221; header_font_size=&#8221;26px&#8221;]<\/p>\n<h1 style=\"text-align: center;\"><em><span style=\"color: #b2292e;\">Der n\u00e4chste Schritt zur Gew\u00e4hrleistung Ihrer Sicherheit<\/span><\/em><\/h1>\n<p>[\/et_pb_text][\/et_pb_column][\/et_pb_row][et_pb_row column_structure=&#8221;1_2,1_2&#8243; _builder_version=&#8221;4.5.8&#8243; _module_preset=&#8221;default&#8221; max_width=&#8221;1195px&#8221; animation_style=&#8221;slide&#8221;][et_pb_column type=&#8221;1_2&#8243; _builder_version=&#8221;4.5.8&#8243; _module_preset=&#8221;default&#8221;][et_pb_image src=&#8221;https:\/\/renynsys.es\/wp-content\/uploads\/2021\/11\/4.8CG-5.jpg&#8221; alt=&#8221;Video\u00fcberwachungssystem f\u00fcr Wohnanlagen&#8221; title_text=&#8221;4.8CG-5&#8243; align=&#8221;center&#8221; _builder_version=&#8221;4.5.8&#8243; _module_preset=&#8221;default&#8221; width=&#8221;80%&#8221; custom_margin=&#8221;||0px|||&#8221;][\/et_pb_image][et_pb_text _builder_version=&#8221;4.5.8&#8243; _module_preset=&#8221;default&#8221; text_font_size=&#8221;22px&#8221;]<\/p>\n<p style=\"text-align: center;\">Angebot starten<\/p>\n<p style=\"text-align: center;\"><em><span style=\"color: #b2292e;\">20\u20ac \/ Monat + MwSt.<\/span><\/em><\/p>\n<p>[\/et_pb_text][\/et_pb_column][et_pb_column type=&#8221;1_2&#8243; _builder_version=&#8221;4.5.8&#8243; _module_preset=&#8221;default&#8221;][et_pb_text content_tablet=&#8221;&#8221; content_phone=&#8221;&#8221; content_last_edited=&#8221;on|phone&#8221; _builder_version=&#8221;4.5.8&#8243; _module_preset=&#8221;default&#8221; header_2_font_size=&#8221;22px&#8221;]<\/p>\n<h2>SIE HABEN SICH F\u00dcR DAS PREMIUM-PAKET VON RENYN SYSTEMS ENTSCHIEDEN, DAS FOLGENDES ENTH\u00c4LT:<\/h2>\n<p>[\/et_pb_text][et_pb_text content_tablet=&#8221;&#8221; content_phone=&#8221;&#8221; content_last_edited=&#8221;on|desktop&#8221; _builder_version=&#8221;4.5.8&#8243; _module_preset=&#8221;default&#8221;]<\/p>\n<p style=\"text-align: justify;\">Hochaufl\u00f6sende Fotofallen-Kamera mit Multi-Operator-Karte, monatlicher Internet-Service und Zugang zu unserer Anwendung mit allen aktiven Funktionalit\u00e4ten.<\/p>\n<p>[\/et_pb_text][et_pb_text content_tablet=&#8221;&#8221; content_phone=&#8221;&#8221; content_last_edited=&#8221;on|desktop&#8221; _builder_version=&#8221;4.5.8&#8243; _module_preset=&#8221;default&#8221;]<\/p>\n<p><b>AUF DIESE WEISE K\u00d6NNEN SIE:<\/b><\/p>\n<p><img loading=\"lazy\" decoding=\"async\" src=\"https:\/\/renynsys.es\/wp-content\/uploads\/2021\/11\/flechac-3.jpg\" width=\"8\" height=\"13\" alt=\"Renyn Systeme\" class=\"wp-image-461 alignnone size-full\" title=\"\">  Verwalten Sie Ihre gesamte Video\u00fcberwachung von Ihrem Mobiltelefon aus<br \/>\n<img loading=\"lazy\" decoding=\"async\" src=\"https:\/\/renynsys.es\/wp-content\/uploads\/2021\/11\/flechac-3.jpg\" width=\"8\" height=\"13\" alt=\"Renyn Systeme\" class=\"wp-image-461 alignnone size-full\" title=\"\">  Erstellen Sie Gruppen, um Bilder von Ihren Kameras auszutauschen<br \/>\n<img loading=\"lazy\" decoding=\"async\" src=\"https:\/\/renynsys.es\/wp-content\/uploads\/2021\/11\/flechac-3.jpg\" width=\"8\" height=\"13\" alt=\"Renyn Systeme\" class=\"wp-image-461 alignnone size-full\" title=\"\">  Menschen, Tiere, Fahrzeuge und Nummernschilder erkennen<br \/>\n<img loading=\"lazy\" decoding=\"async\" src=\"https:\/\/renynsys.es\/wp-content\/uploads\/2021\/11\/flechac-3.jpg\" width=\"8\" height=\"13\" alt=\"Renyn Systeme\" class=\"wp-image-461 alignnone size-full\" title=\"\">  Erhalten Sie Echtzeit-Warnungen<\/p>\n<p>[\/et_pb_text][et_pb_text _builder_version=&#8221;4.5.8&#8243; _module_preset=&#8221;default&#8221;]<\/p>\n<p><strong>WAS IST DER N\u00c4CHSTE SCHRITT?<\/strong><\/p>\n<p style=\"text-align: justify;\">F\u00fcllen Sie bitte das untenstehende Formular aus und wir werden uns mit Ihnen in Verbindung setzen.<\/p>\n<p style=\"text-align: justify;\">Das Renyn Systems Premium Pack ist ein ma\u00dfgeschneiderter Service f\u00fcr Unternehmen, Gro\u00dfgrundbesitzer und \u00f6ffentliche Einrichtungen. Wir werden Sie beraten, wie Sie es am besten in Abh\u00e4ngigkeit von Ihrer Situation, Ihrem Grundst\u00fcck usw. umsetzen k\u00f6nnen.<\/p>\n<p style=\"text-align: justify;\">[\/et_pb_text][\/et_pb_column][\/et_pb_row][et_pb_row _builder_version=&#8221;4.5.8&#8243; _module_preset=&#8221;default&#8221; max_width=&#8221;1195px&#8221;][et_pb_column type=&#8221;4_4&#8243; _builder_version=&#8221;4.5.8&#8243; _module_preset=&#8221;default&#8221;][et_pb_text _builder_version=&#8221;4.5.8&#8243; _module_preset=&#8221;default&#8221; text_font_size=&#8221;16px&#8221;]<\/p>\n<p style=\"text-align: center;\">*F\u00fcllen Sie<em>das Formular<\/em> aus<em>, und wir werden uns innerhalb von 48 Arbeitsstunden mit Ihnen in Verbindung setzen<\/em>.<\/p>\n<p>[\/et_pb_text][wpforms_selector form_id=&#8221;961&#8243; _builder_version=&#8221;4.5.8&#8243; _module_preset=&#8221;default&#8221;][\/wpforms_selector][\/et_pb_column][\/et_pb_row][\/et_pb_section][et_pb_section fb_built=&#8221;1&#8243; disabled_on=&#8221;off|off|on&#8221; _builder_version=&#8221;4.12.1&#8243; _module_preset=&#8221;default&#8221; custom_padding=&#8221;45px|||||&#8221; locked=&#8221;off&#8221;][et_pb_row _builder_version=&#8221;4.5.8&#8243; _module_preset=&#8221;default&#8221; max_width=&#8221;1195px&#8221;][et_pb_column type=&#8221;4_4&#8243; _builder_version=&#8221;4.12.1&#8243; _module_preset=&#8221;default&#8221;][et_pb_text content_tablet=&#8221;<\/p>\n<h1 style=\"%22text-align:\" center;%22=\"\"><em><span style=\"%22color:\" #b2292e;%22=\"\">El siguiente paso para garantizar tu seguridad<\/span><\/em><\/h1>\n<p>&#8221; content_phone=&#8221;<\/p>\n<h1 style=\"%22text-align:\" center;%22=\"\"><em><span style=\"%22color:\" #b2292e;%22=\"\">El siguiente paso para garantizar tu seguridad<\/span><\/em><\/h1>\n<p>&#8221; content_last_edited=&#8221;on|phone&#8221; _builder_version=&#8221;4.5.8&#8243; _module_preset=&#8221;default&#8221; header_font_size=&#8221;22px&#8221;]<\/p>\n<h1 style=\"text-align: center;\"><em><span style=\"color: #b2292e;\">Der n\u00e4chste Schritt zur Gew\u00e4hrleistung Ihrer Sicherheit<\/span><\/em><\/h1>\n<p>[\/et_pb_text][\/et_pb_column][\/et_pb_row][et_pb_row column_structure=&#8221;1_2,1_2&#8243; _builder_version=&#8221;4.5.8&#8243; _module_preset=&#8221;default&#8221; max_width=&#8221;1195px&#8221; animation_style=&#8221;slide&#8221; custom_padding=&#8221;5px|||||&#8221;][et_pb_column type=&#8221;1_2&#8243; _builder_version=&#8221;4.5.8&#8243; _module_preset=&#8221;default&#8221;][et_pb_text content_tablet=&#8221;<\/p>\n<h2>SIE HABEN SICH F\u00dcR DAS PREMIUM-PAKET VON RENYN SYSTEMS ENTSCHIEDEN, DAS FOLGENDES ENTH\u00c4LT:<\/h2>\n<p>&#8221; content_phone=&#8221;<\/p>\n<h2>SIE HABEN SICH F\u00dcR DAS PREMIUM-PAKET VON RENYN SYSTEMS ENTSCHIEDEN, DAS FOLGENDES ENTH\u00c4LT:<\/h2>\n<p>&#8221; content_last_edited=&#8221;on|phone&#8221; _builder_version=&#8221;4.5.8&#8243; _module_preset=&#8221;default&#8221; header_2_font_size=&#8221;18px&#8221;]<\/p>\n<h2>SIE HABEN SICH F\u00dcR DAS PREMIUM-PAKET VON RENYN SYSTEMS ENTSCHIEDEN, DAS FOLGENDES ENTH\u00c4LT:<\/h2>\n<p>[\/et_pb_text][et_pb_image src=&#8221;https:\/\/renynsys.es\/wp-content\/uploads\/2021\/11\/4.8CG-5.jpg&#8221; alt=&#8221;Video\u00fcberwachungssystem f\u00fcr Wohnanlagen&#8221; title_text=&#8221;4.8CG-5&#8243; align=&#8221;center&#8221; _builder_version=&#8221;4.5.8&#8243; _module_preset=&#8221;default&#8221; width=&#8221;80%&#8221; custom_margin=&#8221;-15px||0px|||&#8221; custom_padding=&#8221;0px|||||&#8221;][\/et_pb_image][et_pb_text _builder_version=&#8221;4.5.8&#8243; _module_preset=&#8221;default&#8221; text_font_size=&#8221;22px&#8221;]<\/p>\n<p style=\"text-align: center;\">Angebot starten<\/p>\n<p style=\"text-align: center;\"><em><span style=\"color: #b2292e;\">20\u20ac \/ Monat + MwSt.<\/span><\/em><\/p>\n<p>[\/et_pb_text][et_pb_text content_tablet=&#8221;<\/p>\n<p style=\"%22text-align:\" justify;%22=\"\">C\u00e1mara de fototrampeo de alta resoluci\u00f3n con tarjeta multioperador, servicio de internet mensual y acceso a nuestra aplicaci\u00f3n con todas las funcionalidades activas.<\/p>\n<p>&#8221; content_phone=&#8221;<\/p>\n<p style=\"%22text-align:\" justify;%22=\"\">C\u00e1mara de fototrampeo de alta resoluci\u00f3n con tarjeta multioperador, servicio de internet mensual y acceso a nuestra aplicaci\u00f3n con todas las funcionalidades activas.<\/p>\n<p>&#8221; content_last_edited=&#8221;on|phone&#8221; _builder_version=&#8221;4.5.8&#8243; _module_preset=&#8221;default&#8221;]<\/p>\n<p style=\"text-align: justify;\">Hochaufl\u00f6sende Fotofallen-Kamera mit Multi-Operator-Karte, monatlicher Internet-Service und Zugang zu unserer Anwendung mit allen aktiven Funktionalit\u00e4ten.<\/p>\n<p>[\/et_pb_text][et_pb_text content_tablet=&#8221;<\/p>\n<p><b>DE ESTE MODO PUEDES:<\/b><\/p>\n<p><img decoding=\"async\" src=\"%22https:\/\/renynsys.es\/wp-content\/uploads\/2021\/11\/flechac-3.jpg%22\" width=\"%228%22\" height=\"%2213%22\" alt=\"%22Renyn\" systems%22=\"\" class=\"%22wp-image-461\" alignnone=\"\" size-full%22=\"\" title=\"\"> Gestionar toda tu videoseguridad desde el m\u00f3vil<br \/>\n<img decoding=\"async\" src=\"%22https:\/\/renynsys.es\/wp-content\/uploads\/2021\/11\/flechac-3.jpg%22\" width=\"%228%22\" height=\"%2213%22\" alt=\"%22Renyn\" systems%22=\"\" class=\"%22wp-image-461\" alignnone=\"\" size-full%22=\"\" title=\"\"> Crear grupos para compartir im\u00e1genes de tus c\u00e1maras<br \/>\n<img decoding=\"async\" src=\"%22https:\/\/renynsys.es\/wp-content\/uploads\/2021\/11\/flechac-3.jpg%22\" width=\"%228%22\" height=\"%2213%22\" alt=\"%22Renyn\" systems%22=\"\" class=\"%22wp-image-461\" alignnone=\"\" size-full%22=\"\" title=\"\"> Detectar personas, animales, veh\u00edculos y matr\u00edculas<br \/>\n<img decoding=\"async\" src=\"%22https:\/\/renynsys.es\/wp-content\/uploads\/2021\/11\/flechac-3.jpg%22\" width=\"%228%22\" height=\"%2213%22\" alt=\"%22Renyn\" systems%22=\"\" class=\"%22wp-image-461\" alignnone=\"\" size-full%22=\"\" title=\"\"> Recibir avisos en tiempo real<\/p>\n<p>&#8221; content_phone=&#8221;<\/p>\n<p><b>DE ESTE MODO PUEDES:<\/b><\/p>\n<p><img decoding=\"async\" src=\"%22https:\/\/renynsys.es\/wp-content\/uploads\/2021\/11\/flechac-3.jpg%22\" width=\"%228%22\" height=\"%2213%22\" alt=\"%22Renyn\" systems%22=\"\" class=\"%22wp-image-461\" alignnone=\"\" size-full%22=\"\" title=\"\"> Gestionar toda tu videoseguridad desde el m\u00f3vil<br \/>\n<img decoding=\"async\" src=\"%22https:\/\/renynsys.es\/wp-content\/uploads\/2021\/11\/flechac-3.jpg%22\" width=\"%228%22\" height=\"%2213%22\" alt=\"%22Renyn\" systems%22=\"\" class=\"%22wp-image-461\" alignnone=\"\" size-full%22=\"\" title=\"\"> Crear grupos para compartir im\u00e1genes de tus c\u00e1maras<br \/>\n<img decoding=\"async\" src=\"%22https:\/\/renynsys.es\/wp-content\/uploads\/2021\/11\/flechac-3.jpg%22\" width=\"%228%22\" height=\"%2213%22\" alt=\"%22Renyn\" systems%22=\"\" class=\"%22wp-image-461\" alignnone=\"\" size-full%22=\"\" title=\"\"> Detectar personas, animales, veh\u00edculos y matr\u00edculas<br \/>\n<img decoding=\"async\" src=\"%22https:\/\/renynsys.es\/wp-content\/uploads\/2021\/11\/flechac-3.jpg%22\" width=\"%228%22\" height=\"%2213%22\" alt=\"%22Renyn\" systems%22=\"\" class=\"%22wp-image-461\" alignnone=\"\" size-full%22=\"\" title=\"\"> Recibir avisos en tiempo real<\/p>\n<p>&#8221; content_last_edited=&#8221;on|phone&#8221; _builder_version=&#8221;4.5.8&#8243; _module_preset=&#8221;default&#8221;]<\/p>\n<p><b>AUF DIESE WEISE K\u00d6NNEN SIE:<\/b><\/p>\n<p><img loading=\"lazy\" decoding=\"async\" src=\"https:\/\/renynsys.es\/wp-content\/uploads\/2021\/11\/flechac-3.jpg\" width=\"8\" height=\"13\" alt=\"Renyn Systeme\" class=\"wp-image-461 alignnone size-full\" title=\"\">  Verwalten Sie Ihre gesamte Video\u00fcberwachung von Ihrem Mobiltelefon aus<br \/>\n<img loading=\"lazy\" decoding=\"async\" src=\"https:\/\/renynsys.es\/wp-content\/uploads\/2021\/11\/flechac-3.jpg\" width=\"8\" height=\"13\" alt=\"Renyn Systeme\" class=\"wp-image-461 alignnone size-full\" title=\"\">  Erstellen Sie Gruppen, um Bilder von Ihren Kameras auszutauschen<br \/>\n<img loading=\"lazy\" decoding=\"async\" src=\"https:\/\/renynsys.es\/wp-content\/uploads\/2021\/11\/flechac-3.jpg\" width=\"8\" height=\"13\" alt=\"Renyn Systeme\" class=\"wp-image-461 alignnone size-full\" title=\"\">  Menschen, Tiere, Fahrzeuge und Nummernschilder erkennen<br \/>\n<img loading=\"lazy\" decoding=\"async\" src=\"https:\/\/renynsys.es\/wp-content\/uploads\/2021\/11\/flechac-3.jpg\" width=\"8\" height=\"13\" alt=\"Renyn Systeme\" class=\"wp-image-461 alignnone size-full\" title=\"\">  Erhalten Sie Echtzeit-Warnungen<\/p>\n<p>[\/et_pb_text][\/et_pb_column][et_pb_column type=&#8221;1_2&#8243; _builder_version=&#8221;4.5.8&#8243; _module_preset=&#8221;default&#8221;][et_pb_text _builder_version=&#8221;4.5.8&#8243; _module_preset=&#8221;default&#8221;]<\/p>\n<p><strong>WAS IST DER N\u00c4CHSTE SCHRITT?<\/strong><\/p>\n<p style=\"text-align: justify;\">F\u00fcllen Sie bitte das untenstehende Formular aus und wir werden uns mit Ihnen in Verbindung setzen.<\/p>\n<p style=\"text-align: justify;\">Das Renyn Systems Premium Pack ist ein ma\u00dfgeschneiderter Service f\u00fcr Unternehmen, Gro\u00dfgrundbesitzer und \u00f6ffentliche Einrichtungen. Wir werden Sie beraten, wie Sie es am besten in Abh\u00e4ngigkeit von Ihrer Situation, Ihrem Grundst\u00fcck usw. umsetzen k\u00f6nnen.<\/p>\n<p style=\"text-align: justify;\">[\/et_pb_text][\/et_pb_column][\/et_pb_row][et_pb_row _builder_version=&#8221;4.5.8&#8243; _module_preset=&#8221;default&#8221; max_width=&#8221;1195px&#8221; custom_padding=&#8221;4px|||||&#8221;][et_pb_column type=&#8221;4_4&#8243; _builder_version=&#8221;4.5.8&#8243; _module_preset=&#8221;default&#8221;][et_pb_text _builder_version=&#8221;4.5.8&#8243; _module_preset=&#8221;default&#8221; text_text_color=&#8221;#b2292e&#8221; text_font_size=&#8221;16px&#8221; header_text_color=&#8221;#b2292e&#8221;]<\/p>\n<p style=\"text-align: center;\">*F\u00fcllen Sie<em>das Formular<\/em> aus<em>, und wir werden uns innerhalb von 48 Arbeitsstunden mit Ihnen in Verbindung setzen<\/em>.<\/p>\n<p>[\/et_pb_text][wpforms_selector form_id=&#8221;961&#8243; _builder_version=&#8221;4.5.8&#8243; _module_preset=&#8221;default&#8221;][\/wpforms_selector][\/et_pb_column][\/et_pb_row][\/et_pb_section]<\/p>\n","protected":false},"excerpt":{"rendered":"<p>Der n\u00e4chste Schritt zur Gew\u00e4hrleistung Ihrer Sicherheit Angebot starten 20\u20ac \/ Monat + MwSt. SIE HABEN SICH F\u00dcR DAS PREMIUM-PAKET VON RENYN SYSTEMS ENTSCHIEDEN, DAS FOLGENDES ENTH\u00c4LT: Hochaufl\u00f6sende Fotofallen-Kamera mit Multi-Operator-Karte, monatlicher Internet-Service und Zugang zu unserer Anwendung mit allen aktiven Funktionalit\u00e4ten. AUF DIESE WEISE K\u00d6NNEN SIE: Verwalten Sie Ihre gesamte Video\u00fcberwachung von Ihrem Mobiltelefon [&hellip;]<\/p>\n","protected":false},"author":3,"featured_media":0,"parent":0,"menu_order":0,"comment_status":"closed","ping_status":"closed","template":"","meta":{"_et_pb_use_builder":"on","_et_pb_old_content":"","_et_gb_content_width":"","_joinchat":[],"footnotes":""},"class_list":["post-4136","page","type-page","status-publish","hentry"],"_links":{"self":[{"href":"https:\/\/renynsys.es\/de\/wp-json\/wp\/v2\/pages\/4136","targetHints":{"allow":["GET"]}}],"collection":[{"href":"https:\/\/renynsys.es\/de\/wp-json\/wp\/v2\/pages"}],"about":[{"href":"https:\/\/renynsys.es\/de\/wp-json\/wp\/v2\/types\/page"}],"author":[{"embeddable":true,"href":"https:\/\/renynsys.es\/de\/wp-json\/wp\/v2\/users\/3"}],"replies":[{"embeddable":true,"href":"https:\/\/renynsys.es\/de\/wp-json\/wp\/v2\/comments?post=4136"}],"version-history":[{"count":0,"href":"https:\/\/renynsys.es\/de\/wp-json\/wp\/v2\/pages\/4136\/revisions"}],"wp:attachment":[{"href":"https:\/\/renynsys.es\/de\/wp-json\/wp\/v2\/media?parent=4136"}],"curies":[{"name":"wp","href":"https:\/\/api.w.org\/{rel}","templated":true}]}}