{"id":4147,"date":"2021-11-16T08:55:26","date_gmt":"2021-11-16T08:55:26","guid":{"rendered":"https:\/\/renynsys.es\/packen-sie-renyn-systems-in-ihre-kamera\/"},"modified":"2023-06-02T13:13:06","modified_gmt":"2023-06-02T13:13:06","slug":"packen-sie-renyn-systems-in-ihre-kamera","status":"publish","type":"page","link":"https:\/\/renynsys.es\/de\/packen-sie-renyn-systems-in-ihre-kamera\/","title":{"rendered":"Packen Sie Renyn Systems in Ihre Kamera"},"content":{"rendered":"<p>[et_pb_section fb_built=&#8221;1&#8243; disabled_on=&#8221;on|on|off&#8221; _builder_version=&#8221;4.12.1&#8243; _module_preset=&#8221;default&#8221; custom_padding=&#8221;45px|||||&#8221; locked=&#8221;off&#8221;][et_pb_row _builder_version=&#8221;4.5.8&#8243; _module_preset=&#8221;default&#8221; max_width=&#8221;1195px&#8221;][et_pb_column type=&#8221;4_4&#8243; _builder_version=&#8221;4.12.1&#8243; _module_preset=&#8221;default&#8221;][et_pb_text content_tablet=&#8221;<\/p>\n<h1 style=\"%22text-align:\" center;%22=\"\"><em><span style=\"%22color:\" #b2292e;%22=\"\">Crea tu sistema de Videovigilancia Renyn Systems<\/span><\/em><\/h1>\n<p>&#8221; content_phone=&#8221;<\/p>\n<h1 style=\"%22text-align:\" center;%22=\"\"><em><span style=\"%22color:\" #b2292e;%22=\"\">Crea tu sistema de Videovigilancia Renyn Systems<\/span><\/em><\/h1>\n<p>&#8221; content_last_edited=&#8221;on|desktop&#8221; _builder_version=&#8221;4.5.8&#8243; _module_preset=&#8221;default&#8221; header_font_size=&#8221;26px&#8221;]<\/p>\n<h1 style=\"text-align: center;\"><em><span style=\"color: #b2292e;\">Der n\u00e4chste Schritt zur Gew\u00e4hrleistung Ihrer Sicherheit<\/span><\/em><\/h1>\n<p>[\/et_pb_text][\/et_pb_column][\/et_pb_row][et_pb_row column_structure=&#8221;1_2,1_2&#8243; _builder_version=&#8221;4.5.8&#8243; _module_preset=&#8221;default&#8221; max_width=&#8221;1195px&#8221; animation_style=&#8221;slide&#8221;][et_pb_column type=&#8221;1_2&#8243; _builder_version=&#8221;4.5.8&#8243; _module_preset=&#8221;default&#8221;][et_pb_image src=&#8221;https:\/\/renynsys.es\/wp-content\/uploads\/2021\/11\/alarma-movil-1.jpg&#8221; alt=&#8221;Alarmsystem mit k\u00fcnstlicher Intelligenz&#8221; title_text=&#8221;Alarmsystem mit k\u00fcnstlicher Intelligenz&#8221; align=&#8221;center&#8221; _builder_version=&#8221;4.5.8&#8243; _module_preset=&#8221;default&#8221; width=&#8221;80%&#8221; custom_margin=&#8221;||0px|||&#8221;][\/et_pb_image][et_pb_text _builder_version=&#8221;4.5.8&#8243; _module_preset=&#8221;default&#8221; text_font_size=&#8221;22px&#8221;]<\/p>\n<p style=\"text-align: center;\">Angebot starten<\/p>\n<p style=\"text-align: center;\"><em><span style=\"color: #b2292e;\">2\u20ac \/ Monat + MwSt.<\/span><\/em><\/p>\n<p>[\/et_pb_text][\/et_pb_column][et_pb_column type=&#8221;1_2&#8243; _builder_version=&#8221;4.5.8&#8243; _module_preset=&#8221;default&#8221;][et_pb_text content_tablet=&#8221;&#8221; content_phone=&#8221;&#8221; content_last_edited=&#8221;on|phone&#8221; _builder_version=&#8221;4.5.8&#8243; _module_preset=&#8221;default&#8221; header_2_font_size=&#8221;22px&#8221;]<\/p>\n<h2>SIE HABEN SICH F\u00dcR DIE VERWENDUNG DER RENYN SYSTEMS APP AUF IHRER KAMERA ENTSCHIEDEN:<\/h2>\n<p>[\/et_pb_text][et_pb_text content_tablet=&#8221;<\/p>\n<p style=\"%22text-align:\" justify;%22=\"\">A trav\u00e9s de nuestra aplicaci\u00f3n obtendr\u00e1s total seguridad y vigilancia. Este servicio consiste en la integraci\u00f3n de la App Renyn Systems en tu c\u00e1mara para que puedas utilizar nuestros servicios todos los meses.<\/p>\n<p>&#8221; content_phone=&#8221;<\/p>\n<p style=\"%22text-align:\" justify;%22=\"\">A trav\u00e9s de nuestra aplicaci\u00f3n obtendr\u00e1s total seguridad y vigilancia. Este servicio consiste en la integraci\u00f3n de la App Renyn Systems en tu c\u00e1mara para que puedas utilizar nuestros servicios todos los meses.<\/p>\n<p>&#8221; content_last_edited=&#8221;on|desktop&#8221; _builder_version=&#8221;4.5.8&#8243; _module_preset=&#8221;default&#8221;]<\/p>\n<p style=\"text-align: justify;\">Durch unsere Anwendung erhalten Sie totale Sicherheit und \u00dcberwachung. Dieser Service besteht darin, die Renyn Systems App in Ihre Kamera zu integrieren, so dass Sie unsere Dienste jeden Monat nutzen k\u00f6nnen.<\/p>\n<p>[\/et_pb_text][et_pb_text content_tablet=&#8221;<\/p>\n<p><b>DE ESTE MODO OBTIENES:<\/b><\/p>\n<p><img decoding=\"async\" src=\"%22https:\/\/renynsys.es\/wp-content\/uploads\/2021\/11\/flechac-3.jpg%22\" width=\"%228%22\" height=\"%2213%22\" alt=\"%22Renyn\" systems%22=\"\" class=\"%22wp-image-461\" alignnone=\"\" size-full%22=\"\" title=\"\"> Control de tu c\u00e1mara desde la aplicaci\u00f3n Renyn Systems<br \/>\n<img decoding=\"async\" src=\"%22https:\/\/renynsys.es\/wp-content\/uploads\/2021\/11\/flechac-3.jpg%22\" width=\"%228%22\" height=\"%2213%22\" alt=\"%22Renyn\" systems%22=\"\" class=\"%22wp-image-461\" alignnone=\"\" size-full%22=\"\" title=\"\"> Reconocimiento autom\u00e1tico de animales, personas, veh\u00edculos y matr\u00edculas<br \/>\n<img decoding=\"async\" src=\"%22https:\/\/renynsys.es\/wp-content\/uploads\/2021\/11\/flechac-3.jpg%22\" width=\"%228%22\" height=\"%2213%22\" alt=\"%22Renyn\" systems%22=\"\" class=\"%22wp-image-461\" alignnone=\"\" size-full%22=\"\" title=\"\"> Gesti\u00f3n y almacenamiento de im\u00e1genes en la nube<br \/>\n<img decoding=\"async\" src=\"%22https:\/\/renynsys.es\/wp-content\/uploads\/2021\/11\/flechac-3.jpg%22\" width=\"%228%22\" height=\"%2213%22\" alt=\"%22Renyn\" systems%22=\"\" class=\"%22wp-image-461\" alignnone=\"\" size-full%22=\"\" title=\"\"> Sistema de alarma personalizable<br \/>\n<img decoding=\"async\" src=\"%22https:\/\/renynsys.es\/wp-content\/uploads\/2021\/11\/flechac-3.jpg%22\" width=\"%228%22\" height=\"%2213%22\" alt=\"%22Renyn\" systems%22=\"\" class=\"%22wp-image-461\" alignnone=\"\" size-full%22=\"\" title=\"\"> Filtrado de im\u00e1genes autom\u00e1tico<\/p>\n<p>&#8221; content_phone=&#8221;<\/p>\n<p><b>DE ESTE MODO OBTIENES:<\/b><\/p>\n<p><img decoding=\"async\" src=\"%22https:\/\/renynsys.es\/wp-content\/uploads\/2021\/11\/flechac-3.jpg%22\" width=\"%228%22\" height=\"%2213%22\" alt=\"%22Renyn\" systems%22=\"\" class=\"%22wp-image-461\" alignnone=\"\" size-full%22=\"\" title=\"\"> Control de tu c\u00e1mara desde la aplicaci\u00f3n Renyn Systems<br \/>\n<img decoding=\"async\" src=\"%22https:\/\/renynsys.es\/wp-content\/uploads\/2021\/11\/flechac-3.jpg%22\" width=\"%228%22\" height=\"%2213%22\" alt=\"%22Renyn\" systems%22=\"\" class=\"%22wp-image-461\" alignnone=\"\" size-full%22=\"\" title=\"\"> Reconocimiento autom\u00e1tico de animales, personas, veh\u00edculos y matr\u00edculas<br \/>\n<img decoding=\"async\" src=\"%22https:\/\/renynsys.es\/wp-content\/uploads\/2021\/11\/flechac-3.jpg%22\" width=\"%228%22\" height=\"%2213%22\" alt=\"%22Renyn\" systems%22=\"\" class=\"%22wp-image-461\" alignnone=\"\" size-full%22=\"\" title=\"\"> Gesti\u00f3n y almacenamiento de im\u00e1genes en la nube<br \/>\n<img decoding=\"async\" src=\"%22https:\/\/renynsys.es\/wp-content\/uploads\/2021\/11\/flechac-3.jpg%22\" width=\"%228%22\" height=\"%2213%22\" alt=\"%22Renyn\" systems%22=\"\" class=\"%22wp-image-461\" alignnone=\"\" size-full%22=\"\" title=\"\"> Sistema de alarma personalizable<br \/>\n<img decoding=\"async\" src=\"%22https:\/\/renynsys.es\/wp-content\/uploads\/2021\/11\/flechac-3.jpg%22\" width=\"%228%22\" height=\"%2213%22\" alt=\"%22Renyn\" systems%22=\"\" class=\"%22wp-image-461\" alignnone=\"\" size-full%22=\"\" title=\"\"> Filtrado de im\u00e1genes autom\u00e1tico<\/p>\n<p>&#8221; content_last_edited=&#8221;on|phone&#8221; _builder_version=&#8221;4.5.8&#8243; _module_preset=&#8221;default&#8221; custom_margin=&#8221;||0px|||&#8221;]<\/p>\n<p><b>AUF DIESE WEISE ERHALTEN SIE:<\/b><\/p>\n<p><img loading=\"lazy\" decoding=\"async\" src=\"https:\/\/renynsys.es\/wp-content\/uploads\/2021\/11\/flechac-3.jpg\" width=\"8\" height=\"13\" alt=\"Renyn Systeme\" class=\"wp-image-461 alignnone size-full\" title=\"\">&nbsp;Steuerung Ihrer Kamera \u00fcber die Renyn Systems Anwendung<br \/>\n<img loading=\"lazy\" decoding=\"async\" src=\"https:\/\/renynsys.es\/wp-content\/uploads\/2021\/11\/flechac-3.jpg\" width=\"8\" height=\"13\" alt=\"Renyn Systeme\" class=\"wp-image-461 alignnone size-full\" title=\"\">  Automatische Erkennung von Tieren, Personen, Fahrzeugen und Nummernschildern<br \/>\n<img loading=\"lazy\" decoding=\"async\" src=\"https:\/\/renynsys.es\/wp-content\/uploads\/2021\/11\/flechac-3.jpg\" width=\"8\" height=\"13\" alt=\"Renyn Systeme\" class=\"wp-image-461 alignnone size-full\" title=\"\">  Bildverwaltung und -speicherung in der Cloud<br \/>\n<img loading=\"lazy\" decoding=\"async\" src=\"https:\/\/renynsys.es\/wp-content\/uploads\/2021\/11\/flechac-3.jpg\" width=\"8\" height=\"13\" alt=\"Renyn Systeme\" class=\"wp-image-461 alignnone size-full\" title=\"\">  Individuell anpassbares Alarmsystem<br \/>\n<img loading=\"lazy\" decoding=\"async\" src=\"https:\/\/renynsys.es\/wp-content\/uploads\/2021\/11\/flechac-3.jpg\" width=\"8\" height=\"13\" alt=\"Renyn Systeme\" class=\"wp-image-461 alignnone size-full\" title=\"\">  Automatische Bildfilterung<\/p>\n<p>&nbsp;<\/p>\n<p>[\/et_pb_text][et_pb_text content_tablet=&#8221;&#8221; content_phone=&#8221;&#8221; content_last_edited=&#8221;on|desktop&#8221; _builder_version=&#8221;4.5.8&#8243; _module_preset=&#8221;default&#8221;]<\/p>\n<p><strong>WAS IST DER N\u00c4CHSTE SCHRITT?<\/strong><\/p>\n<p style=\"text-align: justify;\">F\u00fcllen Sie bitte das untenstehende Formular aus und wir werden uns mit Ihnen in Verbindung setzen.<\/p>\n<p style=\"text-align: justify;\">Wir erkl\u00e4ren Ihnen, wie Sie die Anwendung integrieren k\u00f6nnen, wie sie funktioniert und welche Vorteile sie in Ihrer Situation bietet.<\/p>\n<p>[\/et_pb_text][\/et_pb_column][\/et_pb_row][et_pb_row _builder_version=&#8221;4.5.8&#8243; _module_preset=&#8221;default&#8221; max_width=&#8221;1195px&#8221;][et_pb_column type=&#8221;4_4&#8243; _builder_version=&#8221;4.5.8&#8243; _module_preset=&#8221;default&#8221;][et_pb_text _builder_version=&#8221;4.5.8&#8243; _module_preset=&#8221;default&#8221; text_font_size=&#8221;16px&#8221;]<\/p>\n<p style=\"text-align: center;\">*F\u00fcllen Sie<em>das Formular<\/em> aus<em>, und wir werden uns innerhalb von 48 Arbeitsstunden mit Ihnen in Verbindung setzen<\/em>.<\/p>\n<p>[\/et_pb_text][wpforms_selector form_id=&#8221;961&#8243; _builder_version=&#8221;4.5.8&#8243; _module_preset=&#8221;default&#8221;][\/wpforms_selector][\/et_pb_column][\/et_pb_row][\/et_pb_section][et_pb_section fb_built=&#8221;1&#8243; disabled_on=&#8221;off|off|on&#8221; _builder_version=&#8221;4.12.1&#8243; _module_preset=&#8221;default&#8221; custom_padding=&#8221;45px|||||&#8221; locked=&#8221;off&#8221;][et_pb_row _builder_version=&#8221;4.5.8&#8243; _module_preset=&#8221;default&#8221; max_width=&#8221;1195px&#8221;][et_pb_column type=&#8221;4_4&#8243; _builder_version=&#8221;4.12.1&#8243; _module_preset=&#8221;default&#8221;][et_pb_text content_tablet=&#8221;<\/p>\n<h1><em><span>Der n\u00e4chste Schritt zur Gew\u00e4hrleistung Ihrer Sicherheit<\/span><\/em><\/h1>\n<p>&#8221; content_phone=&#8221;<\/p>\n<h1><em><span>Der n\u00e4chste Schritt zur Gew\u00e4hrleistung Ihrer Sicherheit<\/span><\/em><\/h1>\n<p>&#8221; content_last_edited=&#8221;on|phone&#8221; _builder_version=&#8221;4.5.8&#8243; _module_preset=&#8221;default&#8221; header_text_color=&#8221;#B2292E&#8221; header_font_size=&#8221;22px&#8221;]<\/p>\n<h1 style=\"text-align: center;\"><em><span style=\"color: #b2292e;\">Der n\u00e4chste Schritt zur Gew\u00e4hrleistung Ihrer Sicherheit<\/span><\/em><\/h1>\n<p>[\/et_pb_text][\/et_pb_column][\/et_pb_row][et_pb_row column_structure=&#8221;1_2,1_2&#8243; _builder_version=&#8221;4.5.8&#8243; _module_preset=&#8221;default&#8221; max_width=&#8221;1195px&#8221; custom_padding=&#8221;9px|||||&#8221; animation_style=&#8221;slide&#8221;][et_pb_column type=&#8221;1_2&#8243; _builder_version=&#8221;4.5.8&#8243; _module_preset=&#8221;default&#8221;][et_pb_text content_tablet=&#8221;<\/p>\n<h2>SIE HABEN SICH F\u00dcR DIE VERWENDUNG DER RENYN SYSTEMS APP AUF IHRER KAMERA ENTSCHIEDEN:<\/h2>\n<p>&#8221; content_phone=&#8221;<\/p>\n<h2>SIE HABEN SICH F\u00dcR DIE VERWENDUNG DER RENYN SYSTEMS APP AUF IHRER KAMERA ENTSCHIEDEN:<\/h2>\n<p>&#8221; content_last_edited=&#8221;on|phone&#8221; _builder_version=&#8221;4.5.8&#8243; _module_preset=&#8221;default&#8221; header_2_font_size=&#8221;18px&#8221; custom_margin=&#8221;||-1px|||&#8221;]<\/p>\n<h2>SIE HABEN SICH F\u00dcR DIE VERWENDUNG DER RENYN SYSTEMS APP AUF IHRER KAMERA ENTSCHIEDEN:<\/h2>\n<p>[\/et_pb_text][et_pb_image src=&#8221;https:\/\/renynsys.es\/wp-content\/uploads\/2021\/11\/alarma-movil-1.jpg&#8221; alt=&#8221;Alarmsystem mit k\u00fcnstlicher Intelligenz&#8221; title_text=&#8221;Alarmsystem mit k\u00fcnstlicher Intelligenz&#8221; align=&#8221;center&#8221; _builder_version=&#8221;4.5.8&#8243; _module_preset=&#8221;default&#8221; width=&#8221;40%&#8221; custom_margin=&#8221;9px||15px|||&#8221; custom_padding=&#8221;0px|||||&#8221;][\/et_pb_image][et_pb_text _builder_version=&#8221;4.5.8&#8243; _module_preset=&#8221;default&#8221; text_font_size=&#8221;22px&#8221;]<\/p>\n<p style=\"text-align: center;\">Angebot starten<\/p>\n<p style=\"text-align: center;\"><em><span style=\"color: #b2292e;\">2\u20ac \/ Monat + MwSt.<\/span><\/em><\/p>\n<p>[\/et_pb_text][et_pb_text content_tablet=&#8221;<\/p>\n<p style=\"%22text-align:\" justify;%22=\"\">A trav\u00e9s de nuestra aplicaci\u00f3n obtendr\u00e1s total seguridad y vigilancia. Este servicio consiste en la integraci\u00f3n de la App Renyn Systems en tu c\u00e1mara para que puedas utilizar nuestros servicios todos los meses.<\/p>\n<p>&#8221; content_phone=&#8221;<\/p>\n<p style=\"%22text-align:\" justify;%22=\"\">A trav\u00e9s de nuestra aplicaci\u00f3n obtendr\u00e1s total seguridad y vigilancia. Este servicio consiste en la integraci\u00f3n de la App Renyn Systems en tu c\u00e1mara para que puedas utilizar nuestros servicios todos los meses.<\/p>\n<p>&#8221; content_last_edited=&#8221;on|desktop&#8221; _builder_version=&#8221;4.5.8&#8243; _module_preset=&#8221;default&#8221;]<\/p>\n<p style=\"text-align: justify;\">Durch unsere Anwendung erhalten Sie totale Sicherheit und \u00dcberwachung. Dieser Service besteht darin, die Renyn Systems App in Ihre Kamera zu integrieren, so dass Sie unsere Dienste jeden Monat nutzen k\u00f6nnen.<\/p>\n<p>[\/et_pb_text][et_pb_text content_tablet=&#8221;<\/p>\n<p><b>DE ESTE MODO OBTIENES:<\/b><\/p>\n<p><img decoding=\"async\" src=\"%22https:\/\/renynsys.es\/wp-content\/uploads\/2021\/11\/flechac-3.jpg%22\" width=\"%228%22\" height=\"%2213%22\" alt=\"%22Renyn\" systems%22=\"\" class=\"%22wp-image-461\" alignnone=\"\" size-full%22=\"\" title=\"\"> Control de tu c\u00e1mara desde la aplicaci\u00f3n Renyn Systems<br \/>\n<img decoding=\"async\" src=\"%22https:\/\/renynsys.es\/wp-content\/uploads\/2021\/11\/flechac-3.jpg%22\" width=\"%228%22\" height=\"%2213%22\" alt=\"%22Renyn\" systems%22=\"\" class=\"%22wp-image-461\" alignnone=\"\" size-full%22=\"\" title=\"\"> Reconocimiento autom\u00e1tico de animales, personas, veh\u00edculos y matr\u00edculas<br \/>\n<img decoding=\"async\" src=\"%22https:\/\/renynsys.es\/wp-content\/uploads\/2021\/11\/flechac-3.jpg%22\" width=\"%228%22\" height=\"%2213%22\" alt=\"%22Renyn\" systems%22=\"\" class=\"%22wp-image-461\" alignnone=\"\" size-full%22=\"\" title=\"\"> Gesti\u00f3n y almacenamiento de im\u00e1genes en la nube<br \/>\n<img decoding=\"async\" src=\"%22https:\/\/renynsys.es\/wp-content\/uploads\/2021\/11\/flechac-3.jpg%22\" width=\"%228%22\" height=\"%2213%22\" alt=\"%22Renyn\" systems%22=\"\" class=\"%22wp-image-461\" alignnone=\"\" size-full%22=\"\" title=\"\"> Sistema de alarma personalizable<br \/>\n<img decoding=\"async\" src=\"%22https:\/\/renynsys.es\/wp-content\/uploads\/2021\/11\/flechac-3.jpg%22\" width=\"%228%22\" height=\"%2213%22\" alt=\"%22Renyn\" systems%22=\"\" class=\"%22wp-image-461\" alignnone=\"\" size-full%22=\"\" title=\"\"> Filtrado de im\u00e1genes autom\u00e1tico<\/p>\n<p>&#8221; content_phone=&#8221;<\/p>\n<p><b>DE ESTE MODO OBTIENES:<\/b><\/p>\n<p><img decoding=\"async\" src=\"%22https:\/\/renynsys.es\/wp-content\/uploads\/2021\/11\/flechac-3.jpg%22\" width=\"%228%22\" height=\"%2213%22\" alt=\"%22Renyn\" systems%22=\"\" class=\"%22wp-image-461\" alignnone=\"\" size-full%22=\"\" title=\"\"> Control de tu c\u00e1mara desde la aplicaci\u00f3n Renyn Systems<br \/>\n<img decoding=\"async\" src=\"%22https:\/\/renynsys.es\/wp-content\/uploads\/2021\/11\/flechac-3.jpg%22\" width=\"%228%22\" height=\"%2213%22\" alt=\"%22Renyn\" systems%22=\"\" class=\"%22wp-image-461\" alignnone=\"\" size-full%22=\"\" title=\"\"> Reconocimiento autom\u00e1tico de animales, personas, veh\u00edculos y matr\u00edculas<br \/>\n<img decoding=\"async\" src=\"%22https:\/\/renynsys.es\/wp-content\/uploads\/2021\/11\/flechac-3.jpg%22\" width=\"%228%22\" height=\"%2213%22\" alt=\"%22Renyn\" systems%22=\"\" class=\"%22wp-image-461\" alignnone=\"\" size-full%22=\"\" title=\"\"> Gesti\u00f3n y almacenamiento de im\u00e1genes en la nube<br \/>\n<img decoding=\"async\" src=\"%22https:\/\/renynsys.es\/wp-content\/uploads\/2021\/11\/flechac-3.jpg%22\" width=\"%228%22\" height=\"%2213%22\" alt=\"%22Renyn\" systems%22=\"\" class=\"%22wp-image-461\" alignnone=\"\" size-full%22=\"\" title=\"\"> Sistema de alarma personalizable<br \/>\n<img decoding=\"async\" src=\"%22https:\/\/renynsys.es\/wp-content\/uploads\/2021\/11\/flechac-3.jpg%22\" width=\"%228%22\" height=\"%2213%22\" alt=\"%22Renyn\" systems%22=\"\" class=\"%22wp-image-461\" alignnone=\"\" size-full%22=\"\" title=\"\"> Filtrado de im\u00e1genes autom\u00e1tico<\/p>\n<p>&#8221; content_last_edited=&#8221;on|phone&#8221; _builder_version=&#8221;4.5.8&#8243; _module_preset=&#8221;default&#8221; custom_margin=&#8221;||0px|||&#8221;]<\/p>\n<p><b>AUF DIESE WEISE ERHALTEN SIE:<\/b><\/p>\n<p><img loading=\"lazy\" decoding=\"async\" src=\"https:\/\/renynsys.es\/wp-content\/uploads\/2021\/11\/flechac-3.jpg\" width=\"8\" height=\"13\" alt=\"Renyn Systeme\" class=\"wp-image-461 alignnone size-full\" title=\"\">&nbsp;Steuerung Ihrer Kamera \u00fcber die Renyn Systems Anwendung<br \/>\n<img loading=\"lazy\" decoding=\"async\" src=\"https:\/\/renynsys.es\/wp-content\/uploads\/2021\/11\/flechac-3.jpg\" width=\"8\" height=\"13\" alt=\"Renyn Systeme\" class=\"wp-image-461 alignnone size-full\" title=\"\">  Automatische Erkennung von Tieren, Personen, Fahrzeugen und Nummernschildern<br \/>\n<img loading=\"lazy\" decoding=\"async\" src=\"https:\/\/renynsys.es\/wp-content\/uploads\/2021\/11\/flechac-3.jpg\" width=\"8\" height=\"13\" alt=\"Renyn Systeme\" class=\"wp-image-461 alignnone size-full\" title=\"\">  Bildverwaltung und -speicherung in der Cloud<br \/>\n<img loading=\"lazy\" decoding=\"async\" src=\"https:\/\/renynsys.es\/wp-content\/uploads\/2021\/11\/flechac-3.jpg\" width=\"8\" height=\"13\" alt=\"Renyn Systeme\" class=\"wp-image-461 alignnone size-full\" title=\"\">  Individuell anpassbares Alarmsystem<br \/>\n<img loading=\"lazy\" decoding=\"async\" src=\"https:\/\/renynsys.es\/wp-content\/uploads\/2021\/11\/flechac-3.jpg\" width=\"8\" height=\"13\" alt=\"Renyn Systeme\" class=\"wp-image-461 alignnone size-full\" title=\"\">  Automatische Bildfilterung<\/p>\n<p>&nbsp;<\/p>\n<p>[\/et_pb_text][\/et_pb_column][et_pb_column type=&#8221;1_2&#8243; _builder_version=&#8221;4.5.8&#8243; _module_preset=&#8221;default&#8221;][et_pb_text content_tablet=&#8221;<\/p>\n<p style=\"%22text-align:\" justify;%22=\"\"><strong>\u00bfCU\u00c1L ES EL SIGUIENTE PASO?<\/strong><\/p>\n<p style=\"%22text-align:\" justify;%22=\"\">El siguiente paso es completar el formulario que ves aqu\u00ed abajo y nos pondremos en contacto contigo.<\/p>\n<p style=\"%22text-align:\" justify;%22=\"\">Te explicaremos c\u00f3mo integrar la aplicaci\u00f3n, su funcionamiento y sus ventajas en funci\u00f3n de tu situaci\u00f3n.<\/p>\n<p>&#8221; content_phone=&#8221;<\/p>\n<p style=\"%22text-align:\" justify;%22=\"\"><strong>\u00bfCU\u00c1L ES EL SIGUIENTE PASO?<\/strong><\/p>\n<p style=\"%22text-align:\" justify;%22=\"\">El siguiente paso es completar el formulario que ves aqu\u00ed abajo y nos pondremos en contacto contigo.<\/p>\n<p style=\"%22text-align:\" justify;%22=\"\">Te explicaremos c\u00f3mo integrar la aplicaci\u00f3n, su funcionamiento y sus ventajas en funci\u00f3n de tu situaci\u00f3n.<\/p>\n<p>&#8221; content_last_edited=&#8221;on|phone&#8221; _builder_version=&#8221;4.5.8&#8243; _module_preset=&#8221;default&#8221;]<\/p>\n<p><strong>WAS IST DER N\u00c4CHSTE SCHRITT?<\/strong><\/p>\n<p style=\"text-align: justify;\">F\u00fcllen Sie bitte das untenstehende Formular aus und wir werden uns mit Ihnen in Verbindung setzen.<\/p>\n<p style=\"text-align: justify;\">Wir erkl\u00e4ren Ihnen, wie Sie die Anwendung integrieren k\u00f6nnen, wie sie funktioniert und welche Vorteile sie in Ihrer Situation bietet.<\/p>\n<p>[\/et_pb_text][\/et_pb_column][\/et_pb_row][et_pb_row _builder_version=&#8221;4.5.8&#8243; _module_preset=&#8221;default&#8221; max_width=&#8221;1195px&#8221; custom_padding=&#8221;4px|||||&#8221;][et_pb_column type=&#8221;4_4&#8243; _builder_version=&#8221;4.5.8&#8243; _module_preset=&#8221;default&#8221;][et_pb_text _builder_version=&#8221;4.5.8&#8243; _module_preset=&#8221;default&#8221; text_text_color=&#8221;#B2292E&#8221; text_font_size=&#8221;16px&#8221;]<\/p>\n<p style=\"text-align: center;\">*F\u00fcllen Sie<em>das Formular<\/em> aus<em>, und wir werden uns innerhalb von 48 Arbeitsstunden mit Ihnen in Verbindung setzen<\/em>.<\/p>\n<p>[\/et_pb_text][wpforms_selector form_id=&#8221;961&#8243; _builder_version=&#8221;4.5.8&#8243; _module_preset=&#8221;default&#8221;][\/wpforms_selector][\/et_pb_column][\/et_pb_row][\/et_pb_section]<\/p>\n","protected":false},"excerpt":{"rendered":"<p>Der n\u00e4chste Schritt zur Gew\u00e4hrleistung Ihrer Sicherheit Angebot starten 2\u20ac \/ Monat + MwSt. SIE HABEN SICH F\u00dcR DIE VERWENDUNG DER RENYN SYSTEMS APP AUF IHRER KAMERA ENTSCHIEDEN: Durch unsere Anwendung erhalten Sie totale Sicherheit und \u00dcberwachung. Dieser Service besteht darin, die Renyn Systems App in Ihre Kamera zu integrieren, so dass Sie unsere Dienste [&hellip;]<\/p>\n","protected":false},"author":3,"featured_media":0,"parent":0,"menu_order":0,"comment_status":"closed","ping_status":"closed","template":"","meta":{"_et_pb_use_builder":"on","_et_pb_old_content":"","_et_gb_content_width":"","_joinchat":[],"footnotes":""},"class_list":["post-4147","page","type-page","status-publish","hentry"],"_links":{"self":[{"href":"https:\/\/renynsys.es\/de\/wp-json\/wp\/v2\/pages\/4147","targetHints":{"allow":["GET"]}}],"collection":[{"href":"https:\/\/renynsys.es\/de\/wp-json\/wp\/v2\/pages"}],"about":[{"href":"https:\/\/renynsys.es\/de\/wp-json\/wp\/v2\/types\/page"}],"author":[{"embeddable":true,"href":"https:\/\/renynsys.es\/de\/wp-json\/wp\/v2\/users\/3"}],"replies":[{"embeddable":true,"href":"https:\/\/renynsys.es\/de\/wp-json\/wp\/v2\/comments?post=4147"}],"version-history":[{"count":0,"href":"https:\/\/renynsys.es\/de\/wp-json\/wp\/v2\/pages\/4147\/revisions"}],"wp:attachment":[{"href":"https:\/\/renynsys.es\/de\/wp-json\/wp\/v2\/media?parent=4147"}],"curies":[{"name":"wp","href":"https:\/\/api.w.org\/{rel}","templated":true}]}}