{"id":4552,"date":"2022-06-13T15:59:33","date_gmt":"2022-06-13T15:59:33","guid":{"rendered":"https:\/\/renynsys.es\/bankschliessfach\/"},"modified":"2024-05-02T10:09:33","modified_gmt":"2024-05-02T10:09:33","slug":"tresorfach-2","status":"publish","type":"product","link":"https:\/\/renynsys.es\/de\/tresorfach-2\/","title":{"rendered":"Bankschlie\u00dffach"},"content":{"rendered":"<p>Sch\u00fctzen Sie das, was Ihnen wichtig ist, sch\u00fctzen Sie Ihr Ger\u00e4t vor Diebstahl oder unn\u00f6tigen Sch\u00e4den und machen Sie Ihr Produkt langlebiger. Mit dem Verriegelungssystem und dem mit einem Vorh\u00e4ngeschloss versehenen Verschluss k\u00f6nnen Sie verhindern, dass Ihre Kamera gestohlen wird, ohne dass die Person zuvor fotografiert wurde.<\/p>\n","protected":false},"excerpt":{"rendered":"<p>&nbsp;<\/p>\n<ul>\n<li>Das Geh\u00e4use ist aus rostfreiem Stahl gefertigt und mit soliden Sockeln ausgestattet, um St\u00f6\u00dfe zu verkraften, die das Ger\u00e4t besch\u00e4digen k\u00f6nnten.<\/li>\n<li>Schraubverankerungsmechanismus und Vorh\u00e4ngeschloss, um den Diebstahl der Kamera zu erschweren.<\/li>\n<li>Befestigungssystem, um zu verhindern, dass es sich aufgrund von Reibung durch Tiere oder andere Elemente bewegt. Auf diese Weise bleibt die Kamera dort fokussiert, wo Sie sie haben m\u00f6chten, und Sie m\u00fcssen sich nicht bewegen, um sie neu einzustellen.<\/li>\n<\/ul>\n","protected":false},"featured_media":3109,"comment_status":"open","ping_status":"closed","template":"","meta":{"_et_pb_use_builder":"","_et_pb_old_content":"","_et_gb_content_width":"","_joinchat":[]},"product_brand":[],"product_cat":[64],"product_tag":[],"class_list":{"0":"post-4552","1":"product","2":"type-product","3":"status-publish","4":"has-post-thumbnail","6":"product_cat-kamera-zubehor","8":"first","9":"outofstock","10":"taxable","11":"shipping-taxable","12":"purchasable","13":"product-type-simple"},"_links":{"self":[{"href":"https:\/\/renynsys.es\/de\/wp-json\/wp\/v2\/product\/4552","targetHints":{"allow":["GET"]}}],"collection":[{"href":"https:\/\/renynsys.es\/de\/wp-json\/wp\/v2\/product"}],"about":[{"href":"https:\/\/renynsys.es\/de\/wp-json\/wp\/v2\/types\/product"}],"replies":[{"embeddable":true,"href":"https:\/\/renynsys.es\/de\/wp-json\/wp\/v2\/comments?post=4552"}],"wp:featuredmedia":[{"embeddable":true,"href":"https:\/\/renynsys.es\/de\/wp-json\/wp\/v2\/media\/3109"}],"wp:attachment":[{"href":"https:\/\/renynsys.es\/de\/wp-json\/wp\/v2\/media?parent=4552"}],"wp:term":[{"taxonomy":"product_brand","embeddable":true,"href":"https:\/\/renynsys.es\/de\/wp-json\/wp\/v2\/product_brand?post=4552"},{"taxonomy":"product_cat","embeddable":true,"href":"https:\/\/renynsys.es\/de\/wp-json\/wp\/v2\/product_cat?post=4552"},{"taxonomy":"product_tag","embeddable":true,"href":"https:\/\/renynsys.es\/de\/wp-json\/wp\/v2\/product_tag?post=4552"}],"curies":[{"name":"wp","href":"https:\/\/api.w.org\/{rel}","templated":true}]}}