{"id":6428,"date":"2024-03-20T17:08:28","date_gmt":"2024-03-20T17:08:28","guid":{"rendered":"https:\/\/renynsys.es\/cherokee-camera-2-geolocator-jahresabonnement-sim-4\/"},"modified":"2024-11-05T10:36:09","modified_gmt":"2024-11-05T10:36:09","slug":"cherokee-camera-2-geolocator-jahresabonnement-sim-4","status":"publish","type":"product","link":"https:\/\/renynsys.es\/de\/cherokee-camera-2-geolocator-jahresabonnement-sim-4\/","title":{"rendered":"Renyn Creek Wildkamera"},"content":{"rendered":"<p>[et_pb_section fb_built=&#8221;1&#8243; _builder_version=&#8221;4.16&#8243; custom_padding=&#8221;0px||||false|false&#8221; global_colors_info=&#8221;{}&#8221;][et_pb_row _builder_version=&#8221;4.16&#8243; background_size=&#8221;initial&#8221; background_position=&#8221;top_left&#8221; background_repeat=&#8221;repeat&#8221; width=&#8221;100%&#8221; custom_padding=&#8221;0px||0px||false|false&#8221; global_colors_info=&#8221;{}&#8221;][et_pb_column type=&#8221;4_4&#8243; _builder_version=&#8221;4.16&#8243; custom_padding=&#8221;|||&#8221; global_colors_info=&#8221;{}&#8221; custom_padding__hover=&#8221;|||&#8221;][et_pb_wc_breadcrumb _builder_version=&#8221;4.16&#8243; global_colors_info=&#8221;{}&#8221;][\/et_pb_wc_breadcrumb][et_pb_wc_cart_notice _builder_version=&#8221;4.16&#8243; global_colors_info=&#8221;{}&#8221;][\/et_pb_wc_cart_notice][\/et_pb_column][\/et_pb_row][et_pb_row column_structure=&#8221;1_2,1_2&#8243; _builder_version=&#8221;4.16&#8243; background_size=&#8221;initial&#8221; background_position=&#8221;top_left&#8221; background_repeat=&#8221;repeat&#8221; width=&#8221;100%&#8221; custom_padding=&#8221;0px||||false|false&#8221; global_colors_info=&#8221;{}&#8221;][et_pb_column type=&#8221;1_2&#8243; _builder_version=&#8221;4.16&#8243; custom_padding=&#8221;|||&#8221; global_colors_info=&#8221;{}&#8221; custom_padding__hover=&#8221;|||&#8221;][et_pb_wc_images _builder_version=&#8221;4.16&#8243; global_colors_info=&#8221;{}&#8221;][\/et_pb_wc_images][\/et_pb_column][et_pb_column type=&#8221;1_2&#8243; _builder_version=&#8221;4.16&#8243; custom_padding=&#8221;|||&#8221; global_colors_info=&#8221;{}&#8221; custom_padding__hover=&#8221;|||&#8221;][et_pb_wc_title _builder_version=&#8221;4.16&#8243; global_colors_info=&#8221;{}&#8221;][\/et_pb_wc_title][et_pb_wc_rating _builder_version=&#8221;4.16&#8243; global_colors_info=&#8221;{}&#8221;][\/et_pb_wc_rating][et_pb_wc_price _builder_version=&#8221;4.16&#8243; global_colors_info=&#8221;{}&#8221;][\/et_pb_wc_price][et_pb_wc_description _builder_version=&#8221;4.21.0&#8243; custom_margin=&#8221;20px||20px||true|false&#8221; global_colors_info=&#8221;{}&#8221;][\/et_pb_wc_description][et_pb_wc_add_to_cart _builder_version=&#8221;4.16&#8243; global_colors_info=&#8221;{}&#8221;][\/et_pb_wc_add_to_cart][et_pb_wc_meta _builder_version=&#8221;4.16&#8243; global_colors_info=&#8221;{}&#8221;][\/et_pb_wc_meta][\/et_pb_column][\/et_pb_row][et_pb_row _builder_version=&#8221;4.21.0&#8243; _module_preset=&#8221;default&#8221; width=&#8221;100%&#8221; global_colors_info=&#8221;{}&#8221;][et_pb_column type=&#8221;4_4&#8243; _builder_version=&#8221;4.21.0&#8243; _module_preset=&#8221;default&#8221; global_colors_info=&#8221;{}&#8221;][et_pb_image src=&#8221;https:\/\/renynsys.es\/wp-content\/uploads\/2024\/03\/creek-banner2.png&#8221; title_text=&#8221;creek-banner2&#8243; _builder_version=&#8221;4.21.0&#8243; _module_preset=&#8221;default&#8221; custom_padding=&#8221;|0px||||&#8221; global_colors_info=&#8221;{}&#8221;][\/et_pb_image][\/et_pb_column][\/et_pb_row][et_pb_row column_structure=&#8221;1_2,1_2&#8243; make_equal=&#8221;on&#8221; _builder_version=&#8221;4.21.0&#8243; _module_preset=&#8221;default&#8221; width=&#8221;100%&#8221; custom_css_main_element=&#8221;align-items: center;&#8221; global_colors_info=&#8221;{}&#8221;][et_pb_column type=&#8221;1_2&#8243; _builder_version=&#8221;4.21.0&#8243; _module_preset=&#8221;default&#8221; global_colors_info=&#8221;{}&#8221;][et_pb_image src=&#8221;https:\/\/renynsys.es\/wp-content\/uploads\/2024\/03\/FotoCamuflaje2.jpg&#8221; alt=&#8221;Arbeiten im Team&#8221; title_text=&#8221;FotoTarnung2&#8243; _builder_version=&#8221;4.21.0&#8243; _module_preset=&#8221;default&#8221; width=&#8221;100%&#8221; global_colors_info=&#8221;{}&#8221;][\/et_pb_image][\/et_pb_column][et_pb_column type=&#8221;1_2&#8243; _builder_version=&#8221;4.21.0&#8243; _module_preset=&#8221;default&#8221; global_colors_info=&#8221;{}&#8221;][et_pb_text _builder_version=&#8221;4.21.0&#8243; _module_preset=&#8221;default&#8221; global_colors_info=&#8221;{}&#8221;]<\/p>\n<h2>Geringe Gr\u00f6\u00dfe, immer unbemerkt<\/h2>\n<p>Renyn hat ein offenes Ohr f\u00fcr seine Kunden und versteht ihre Sorgen.<br \/>\nDie am h\u00e4ufigsten wiederkehrende Frage, auch wenn sie offensichtlich erscheint, ist: Was ist, wenn meine Kamera gestohlen wird? <\/p>\n<p>Renyn Creek begegnet diesem Problem mit seiner geringen Gr\u00f6\u00dfe, seiner ma\u00dfgeschneiderten Tarnung und seinen niedrigen Kosten.<\/p>\n<p>&nbsp;<\/p>\n<p>[\/et_pb_text][\/et_pb_column][\/et_pb_row][et_pb_row column_structure=&#8221;1_2,1_2&#8243; make_equal=&#8221;on&#8221; _builder_version=&#8221;4.21.0&#8243; _module_preset=&#8221;default&#8221; width=&#8221;100%&#8221; custom_css_main_element=&#8221;align-items: center;&#8221; global_colors_info=&#8221;{}&#8221;][et_pb_column type=&#8221;1_2&#8243; _builder_version=&#8221;4.21.0&#8243; _module_preset=&#8221;default&#8221; global_colors_info=&#8221;{}&#8221;][et_pb_text _builder_version=&#8221;4.21.0&#8243; _module_preset=&#8221;default&#8221; global_colors_info=&#8221;{}&#8221;]<\/p>\n<h2>Detektionsempfindlichkeit und hohe Qualit\u00e4t<\/h2>\n<p>Wir glauben an Qualit\u00e4tsprodukte und Service zu niedrigen Kosten.<br \/>\nLassen Sie sich nicht von der Strategie der gro\u00dfen Marken t\u00e4uschen. Renyn Creek ist in der Lage, auch unter schwierigsten Bedingungen Ergebnisse zu erzielen. <\/p>\n<p>Sein Bewegungssensor ist in der Lage, ein Kaninchen in einer Entfernung von mehr als 10 Metern zu erkennen und es bei Nacht problemlos zu fotografieren.<\/p>\n<p>[\/et_pb_text][\/et_pb_column][et_pb_column type=&#8221;1_2&#8243; _builder_version=&#8221;4.21.0&#8243; _module_preset=&#8221;default&#8221; global_colors_info=&#8221;{}&#8221;][et_pb_image src=&#8221;https:\/\/renynsys.es\/wp-content\/uploads\/2024\/03\/FotoConejo.jpg&#8221; title_text=&#8221;PhotoRabbit&#8221; _builder_version=&#8221;4.21.0&#8243; _module_preset=&#8221;default&#8221; width=&#8221;100%&#8221; global_colors_info=&#8221;{}&#8221;][\/et_pb_image][\/et_pb_column][\/et_pb_row][et_pb_row column_structure=&#8221;1_2,1_2&#8243; make_equal=&#8221;on&#8221; _builder_version=&#8221;4.21.0&#8243; _module_preset=&#8221;default&#8221; width=&#8221;100%&#8221; min_height=&#8221;387.3px&#8221; custom_padding=&#8221;0px||0px|||&#8221; custom_css_main_element=&#8221;align-items: center;&#8221; global_colors_info=&#8221;{}&#8221;][et_pb_column type=&#8221;1_2&#8243; _builder_version=&#8221;4.21.0&#8243; _module_preset=&#8221;default&#8221; global_colors_info=&#8221;{}&#8221;][et_pb_image src=&#8221;https:\/\/renynsys.es\/wp-content\/uploads\/2024\/03\/handbutton.jpg&#8221; alt=&#8221;Datentarif&#8221; title_text=&#8221;handbutton&#8221; _builder_version=&#8221;4.21.0&#8243; _module_preset=&#8221;default&#8221; width=&#8221;100%&#8221; global_colors_info=&#8221;{}&#8221; src__hover_enabled=&#8221;on|hover&#8221; src__hover=&#8221;&#8221;][\/et_pb_image][\/et_pb_column][et_pb_column type=&#8221;1_2&#8243; _builder_version=&#8221;4.21.0&#8243; _module_preset=&#8221;default&#8221; global_colors_info=&#8221;{}&#8221;][et_pb_text _builder_version=&#8221;4.21.0&#8243; _module_preset=&#8221;default&#8221; global_colors_info=&#8221;{}&#8221;]<\/p>\n<h2>Einfacher Betrieb, garantierter Erfolg<\/h2>\n<p>Wir wissen, dass Technik ein Problem sein kann.<br \/>\nDeshalb haben wir sorgf\u00e4ltig dar\u00fcber nachgedacht, wie wir unsere Standardkamera so konfigurieren, dass sie in den meisten F\u00e4llen korrekt funktioniert. <\/p>\n<p>Legen Sie einfach die Batterien ein, setzen Sie die Karte ein und stellen Sie den Schalter auf ON.<br \/>\nSie sind bereit zum Fotografieren! <\/p>\n<p>[\/et_pb_text][\/et_pb_column][\/et_pb_row][et_pb_row _builder_version=&#8221;4.21.0&#8243; _module_preset=&#8221;default&#8221; global_colors_info=&#8221;{}&#8221;][et_pb_column type=&#8221;4_4&#8243; _builder_version=&#8221;4.21.0&#8243; _module_preset=&#8221;default&#8221; global_colors_info=&#8221;{}&#8221;][et_pb_text _builder_version=&#8221;4.21.0&#8243; _module_preset=&#8221;default&#8221; custom_padding=&#8221;13px|||||&#8221; global_colors_info=&#8221;{}&#8221;]<\/p>\n<h2 style=\"text-align: center;\">Warum sollten Sie unsere Creek-Kamera verwenden?<\/h2>\n<p>[\/et_pb_text][\/et_pb_column][\/et_pb_row][et_pb_row _builder_version=&#8221;4.21.0&#8243; _module_preset=&#8221;default&#8221; width=&#8221;100%&#8221; custom_margin=&#8221;|-105px||-1px||&#8221; border_radii=&#8221;on|1px|1px|1px|1px&#8221; border_width_all=&#8221;1px&#8221; border_color_all=&#8221;#d9d9d9&#8243; global_colors_info=&#8221;{}&#8221;][et_pb_column type=&#8221;4_4&#8243; _builder_version=&#8221;4.21.0&#8243; _module_preset=&#8221;default&#8221; custom_padding=&#8221;20px|40px|20px|40px|false|false&#8221; global_colors_info=&#8221;{}&#8221;][et_pb_text _builder_version=&#8221;4.21.0&#8243; _module_preset=&#8221;default&#8221; global_colors_info=&#8221;{}&#8221;]<\/p>\n<p><strong><span style=\"color: #339966;\">\u2713<\/span><\/strong> Ideal f\u00fcr die \u00dcberwachung von einbruchsgef\u00e4hrdeten Bereichen.<\/p>\n<hr class=\"solid\">\n<p><strong><span style=\"color: #339966;\">\u2713<\/span><\/strong> Seine geringe Gr\u00f6\u00dfe macht die Tarnung viel einfacher.<\/p>\n<hr class=\"solid\">\n<p><strong><span style=\"color: #339966;\">\u2713<\/span><\/strong> 940nm Infrarot-LEDs, unsichtbar f\u00fcr Menschen und Wildtiere<\/p>\n<hr class=\"solid\">\n<p><strong><span style=\"color: #339966;\">\u2713<\/span><\/strong> Niedriger Preis, reduziert die wirtschaftlichen Auswirkungen im Falle eines Diebstahls<\/p>\n<hr class=\"solid\">\n<p><strong><span style=\"color: #339966;\">\u2713<\/span><\/strong> Qualit\u00e4t auf Augenh\u00f6he mit den Gro\u00dfen f\u00fcr die H\u00e4lfte des Preises<\/p>\n<hr class=\"solid\">\n<p><strong><span style=\"color: #339966;\">\u2713<\/span><\/strong> Wetterfest mit IP65 und Qualit\u00e4tsverschl\u00fcssen<\/p>\n<hr class=\"solid\">\n<p><strong><span style=\"color: #339966;\">\u2713<\/span><\/strong> Geringer Stromverbrauch mit bis zu 6 Monaten Standby-Zeit mit nur 4 Batterien<\/p>\n<p>[\/et_pb_text][\/et_pb_column][\/et_pb_row][et_pb_row _builder_version=&#8221;4.16&#8243; background_size=&#8221;initial&#8221; background_position=&#8221;top_left&#8221; background_repeat=&#8221;repeat&#8221; width=&#8221;100%&#8221; global_colors_info=&#8221;{}&#8221;][et_pb_column type=&#8221;4_4&#8243; _builder_version=&#8221;4.16&#8243; custom_padding=&#8221;|||&#8221; global_colors_info=&#8221;{}&#8221; custom_padding__hover=&#8221;|||&#8221;][et_pb_wc_tabs _builder_version=&#8221;4.16&#8243; global_colors_info=&#8221;{}&#8221;] [\/et_pb_wc_tabs][et_pb_wc_upsells _builder_version=&#8221;4.16&#8243; global_colors_info=&#8221;{}&#8221;][\/et_pb_wc_upsells][et_pb_wc_related_products _builder_version=&#8221;4.16&#8243; global_colors_info=&#8221;{}&#8221;][\/et_pb_wc_related_products][\/et_pb_column][\/et_pb_row][\/et_pb_section]<\/p>\n","protected":false},"excerpt":{"rendered":"<p>K<strong>ostenloser Versand ab \u20ac100 (2 St\u00fcck)<\/strong> Entdecken Sie unsere<strong>Renyn Creek,<\/strong> unsere Jagdkamera f\u00fcr Bereiche mit Fu\u00dfg\u00e4ngerverkehr und\/oder Diebstahlgefahr. Dank seiner geringen Gr\u00f6\u00dfe haben Sie die M\u00f6glichkeit, Kameras an Orten zu platzieren, an die Sie sich vorher nicht getraut haben.<\/p>\n<p><strong>Die Tarnung dieser Kamera ist wirklich einfach!<\/strong>  Mit seinen 10 940nm Nacht-LEDs (v\u00f6llig unsichtbar f\u00fcr Wildtiere und Menschen) und seinem Bewegungssensor mit einer Reichweite von bis zu 15 Metern k\u00f6nnen Sie jeden Bereich \u00fcberwachen, den Sie w\u00fcnschen.<\/p>\n<p>Hochwertige Fotos mit bis zu 24 Mpx und Full HD-Videos, damit <strong>Sie<\/strong> nichts verpassen, was auf Ihrer Farm <strong>passiert<\/strong>.<\/p>\n<p><iframe loading=\"lazy\" title=\"YouTube-Video-Player\" src=\"https:\/\/www.youtube.com\/embed\/f6crvLVWqng?si=gqUylq9qu7GfWsRu\" width=\"560\" height=\"315\" frameborder=\"0\" allowfullscreen=\"allowfullscreen\"><\/iframe><\/p>\n","protected":false},"featured_media":6490,"comment_status":"open","ping_status":"closed","template":"","meta":{"_et_pb_use_builder":"on","_et_pb_old_content":"<strong>BILDGR\u00d6SSE:<\/strong> 24\/20\/16\/12\/8\/5\/3\/3\/1 MP <strong>VIDEO:<\/strong> FULL HD 1920X1080 @ 30FPS <strong>AUFNAHMEGESCHWINDIGKEIT:<\/strong> 0.4S <strong>IR LED:<\/strong> 10 UDS INVISIBLE, 940NM <strong>LENS:<\/strong> FOV=80 <strong>LCD DISPLAY:<\/strong> 2\" <strong>FARBENERKENNUNGSENTFERNUNG:<\/strong> 15 Meter <strong>SPEICHERKARTE:<\/strong> SD bis zu 128GB <strong>WETTERBEST\u00c4NDIGKEIT:<\/strong> IP65 <strong>ZERTIFIZIERUNG:<\/strong> CE\/ROHS\/FCC\n\n\n\n\n\n\n\n\n\n\n\n\n\n\n\n\n\n","_et_gb_content_width":"","_joinchat":[]},"product_brand":[],"product_cat":[69],"product_tag":[],"class_list":{"0":"post-6428","1":"product","2":"type-product","3":"status-publish","4":"has-post-thumbnail","6":"product_cat-kameras","8":"first","9":"instock","10":"taxable","11":"shipping-taxable","12":"purchasable","13":"product-type-simple"},"_links":{"self":[{"href":"https:\/\/renynsys.es\/de\/wp-json\/wp\/v2\/product\/6428","targetHints":{"allow":["GET"]}}],"collection":[{"href":"https:\/\/renynsys.es\/de\/wp-json\/wp\/v2\/product"}],"about":[{"href":"https:\/\/renynsys.es\/de\/wp-json\/wp\/v2\/types\/product"}],"replies":[{"embeddable":true,"href":"https:\/\/renynsys.es\/de\/wp-json\/wp\/v2\/comments?post=6428"}],"wp:featuredmedia":[{"embeddable":true,"href":"https:\/\/renynsys.es\/de\/wp-json\/wp\/v2\/media\/6490"}],"wp:attachment":[{"href":"https:\/\/renynsys.es\/de\/wp-json\/wp\/v2\/media?parent=6428"}],"wp:term":[{"taxonomy":"product_brand","embeddable":true,"href":"https:\/\/renynsys.es\/de\/wp-json\/wp\/v2\/product_brand?post=6428"},{"taxonomy":"product_cat","embeddable":true,"href":"https:\/\/renynsys.es\/de\/wp-json\/wp\/v2\/product_cat?post=6428"},{"taxonomy":"product_tag","embeddable":true,"href":"https:\/\/renynsys.es\/de\/wp-json\/wp\/v2\/product_tag?post=6428"}],"curies":[{"name":"wp","href":"https:\/\/api.w.org\/{rel}","templated":true}]}}