{"id":7385,"date":"2024-10-29T16:48:00","date_gmt":"2024-10-29T16:48:00","guid":{"rendered":"https:\/\/renynsys.es\/?post_type=product&#038;p=7385"},"modified":"2025-12-01T19:34:14","modified_gmt":"2025-12-01T19:34:14","slug":"kamera-cherokee-2-geolocator-copia-2","status":"publish","type":"product","link":"https:\/\/renynsys.es\/de\/kamera-cherokee-2-geolocator-copia-2\/","title":{"rendered":"Apache II Jagdkamera"},"content":{"rendered":"<p>[et_pb_section fb_built=&#8221;1&#8243; _builder_version=&#8221;4.16&#8243; custom_padding=&#8221;0px||||false|false&#8221; global_colors_info=&#8221;{}&#8221;][et_pb_row _builder_version=&#8221;4.16&#8243; background_size=&#8221;initial&#8221; background_position=&#8221;top_left&#8221; background_repeat=&#8221;repeat&#8221; width=&#8221;100%&#8221; custom_padding=&#8221;0px||0px||false|false&#8221; global_colors_info=&#8221;{}&#8221;][et_pb_column type=&#8221;4_4&#8243; _builder_version=&#8221;4.16&#8243; custom_padding=&#8221;|||&#8221; global_colors_info=&#8221;{}&#8221; custom_padding__hover=&#8221;|||&#8221;][et_pb_wc_breadcrumb _builder_version=&#8221;4.16&#8243; global_colors_info=&#8221;{}&#8221;][\/et_pb_wc_breadcrumb][et_pb_wc_cart_notice _builder_version=&#8221;4.16&#8243; global_colors_info=&#8221;{}&#8221;][\/et_pb_wc_cart_notice][\/et_pb_column][\/et_pb_row][et_pb_row column_structure=&#8221;1_2,1_2&#8243; _builder_version=&#8221;4.16&#8243; background_size=&#8221;initial&#8221; background_position=&#8221;top_left&#8221; background_repeat=&#8221;repeat&#8221; width=&#8221;100%&#8221; custom_padding=&#8221;0px||||false|false&#8221; global_colors_info=&#8221;{}&#8221;][et_pb_column type=&#8221;1_2&#8243; _builder_version=&#8221;4.16&#8243; custom_padding=&#8221;|||&#8221; global_colors_info=&#8221;{}&#8221; custom_padding__hover=&#8221;|||&#8221;][et_pb_wc_images _builder_version=&#8221;4.16&#8243; global_colors_info=&#8221;{}&#8221;][\/et_pb_wc_images][\/et_pb_column][et_pb_column type=&#8221;1_2&#8243; _builder_version=&#8221;4.16&#8243; custom_padding=&#8221;|||&#8221; global_colors_info=&#8221;{}&#8221; custom_padding__hover=&#8221;|||&#8221;][et_pb_wc_title _builder_version=&#8221;4.16&#8243; global_colors_info=&#8221;{}&#8221;][\/et_pb_wc_title][et_pb_wc_rating _builder_version=&#8221;4.16&#8243; global_colors_info=&#8221;{}&#8221;][\/et_pb_wc_rating][et_pb_wc_price _builder_version=&#8221;4.16&#8243; global_colors_info=&#8221;{}&#8221;][\/et_pb_wc_price][et_pb_wc_description _builder_version=&#8221;4.21.0&#8243; custom_margin=&#8221;20px||20px||true|false&#8221; global_colors_info=&#8221;{}&#8221;][\/et_pb_wc_description][et_pb_wc_add_to_cart _builder_version=&#8221;4.16&#8243; global_colors_info=&#8221;{}&#8221;][\/et_pb_wc_add_to_cart][et_pb_wc_meta _builder_version=&#8221;4.16&#8243; global_colors_info=&#8221;{}&#8221;][\/et_pb_wc_meta][\/et_pb_column][\/et_pb_row][et_pb_row _builder_version=&#8221;4.21.0&#8243; _module_preset=&#8221;default&#8221; width=&#8221;100%&#8221; global_colors_info=&#8221;{}&#8221;][et_pb_column type=&#8221;4_4&#8243; _builder_version=&#8221;4.21.0&#8243; _module_preset=&#8221;default&#8221; global_colors_info=&#8221;{}&#8221;][et_pb_image src=&#8221;https:\/\/renynsys.es\/wp-content\/uploads\/2024\/10\/bannerapacheii.png&#8221; title_text=&#8221;bannerapacheii&#8221; _builder_version=&#8221;4.25.1&#8243; _module_preset=&#8221;default&#8221; custom_padding=&#8221;|0px||||&#8221; global_colors_info=&#8221;{}&#8221;][\/et_pb_image][\/et_pb_column][\/et_pb_row][et_pb_row column_structure=&#8221;1_2,1_2&#8243; make_equal=&#8221;on&#8221; _builder_version=&#8221;4.21.0&#8243; _module_preset=&#8221;default&#8221; width=&#8221;100%&#8221; custom_css_main_element=&#8221;align-items: center;&#8221; global_colors_info=&#8221;{}&#8221;][et_pb_column type=&#8221;1_2&#8243; _builder_version=&#8221;4.21.0&#8243; _module_preset=&#8221;default&#8221; global_colors_info=&#8221;{}&#8221;][et_pb_image src=&#8221;https:\/\/renynsys.es\/wp-content\/uploads\/2024\/10\/landingapache1.jpg&#8221; alt=&#8221;Arbeiten im Team&#8221; title_text=&#8221;landingapache1&#8243; _builder_version=&#8221;4.25.1&#8243; _module_preset=&#8221;default&#8221; width=&#8221;100%&#8221; global_colors_info=&#8221;{}&#8221;][\/et_pb_image][\/et_pb_column][et_pb_column type=&#8221;1_2&#8243; _builder_version=&#8221;4.21.0&#8243; _module_preset=&#8221;default&#8221; global_colors_info=&#8221;{}&#8221;][et_pb_text _builder_version=&#8221;4.25.1&#8243; _module_preset=&#8221;default&#8221; global_colors_info=&#8221;{}&#8221;]<\/p>\n<h2>Besuchte Orte?<\/h2>\n<p>Renyn hat ein offenes Ohr f\u00fcr seine Kunden und versteht ihre Sorgen.<br \/>\nDie am h\u00e4ufigsten wiederkehrende Frage, auch wenn sie offensichtlich erscheint, ist: Was ist, wenn meine Kamera gestohlen wird? <\/p>\n<p>Die Renyn Apache II ist eine sehr leistungsstarke Kamera zu einem unschlagbaren Preis. Dar\u00fcber hinaus sind wir Hersteller und k\u00fcmmern uns um das gesamte \u00d6kosystem und helfen Ihnen auf individuelle Weise bei der Wiederherstellung Ihres Ger\u00e4ts. <\/p>\n<p>[\/et_pb_text][\/et_pb_column][\/et_pb_row][et_pb_row column_structure=&#8221;1_2,1_2&#8243; make_equal=&#8221;on&#8221; _builder_version=&#8221;4.21.0&#8243; _module_preset=&#8221;default&#8221; width=&#8221;100%&#8221; custom_css_main_element=&#8221;align-items: center;&#8221; global_colors_info=&#8221;{}&#8221;][et_pb_column type=&#8221;1_2&#8243; _builder_version=&#8221;4.21.0&#8243; _module_preset=&#8221;default&#8221; global_colors_info=&#8221;{}&#8221;][et_pb_text _builder_version=&#8221;4.25.1&#8243; _module_preset=&#8221;default&#8221; global_colors_info=&#8221;{}&#8221;]<\/p>\n<h2>Hohe Qualit\u00e4t und niedriger Verbrauch<\/h2>\n<p>Aus unserer Erfahrung in der integrierten Forstwirtschaft wissen wir, dass jede Fahrt in den Wald z\u00e4hlt. Deshalb haben wir ein zuverl\u00e4ssiges Produkt mit einem hohen Ma\u00df an Service-Autonomie entwickelt. <\/p>\n<p>Empfangen Sie bis zu 2.000 Fotos mit nur einem Akkupack, sparen Sie bei den Verbrauchsmaterialien und garantieren Sie die Serviceverf\u00fcgbarkeit.<\/p>\n<p>&nbsp;<\/p>\n<p>[\/et_pb_text][\/et_pb_column][et_pb_column type=&#8221;1_2&#8243; _builder_version=&#8221;4.21.0&#8243; _module_preset=&#8221;default&#8221; global_colors_info=&#8221;{}&#8221;][et_pb_image src=&#8221;https:\/\/renynsys.es\/wp-content\/uploads\/2024\/10\/DSCF0483-scaled.jpg&#8221; title_text=&#8221;DSCF0483&#8243; _builder_version=&#8221;4.25.1&#8243; _module_preset=&#8221;default&#8221; width=&#8221;100%&#8221; global_colors_info=&#8221;{}&#8221;][\/et_pb_image][\/et_pb_column][\/et_pb_row][et_pb_row column_structure=&#8221;1_2,1_2&#8243; make_equal=&#8221;on&#8221; _builder_version=&#8221;4.21.0&#8243; _module_preset=&#8221;default&#8221; width=&#8221;100%&#8221; min_height=&#8221;387.3px&#8221; custom_padding=&#8221;0px||0px|||&#8221; custom_css_main_element=&#8221;align-items: center;&#8221; global_colors_info=&#8221;{}&#8221;][et_pb_column type=&#8221;1_2&#8243; _builder_version=&#8221;4.21.0&#8243; _module_preset=&#8221;default&#8221; global_colors_info=&#8221;{}&#8221;][et_pb_image src=&#8221;https:\/\/renynsys.es\/wp-content\/uploads\/2024\/10\/open-apacheii.jpg&#8221; alt=&#8221;Datentarif&#8221; title_text=&#8221;open-apacheii&#8221; _builder_version=&#8221;4.25.1&#8243; _module_preset=&#8221;default&#8221; width=&#8221;100%&#8221; global_colors_info=&#8221;{}&#8221; src__hover_enabled=&#8221;on|hover&#8221; src__hover=&#8221;&#8221;][\/et_pb_image][\/et_pb_column][et_pb_column type=&#8221;1_2&#8243; _builder_version=&#8221;4.21.0&#8243; _module_preset=&#8221;default&#8221; global_colors_info=&#8221;{}&#8221;][et_pb_text _builder_version=&#8221;4.25.1&#8243; _module_preset=&#8221;default&#8221; global_colors_info=&#8221;{}&#8221;]<\/p>\n<h2>Benutzerfreundlichkeit und Teamarbeit<\/h2>\n<p>Vergessen Sie die Zeiten, in denen die Verwendung einer Kamera mit Fotoversand nur etwas f\u00fcr die ganz Schlauen war. Dank unserer App scannen Sie den QR-Code auf Ihrer Kamera und erhalten sofort Bilder. <\/p>\n<p>Unsere Kamera enth\u00e4lt alles, was Sie brauchen, so dass Sie bei der Installation keine \u00dcberraschungen erleben. Und wenn Sie Fragen haben&#8230; k\u00f6nnen Sie uns sofort anrufen. <\/p>\n<p>&nbsp;<\/p>\n<p>[\/et_pb_text][\/et_pb_column][\/et_pb_row][et_pb_row column_structure=&#8221;1_2,1_2&#8243; make_equal=&#8221;on&#8221; _builder_version=&#8221;4.21.0&#8243; _module_preset=&#8221;default&#8221; width=&#8221;100%&#8221; custom_css_main_element=&#8221;align-items: center;&#8221; global_colors_info=&#8221;{}&#8221;][et_pb_column type=&#8221;1_2&#8243; _builder_version=&#8221;4.21.0&#8243; _module_preset=&#8221;default&#8221; global_colors_info=&#8221;{}&#8221;][et_pb_text _builder_version=&#8221;4.25.1&#8243; _module_preset=&#8221;default&#8221; custom_padding=&#8221;13px|||||&#8221; global_colors_info=&#8221;{}&#8221;]<\/p>\n<h2>Kostenloser Cloud-Speicher, Teambildung<\/h2>\n<p>Sind Sie es leid, Ihre Fotos anzuschauen und sie mit Ihren Kollegen zu teilen, wird Ihr Telefon langsamer? Nutzen Sie unsere APP und vergessen Sie es.<\/p>\n<p>Mit unserem inkludierten Cloud-Speicher und unserem Gruppensystem erhalten Sie die Fotos, die Sie und wer immer Sie wollen. Verwalten Sie die Berechtigungen Ihrer Kollegen und machen Sie die Verwaltung effizienter und bequemer. <\/p>\n<p>[\/et_pb_text][\/et_pb_column][et_pb_column type=&#8221;1_2&#8243; _builder_version=&#8221;4.21.0&#8243; _module_preset=&#8221;default&#8221; global_colors_info=&#8221;{}&#8221;][et_pb_image src=&#8221;https:\/\/renynsys.es\/wp-content\/uploads\/2021\/11\/pantalla-inicio-b.jpg&#8221; alt=&#8221;Anwendung renyn systems&#8221; title_text=&#8221;Anwendung renyn systems&#8221; _builder_version=&#8221;4.25.1&#8243; _module_preset=&#8221;default&#8221; width=&#8221;100%&#8221; global_colors_info=&#8221;{}&#8221;][\/et_pb_image][\/et_pb_column][\/et_pb_row][et_pb_row _builder_version=&#8221;4.21.0&#8243; _module_preset=&#8221;default&#8221; global_colors_info=&#8221;{}&#8221;][et_pb_column type=&#8221;4_4&#8243; _builder_version=&#8221;4.21.0&#8243; _module_preset=&#8221;default&#8221; global_colors_info=&#8221;{}&#8221;][et_pb_text _builder_version=&#8221;4.25.1&#8243; _module_preset=&#8221;default&#8221; custom_padding=&#8221;13px|||||&#8221; global_colors_info=&#8221;{}&#8221;]<\/p>\n<h2 style=\"text-align: center;\">Warum sollten Sie unsere Apache-Kamera verwenden?<\/h2>\n<p>[\/et_pb_text][\/et_pb_column][\/et_pb_row][et_pb_row _builder_version=&#8221;4.25.1&#8243; _module_preset=&#8221;default&#8221; width=&#8221;100%&#8221; custom_margin=&#8221;|-105px||-1px||&#8221; border_radii=&#8221;on|1px|1px|1px|1px&#8221; border_width_all=&#8221;1px&#8221; border_color_all=&#8221;#d9d9d9&#8243; global_colors_info=&#8221;{}&#8221;][et_pb_column type=&#8221;4_4&#8243; _builder_version=&#8221;4.21.0&#8243; _module_preset=&#8221;default&#8221; custom_padding=&#8221;20px|40px|20px|40px|false|false&#8221; global_colors_info=&#8221;{}&#8221;][et_pb_text _builder_version=&#8221;4.25.1&#8243; _module_preset=&#8221;default&#8221; global_colors_info=&#8221;{}&#8221;]<\/p>\n<p><strong><span style=\"color: #339966;\">\u2713<\/span><\/strong> Empfangen Sie Bilder in einer intuitiven, von uns entwickelten App.<\/p>\n<hr class=\"solid\">\n<p><strong><span style=\"color: #339966;\">\u2713<\/span><\/strong> Hersteller in Spanien (Ciudad Real), mit technischem Service und Telefonsupport.<\/p>\n<hr class=\"solid\">\n<p><strong><span style=\"color: #339966;\">\u2713<\/span><\/strong> Niedriger Preis, reduziert die wirtschaftlichen Auswirkungen im Falle eines Diebstahls<\/p>\n<hr class=\"solid\">\n<p><strong><span style=\"color: #339966;\">\u2713<\/span><\/strong> Unschlagbares Preis-\/Leistungsverh\u00e4ltnis<\/p>\n<hr class=\"solid\">\n<p><strong><span style=\"color: #339966;\">\u2713<\/span><\/strong> Eigener Internetservice in Verbindung mit Ihrer Karte zum Preis der Gro\u00dfen.<\/p>\n<hr class=\"solid\">\n<p><strong><span style=\"color: #339966;\">\u2713<\/span><\/strong> Wetterfest mit IP66 und Qualit\u00e4tsverschl\u00fcssen<\/p>\n<hr class=\"solid\">\n<p><strong><span style=\"color: #339966;\">\u2713<\/span><\/strong> Geringer Stromverbrauch mit bis zu 2.000 Fotos pro Ladung<\/p>\n<hr class=\"solid\">\n<p><strong><span style=\"color: #339966;\">\u2713<\/span> <\/strong>Teamarbeit<\/p>\n<p>[\/et_pb_text][\/et_pb_column][\/et_pb_row][et_pb_row _builder_version=&#8221;4.16&#8243; background_size=&#8221;initial&#8221; background_position=&#8221;top_left&#8221; background_repeat=&#8221;repeat&#8221; width=&#8221;100%&#8221; global_colors_info=&#8221;{}&#8221;][et_pb_column type=&#8221;4_4&#8243; _builder_version=&#8221;4.16&#8243; custom_padding=&#8221;|||&#8221; global_colors_info=&#8221;{}&#8221; custom_padding__hover=&#8221;|||&#8221;][et_pb_wc_tabs _builder_version=&#8221;4.16&#8243; global_colors_info=&#8221;{}&#8221;] [\/et_pb_wc_tabs][et_pb_wc_upsells _builder_version=&#8221;4.16&#8243; global_colors_info=&#8221;{}&#8221;][\/et_pb_wc_upsells][et_pb_wc_related_products _builder_version=&#8221;4.16&#8243; global_colors_info=&#8221;{}&#8221;][\/et_pb_wc_related_products][\/et_pb_column][\/et_pb_row][\/et_pb_section]<\/p>\n","protected":false},"excerpt":{"rendered":"<p><strong>START 4-5 NOVEMBER &#8211; JETZT BUCHEN!<\/strong><\/p>\n<p>32 GB SD-Karte und unbegrenzter kostenloser Cloud-Speicherplatz auf Lebenszeit! <strong>Entdecken Sie unsere Apache II,<\/strong> unsere Jagdkamera f\u00fcr Bereiche mit viel Publikumsverkehr und\/oder Diebstahlgefahr, mit Lieferung an unsere App. Dank ihres niedrigen Preises ist sie ideal f\u00fcr Gegenden, in denen es h\u00e4ufig zu Diebst\u00e4hlen kommt. Sie ist auch Ihre Kamera, wenn Sie nicht viel in Fotofallen investieren m\u00f6chten. Dank ihrer 28 940nm-LEDs, die f\u00fcr Menschen und Wildtiere v\u00f6llig unsichtbar sind, macht sie auch bei Nacht klare, hochwertige Fotos. Arbeiten Sie dank seiner Anwendung im Team und konfigurieren Sie ihn bequem von zu Hause aus. Dank des stromsparenden Kommunikationsmoduls k\u00f6nnen Sie mit nur einem Satz AA-Batterien mehr als 2.000 Fotos aufnehmen. Nehmen Sie qualitativ hochwertige Fotos mit bis zu 24 Mpx und 2K-Videos auf und verpassen Sie nichts mehr, was auf Ihrem Hof passiert.<\/p>\n","protected":false},"featured_media":7369,"comment_status":"open","ping_status":"closed","template":"","meta":{"_et_pb_use_builder":"on","_et_pb_old_content":"<strong>Tabelle der Merkmale:<\/strong>\n<table>\n<tbody>\n<tr>\n<td>BILDGR\u00d6SSE<\/td>\n<td>8\/16\/24 MP<\/td>\n<\/tr>\n<tr>\n<td>VIDEO<\/td>\n<td>2.7K @ 30FPS<\/td>\n<\/tr>\n<tr>\n<td>AUSL\u00d6SERGESCHWINDIGKEIT<\/td>\n<td>0.2S<\/td>\n<\/tr>\n<tr>\n<td>IR-LED<\/td>\n<td>28 ST\u00dcCK UNSICHTBAR, 940NM<\/td>\n<\/tr>\n<tr>\n<td>LCD-DISPLAY<\/td>\n<td>2\" FARBE<\/td>\n<\/tr>\n<tr>\n<td>ERFASSUNGSREICHWEITE<\/td>\n<td>20 Meter<\/td>\n<\/tr>\n<tr>\n<td>SPEICHERKARTE<\/td>\n<td>SD bis zu 128GB<\/td>\n<\/tr>\n<tr>\n<td>WETTERBEST\u00c4NDIGKEIT<\/td>\n<td>IP66<\/td>\n<\/tr>\n<tr>\n<td>CERTIFICACION<\/td>\n<td>CE\/ROHS\/FCC<\/td>\n<\/tr>\n<\/tbody>\n<\/table>","_et_gb_content_width":"","_joinchat":[]},"product_brand":[],"product_cat":[69],"product_tag":[],"class_list":{"0":"post-7385","1":"product","2":"type-product","3":"status-publish","4":"has-post-thumbnail","6":"product_cat-kameras","8":"first","9":"instock","10":"taxable","11":"shipping-taxable","12":"purchasable","13":"product-type-variable","14":"has-default-attributes"},"_links":{"self":[{"href":"https:\/\/renynsys.es\/de\/wp-json\/wp\/v2\/product\/7385","targetHints":{"allow":["GET"]}}],"collection":[{"href":"https:\/\/renynsys.es\/de\/wp-json\/wp\/v2\/product"}],"about":[{"href":"https:\/\/renynsys.es\/de\/wp-json\/wp\/v2\/types\/product"}],"replies":[{"embeddable":true,"href":"https:\/\/renynsys.es\/de\/wp-json\/wp\/v2\/comments?post=7385"}],"wp:featuredmedia":[{"embeddable":true,"href":"https:\/\/renynsys.es\/de\/wp-json\/wp\/v2\/media\/7369"}],"wp:attachment":[{"href":"https:\/\/renynsys.es\/de\/wp-json\/wp\/v2\/media?parent=7385"}],"wp:term":[{"taxonomy":"product_brand","embeddable":true,"href":"https:\/\/renynsys.es\/de\/wp-json\/wp\/v2\/product_brand?post=7385"},{"taxonomy":"product_cat","embeddable":true,"href":"https:\/\/renynsys.es\/de\/wp-json\/wp\/v2\/product_cat?post=7385"},{"taxonomy":"product_tag","embeddable":true,"href":"https:\/\/renynsys.es\/de\/wp-json\/wp\/v2\/product_tag?post=7385"}],"curies":[{"name":"wp","href":"https:\/\/api.w.org\/{rel}","templated":true}]}}