{"id":4088,"date":"2021-11-09T15:21:45","date_gmt":"2021-11-09T15:21:45","guid":{"rendered":"https:\/\/renynsys.es\/questions-frequemment-posees\/"},"modified":"2023-06-02T13:12:59","modified_gmt":"2023-06-02T13:12:59","slug":"questions-frequemment-posees","status":"publish","type":"page","link":"https:\/\/renynsys.es\/fr\/questions-frequemment-posees\/","title":{"rendered":"Questions fr\u00e9quemment pos\u00e9es"},"content":{"rendered":"<p>[et_pb_section fb_built=&#8221;1&#8243; disabled_on=&#8221;on|on|off&#8221; _builder_version=&#8221;4.5.8&#8243; _module_preset=&#8221;default&#8221; background_color=&#8221;#f3f4f5&#8243; custom_padding=&#8221;||0px|||&#8221;][et_pb_row column_structure=&#8221;1_2,1_2&#8243; _builder_version=&#8221;4.5.8&#8243; _module_preset=&#8221;default&#8221; max_width=&#8221;1195px&#8221; min_height=&#8221;568px&#8221; custom_padding=&#8221;||0px|||&#8221;][et_pb_column type=&#8221;1_2&#8243; _builder_version=&#8221;4.5.8&#8243; _module_preset=&#8221;default&#8221;][et_pb_text content_tablet=&#8221;&#8221; content_phone=&#8221;&#8221; content_last_edited=&#8221;on|desktop&#8221; _builder_version=&#8221;4.5.8&#8243; _module_preset=&#8221;default&#8221; header_text_color=&#8221;#b2292e&#8221;]<\/p>\n<h1>QUESTIONS FR\u00c9QUEMMENT POS\u00c9ES<\/h1>\n<p>[\/et_pb_text][et_pb_text content_tablet=&#8221;&#8221; content_phone=&#8221;&#8221; content_last_edited=&#8221;on|desktop&#8221; _builder_version=&#8221;4.5.8&#8243; _module_preset=&#8221;default&#8221; text_font_size=&#8221;16px&#8221; header_text_color=&#8221;#b2292e&#8221;]<\/p>\n<p style=\"text-align: justify;\">Si vous avez encore des doutes, nous avons rassembl\u00e9 dans cette section les questions les plus fr\u00e9quemment pos\u00e9es par nos clients.<\/p>\n<p>[\/et_pb_text][\/et_pb_column][et_pb_column type=&#8221;1_2&#8243; _builder_version=&#8221;4.5.8&#8243; _module_preset=&#8221;default&#8221;][et_pb_image src=&#8221;https:\/\/renynsys.es\/wp-content\/uploads\/2021\/11\/preguntas_frecuentes.png&#8221; alt=&#8221;Questions fr\u00e9quemment pos\u00e9es&#8221; title_text=&#8221;questions_fr\u00e9quentes&#8221; align=&#8221;right&#8221; disabled_on=&#8221;on|on|off&#8221; _builder_version=&#8221;4.5.8&#8243; _module_preset=&#8221;default&#8221; width=&#8221;100%&#8221; hover_enabled=&#8221;0&#8243;][\/et_pb_image][\/et_pb_column][\/et_pb_row][\/et_pb_section][et_pb_section fb_built=&#8221;1&#8243; disabled_on=&#8221;off|off|on&#8221; _builder_version=&#8221;4.5.8&#8243; _module_preset=&#8221;default&#8221; background_color=&#8221;#f3f4f5&#8243; min_height=&#8221;711px&#8221; custom_margin=&#8221;||4px|||&#8221; custom_padding=&#8221;||0px|||&#8221;][et_pb_row column_structure=&#8221;1_2,1_2&#8243; _builder_version=&#8221;4.5.8&#8243; _module_preset=&#8221;default&#8221; custom_padding=&#8221;3px||0px|||&#8221;][et_pb_column type=&#8221;1_2&#8243; _builder_version=&#8221;4.5.8&#8243; _module_preset=&#8221;default&#8221;][et_pb_text content_tablet=&#8221;<\/p>\n<h1>QUESTIONS FR\u00c9QUEMMENT POS\u00c9ES<\/h1>\n<p>&#8221; content_phone=&#8221;<\/p>\n<h1>QUESTIONS FR\u00c9QUEMMENT POS\u00c9ES<\/h1>\n<p>&#8221; content_last_edited=&#8221;on|phone&#8221; _builder_version=&#8221;4.5.8&#8243; _module_preset=&#8221;default&#8221; header_text_color=&#8221;#b2292e&#8221; header_font_size=&#8221;22px&#8221;]<\/p>\n<h1>QUESTIONS FR\u00c9QUEMMENT POS\u00c9ES<\/h1>\n<p>[\/et_pb_text][et_pb_text content_tablet=&#8221;<\/p>\n<p>Si vous avez encore des doutes, nous avons rassembl\u00e9 dans cette section les questions les plus fr\u00e9quemment pos\u00e9es par nos clients.<\/p>\n<p>&#8221; content_phone=&#8221;<\/p>\n<p style=%22text-align: justify;%22>Si vous avez encore des doutes, nous avons rassembl\u00e9 dans cette section les questions les plus fr\u00e9quemment pos\u00e9es par nos clients.<\/p>\n<p>&#8221; content_last_edited=&#8221;on|desktop&#8221; _builder_version=&#8221;4.5.8&#8243; _module_preset=&#8221;default&#8221; header_text_color=&#8221;#b2292e&#8221;]<\/p>\n<p style=\"text-align: justify;\">Si vous avez encore des doutes, nous avons rassembl\u00e9 dans cette section les questions les plus fr\u00e9quemment pos\u00e9es par nos clients.<\/p>\n<p>[\/et_pb_text][\/et_pb_column][et_pb_column type=&#8221;1_2&#8243; _builder_version=&#8221;4.5.8&#8243; _module_preset=&#8221;default&#8221;][et_pb_image src=&#8221;https:\/\/renynsys.es\/wp-content\/uploads\/2021\/11\/preguntas_frecuentes.png&#8221; alt=&#8221;Questions fr\u00e9quemment pos\u00e9es&#8221; title_text=&#8221;questions_fr\u00e9quentes&#8221; align=&#8221;center&#8221; disabled_on=&#8221;off|off|on&#8221; _builder_version=&#8221;4.5.8&#8243; _module_preset=&#8221;default&#8221; width=&#8221;100%&#8221; locked=&#8221;off&#8221;][\/et_pb_image][\/et_pb_column][\/et_pb_row][\/et_pb_section][et_pb_section fb_built=&#8221;1&#8243; _builder_version=&#8221;4.5.8&#8243; _module_preset=&#8221;default&#8221; custom_margin=&#8221;-2px|||||&#8221; custom_padding=&#8221;||2px|||&#8221;][et_pb_row _builder_version=&#8221;4.5.8&#8243; _module_preset=&#8221;default&#8221; max_width=&#8221;1195px&#8221;][et_pb_column type=&#8221;4_4&#8243; _builder_version=&#8221;4.5.8&#8243; _module_preset=&#8221;default&#8221;][et_pb_toggle title=&#8221;En quoi l&#039;appareil Cherokee diff\u00e8re-t-il des appareils de pi\u00e9geage photographique traditionnels ?&#8221; open_toggle_text_color=&#8221;#b2292e&#8221; _builder_version=&#8221;4.5.8&#8243; _module_preset=&#8221;default&#8221;]<\/p>\n<p style=\"text-align: justify;\">L&#8217;appareil Cherokee est un appareil photo de<span lang=\"ES-TRAD\">haute qualit\u00e9<\/span>&nbsp;<span lang=\"ES-TRAD\">, adapt\u00e9 et configur\u00e9 pour la surveillance des exploitations agricoles<\/span>.<span lang=\"ES-TRAD\"><o:p><\/o:p><\/span><\/p>\n<p class=\"parrafo\"><span lang=\"ES-TRAD\">Gr\u00e2ce \u00e0 cela et \u00e0 son syst\u00e8me d&#8217;intelligence artificielle, vous pourrez b\u00e9n\u00e9ficier d&#8217;avantages tels que<o:p><\/o:p><\/span><\/p>\n<ul style=\"text-align: justify;\">\n<li>D\u00e9tection des v\u00e9hicules et des plaques d&#8217;immatriculation.<\/li>\n<li>Gestion et stockage d&#8217;images dans le nuage.<\/li>\n<li>Syst\u00e8me d&#8217;alarme personnalisable.<\/li>\n<li>Surveillance de la cam\u00e9ra sans d\u00e9filement de l&#8217;application.<\/li>\n<li>Cr\u00e9ation de groupes pour partager des informations avec votre entourage ou votre \u00e9quipe de travail.<\/li>\n<li>Filtrage automatique des images.<\/li>\n<\/ul>\n<p style=\"text-align: justify;\">[\/et_pb_toggle][et_pb_toggle title=&#8221;Puis-je g\u00e9rer plusieurs cam\u00e9ras de pi\u00e9geage \u00e0 partir d&#039;un seul compte utilisateur ?&#8221; open_toggle_text_color=&#8221;#b2292e&#8221; _builder_version=&#8221;4.5.8&#8243; _module_preset=&#8221;default&#8221;]<\/p>\n<p style=\"text-align: justify;\">Bien s\u00fbr. \u00c0 partir de l&#8217;application Renyn Systems, vous pouvez g\u00e9rer et configurer autant de cam\u00e9ras phototrap que vous le souhaitez (m\u00eame si elles sont \u00e9loign\u00e9es les unes des autres).&nbsp;<\/p>\n<p style=\"text-align: justify;\">A travers les vues <strong><br \/>\n  <em>Carte<\/em><br \/>\n<\/strong> y <strong><br \/>\n  <em>Vue de l&#8217;appareil<\/em><br \/>\n<\/strong> de l&#8217;application, vous pouvez v\u00e9rifier leur position, conna\u00eetre leur \u00e9tat, l&#8217;autonomie de leur batterie, etc.<\/p>\n<p>[\/et_pb_toggle][et_pb_toggle title=&#8221;Puis-je utiliser l&#039;appareil photo Cherokee avec une carte SIM non Renyn ?&#8221; open_toggle_text_color=&#8221;#b2292e&#8221; _builder_version=&#8221;4.5.8&#8243; _module_preset=&#8221;default&#8221;]<\/p>\n<p style=\"text-align: justify;\">Oui, vous pouvez utiliser l&#8217;appareil photo Cherokee avec une carte SIM d&#8217;une autre marque que Renyn Systems et continuer \u00e0 acc\u00e9der aux fonctions de l&#8217;application.<\/p>\n<p class=\"parrafo\" style=\"text-align: justify;\"><span lang=\"ES-TRAD\">Cependant, vous devrez vous assurer que l&#8217;op\u00e9rateur dispose d&#8217;une couverture dans la zone particuli\u00e8re o\u00f9 vous installerez votre cam\u00e9ra, ce qui n&#8217;est pas un probl\u00e8me avec la Sim de Renyn Systems.<o:p><\/o:p><\/span><\/p>\n<p>[\/et_pb_toggle][et_pb_toggle title=&#8221;Puis-je utiliser la cam\u00e9ra Cherokee sans couverture ?&#8221; open_toggle_text_color=&#8221;#b2292e&#8221; _builder_version=&#8221;4.5.8&#8243; _module_preset=&#8221;default&#8221;]<\/p>\n<p style=\"text-align: justify;\">Vous pouvez utiliser l&#8217;appareil photo Cherokee sans couverture. La seule chose \u00e0 garder \u00e0 l&#8217;esprit est qu&#8217;il ne se synchronisera pas avec l&#8217;application pour vous envoyer les photos jusqu&#8217;\u00e0 ce qu&#8217;il soit \u00e0 nouveau couvert.&nbsp;<\/p>\n<p style=\"text-align: justify;\">Cependant, gr\u00e2ce \u00e0 notre carte SIM, il est plus difficile d&#8217;\u00eatre bloqu\u00e9 car elle est multi-op\u00e9rateurs. C&#8217;est-\u00e0-dire qu&#8217;il se connecte \u00e0 l&#8217;antenne du t\u00e9l\u00e9op\u00e9rateur le plus proche, quelle que soit sa marque.<\/p>\n<p>[\/et_pb_toggle][et_pb_toggle title=&#8221;J&#039;ai des probl\u00e8mes pour activer la cam\u00e9ra, la configurer ou la synchroniser avec l&#039;application. Que puis-je faire ?&#8221; open_toggle_text_color=&#8221;#b2292e&#8221; _builder_version=&#8221;4.5.8&#8243; _module_preset=&#8221;default&#8221;]<\/p>\n<p style=\"text-align: justify;\">Si vous poss\u00e9dez d\u00e9j\u00e0 la cam\u00e9ra Cherokee, nous vous conseillons de suivre les instructions \u00e9tape par \u00e9tape dans le manuel que nous vous envoyons.&nbsp;<\/p>\n<p style=\"text-align: justify;\">Toutes les informations \u00e0 suivre y sont d\u00e9taill\u00e9es.&nbsp;<\/p>\n<p style=\"text-align: justify;\">Si vous avez encore des difficult\u00e9s ou si quelque chose ne va pas, envoyez-nous un courriel \u00e0 info@renynsys.es.<\/p>\n<p>[\/et_pb_toggle][et_pb_toggle title=&#8221;Je ne suis pas dou\u00e9 pour la technologie. Pourrai-je utiliser l&#039;appareil photo et l&#039;application ?&#8221; open_toggle_text_color=&#8221;#b2292e&#8221; _builder_version=&#8221;4.5.8&#8243; _module_preset=&#8221;default&#8221;]<\/p>\n<p style=\"text-align: justify;\">Nous avons choisi la cam\u00e9ra Cherokee parce qu&#8217;elle est rapide et facile \u00e0 activer et \u00e0 utiliser.<\/p>\n<p style=\"text-align: justify;\">&nbsp;Nous avons \u00e9galement d\u00e9velopp\u00e9 nous-m\u00eames l&#8217;application Renyn Systems, qui est con\u00e7ue pour \u00eatre facile \u00e0 utiliser par tous gr\u00e2ce \u00e0 son interface conviviale.&nbsp;<\/p>\n<p style=\"text-align: justify;\">En outre, notre appareil photo est accompagn\u00e9 d&#8217;un manuel et de toutes les informations n\u00e9cessaires \u00e0 une utilisation rapide de l&#8217;appareil et de l&#8217;application.<\/p>\n<p>[\/et_pb_toggle][et_pb_toggle title=&#8221;O\u00f9 mes donn\u00e9es sont-elles stock\u00e9es et comment puis-je savoir qu&#039;elles sont en s\u00e9curit\u00e9 ?&#8221; open_toggle_text_color=&#8221;#b2292e&#8221; _builder_version=&#8221;4.5.8&#8243; _module_preset=&#8221;default&#8221;]<\/p>\n<p style=\"text-align: justify;\">Seuls vous et les personnes que vous avez choisies via l&#8217;application pourront voir les photos.<br \/>\nIls sont stock\u00e9s dans notre nuage, h\u00e9berg\u00e9 sur les serveurs de Google afin d&#8217;\u00e9viter le piratage et le vol d&#8217;informations.<br \/>\nAinsi, non seulement vos biens physiques sont en s\u00e9curit\u00e9, mais aussi vos donn\u00e9es.<\/p>\n<p>[\/et_pb_toggle][et_pb_toggle title=&#8221;Le service inclut-il l&#039;utilisation de l&#039;Internet par le biais de mon appareil photo ?&#8221; open_toggle_text_color=&#8221;#b2292e&#8221; _builder_version=&#8221;4.5.8&#8243; _module_preset=&#8221;default&#8221;]<\/p>\n<p style=\"text-align: justify;\">Avec l&#8217;offre premium, le service internet est inclus dans le prix et vous ne devez pas payer de suppl\u00e9ment pour l&#8217;utiliser. Toutefois, il s&#8217;agit d&#8217;un service exclusivement destin\u00e9 aux entreprises, aux grands propri\u00e9taires fonciers et aux entit\u00e9s publiques.&nbsp;<\/p>\n<p style=\"text-align: justify;\">Avec le pack standard, vous obtenez une carte SIM multi-op\u00e9rateurs que vous pouvez activer \u00e0 tout moment \u00e0 partir de l&#8217;application. Cela signifie que vous pouvez le d\u00e9sactiver pendant les mois o\u00f9 vous ne l&#8217;utilisez pas afin d&#8217;\u00e9viter de d\u00e9penser de l&#8217;argent. Le prix du service internet multi-op\u00e9rateurs est de 5 euros par mois (+ TVA).&nbsp;<\/p>\n<p style=\"text-align: justify;\">Lorsque vous utilisez notre service avec l&#8217;un des packs, vous b\u00e9n\u00e9ficiez de l&#8217;internet multi-op\u00e9rateurs. En d&#8217;autres termes, si vous disposez d&#8217;un service sur la propri\u00e9t\u00e9, la cam\u00e9ra se connectera et fonctionnera de mani\u00e8re synchronis\u00e9e avec l&#8217;application. En outre, le service garantit que vous recevrez environ 1200 photos par mois, soit plus que ce dont vous avez besoin pour assurer votre s\u00e9curit\u00e9.<\/p>\n<p>[\/et_pb_toggle][et_pb_toggle title=&#8221;Puis-je utiliser l&#039;application Renyn System sur un autre appareil photo que le v\u00f4tre ?&#8221; open_toggle_text_color=&#8221;#b2292e&#8221; _builder_version=&#8221;4.5.8&#8243; _module_preset=&#8221;default&#8221;]<\/p>\n<p style=\"text-align: justify;\">Si vous avez d\u00e9j\u00e0 un appareil photo et que vous ne voulez pas en acheter un autre, nous pouvons l&#8217;int\u00e9grer \u00e0 votre appareil pour que vous puissiez utiliser nos services.&nbsp;<\/p>\n<p style=\"text-align: justify;\">Inscrivez-vous au service d&#8217;int\u00e9gration pour 2 euros par mois (+ TVA) <u>ici.<\/u><\/p>\n<p>[\/et_pb_toggle][et_pb_toggle title=&#8221;J&#039;ai perdu ma carte SIM. O\u00f9 puis-je en acheter un autre ou obtenir un duplicata ?&#8221; open_toggle_text_color=&#8221;#b2292e&#8221; _builder_version=&#8221;4.5.8&#8243; _module_preset=&#8221;default&#8221;]<\/p>\n<p style=\"text-align: justify;\">Si vous avez perdu votre carte SIM, <u>contactez-nous<\/u> et nous vous donnerons la possibilit\u00e9 d&#8217;en acheter une nouvelle.<\/p>\n<p>[\/et_pb_toggle][et_pb_toggle title=&#8221;Vendez-vous l&#039;appareil photo Cherokee sans carte SIM et sans connexion Internet ?&#8221; open_toggle_text_color=&#8221;#b2292e&#8221; _builder_version=&#8221;4.5.8&#8243; _module_preset=&#8221;default&#8221; custom_margin=&#8221;||68px|||&#8221;]<\/p>\n<p style=\"text-align: justify;\">La cam\u00e9ra Cherokee n&#8217;est vendue que dans le cadre du pack standard.<\/p>\n<p style=\"text-align: justify;\">&nbsp;Si vous ne souhaitez pas utiliser la carte SIM, la connecter \u00e0 l&#8217;internet ou la synchroniser avec l&#8217;application pour profiter de ses fonctions, vous pouvez toujours l&#8217;acheter dans notre boutique.&nbsp;<\/p>\n<p style=\"text-align: justify;\">M\u00eame si vous n&#8217;utilisez pas ces extras, le prix est inf\u00e9rieur \u00e0 celui de nombreux autres appareils photo que vous trouverez en ligne dans d&#8217;autres magasins. Et si vous souhaitez utiliser ces fonctions \u00e0 l&#8217;avenir, vous avez la possibilit\u00e9 de le faire \u00e0 tout moment.<\/p>\n<p>[\/et_pb_toggle][et_pb_text content_tablet=&#8221;<\/p>\n<p>Si vous avez encore des doutes, vous pouvez nous contacter via ce formulaire.<\/p>\n<p>&#8221; content_phone=&#8221;<\/p>\n<p>Si vous avez encore des doutes, vous pouvez nous contacter via ce formulaire.<\/p>\n<p>&#8221; content_last_edited=&#8221;on|phone&#8221; _builder_version=&#8221;4.5.8&#8243; _module_preset=&#8221;default&#8221; text_text_color=&#8221;#b2292e&#8221; text_font_size=&#8221;16px&#8221; custom_margin=&#8221;18px|||||&#8221; custom_padding=&#8221;||0px|||&#8221; hover_enabled=&#8221;0&#8243;]<\/p>\n<p style=\"text-align: center;\">Si vous avez encore des doutes, vous pouvez nous contacter par le biais de ce formulaire<\/p>\n<p>[\/et_pb_text][\/et_pb_column][\/et_pb_row][et_pb_row _builder_version=&#8221;4.5.8&#8243; _module_preset=&#8221;default&#8221; custom_padding=&#8221;0px|||||&#8221;][et_pb_column type=&#8221;4_4&#8243; _builder_version=&#8221;4.5.8&#8243; _module_preset=&#8221;default&#8221;][wpforms_selector form_id=&#8221;961&#8243; _builder_version=&#8221;4.5.8&#8243; _module_preset=&#8221;default&#8221;][\/wpforms_selector][\/et_pb_column][\/et_pb_row][\/et_pb_section][et_pb_section fb_built=&#8221;1&#8243; _builder_version=&#8221;4.5.8&#8243; _module_preset=&#8221;default&#8221; background_color=&#8221;#f3f4f5&#8243; locked=&#8221;off&#8221;][et_pb_row _builder_version=&#8221;4.5.8&#8243; _module_preset=&#8221;default&#8221;][et_pb_column type=&#8221;4_4&#8243; _builder_version=&#8221;4.5.8&#8243; _module_preset=&#8221;default&#8221;][et_pb_text content_tablet=&#8221;&#8221; content_phone=&#8221;&#8221; content_last_edited=&#8221;on|desktop&#8221; disabled_on=&#8221;on|on|off&#8221; _builder_version=&#8221;4.5.8&#8243; _module_preset=&#8221;default&#8221; locked=&#8221;off&#8221;]<\/p>\n<h2 style=\"text-align: center;\"><em>Suivez-nous sur nos r\u00e9seaux sociaux<\/em><\/h2>\n<p>[\/et_pb_text][et_pb_text content_tablet=&#8221;<\/p>\n<h2 style=%22text-align: center;%22><em>Suivez-nous sur nos r\u00e9seaux sociaux<\/em><\/h2>\n<p>&#8221; content_phone=&#8221;<\/p>\n<h2 style=%22text-align: center;%22><em>Suivez-nous sur nos r\u00e9seaux sociaux<\/em><\/h2>\n<p>&#8221; content_last_edited=&#8221;on|phone&#8221; disabled_on=&#8221;off|off|on&#8221; _builder_version=&#8221;4.5.8&#8243; _module_preset=&#8221;default&#8221; header_2_font_size=&#8221;22px&#8221; locked=&#8221;off&#8221;]<\/p>\n<h2 style=\"text-align: center;\"><em>Suivez-nous sur nos r\u00e9seaux sociaux<\/em><\/h2>\n<p>[\/et_pb_text][et_pb_text content_tablet=&#8221;<\/p>\n<p>Nous t\u00e9l\u00e9chargeons quotidiennement du contenu avec des photos et des vid\u00e9os prises par nos appareils photo. Ne manquez pas cette occasion !<\/p>\n<p>&#8221; content_phone=&#8221;<\/p>\n<p>Nous t\u00e9l\u00e9chargeons quotidiennement du contenu avec des photos et des vid\u00e9os prises par nos appareils photo.<br \/>  Ne manquez pas cette occasion !<\/p>\n<p>&#8221; content_last_edited=&#8221;on|phone&#8221; _builder_version=&#8221;4.5.8&#8243; _module_preset=&#8221;default&#8221; text_font_size=&#8221;16px&#8221;]<\/p>\n<p style=\"text-align: center;\">Nous t\u00e9l\u00e9chargeons quotidiennement du contenu avec des photos et des vid\u00e9os prises par nos appareils photo.<br \/>  Ne manquez pas cette occasion !<\/p>\n<p>[\/et_pb_text][\/et_pb_column][\/et_pb_row][et_pb_row column_structure=&#8221;1_3,1_3,1_3&#8243; _builder_version=&#8221;4.5.8&#8243; _module_preset=&#8221;default&#8221; animation_style=&#8221;fade&#8221;][et_pb_column type=&#8221;1_3&#8243; _builder_version=&#8221;4.5.8&#8243; _module_preset=&#8221;default&#8221;][et_pb_image src=&#8221;https:\/\/renynsys.es\/wp-content\/uploads\/2021\/11\/face.png&#8221; alt=&#8221;Syst\u00e8mes Renyn&#8221; title_text=&#8221;visage&#8221; url=&#8221;https:\/\/www.facebook.com\/RenynSystems&#8221; url_new_window=&#8221;on&#8221; align=&#8221;center&#8221; _builder_version=&#8221;4.5.8&#8243; _module_preset=&#8221;default&#8221;][\/et_pb_image][\/et_pb_column][et_pb_column type=&#8221;1_3&#8243; _builder_version=&#8221;4.5.8&#8243; _module_preset=&#8221;default&#8221;][et_pb_image src=&#8221;https:\/\/renynsys.es\/wp-content\/uploads\/2021\/11\/insta.png&#8221; alt=&#8221;Syst\u00e8mes Renyn&#8221; title_text=&#8221;demande instamment&#8221; url=&#8221;https:\/\/www.instagram.com\/renynsys\/&#8221; align=&#8221;center&#8221; _builder_version=&#8221;4.5.8&#8243; _module_preset=&#8221;default&#8221;][\/et_pb_image][\/et_pb_column][et_pb_column type=&#8221;1_3&#8243; _builder_version=&#8221;4.5.8&#8243; _module_preset=&#8221;default&#8221;][et_pb_image src=&#8221;https:\/\/renynsys.es\/wp-content\/uploads\/2021\/11\/linkedin.png&#8221; alt=&#8221;Syst\u00e8mes Renyn&#8221; title_text=&#8221;linkedin&#8221; url=&#8221;https:\/\/www.linkedin.com\/company\/71809565\/admin\/&#8221; align=&#8221;center&#8221; _builder_version=&#8221;4.5.8&#8243; _module_preset=&#8221;default&#8221;][\/et_pb_image][\/et_pb_column][\/et_pb_row][\/et_pb_section][et_pb_section fb_built=&#8221;1&#8243; _builder_version=&#8221;4.5.8&#8243; _module_preset=&#8221;default&#8221; custom_padding=&#8221;0px||0px|||&#8221;][et_pb_row _builder_version=&#8221;4.5.8&#8243; _module_preset=&#8221;default&#8221;][et_pb_column type=&#8221;4_4&#8243; _builder_version=&#8221;4.5.8&#8243; _module_preset=&#8221;default&#8221;][et_pb_divider show_divider=&#8221;off&#8221; _builder_version=&#8221;4.5.8&#8243; _module_preset=&#8221;default&#8221;][\/et_pb_divider][\/et_pb_column][\/et_pb_row][\/et_pb_section]<\/p>\n","protected":false},"excerpt":{"rendered":"<p>QUESTIONS FR\u00c9QUEMMENT POS\u00c9ESSi vous avez encore des doutes, nous avons rassembl\u00e9 dans cette section les questions les plus fr\u00e9quemment pos\u00e9es par nos clients.QUESTIONS FR\u00c9QUEMMENT POS\u00c9ESSi vous avez encore des doutes, nous avons rassembl\u00e9 dans cette section les questions les plus fr\u00e9quemment pos\u00e9es par nos clients.L&#8217;appareil Cherokee est un appareil photo dehaute qualit\u00e9&nbsp;, adapt\u00e9 et configur\u00e9 [&hellip;]<\/p>\n","protected":false},"author":3,"featured_media":0,"parent":0,"menu_order":0,"comment_status":"closed","ping_status":"closed","template":"","meta":{"_et_pb_use_builder":"on","_et_pb_old_content":"","_et_gb_content_width":"","_joinchat":[],"footnotes":""},"class_list":["post-4088","page","type-page","status-publish","hentry"],"_links":{"self":[{"href":"https:\/\/renynsys.es\/fr\/wp-json\/wp\/v2\/pages\/4088","targetHints":{"allow":["GET"]}}],"collection":[{"href":"https:\/\/renynsys.es\/fr\/wp-json\/wp\/v2\/pages"}],"about":[{"href":"https:\/\/renynsys.es\/fr\/wp-json\/wp\/v2\/types\/page"}],"author":[{"embeddable":true,"href":"https:\/\/renynsys.es\/fr\/wp-json\/wp\/v2\/users\/3"}],"replies":[{"embeddable":true,"href":"https:\/\/renynsys.es\/fr\/wp-json\/wp\/v2\/comments?post=4088"}],"version-history":[{"count":0,"href":"https:\/\/renynsys.es\/fr\/wp-json\/wp\/v2\/pages\/4088\/revisions"}],"wp:attachment":[{"href":"https:\/\/renynsys.es\/fr\/wp-json\/wp\/v2\/media?parent=4088"}],"curies":[{"name":"wp","href":"https:\/\/api.w.org\/{rel}","templated":true}]}}