{"id":4109,"date":"2021-11-11T08:48:25","date_gmt":"2021-11-11T08:48:25","guid":{"rendered":"https:\/\/renynsys.es\/pack-premium\/"},"modified":"2023-06-02T13:13:02","modified_gmt":"2023-06-02T13:13:02","slug":"pack-premium","status":"publish","type":"page","link":"https:\/\/renynsys.es\/fr\/pack-premium\/","title":{"rendered":"Pack Premium"},"content":{"rendered":"<p>[et_pb_section fb_built=&#8221;1&#8243; disabled_on=&#8221;on|on|off&#8221; _builder_version=&#8221;4.12.1&#8243; _module_preset=&#8221;default&#8221; custom_padding=&#8221;45px|||||&#8221; locked=&#8221;off&#8221;][et_pb_row _builder_version=&#8221;4.5.8&#8243; _module_preset=&#8221;default&#8221; max_width=&#8221;1195px&#8221;][et_pb_column type=&#8221;4_4&#8243; _builder_version=&#8221;4.12.1&#8243; _module_preset=&#8221;default&#8221;][et_pb_text content_tablet=&#8221;<\/p>\n<h1 style=\"%22text-align:\" center;%22=\"\"><em><span style=\"%22color:\" #b2292e;%22=\"\">Crea tu sistema de Videovigilancia Renyn Systems<\/span><\/em><\/h1>\n<p>&#8221; content_phone=&#8221;<\/p>\n<h1 style=\"%22text-align:\" center;%22=\"\"><em><span style=\"%22color:\" #b2292e;%22=\"\">Crea tu sistema de Videovigilancia Renyn Systems<\/span><\/em><\/h1>\n<p>&#8221; content_last_edited=&#8221;on|desktop&#8221; _builder_version=&#8221;4.5.8&#8243; _module_preset=&#8221;default&#8221; header_font_size=&#8221;26px&#8221;]<\/p>\n<h1 style=\"text-align: center;\"><em><span style=\"color: #b2292e;\">La prochaine \u00e9tape pour assurer votre s\u00e9curit\u00e9<\/span><\/em><\/h1>\n<p>[\/et_pb_text][\/et_pb_column][\/et_pb_row][et_pb_row column_structure=&#8221;1_2,1_2&#8243; _builder_version=&#8221;4.5.8&#8243; _module_preset=&#8221;default&#8221; max_width=&#8221;1195px&#8221; animation_style=&#8221;slide&#8221;][et_pb_column type=&#8221;1_2&#8243; _builder_version=&#8221;4.5.8&#8243; _module_preset=&#8221;default&#8221;][et_pb_image src=&#8221;https:\/\/renynsys.es\/wp-content\/uploads\/2021\/11\/4.8CG-5.jpg&#8221; alt=&#8221;Syst\u00e8me de vid\u00e9osurveillance pour les domaines&#8221; title_text=&#8221;4.8CG-5&#8243; align=&#8221;center&#8221; _builder_version=&#8221;4.5.8&#8243; _module_preset=&#8221;default&#8221; width=&#8221;80%&#8221; custom_margin=&#8221;||0px|||&#8221;][\/et_pb_image][et_pb_text _builder_version=&#8221;4.5.8&#8243; _module_preset=&#8221;default&#8221; text_font_size=&#8221;22px&#8221;]<\/p>\n<p style=\"text-align: center;\">Offre de lancement<\/p>\n<p style=\"text-align: center;\"><em><span style=\"color: #b2292e;\">20\u20ac \/ mois + TVA<\/span><\/em><\/p>\n<p>[\/et_pb_text][\/et_pb_column][et_pb_column type=&#8221;1_2&#8243; _builder_version=&#8221;4.5.8&#8243; _module_preset=&#8221;default&#8221;][et_pb_text content_tablet=&#8221;&#8221; content_phone=&#8221;&#8221; content_last_edited=&#8221;on|phone&#8221; _builder_version=&#8221;4.5.8&#8243; _module_preset=&#8221;default&#8221; header_2_font_size=&#8221;22px&#8221;]<\/p>\n<h2>VOUS AVEZ CHOISI LE PACK PREMIUM RENYN SYSTEMS QUI COMPREND :<\/h2>\n<p>[\/et_pb_text][et_pb_text content_tablet=&#8221;&#8221; content_phone=&#8221;&#8221; content_last_edited=&#8221;on|desktop&#8221; _builder_version=&#8221;4.5.8&#8243; _module_preset=&#8221;default&#8221;]<\/p>\n<p style=\"text-align: justify;\">Cam\u00e9ra de pi\u00e9geage haute r\u00e9solution avec carte multi-op\u00e9rateurs, service internet mensuel et acc\u00e8s \u00e0 notre application avec toutes les fonctionnalit\u00e9s actives.<\/p>\n<p>[\/et_pb_text][et_pb_text content_tablet=&#8221;&#8221; content_phone=&#8221;&#8221; content_last_edited=&#8221;on|desktop&#8221; _builder_version=&#8221;4.5.8&#8243; _module_preset=&#8221;default&#8221;]<\/p>\n<p><b>DE CETTE MANI\u00c8RE, VOUS POUVEZ :<\/b><\/p>\n<p><img loading=\"lazy\" decoding=\"async\" src=\"https:\/\/renynsys.es\/wp-content\/uploads\/2021\/11\/flechac-3.jpg\" width=\"8\" height=\"13\" alt=\"Syst\u00e8mes Renyn\" class=\"wp-image-461 alignnone size-full\" title=\"\">  G\u00e9rez toute votre s\u00e9curit\u00e9 vid\u00e9o \u00e0 partir de votre t\u00e9l\u00e9phone portable<br \/>\n<img loading=\"lazy\" decoding=\"async\" src=\"https:\/\/renynsys.es\/wp-content\/uploads\/2021\/11\/flechac-3.jpg\" width=\"8\" height=\"13\" alt=\"Syst\u00e8mes Renyn\" class=\"wp-image-461 alignnone size-full\" title=\"\">  Cr\u00e9ez des groupes pour partager les images de vos appareils photo<br \/>\n<img loading=\"lazy\" decoding=\"async\" src=\"https:\/\/renynsys.es\/wp-content\/uploads\/2021\/11\/flechac-3.jpg\" width=\"8\" height=\"13\" alt=\"Syst\u00e8mes Renyn\" class=\"wp-image-461 alignnone size-full\" title=\"\">  D\u00e9tecter les personnes, les animaux, les v\u00e9hicules et les plaques d&#8217;immatriculation<br \/>\n<img loading=\"lazy\" decoding=\"async\" src=\"https:\/\/renynsys.es\/wp-content\/uploads\/2021\/11\/flechac-3.jpg\" width=\"8\" height=\"13\" alt=\"Syst\u00e8mes Renyn\" class=\"wp-image-461 alignnone size-full\" title=\"\">  Recevoir des alertes en temps r\u00e9el<\/p>\n<p>[\/et_pb_text][et_pb_text _builder_version=&#8221;4.5.8&#8243; _module_preset=&#8221;default&#8221;]<\/p>\n<p><strong>QUELLE EST LA PROCHAINE \u00c9TAPE ?<\/strong><\/p>\n<p style=\"text-align: justify;\">L&#8217;\u00e9tape suivante consiste \u00e0 remplir le formulaire ci-dessous et nous vous contacterons.<\/p>\n<p style=\"text-align: justify;\">Le Renyn Systems Premium Pack est un service personnalis\u00e9 pour les entreprises, les grands propri\u00e9taires immobiliers et les entit\u00e9s publiques. Nous vous conseillerons sur la mani\u00e8re la plus appropri\u00e9e de le mettre en \u0153uvre en fonction de votre situation, de votre terrain, etc.<\/p>\n<p style=\"text-align: justify;\">[\/et_pb_text][\/et_pb_column][\/et_pb_row][et_pb_row _builder_version=&#8221;4.5.8&#8243; _module_preset=&#8221;default&#8221; max_width=&#8221;1195px&#8221;][et_pb_column type=&#8221;4_4&#8243; _builder_version=&#8221;4.5.8&#8243; _module_preset=&#8221;default&#8221;][et_pb_text _builder_version=&#8221;4.5.8&#8243; _module_preset=&#8221;default&#8221; text_font_size=&#8221;16px&#8221;]<\/p>\n<p style=\"text-align: center;\">*Remplissez le<em>formulaire et nous vous contacterons dans les 48 heures ouvrables<\/em>.<\/p>\n<p>[\/et_pb_text][wpforms_selector form_id=&#8221;961&#8243; _builder_version=&#8221;4.5.8&#8243; _module_preset=&#8221;default&#8221;][\/wpforms_selector][\/et_pb_column][\/et_pb_row][\/et_pb_section][et_pb_section fb_built=&#8221;1&#8243; disabled_on=&#8221;off|off|on&#8221; _builder_version=&#8221;4.12.1&#8243; _module_preset=&#8221;default&#8221; custom_padding=&#8221;45px|||||&#8221; locked=&#8221;off&#8221;][et_pb_row _builder_version=&#8221;4.5.8&#8243; _module_preset=&#8221;default&#8221; max_width=&#8221;1195px&#8221;][et_pb_column type=&#8221;4_4&#8243; _builder_version=&#8221;4.12.1&#8243; _module_preset=&#8221;default&#8221;][et_pb_text content_tablet=&#8221;<\/p>\n<h1 style=\"%22text-align:\" center;%22=\"\"><em><span style=\"%22color:\" #b2292e;%22=\"\">El siguiente paso para garantizar tu seguridad<\/span><\/em><\/h1>\n<p>&#8221; content_phone=&#8221;<\/p>\n<h1 style=\"%22text-align:\" center;%22=\"\"><em><span style=\"%22color:\" #b2292e;%22=\"\">El siguiente paso para garantizar tu seguridad<\/span><\/em><\/h1>\n<p>&#8221; content_last_edited=&#8221;on|phone&#8221; _builder_version=&#8221;4.5.8&#8243; _module_preset=&#8221;default&#8221; header_font_size=&#8221;22px&#8221;]<\/p>\n<h1 style=\"text-align: center;\"><em><span style=\"color: #b2292e;\">La prochaine \u00e9tape pour assurer votre s\u00e9curit\u00e9<\/span><\/em><\/h1>\n<p>[\/et_pb_text][\/et_pb_column][\/et_pb_row][et_pb_row column_structure=&#8221;1_2,1_2&#8243; _builder_version=&#8221;4.5.8&#8243; _module_preset=&#8221;default&#8221; max_width=&#8221;1195px&#8221; animation_style=&#8221;slide&#8221; custom_padding=&#8221;5px|||||&#8221;][et_pb_column type=&#8221;1_2&#8243; _builder_version=&#8221;4.5.8&#8243; _module_preset=&#8221;default&#8221;][et_pb_text content_tablet=&#8221;<\/p>\n<h2>VOUS AVEZ CHOISI LE PACK PREMIUM RENYN SYSTEMS QUI COMPREND :<\/h2>\n<p>&#8221; content_phone=&#8221;<\/p>\n<h2>VOUS AVEZ CHOISI LE PACK PREMIUM RENYN SYSTEMS QUI COMPREND :<\/h2>\n<p>&#8221; content_last_edited=&#8221;on|phone&#8221; _builder_version=&#8221;4.5.8&#8243; _module_preset=&#8221;default&#8221; header_2_font_size=&#8221;18px&#8221;]<\/p>\n<h2>VOUS AVEZ CHOISI LE PACK PREMIUM RENYN SYSTEMS QUI COMPREND :<\/h2>\n<p>[\/et_pb_text][et_pb_image src=&#8221;https:\/\/renynsys.es\/wp-content\/uploads\/2021\/11\/4.8CG-5.jpg&#8221; alt=&#8221;Syst\u00e8me de vid\u00e9osurveillance pour les domaines&#8221; title_text=&#8221;4.8CG-5&#8243; align=&#8221;center&#8221; _builder_version=&#8221;4.5.8&#8243; _module_preset=&#8221;default&#8221; width=&#8221;80%&#8221; custom_margin=&#8221;-15px||0px|||&#8221; custom_padding=&#8221;0px|||||&#8221;][\/et_pb_image][et_pb_text _builder_version=&#8221;4.5.8&#8243; _module_preset=&#8221;default&#8221; text_font_size=&#8221;22px&#8221;]<\/p>\n<p style=\"text-align: center;\">Offre de lancement<\/p>\n<p style=\"text-align: center;\"><em><span style=\"color: #b2292e;\">20\u20ac \/ mois + TVA<\/span><\/em><\/p>\n<p>[\/et_pb_text][et_pb_text content_tablet=&#8221;<\/p>\n<p style=\"%22text-align:\" justify;%22=\"\">C\u00e1mara de fototrampeo de alta resoluci\u00f3n con tarjeta multioperador, servicio de internet mensual y acceso a nuestra aplicaci\u00f3n con todas las funcionalidades activas.<\/p>\n<p>&#8221; content_phone=&#8221;<\/p>\n<p style=\"%22text-align:\" justify;%22=\"\">C\u00e1mara de fototrampeo de alta resoluci\u00f3n con tarjeta multioperador, servicio de internet mensual y acceso a nuestra aplicaci\u00f3n con todas las funcionalidades activas.<\/p>\n<p>&#8221; content_last_edited=&#8221;on|phone&#8221; _builder_version=&#8221;4.5.8&#8243; _module_preset=&#8221;default&#8221;]<\/p>\n<p style=\"text-align: justify;\">Cam\u00e9ra de pi\u00e9geage haute r\u00e9solution avec carte multi-op\u00e9rateurs, service internet mensuel et acc\u00e8s \u00e0 notre application avec toutes les fonctionnalit\u00e9s actives.<\/p>\n<p>[\/et_pb_text][et_pb_text content_tablet=&#8221;<\/p>\n<p><b>DE ESTE MODO PUEDES:<\/b><\/p>\n<p><img decoding=\"async\" src=\"%22https:\/\/renynsys.es\/wp-content\/uploads\/2021\/11\/flechac-3.jpg%22\" width=\"%228%22\" height=\"%2213%22\" alt=\"%22Renyn\" systems%22=\"\" class=\"%22wp-image-461\" alignnone=\"\" size-full%22=\"\" title=\"\"> Gestionar toda tu videoseguridad desde el m\u00f3vil<br \/>\n<img decoding=\"async\" src=\"%22https:\/\/renynsys.es\/wp-content\/uploads\/2021\/11\/flechac-3.jpg%22\" width=\"%228%22\" height=\"%2213%22\" alt=\"%22Renyn\" systems%22=\"\" class=\"%22wp-image-461\" alignnone=\"\" size-full%22=\"\" title=\"\"> Crear grupos para compartir im\u00e1genes de tus c\u00e1maras<br \/>\n<img decoding=\"async\" src=\"%22https:\/\/renynsys.es\/wp-content\/uploads\/2021\/11\/flechac-3.jpg%22\" width=\"%228%22\" height=\"%2213%22\" alt=\"%22Renyn\" systems%22=\"\" class=\"%22wp-image-461\" alignnone=\"\" size-full%22=\"\" title=\"\"> Detectar personas, animales, veh\u00edculos y matr\u00edculas<br \/>\n<img decoding=\"async\" src=\"%22https:\/\/renynsys.es\/wp-content\/uploads\/2021\/11\/flechac-3.jpg%22\" width=\"%228%22\" height=\"%2213%22\" alt=\"%22Renyn\" systems%22=\"\" class=\"%22wp-image-461\" alignnone=\"\" size-full%22=\"\" title=\"\"> Recibir avisos en tiempo real<\/p>\n<p>&#8221; content_phone=&#8221;<\/p>\n<p><b>DE ESTE MODO PUEDES:<\/b><\/p>\n<p><img decoding=\"async\" src=\"%22https:\/\/renynsys.es\/wp-content\/uploads\/2021\/11\/flechac-3.jpg%22\" width=\"%228%22\" height=\"%2213%22\" alt=\"%22Renyn\" systems%22=\"\" class=\"%22wp-image-461\" alignnone=\"\" size-full%22=\"\" title=\"\"> Gestionar toda tu videoseguridad desde el m\u00f3vil<br \/>\n<img decoding=\"async\" src=\"%22https:\/\/renynsys.es\/wp-content\/uploads\/2021\/11\/flechac-3.jpg%22\" width=\"%228%22\" height=\"%2213%22\" alt=\"%22Renyn\" systems%22=\"\" class=\"%22wp-image-461\" alignnone=\"\" size-full%22=\"\" title=\"\"> Crear grupos para compartir im\u00e1genes de tus c\u00e1maras<br \/>\n<img decoding=\"async\" src=\"%22https:\/\/renynsys.es\/wp-content\/uploads\/2021\/11\/flechac-3.jpg%22\" width=\"%228%22\" height=\"%2213%22\" alt=\"%22Renyn\" systems%22=\"\" class=\"%22wp-image-461\" alignnone=\"\" size-full%22=\"\" title=\"\"> Detectar personas, animales, veh\u00edculos y matr\u00edculas<br \/>\n<img decoding=\"async\" src=\"%22https:\/\/renynsys.es\/wp-content\/uploads\/2021\/11\/flechac-3.jpg%22\" width=\"%228%22\" height=\"%2213%22\" alt=\"%22Renyn\" systems%22=\"\" class=\"%22wp-image-461\" alignnone=\"\" size-full%22=\"\" title=\"\"> Recibir avisos en tiempo real<\/p>\n<p>&#8221; content_last_edited=&#8221;on|phone&#8221; _builder_version=&#8221;4.5.8&#8243; _module_preset=&#8221;default&#8221;]<\/p>\n<p><b>DE CETTE MANI\u00c8RE, VOUS POUVEZ :<\/b><\/p>\n<p><img loading=\"lazy\" decoding=\"async\" src=\"https:\/\/renynsys.es\/wp-content\/uploads\/2021\/11\/flechac-3.jpg\" width=\"8\" height=\"13\" alt=\"Syst\u00e8mes Renyn\" class=\"wp-image-461 alignnone size-full\" title=\"\">  G\u00e9rez toute votre s\u00e9curit\u00e9 vid\u00e9o \u00e0 partir de votre t\u00e9l\u00e9phone portable<br \/>\n<img loading=\"lazy\" decoding=\"async\" src=\"https:\/\/renynsys.es\/wp-content\/uploads\/2021\/11\/flechac-3.jpg\" width=\"8\" height=\"13\" alt=\"Syst\u00e8mes Renyn\" class=\"wp-image-461 alignnone size-full\" title=\"\">  Cr\u00e9ez des groupes pour partager les images de vos appareils photo<br \/>\n<img loading=\"lazy\" decoding=\"async\" src=\"https:\/\/renynsys.es\/wp-content\/uploads\/2021\/11\/flechac-3.jpg\" width=\"8\" height=\"13\" alt=\"Syst\u00e8mes Renyn\" class=\"wp-image-461 alignnone size-full\" title=\"\">  D\u00e9tecter les personnes, les animaux, les v\u00e9hicules et les plaques d&#8217;immatriculation<br \/>\n<img loading=\"lazy\" decoding=\"async\" src=\"https:\/\/renynsys.es\/wp-content\/uploads\/2021\/11\/flechac-3.jpg\" width=\"8\" height=\"13\" alt=\"Syst\u00e8mes Renyn\" class=\"wp-image-461 alignnone size-full\" title=\"\">  Recevoir des alertes en temps r\u00e9el<\/p>\n<p>[\/et_pb_text][\/et_pb_column][et_pb_column type=&#8221;1_2&#8243; _builder_version=&#8221;4.5.8&#8243; _module_preset=&#8221;default&#8221;][et_pb_text _builder_version=&#8221;4.5.8&#8243; _module_preset=&#8221;default&#8221;]<\/p>\n<p><strong>QUELLE EST LA PROCHAINE \u00c9TAPE ?<\/strong><\/p>\n<p style=\"text-align: justify;\">L&#8217;\u00e9tape suivante consiste \u00e0 remplir le formulaire ci-dessous et nous vous contacterons.<\/p>\n<p style=\"text-align: justify;\">Le Renyn Systems Premium Pack est un service personnalis\u00e9 pour les entreprises, les grands propri\u00e9taires immobiliers et les entit\u00e9s publiques. Nous vous conseillerons sur la mani\u00e8re la plus appropri\u00e9e de le mettre en \u0153uvre en fonction de votre situation, de votre terrain, etc.<\/p>\n<p style=\"text-align: justify;\">[\/et_pb_text][\/et_pb_column][\/et_pb_row][et_pb_row _builder_version=&#8221;4.5.8&#8243; _module_preset=&#8221;default&#8221; max_width=&#8221;1195px&#8221; custom_padding=&#8221;4px|||||&#8221;][et_pb_column type=&#8221;4_4&#8243; _builder_version=&#8221;4.5.8&#8243; _module_preset=&#8221;default&#8221;][et_pb_text _builder_version=&#8221;4.5.8&#8243; _module_preset=&#8221;default&#8221; text_text_color=&#8221;#b2292e&#8221; text_font_size=&#8221;16px&#8221; header_text_color=&#8221;#b2292e&#8221;]<\/p>\n<p style=\"text-align: center;\">*Remplissez le<em>formulaire et nous vous contacterons dans les 48 heures ouvrables<\/em>.<\/p>\n<p>[\/et_pb_text][wpforms_selector form_id=&#8221;961&#8243; _builder_version=&#8221;4.5.8&#8243; _module_preset=&#8221;default&#8221;][\/wpforms_selector][\/et_pb_column][\/et_pb_row][\/et_pb_section]<\/p>\n","protected":false},"excerpt":{"rendered":"<p>La prochaine \u00e9tape pour assurer votre s\u00e9curit\u00e9 Offre de lancement 20\u20ac \/ mois + TVA VOUS AVEZ CHOISI LE PACK PREMIUM RENYN SYSTEMS QUI COMPREND : Cam\u00e9ra de pi\u00e9geage haute r\u00e9solution avec carte multi-op\u00e9rateurs, service internet mensuel et acc\u00e8s \u00e0 notre application avec toutes les fonctionnalit\u00e9s actives. DE CETTE MANI\u00c8RE, VOUS POUVEZ : G\u00e9rez toute [&hellip;]<\/p>\n","protected":false},"author":3,"featured_media":0,"parent":0,"menu_order":0,"comment_status":"closed","ping_status":"closed","template":"","meta":{"_et_pb_use_builder":"on","_et_pb_old_content":"","_et_gb_content_width":"","_joinchat":[],"footnotes":""},"class_list":["post-4109","page","type-page","status-publish","hentry"],"_links":{"self":[{"href":"https:\/\/renynsys.es\/fr\/wp-json\/wp\/v2\/pages\/4109","targetHints":{"allow":["GET"]}}],"collection":[{"href":"https:\/\/renynsys.es\/fr\/wp-json\/wp\/v2\/pages"}],"about":[{"href":"https:\/\/renynsys.es\/fr\/wp-json\/wp\/v2\/types\/page"}],"author":[{"embeddable":true,"href":"https:\/\/renynsys.es\/fr\/wp-json\/wp\/v2\/users\/3"}],"replies":[{"embeddable":true,"href":"https:\/\/renynsys.es\/fr\/wp-json\/wp\/v2\/comments?post=4109"}],"version-history":[{"count":0,"href":"https:\/\/renynsys.es\/fr\/wp-json\/wp\/v2\/pages\/4109\/revisions"}],"wp:attachment":[{"href":"https:\/\/renynsys.es\/fr\/wp-json\/wp\/v2\/media?parent=4109"}],"curies":[{"name":"wp","href":"https:\/\/api.w.org\/{rel}","templated":true}]}}