{"id":4152,"date":"2021-11-16T08:55:26","date_gmt":"2021-11-16T08:55:26","guid":{"rendered":"https:\/\/renynsys.es\/emballez-les-systemes-renyn-dans-votre-appareil-photo\/"},"modified":"2023-06-02T13:13:07","modified_gmt":"2023-06-02T13:13:07","slug":"emballez-les-systemes-renyn-dans-votre-appareil-photo","status":"publish","type":"page","link":"https:\/\/renynsys.es\/fr\/emballez-les-systemes-renyn-dans-votre-appareil-photo\/","title":{"rendered":"Emballez les syst\u00e8mes Renyn dans votre appareil photo"},"content":{"rendered":"<p>[et_pb_section fb_built=&#8221;1&#8243; disabled_on=&#8221;on|on|off&#8221; _builder_version=&#8221;4.12.1&#8243; _module_preset=&#8221;default&#8221; custom_padding=&#8221;45px|||||&#8221; locked=&#8221;off&#8221;][et_pb_row _builder_version=&#8221;4.5.8&#8243; _module_preset=&#8221;default&#8221; max_width=&#8221;1195px&#8221;][et_pb_column type=&#8221;4_4&#8243; _builder_version=&#8221;4.12.1&#8243; _module_preset=&#8221;default&#8221;][et_pb_text content_tablet=&#8221;<\/p>\n<h1 style=\"%22text-align:\" center;%22=\"\"><em><span style=\"%22color:\" #b2292e;%22=\"\">Crea tu sistema de Videovigilancia Renyn Systems<\/span><\/em><\/h1>\n<p>&#8221; content_phone=&#8221;<\/p>\n<h1 style=\"%22text-align:\" center;%22=\"\"><em><span style=\"%22color:\" #b2292e;%22=\"\">Crea tu sistema de Videovigilancia Renyn Systems<\/span><\/em><\/h1>\n<p>&#8221; content_last_edited=&#8221;on|desktop&#8221; _builder_version=&#8221;4.5.8&#8243; _module_preset=&#8221;default&#8221; header_font_size=&#8221;26px&#8221;]<\/p>\n<h1 style=\"text-align: center;\"><em><span style=\"color: #b2292e;\">La prochaine \u00e9tape pour assurer votre s\u00e9curit\u00e9<\/span><\/em><\/h1>\n<p>[\/et_pb_text][\/et_pb_column][\/et_pb_row][et_pb_row column_structure=&#8221;1_2,1_2&#8243; _builder_version=&#8221;4.5.8&#8243; _module_preset=&#8221;default&#8221; max_width=&#8221;1195px&#8221; animation_style=&#8221;slide&#8221;][et_pb_column type=&#8221;1_2&#8243; _builder_version=&#8221;4.5.8&#8243; _module_preset=&#8221;default&#8221;][et_pb_image src=&#8221;https:\/\/renynsys.es\/wp-content\/uploads\/2021\/11\/alarma-movil-1.jpg&#8221; alt=&#8221;Syst\u00e8me d&#039;alarme \u00e0 intelligence artificielle&#8221; title_text=&#8221;Syst\u00e8me d&#039;alarme \u00e0 intelligence artificielle&#8221; align=&#8221;center&#8221; _builder_version=&#8221;4.5.8&#8243; _module_preset=&#8221;default&#8221; width=&#8221;80%&#8221; custom_margin=&#8221;||0px|||&#8221;][\/et_pb_image][et_pb_text _builder_version=&#8221;4.5.8&#8243; _module_preset=&#8221;default&#8221; text_font_size=&#8221;22px&#8221;]<\/p>\n<p style=\"text-align: center;\">Offre de lancement<\/p>\n<p style=\"text-align: center;\"><em><span style=\"color: #b2292e;\">2\u20ac \/ mois + TVA<\/span><\/em><\/p>\n<p>[\/et_pb_text][\/et_pb_column][et_pb_column type=&#8221;1_2&#8243; _builder_version=&#8221;4.5.8&#8243; _module_preset=&#8221;default&#8221;][et_pb_text content_tablet=&#8221;&#8221; content_phone=&#8221;&#8221; content_last_edited=&#8221;on|phone&#8221; _builder_version=&#8221;4.5.8&#8243; _module_preset=&#8221;default&#8221; header_2_font_size=&#8221;22px&#8221;]<\/p>\n<h2>VOUS AVEZ CHOISI D&#8217;UTILISER L&#8217;APPLICATION RENYN SYSTEMS SUR VOTRE APPAREIL PHOTO :<\/h2>\n<p>[\/et_pb_text][et_pb_text content_tablet=&#8221;<\/p>\n<p style=\"%22text-align:\" justify;%22=\"\">A trav\u00e9s de nuestra aplicaci\u00f3n obtendr\u00e1s total seguridad y vigilancia. Este servicio consiste en la integraci\u00f3n de la App Renyn Systems en tu c\u00e1mara para que puedas utilizar nuestros servicios todos los meses.<\/p>\n<p>&#8221; content_phone=&#8221;<\/p>\n<p style=\"%22text-align:\" justify;%22=\"\">A trav\u00e9s de nuestra aplicaci\u00f3n obtendr\u00e1s total seguridad y vigilancia. Este servicio consiste en la integraci\u00f3n de la App Renyn Systems en tu c\u00e1mara para que puedas utilizar nuestros servicios todos los meses.<\/p>\n<p>&#8221; content_last_edited=&#8221;on|desktop&#8221; _builder_version=&#8221;4.5.8&#8243; _module_preset=&#8221;default&#8221;]<\/p>\n<p style=\"text-align: justify;\">Gr\u00e2ce \u00e0 notre application, vous b\u00e9n\u00e9ficierez d&#8217;une s\u00e9curit\u00e9 et d&#8217;une surveillance totales. Ce service consiste \u00e0 int\u00e9grer l&#8217;application Renyn Systems dans votre cam\u00e9ra afin que vous puissiez utiliser nos services chaque mois.<\/p>\n<p>[\/et_pb_text][et_pb_text content_tablet=&#8221;<\/p>\n<p><b>DE ESTE MODO OBTIENES:<\/b><\/p>\n<p><img decoding=\"async\" src=\"%22https:\/\/renynsys.es\/wp-content\/uploads\/2021\/11\/flechac-3.jpg%22\" width=\"%228%22\" height=\"%2213%22\" alt=\"%22Renyn\" systems%22=\"\" class=\"%22wp-image-461\" alignnone=\"\" size-full%22=\"\" title=\"\"> Control de tu c\u00e1mara desde la aplicaci\u00f3n Renyn Systems<br \/>\n<img decoding=\"async\" src=\"%22https:\/\/renynsys.es\/wp-content\/uploads\/2021\/11\/flechac-3.jpg%22\" width=\"%228%22\" height=\"%2213%22\" alt=\"%22Renyn\" systems%22=\"\" class=\"%22wp-image-461\" alignnone=\"\" size-full%22=\"\" title=\"\"> Reconocimiento autom\u00e1tico de animales, personas, veh\u00edculos y matr\u00edculas<br \/>\n<img decoding=\"async\" src=\"%22https:\/\/renynsys.es\/wp-content\/uploads\/2021\/11\/flechac-3.jpg%22\" width=\"%228%22\" height=\"%2213%22\" alt=\"%22Renyn\" systems%22=\"\" class=\"%22wp-image-461\" alignnone=\"\" size-full%22=\"\" title=\"\"> Gesti\u00f3n y almacenamiento de im\u00e1genes en la nube<br \/>\n<img decoding=\"async\" src=\"%22https:\/\/renynsys.es\/wp-content\/uploads\/2021\/11\/flechac-3.jpg%22\" width=\"%228%22\" height=\"%2213%22\" alt=\"%22Renyn\" systems%22=\"\" class=\"%22wp-image-461\" alignnone=\"\" size-full%22=\"\" title=\"\"> Sistema de alarma personalizable<br \/>\n<img decoding=\"async\" src=\"%22https:\/\/renynsys.es\/wp-content\/uploads\/2021\/11\/flechac-3.jpg%22\" width=\"%228%22\" height=\"%2213%22\" alt=\"%22Renyn\" systems%22=\"\" class=\"%22wp-image-461\" alignnone=\"\" size-full%22=\"\" title=\"\"> Filtrado de im\u00e1genes autom\u00e1tico<\/p>\n<p>&#8221; content_phone=&#8221;<\/p>\n<p><b>DE ESTE MODO OBTIENES:<\/b><\/p>\n<p><img decoding=\"async\" src=\"%22https:\/\/renynsys.es\/wp-content\/uploads\/2021\/11\/flechac-3.jpg%22\" width=\"%228%22\" height=\"%2213%22\" alt=\"%22Renyn\" systems%22=\"\" class=\"%22wp-image-461\" alignnone=\"\" size-full%22=\"\" title=\"\"> Control de tu c\u00e1mara desde la aplicaci\u00f3n Renyn Systems<br \/>\n<img decoding=\"async\" src=\"%22https:\/\/renynsys.es\/wp-content\/uploads\/2021\/11\/flechac-3.jpg%22\" width=\"%228%22\" height=\"%2213%22\" alt=\"%22Renyn\" systems%22=\"\" class=\"%22wp-image-461\" alignnone=\"\" size-full%22=\"\" title=\"\"> Reconocimiento autom\u00e1tico de animales, personas, veh\u00edculos y matr\u00edculas<br \/>\n<img decoding=\"async\" src=\"%22https:\/\/renynsys.es\/wp-content\/uploads\/2021\/11\/flechac-3.jpg%22\" width=\"%228%22\" height=\"%2213%22\" alt=\"%22Renyn\" systems%22=\"\" class=\"%22wp-image-461\" alignnone=\"\" size-full%22=\"\" title=\"\"> Gesti\u00f3n y almacenamiento de im\u00e1genes en la nube<br \/>\n<img decoding=\"async\" src=\"%22https:\/\/renynsys.es\/wp-content\/uploads\/2021\/11\/flechac-3.jpg%22\" width=\"%228%22\" height=\"%2213%22\" alt=\"%22Renyn\" systems%22=\"\" class=\"%22wp-image-461\" alignnone=\"\" size-full%22=\"\" title=\"\"> Sistema de alarma personalizable<br \/>\n<img decoding=\"async\" src=\"%22https:\/\/renynsys.es\/wp-content\/uploads\/2021\/11\/flechac-3.jpg%22\" width=\"%228%22\" height=\"%2213%22\" alt=\"%22Renyn\" systems%22=\"\" class=\"%22wp-image-461\" alignnone=\"\" size-full%22=\"\" title=\"\"> Filtrado de im\u00e1genes autom\u00e1tico<\/p>\n<p>&#8221; content_last_edited=&#8221;on|phone&#8221; _builder_version=&#8221;4.5.8&#8243; _module_preset=&#8221;default&#8221; custom_margin=&#8221;||0px|||&#8221;]<\/p>\n<p><b>DE CETTE FA\u00c7ON, VOUS OBTENEZ :<\/b><\/p>\n<p><img loading=\"lazy\" decoding=\"async\" src=\"https:\/\/renynsys.es\/wp-content\/uploads\/2021\/11\/flechac-3.jpg\" width=\"8\" height=\"13\" alt=\"Syst\u00e8mes Renyn\" class=\"wp-image-461 alignnone size-full\" title=\"\">&nbsp;Contr\u00f4le de la cam\u00e9ra \u00e0 partir de l&#8217;application Renyn Systems<br \/>\n<img loading=\"lazy\" decoding=\"async\" src=\"https:\/\/renynsys.es\/wp-content\/uploads\/2021\/11\/flechac-3.jpg\" width=\"8\" height=\"13\" alt=\"Syst\u00e8mes Renyn\" class=\"wp-image-461 alignnone size-full\" title=\"\">  Reconnaissance automatique des animaux, des personnes, des v\u00e9hicules et des plaques d&#8217;immatriculation<br \/>\n<img loading=\"lazy\" decoding=\"async\" src=\"https:\/\/renynsys.es\/wp-content\/uploads\/2021\/11\/flechac-3.jpg\" width=\"8\" height=\"13\" alt=\"Syst\u00e8mes Renyn\" class=\"wp-image-461 alignnone size-full\" title=\"\">  Gestion et stockage d&#8217;images dans le nuage<br \/>\n<img loading=\"lazy\" decoding=\"async\" src=\"https:\/\/renynsys.es\/wp-content\/uploads\/2021\/11\/flechac-3.jpg\" width=\"8\" height=\"13\" alt=\"Syst\u00e8mes Renyn\" class=\"wp-image-461 alignnone size-full\" title=\"\">  Syst\u00e8me d&#8217;alarme personnalisable<br \/>\n<img loading=\"lazy\" decoding=\"async\" src=\"https:\/\/renynsys.es\/wp-content\/uploads\/2021\/11\/flechac-3.jpg\" width=\"8\" height=\"13\" alt=\"Syst\u00e8mes Renyn\" class=\"wp-image-461 alignnone size-full\" title=\"\">  Filtrage automatique des images<\/p>\n<p>&nbsp;<\/p>\n<p>[\/et_pb_text][et_pb_text content_tablet=&#8221;&#8221; content_phone=&#8221;&#8221; content_last_edited=&#8221;on|desktop&#8221; _builder_version=&#8221;4.5.8&#8243; _module_preset=&#8221;default&#8221;]<\/p>\n<p><strong>QUELLE EST LA PROCHAINE \u00c9TAPE ?<\/strong><\/p>\n<p style=\"text-align: justify;\">L&#8217;\u00e9tape suivante consiste \u00e0 remplir le formulaire ci-dessous et nous vous contacterons.<\/p>\n<p style=\"text-align: justify;\">Nous vous expliquerons comment int\u00e9grer l&#8217;application, comment elle fonctionne et quels sont ses avantages en fonction de votre situation.<\/p>\n<p>[\/et_pb_text][\/et_pb_column][\/et_pb_row][et_pb_row _builder_version=&#8221;4.5.8&#8243; _module_preset=&#8221;default&#8221; max_width=&#8221;1195px&#8221;][et_pb_column type=&#8221;4_4&#8243; _builder_version=&#8221;4.5.8&#8243; _module_preset=&#8221;default&#8221;][et_pb_text _builder_version=&#8221;4.5.8&#8243; _module_preset=&#8221;default&#8221; text_font_size=&#8221;16px&#8221;]<\/p>\n<p style=\"text-align: center;\">*Remplissez le<em>formulaire et nous vous contacterons dans les 48 heures ouvrables<\/em>.<\/p>\n<p>[\/et_pb_text][wpforms_selector form_id=&#8221;961&#8243; _builder_version=&#8221;4.5.8&#8243; _module_preset=&#8221;default&#8221;][\/wpforms_selector][\/et_pb_column][\/et_pb_row][\/et_pb_section][et_pb_section fb_built=&#8221;1&#8243; disabled_on=&#8221;off|off|on&#8221; _builder_version=&#8221;4.12.1&#8243; _module_preset=&#8221;default&#8221; custom_padding=&#8221;45px|||||&#8221; locked=&#8221;off&#8221;][et_pb_row _builder_version=&#8221;4.5.8&#8243; _module_preset=&#8221;default&#8221; max_width=&#8221;1195px&#8221;][et_pb_column type=&#8221;4_4&#8243; _builder_version=&#8221;4.12.1&#8243; _module_preset=&#8221;default&#8221;][et_pb_text content_tablet=&#8221;<\/p>\n<h1><em><span>La prochaine \u00e9tape pour assurer votre s\u00e9curit\u00e9<\/span><\/em><\/h1>\n<p>&#8221; content_phone=&#8221;<\/p>\n<h1><em><span>La prochaine \u00e9tape pour assurer votre s\u00e9curit\u00e9<\/span><\/em><\/h1>\n<p>&#8221; content_last_edited=&#8221;on|phone&#8221; _builder_version=&#8221;4.5.8&#8243; _module_preset=&#8221;default&#8221; header_text_color=&#8221;#B2292E&#8221; header_font_size=&#8221;22px&#8221;]<\/p>\n<h1 style=\"text-align: center;\"><em><span style=\"color: #b2292e;\">La prochaine \u00e9tape pour assurer votre s\u00e9curit\u00e9<\/span><\/em><\/h1>\n<p>[\/et_pb_text][\/et_pb_column][\/et_pb_row][et_pb_row column_structure=&#8221;1_2,1_2&#8243; _builder_version=&#8221;4.5.8&#8243; _module_preset=&#8221;default&#8221; max_width=&#8221;1195px&#8221; custom_padding=&#8221;9px|||||&#8221; animation_style=&#8221;slide&#8221;][et_pb_column type=&#8221;1_2&#8243; _builder_version=&#8221;4.5.8&#8243; _module_preset=&#8221;default&#8221;][et_pb_text content_tablet=&#8221;<\/p>\n<h2>VOUS AVEZ CHOISI D&#8217;UTILISER L&#8217;APPLICATION RENYN SYSTEMS SUR VOTRE APPAREIL PHOTO :<\/h2>\n<p>&#8221; content_phone=&#8221;<\/p>\n<h2>VOUS AVEZ CHOISI D&#8217;UTILISER L&#8217;APPLICATION RENYN SYSTEMS SUR VOTRE APPAREIL PHOTO :<\/h2>\n<p>&#8221; content_last_edited=&#8221;on|phone&#8221; _builder_version=&#8221;4.5.8&#8243; _module_preset=&#8221;default&#8221; header_2_font_size=&#8221;18px&#8221; custom_margin=&#8221;||-1px|||&#8221;]<\/p>\n<h2>VOUS AVEZ CHOISI D&#8217;UTILISER L&#8217;APPLICATION RENYN SYSTEMS SUR VOTRE APPAREIL PHOTO :<\/h2>\n<p>[\/et_pb_text][et_pb_image src=&#8221;https:\/\/renynsys.es\/wp-content\/uploads\/2021\/11\/alarma-movil-1.jpg&#8221; alt=&#8221;Syst\u00e8me d&#039;alarme \u00e0 intelligence artificielle&#8221; title_text=&#8221;Syst\u00e8me d&#039;alarme \u00e0 intelligence artificielle&#8221; align=&#8221;center&#8221; _builder_version=&#8221;4.5.8&#8243; _module_preset=&#8221;default&#8221; width=&#8221;40%&#8221; custom_margin=&#8221;9px||15px|||&#8221; custom_padding=&#8221;0px|||||&#8221;][\/et_pb_image][et_pb_text _builder_version=&#8221;4.5.8&#8243; _module_preset=&#8221;default&#8221; text_font_size=&#8221;22px&#8221;]<\/p>\n<p style=\"text-align: center;\">Offre de lancement<\/p>\n<p style=\"text-align: center;\"><em><span style=\"color: #b2292e;\">2\u20ac \/ mois + TVA<\/span><\/em><\/p>\n<p>[\/et_pb_text][et_pb_text content_tablet=&#8221;<\/p>\n<p style=\"%22text-align:\" justify;%22=\"\">A trav\u00e9s de nuestra aplicaci\u00f3n obtendr\u00e1s total seguridad y vigilancia. Este servicio consiste en la integraci\u00f3n de la App Renyn Systems en tu c\u00e1mara para que puedas utilizar nuestros servicios todos los meses.<\/p>\n<p>&#8221; content_phone=&#8221;<\/p>\n<p style=\"%22text-align:\" justify;%22=\"\">A trav\u00e9s de nuestra aplicaci\u00f3n obtendr\u00e1s total seguridad y vigilancia. Este servicio consiste en la integraci\u00f3n de la App Renyn Systems en tu c\u00e1mara para que puedas utilizar nuestros servicios todos los meses.<\/p>\n<p>&#8221; content_last_edited=&#8221;on|desktop&#8221; _builder_version=&#8221;4.5.8&#8243; _module_preset=&#8221;default&#8221;]<\/p>\n<p style=\"text-align: justify;\">Gr\u00e2ce \u00e0 notre application, vous b\u00e9n\u00e9ficierez d&#8217;une s\u00e9curit\u00e9 et d&#8217;une surveillance totales. Ce service consiste \u00e0 int\u00e9grer l&#8217;application Renyn Systems dans votre cam\u00e9ra afin que vous puissiez utiliser nos services chaque mois.<\/p>\n<p>[\/et_pb_text][et_pb_text content_tablet=&#8221;<\/p>\n<p><b>DE ESTE MODO OBTIENES:<\/b><\/p>\n<p><img decoding=\"async\" src=\"%22https:\/\/renynsys.es\/wp-content\/uploads\/2021\/11\/flechac-3.jpg%22\" width=\"%228%22\" height=\"%2213%22\" alt=\"%22Renyn\" systems%22=\"\" class=\"%22wp-image-461\" alignnone=\"\" size-full%22=\"\" title=\"\"> Control de tu c\u00e1mara desde la aplicaci\u00f3n Renyn Systems<br \/>\n<img decoding=\"async\" src=\"%22https:\/\/renynsys.es\/wp-content\/uploads\/2021\/11\/flechac-3.jpg%22\" width=\"%228%22\" height=\"%2213%22\" alt=\"%22Renyn\" systems%22=\"\" class=\"%22wp-image-461\" alignnone=\"\" size-full%22=\"\" title=\"\"> Reconocimiento autom\u00e1tico de animales, personas, veh\u00edculos y matr\u00edculas<br \/>\n<img decoding=\"async\" src=\"%22https:\/\/renynsys.es\/wp-content\/uploads\/2021\/11\/flechac-3.jpg%22\" width=\"%228%22\" height=\"%2213%22\" alt=\"%22Renyn\" systems%22=\"\" class=\"%22wp-image-461\" alignnone=\"\" size-full%22=\"\" title=\"\"> Gesti\u00f3n y almacenamiento de im\u00e1genes en la nube<br \/>\n<img decoding=\"async\" src=\"%22https:\/\/renynsys.es\/wp-content\/uploads\/2021\/11\/flechac-3.jpg%22\" width=\"%228%22\" height=\"%2213%22\" alt=\"%22Renyn\" systems%22=\"\" class=\"%22wp-image-461\" alignnone=\"\" size-full%22=\"\" title=\"\"> Sistema de alarma personalizable<br \/>\n<img decoding=\"async\" src=\"%22https:\/\/renynsys.es\/wp-content\/uploads\/2021\/11\/flechac-3.jpg%22\" width=\"%228%22\" height=\"%2213%22\" alt=\"%22Renyn\" systems%22=\"\" class=\"%22wp-image-461\" alignnone=\"\" size-full%22=\"\" title=\"\"> Filtrado de im\u00e1genes autom\u00e1tico<\/p>\n<p>&#8221; content_phone=&#8221;<\/p>\n<p><b>DE ESTE MODO OBTIENES:<\/b><\/p>\n<p><img decoding=\"async\" src=\"%22https:\/\/renynsys.es\/wp-content\/uploads\/2021\/11\/flechac-3.jpg%22\" width=\"%228%22\" height=\"%2213%22\" alt=\"%22Renyn\" systems%22=\"\" class=\"%22wp-image-461\" alignnone=\"\" size-full%22=\"\" title=\"\"> Control de tu c\u00e1mara desde la aplicaci\u00f3n Renyn Systems<br \/>\n<img decoding=\"async\" src=\"%22https:\/\/renynsys.es\/wp-content\/uploads\/2021\/11\/flechac-3.jpg%22\" width=\"%228%22\" height=\"%2213%22\" alt=\"%22Renyn\" systems%22=\"\" class=\"%22wp-image-461\" alignnone=\"\" size-full%22=\"\" title=\"\"> Reconocimiento autom\u00e1tico de animales, personas, veh\u00edculos y matr\u00edculas<br \/>\n<img decoding=\"async\" src=\"%22https:\/\/renynsys.es\/wp-content\/uploads\/2021\/11\/flechac-3.jpg%22\" width=\"%228%22\" height=\"%2213%22\" alt=\"%22Renyn\" systems%22=\"\" class=\"%22wp-image-461\" alignnone=\"\" size-full%22=\"\" title=\"\"> Gesti\u00f3n y almacenamiento de im\u00e1genes en la nube<br \/>\n<img decoding=\"async\" src=\"%22https:\/\/renynsys.es\/wp-content\/uploads\/2021\/11\/flechac-3.jpg%22\" width=\"%228%22\" height=\"%2213%22\" alt=\"%22Renyn\" systems%22=\"\" class=\"%22wp-image-461\" alignnone=\"\" size-full%22=\"\" title=\"\"> Sistema de alarma personalizable<br \/>\n<img decoding=\"async\" src=\"%22https:\/\/renynsys.es\/wp-content\/uploads\/2021\/11\/flechac-3.jpg%22\" width=\"%228%22\" height=\"%2213%22\" alt=\"%22Renyn\" systems%22=\"\" class=\"%22wp-image-461\" alignnone=\"\" size-full%22=\"\" title=\"\"> Filtrado de im\u00e1genes autom\u00e1tico<\/p>\n<p>&#8221; content_last_edited=&#8221;on|phone&#8221; _builder_version=&#8221;4.5.8&#8243; _module_preset=&#8221;default&#8221; custom_margin=&#8221;||0px|||&#8221;]<\/p>\n<p><b>DE CETTE FA\u00c7ON, VOUS OBTENEZ :<\/b><\/p>\n<p><img loading=\"lazy\" decoding=\"async\" src=\"https:\/\/renynsys.es\/wp-content\/uploads\/2021\/11\/flechac-3.jpg\" width=\"8\" height=\"13\" alt=\"Syst\u00e8mes Renyn\" class=\"wp-image-461 alignnone size-full\" title=\"\">&nbsp;Contr\u00f4le de la cam\u00e9ra \u00e0 partir de l&#8217;application Renyn Systems<br \/>\n<img loading=\"lazy\" decoding=\"async\" src=\"https:\/\/renynsys.es\/wp-content\/uploads\/2021\/11\/flechac-3.jpg\" width=\"8\" height=\"13\" alt=\"Syst\u00e8mes Renyn\" class=\"wp-image-461 alignnone size-full\" title=\"\">  Reconnaissance automatique des animaux, des personnes, des v\u00e9hicules et des plaques d&#8217;immatriculation<br \/>\n<img loading=\"lazy\" decoding=\"async\" src=\"https:\/\/renynsys.es\/wp-content\/uploads\/2021\/11\/flechac-3.jpg\" width=\"8\" height=\"13\" alt=\"Syst\u00e8mes Renyn\" class=\"wp-image-461 alignnone size-full\" title=\"\">  Gestion et stockage d&#8217;images dans le nuage<br \/>\n<img loading=\"lazy\" decoding=\"async\" src=\"https:\/\/renynsys.es\/wp-content\/uploads\/2021\/11\/flechac-3.jpg\" width=\"8\" height=\"13\" alt=\"Syst\u00e8mes Renyn\" class=\"wp-image-461 alignnone size-full\" title=\"\">  Syst\u00e8me d&#8217;alarme personnalisable<br \/>\n<img loading=\"lazy\" decoding=\"async\" src=\"https:\/\/renynsys.es\/wp-content\/uploads\/2021\/11\/flechac-3.jpg\" width=\"8\" height=\"13\" alt=\"Syst\u00e8mes Renyn\" class=\"wp-image-461 alignnone size-full\" title=\"\">  Filtrage automatique des images<\/p>\n<p>&nbsp;<\/p>\n<p>[\/et_pb_text][\/et_pb_column][et_pb_column type=&#8221;1_2&#8243; _builder_version=&#8221;4.5.8&#8243; _module_preset=&#8221;default&#8221;][et_pb_text content_tablet=&#8221;<\/p>\n<p style=\"%22text-align:\" justify;%22=\"\"><strong>\u00bfCU\u00c1L ES EL SIGUIENTE PASO?<\/strong><\/p>\n<p style=\"%22text-align:\" justify;%22=\"\">El siguiente paso es completar el formulario que ves aqu\u00ed abajo y nos pondremos en contacto contigo.<\/p>\n<p style=\"%22text-align:\" justify;%22=\"\">Te explicaremos c\u00f3mo integrar la aplicaci\u00f3n, su funcionamiento y sus ventajas en funci\u00f3n de tu situaci\u00f3n.<\/p>\n<p>&#8221; content_phone=&#8221;<\/p>\n<p style=\"%22text-align:\" justify;%22=\"\"><strong>\u00bfCU\u00c1L ES EL SIGUIENTE PASO?<\/strong><\/p>\n<p style=\"%22text-align:\" justify;%22=\"\">El siguiente paso es completar el formulario que ves aqu\u00ed abajo y nos pondremos en contacto contigo.<\/p>\n<p style=\"%22text-align:\" justify;%22=\"\">Te explicaremos c\u00f3mo integrar la aplicaci\u00f3n, su funcionamiento y sus ventajas en funci\u00f3n de tu situaci\u00f3n.<\/p>\n<p>&#8221; content_last_edited=&#8221;on|phone&#8221; _builder_version=&#8221;4.5.8&#8243; _module_preset=&#8221;default&#8221;]<\/p>\n<p><strong>QUELLE EST LA PROCHAINE \u00c9TAPE ?<\/strong><\/p>\n<p style=\"text-align: justify;\">L&#8217;\u00e9tape suivante consiste \u00e0 remplir le formulaire ci-dessous et nous vous contacterons.<\/p>\n<p style=\"text-align: justify;\">Nous vous expliquerons comment int\u00e9grer l&#8217;application, comment elle fonctionne et quels sont ses avantages en fonction de votre situation.<\/p>\n<p>[\/et_pb_text][\/et_pb_column][\/et_pb_row][et_pb_row _builder_version=&#8221;4.5.8&#8243; _module_preset=&#8221;default&#8221; max_width=&#8221;1195px&#8221; custom_padding=&#8221;4px|||||&#8221;][et_pb_column type=&#8221;4_4&#8243; _builder_version=&#8221;4.5.8&#8243; _module_preset=&#8221;default&#8221;][et_pb_text _builder_version=&#8221;4.5.8&#8243; _module_preset=&#8221;default&#8221; text_text_color=&#8221;#B2292E&#8221; text_font_size=&#8221;16px&#8221;]<\/p>\n<p style=\"text-align: center;\">*Remplissez le<em>formulaire et nous vous contacterons dans les 48 heures ouvrables<\/em>.<\/p>\n<p>[\/et_pb_text][wpforms_selector form_id=&#8221;961&#8243; _builder_version=&#8221;4.5.8&#8243; _module_preset=&#8221;default&#8221;][\/wpforms_selector][\/et_pb_column][\/et_pb_row][\/et_pb_section]<\/p>\n","protected":false},"excerpt":{"rendered":"<p>La prochaine \u00e9tape pour assurer votre s\u00e9curit\u00e9 Offre de lancement 2\u20ac \/ mois + TVA VOUS AVEZ CHOISI D&#8217;UTILISER L&#8217;APPLICATION RENYN SYSTEMS SUR VOTRE APPAREIL PHOTO : Gr\u00e2ce \u00e0 notre application, vous b\u00e9n\u00e9ficierez d&#8217;une s\u00e9curit\u00e9 et d&#8217;une surveillance totales. Ce service consiste \u00e0 int\u00e9grer l&#8217;application Renyn Systems dans votre cam\u00e9ra afin que vous puissiez utiliser [&hellip;]<\/p>\n","protected":false},"author":3,"featured_media":0,"parent":0,"menu_order":0,"comment_status":"closed","ping_status":"closed","template":"","meta":{"_et_pb_use_builder":"on","_et_pb_old_content":"","_et_gb_content_width":"","_joinchat":[],"footnotes":""},"class_list":["post-4152","page","type-page","status-publish","hentry"],"_links":{"self":[{"href":"https:\/\/renynsys.es\/fr\/wp-json\/wp\/v2\/pages\/4152","targetHints":{"allow":["GET"]}}],"collection":[{"href":"https:\/\/renynsys.es\/fr\/wp-json\/wp\/v2\/pages"}],"about":[{"href":"https:\/\/renynsys.es\/fr\/wp-json\/wp\/v2\/types\/page"}],"author":[{"embeddable":true,"href":"https:\/\/renynsys.es\/fr\/wp-json\/wp\/v2\/users\/3"}],"replies":[{"embeddable":true,"href":"https:\/\/renynsys.es\/fr\/wp-json\/wp\/v2\/comments?post=4152"}],"version-history":[{"count":0,"href":"https:\/\/renynsys.es\/fr\/wp-json\/wp\/v2\/pages\/4152\/revisions"}],"wp:attachment":[{"href":"https:\/\/renynsys.es\/fr\/wp-json\/wp\/v2\/media?parent=4152"}],"curies":[{"name":"wp","href":"https:\/\/api.w.org\/{rel}","templated":true}]}}