{"id":4549,"date":"2022-06-13T15:48:26","date_gmt":"2022-06-13T15:48:26","guid":{"rendered":"https:\/\/renynsys.es\/carte-memoire-sd\/"},"modified":"2023-12-12T09:29:51","modified_gmt":"2023-12-12T09:29:51","slug":"carte-memoire-sd","status":"publish","type":"product","link":"https:\/\/renynsys.es\/fr\/carte-memoire-sd\/","title":{"rendered":"Carte m\u00e9moire SD"},"content":{"rendered":"","protected":false},"excerpt":{"rendered":"<p>&nbsp;<\/p>\n<p>Carte de haute qualit\u00e9 et enti\u00e8rement compatible avec tous les mod\u00e8les d&#8217;appareils photo.<\/p>\n<ul>\n<li>Pas d&#8217;adaptateur, toujours fonctionnel<\/li>\n<li>Fonction de sauvegarde des boucles (\u00e9crasement en cas de saturation)<\/li>\n<li>Plus de 15 000 images<\/li>\n<\/ul>\n","protected":false},"featured_media":6515,"comment_status":"open","ping_status":"closed","template":"","meta":{"_et_pb_use_builder":"","_et_pb_old_content":"","_et_gb_content_width":"","_joinchat":[]},"product_brand":[],"product_cat":[67],"product_tag":[],"class_list":{"0":"post-4549","1":"product","2":"type-product","3":"status-publish","4":"has-post-thumbnail","6":"product_cat-accessoires-pour-appareils-photo","8":"first","9":"instock","10":"taxable","11":"shipping-taxable","12":"purchasable","13":"product-type-simple"},"_links":{"self":[{"href":"https:\/\/renynsys.es\/fr\/wp-json\/wp\/v2\/product\/4549","targetHints":{"allow":["GET"]}}],"collection":[{"href":"https:\/\/renynsys.es\/fr\/wp-json\/wp\/v2\/product"}],"about":[{"href":"https:\/\/renynsys.es\/fr\/wp-json\/wp\/v2\/types\/product"}],"replies":[{"embeddable":true,"href":"https:\/\/renynsys.es\/fr\/wp-json\/wp\/v2\/comments?post=4549"}],"wp:featuredmedia":[{"embeddable":true,"href":"https:\/\/renynsys.es\/fr\/wp-json\/wp\/v2\/media\/6515"}],"wp:attachment":[{"href":"https:\/\/renynsys.es\/fr\/wp-json\/wp\/v2\/media?parent=4549"}],"wp:term":[{"taxonomy":"product_brand","embeddable":true,"href":"https:\/\/renynsys.es\/fr\/wp-json\/wp\/v2\/product_brand?post=4549"},{"taxonomy":"product_cat","embeddable":true,"href":"https:\/\/renynsys.es\/fr\/wp-json\/wp\/v2\/product_cat?post=4549"},{"taxonomy":"product_tag","embeddable":true,"href":"https:\/\/renynsys.es\/fr\/wp-json\/wp\/v2\/product_tag?post=4549"}],"curies":[{"name":"wp","href":"https:\/\/api.w.org\/{rel}","templated":true}]}}