{"id":4562,"date":"2022-06-13T15:59:33","date_gmt":"2022-06-13T15:59:33","guid":{"rendered":"https:\/\/renynsys.es\/coffre-fort\/"},"modified":"2024-05-02T10:09:30","modified_gmt":"2024-05-02T10:09:30","slug":"coffre-fort-2","status":"publish","type":"product","link":"https:\/\/renynsys.es\/fr\/coffre-fort-2\/","title":{"rendered":"Coffre-fort"},"content":{"rendered":"<p>Prot\u00e9gez ce qui compte pour vous, prot\u00e9gez votre appareil contre le vol ou les dommages inutiles et rendez votre produit plus durable. Avec son syst\u00e8me d&#8217;ancrage \u00e0 boulons et sa fermeture cadenassable, \u00e9vitez que votre appareil photo ne soit vol\u00e9 sans que l&#8217;individu ne soit photographi\u00e9 au pr\u00e9alable.<\/p>\n","protected":false},"excerpt":{"rendered":"<p>&nbsp;<\/p>\n<ul>\n<li>L&#8217;\u00e9tui est en acier inoxydable et est \u00e9quip\u00e9 de solides prises pour r\u00e9sister aux chocs qui pourraient endommager l&#8217;appareil.<\/li>\n<li>M\u00e9canisme d&#8217;ancrage \u00e0 vis et cadenas pour rendre difficile le vol de l&#8217;appareil photo.<\/li>\n<li>Syst\u00e8me de fixation pour \u00e9viter qu&#8217;il ne bouge \u00e0 cause du frottement d&#8217;animaux ou d&#8217;autres \u00e9l\u00e9ments. De cette fa\u00e7on, l&#8217;appareil photo reste centr\u00e9 sur l&#8217;endroit souhait\u00e9 et vous n&#8217;avez pas \u00e0 vous d\u00e9placer pour le r\u00e9ajuster.<\/li>\n<\/ul>\n","protected":false},"featured_media":3108,"comment_status":"open","ping_status":"closed","template":"","meta":{"_et_pb_use_builder":"","_et_pb_old_content":"","_et_gb_content_width":"","_joinchat":[]},"product_brand":[],"product_cat":[67],"product_tag":[],"class_list":{"0":"post-4562","1":"product","2":"type-product","3":"status-publish","4":"has-post-thumbnail","6":"product_cat-accessoires-pour-appareils-photo","8":"first","9":"outofstock","10":"taxable","11":"shipping-taxable","12":"purchasable","13":"product-type-simple"},"_links":{"self":[{"href":"https:\/\/renynsys.es\/fr\/wp-json\/wp\/v2\/product\/4562","targetHints":{"allow":["GET"]}}],"collection":[{"href":"https:\/\/renynsys.es\/fr\/wp-json\/wp\/v2\/product"}],"about":[{"href":"https:\/\/renynsys.es\/fr\/wp-json\/wp\/v2\/types\/product"}],"replies":[{"embeddable":true,"href":"https:\/\/renynsys.es\/fr\/wp-json\/wp\/v2\/comments?post=4562"}],"wp:featuredmedia":[{"embeddable":true,"href":"https:\/\/renynsys.es\/fr\/wp-json\/wp\/v2\/media\/3108"}],"wp:attachment":[{"href":"https:\/\/renynsys.es\/fr\/wp-json\/wp\/v2\/media?parent=4562"}],"wp:term":[{"taxonomy":"product_brand","embeddable":true,"href":"https:\/\/renynsys.es\/fr\/wp-json\/wp\/v2\/product_brand?post=4562"},{"taxonomy":"product_cat","embeddable":true,"href":"https:\/\/renynsys.es\/fr\/wp-json\/wp\/v2\/product_cat?post=4562"},{"taxonomy":"product_tag","embeddable":true,"href":"https:\/\/renynsys.es\/fr\/wp-json\/wp\/v2\/product_tag?post=4562"}],"curies":[{"name":"wp","href":"https:\/\/api.w.org\/{rel}","templated":true}]}}