{"id":4584,"date":"2022-06-13T16:01:45","date_gmt":"2022-06-13T16:01:45","guid":{"rendered":"https:\/\/renynsys.es\/camera-navajo\/"},"modified":"2024-10-01T09:27:21","modified_gmt":"2024-10-01T09:27:21","slug":"camara-navajo","status":"publish","type":"product","link":"https:\/\/renynsys.es\/fr\/camara-navajo\/","title":{"rendered":"Cam\u00e9ra Navajo"},"content":{"rendered":"<p>La cam\u00e9ra Navajo est la solution pour garder une trace dans les zones o\u00f9 la couverture n&#8217;est pas disponible. La chasse est plus qu&#8217;une activit\u00e9, c&#8217;est une passion qui n\u00e9cessite la meilleure technologie pour capturer ces moments inoubliables sur le terrain. Dans ce contexte, la <strong>cam\u00e9ra<\/strong> Renynsys <strong>Navajo<\/strong> appara\u00eet comme un outil indispensable pour les chasseurs et les amoureux de la nature. Cet appareil photo, con\u00e7u avec pr\u00e9cision et souci du d\u00e9tail, se distingue non seulement par sa capacit\u00e9 \u00e0 prendre des images de haute qualit\u00e9, mais aussi par son adaptabilit\u00e9 \u00e0 diff\u00e9rents sc\u00e9narios et conditions. Que ce soit au c\u0153ur de la for\u00eat, dans le calme d&#8217;une clairi\u00e8re ou dans l&#8217;obscurit\u00e9 de la nuit, la cam\u00e9ra Navajo est pr\u00eate \u00e0 relever tous les d\u00e9fis. C&#8217;est plus qu&#8217;un simple appareil photo, c&#8217;est un compagnon d&#8217;aventure qui devient vos yeux sur le terrain, capturant chaque d\u00e9tail avec clart\u00e9 et pr\u00e9cision. En outre, sa technologie avanc\u00e9e en fait l&#8217;une des meilleures <strong>cam\u00e9ras nocturnes pour l&#8217;attente<\/strong>, ce qui vous permet d&#8217;observer et d&#8217;enregistrer la faune dans son \u00e9tat le plus naturel, sans interruption ni distraction. L&#8217;une des meilleures <span data-sheets-value=\"{\"1\":2,\"2\":\"c\u00e1maras nocturnas para el campo\"}\" data-sheets-userformat=\"{\"2\":513,\"3\":{\"1\":0},\"12\":0}\">cam\u00e9ras nocturnes pour le terrain.<\/span><strong>sp\u00e9cifications techniques :<\/strong> &#8211; Taille de l&#8217;image 5\/8\/12 Mpx &#8211; Vid\u00e9o : FHD 1080P\/720P\/VGA &#8211; Vitesse d&#8217;obturation : 0,4s &#8211; Distance de d\u00e9tection : Jusqu&#8217;\u00e0 20 m\u00e8tres &#8211; Vision nocturne : Oui &#8211; Flash Led : 56 leds infrarouges &#8211; Objectif : 52\u00ba &#8211; M\u00e9moire : carte SD jusqu&#8217;\u00e0 32GB &#8211; Mode rafale : Jusqu&#8217;\u00e0 5 images par prise &#8211; Time lapse : Oui &#8211; Programmation : Oui &#8211; Stockage cyclique : Oui &#8211; Etanch\u00e9it\u00e9 : Oui, IP54 &#8211; Alimentation : 8 piles AA \/ Chargeur 12V \/ Panneau solaire (non inclus) &#8211; Certification : CE\/RoHs\/FCC<\/p>\n","protected":false},"excerpt":{"rendered":"<p><strong><span style=\"color: #ff0000;\">PRODUIT ABANDONN\u00c9<\/span><\/strong> Cam\u00e9ra de vid\u00e9osurveillance pour les zones non couvertes. R\u00e9solution de 12 Mpx. Carte jusqu&#8217;\u00e0 32 Go. Retard, intervalle de temps et horaires configurables.<\/p>\n","protected":false},"featured_media":3120,"comment_status":"open","ping_status":"closed","template":"","meta":{"_et_pb_use_builder":"","_et_pb_old_content":"","_et_gb_content_width":"","_joinchat":[]},"product_brand":[],"product_cat":[70],"product_tag":[],"class_list":{"0":"post-4584","1":"product","2":"type-product","3":"status-publish","4":"has-post-thumbnail","6":"product_cat-cameras-fr","7":"product_shipping_class-gratuit","9":"first","10":"outofstock","11":"sale","12":"taxable","13":"shipping-taxable","14":"purchasable","15":"product-type-simple"},"_links":{"self":[{"href":"https:\/\/renynsys.es\/fr\/wp-json\/wp\/v2\/product\/4584","targetHints":{"allow":["GET"]}}],"collection":[{"href":"https:\/\/renynsys.es\/fr\/wp-json\/wp\/v2\/product"}],"about":[{"href":"https:\/\/renynsys.es\/fr\/wp-json\/wp\/v2\/types\/product"}],"replies":[{"embeddable":true,"href":"https:\/\/renynsys.es\/fr\/wp-json\/wp\/v2\/comments?post=4584"}],"wp:featuredmedia":[{"embeddable":true,"href":"https:\/\/renynsys.es\/fr\/wp-json\/wp\/v2\/media\/3120"}],"wp:attachment":[{"href":"https:\/\/renynsys.es\/fr\/wp-json\/wp\/v2\/media?parent=4584"}],"wp:term":[{"taxonomy":"product_brand","embeddable":true,"href":"https:\/\/renynsys.es\/fr\/wp-json\/wp\/v2\/product_brand?post=4584"},{"taxonomy":"product_cat","embeddable":true,"href":"https:\/\/renynsys.es\/fr\/wp-json\/wp\/v2\/product_cat?post=4584"},{"taxonomy":"product_tag","embeddable":true,"href":"https:\/\/renynsys.es\/fr\/wp-json\/wp\/v2\/product_tag?post=4584"}],"curies":[{"name":"wp","href":"https:\/\/api.w.org\/{rel}","templated":true}]}}