{"id":4657,"date":"2022-06-13T16:07:16","date_gmt":"2022-06-13T16:07:16","guid":{"rendered":"https:\/\/renynsys.es\/camera-cherokee\/"},"modified":"2023-06-13T14:46:19","modified_gmt":"2023-06-13T14:46:19","slug":"camera-cherokee","status":"publish","type":"product","link":"https:\/\/renynsys.es\/fr\/camera-cherokee\/","title":{"rendered":"Appareil photo Cherokee Phototrap"},"content":{"rendered":"<p>[et_pb_section fb_built=&#8221;1&#8243; _builder_version=&#8221;4.16&#8243; custom_padding=&#8221;0px||||false|false&#8221; global_colors_info=&#8221;{}&#8221;][et_pb_row _builder_version=&#8221;4.16&#8243; background_size=&#8221;initial&#8221; background_position=&#8221;top_left&#8221; background_repeat=&#8221;repeat&#8221; width=&#8221;100%&#8221; custom_padding=&#8221;0px||0px||false|false&#8221; global_colors_info=&#8221;{}&#8221;][et_pb_column type=&#8221;4_4&#8243; _builder_version=&#8221;4.16&#8243; custom_padding=&#8221;|||&#8221; global_colors_info=&#8221;{}&#8221; custom_padding__hover=&#8221;|||&#8221;][et_pb_wc_breadcrumb _builder_version=&#8221;4.16&#8243; global_colors_info=&#8221;{}&#8221;][\/et_pb_wc_breadcrumb][et_pb_wc_cart_notice _builder_version=&#8221;4.16&#8243; title_text_color=&#8221;#B2292E&#8221; background_color=&#8221;#ffffff&#8221; body_text_color=&#8221;#B2292E&#8221; global_colors_info=&#8221;{}&#8221;][\/et_pb_wc_cart_notice][\/et_pb_column][\/et_pb_row][et_pb_row column_structure=&#8221;1_2,1_2&#8243; _builder_version=&#8221;4.16&#8243; background_size=&#8221;initial&#8221; background_position=&#8221;top_left&#8221; background_repeat=&#8221;repeat&#8221; width=&#8221;100%&#8221; custom_padding=&#8221;0px||||false|false&#8221; global_colors_info=&#8221;{}&#8221;][et_pb_column type=&#8221;1_2&#8243; _builder_version=&#8221;4.16&#8243; custom_padding=&#8221;|||&#8221; global_colors_info=&#8221;{}&#8221; custom_padding__hover=&#8221;|||&#8221;][et_pb_wc_images _builder_version=&#8221;4.16&#8243; global_colors_info=&#8221;{}&#8221;][\/et_pb_wc_images][\/et_pb_column][et_pb_column type=&#8221;1_2&#8243; _builder_version=&#8221;4.16&#8243; custom_padding=&#8221;|||&#8221; global_colors_info=&#8221;{}&#8221; custom_padding__hover=&#8221;|||&#8221;][et_pb_wc_title _builder_version=&#8221;4.16&#8243; global_colors_info=&#8221;{}&#8221;][\/et_pb_wc_title][et_pb_wc_rating _builder_version=&#8221;4.16&#8243; global_colors_info=&#8221;{}&#8221;][\/et_pb_wc_rating][et_pb_wc_price _builder_version=&#8221;4.16&#8243; global_colors_info=&#8221;{}&#8221;][\/et_pb_wc_price][et_pb_wc_description _builder_version=&#8221;4.16&#8243; global_colors_info=&#8221;{}&#8221;][\/et_pb_wc_description][et_pb_wc_add_to_cart _builder_version=&#8221;4.16&#8243; global_colors_info=&#8221;{}&#8221;][\/et_pb_wc_add_to_cart][et_pb_wc_meta _builder_version=&#8221;4.16&#8243; global_colors_info=&#8221;{}&#8221;][\/et_pb_wc_meta][\/et_pb_column][\/et_pb_row][et_pb_row _builder_version=&#8221;4.16&#8243; background_size=&#8221;initial&#8221; background_position=&#8221;top_left&#8221; background_repeat=&#8221;repeat&#8221; width=&#8221;100%&#8221; global_colors_info=&#8221;{}&#8221;][et_pb_column type=&#8221;4_4&#8243; _builder_version=&#8221;4.16&#8243; custom_padding=&#8221;|||&#8221; global_colors_info=&#8221;{}&#8221; custom_padding__hover=&#8221;|||&#8221;][et_pb_wc_tabs _builder_version=&#8221;4.16&#8243; global_colors_info=&#8221;{}&#8221;]\t\t\t\t\t[\/et_pb_wc_tabs][et_pb_wc_upsells _builder_version=&#8221;4.16&#8243; global_colors_info=&#8221;{}&#8221;][\/et_pb_wc_upsells][et_pb_wc_related_products _builder_version=&#8221;4.16&#8243; global_colors_info=&#8221;{}&#8221;][\/et_pb_wc_related_products][\/et_pb_column][\/et_pb_row][\/et_pb_section]<\/p>\n","protected":false},"excerpt":{"rendered":"<p>Gardez la trace, pr\u00e9venez les vols et les intrusions et assurez-vous que votre propri\u00e9t\u00e9 est prot\u00e9g\u00e9e. Tout ce dont vous avez besoin, c&#8217;est d&#8217;un syst\u00e8me de vid\u00e9osurveillance intelligent.<\/p>\n<p>La cam\u00e9ra Cherokee se synchronise avec notre application Renyn Systems, qui vous permet de savoir ce qui se passe en votre absence.<\/p>\n<p>&nbsp;<\/p>\n","protected":false},"featured_media":3736,"comment_status":"open","ping_status":"closed","template":"","meta":{"_et_pb_use_builder":"on","_et_pb_old_content":"Cam\u00e9ra de vid\u00e9osurveillance <strong>assist\u00e9e par RENYN<\/strong>. Coordonnez vos images depuis l'application mobile ou le WEB et g\u00e9olocalisez votre appareil.\n\n<strong>Fonctions :<\/strong>\n- Surveillance\n- Contr\u00f4le des v\u00e9hicules\n- Reconnaissance automatique avec un syst\u00e8me d'intelligence artificielle\n- Surveillance de la faune\n- Activit\u00e9 de chasse\n\n<strong>Caract\u00e9ristiques techniques :<\/strong>\n- Taille de l'image 8\/12\/24 Mpx\n- Vid\u00e9o : FHD 1080P\/720P\/VGA\n- Vitesse de d\u00e9clenchement : 0,4 s\n- Sensibilit\u00e9 de la d\u00e9tection : 3 niveaux\n- Distance de d\u00e9tection : jusqu'\u00e0 20 m\u00e8tres\n- Vision nocturne : Oui, 3 modes s\u00e9lectionnables\n- Flash LED : 60 LED infrarouges\n- Lentille : 52\u00ba Lentille : 52\u00ba Lentille : 52\u00ba Lentille : 52\u00ba Lentille : 52\u00ba Lentille : 52\n- M\u00e9moire : carte SD jusqu'\u00e0 32 Go\n- Mode rafale : jusqu'\u00e0 5 images par prise de vue\n- Time lapse : Oui\n- R\u00e9glage de l'horaire : Oui\n- Stockage cyclique : Oui\n- \u00c9tanch\u00e9it\u00e9 : Oui, IP66\n- Alimentation : 8 piles AA \/ chargeur 12V \/ panneau solaire (non inclus)\n- Certification : CE\/RoHs\/FCC","_et_gb_content_width":"","_joinchat":[]},"product_brand":[],"product_cat":[70],"product_tag":[],"class_list":{"0":"post-4657","1":"product","2":"type-product","3":"status-publish","4":"has-post-thumbnail","6":"product_cat-cameras-fr","8":"first","9":"instock","10":"taxable","11":"shipping-taxable","12":"purchasable","13":"product-type-simple"},"_links":{"self":[{"href":"https:\/\/renynsys.es\/fr\/wp-json\/wp\/v2\/product\/4657","targetHints":{"allow":["GET"]}}],"collection":[{"href":"https:\/\/renynsys.es\/fr\/wp-json\/wp\/v2\/product"}],"about":[{"href":"https:\/\/renynsys.es\/fr\/wp-json\/wp\/v2\/types\/product"}],"replies":[{"embeddable":true,"href":"https:\/\/renynsys.es\/fr\/wp-json\/wp\/v2\/comments?post=4657"}],"wp:featuredmedia":[{"embeddable":true,"href":"https:\/\/renynsys.es\/fr\/wp-json\/wp\/v2\/media\/3736"}],"wp:attachment":[{"href":"https:\/\/renynsys.es\/fr\/wp-json\/wp\/v2\/media?parent=4657"}],"wp:term":[{"taxonomy":"product_brand","embeddable":true,"href":"https:\/\/renynsys.es\/fr\/wp-json\/wp\/v2\/product_brand?post=4657"},{"taxonomy":"product_cat","embeddable":true,"href":"https:\/\/renynsys.es\/fr\/wp-json\/wp\/v2\/product_cat?post=4657"},{"taxonomy":"product_tag","embeddable":true,"href":"https:\/\/renynsys.es\/fr\/wp-json\/wp\/v2\/product_tag?post=4657"}],"curies":[{"name":"wp","href":"https:\/\/api.w.org\/{rel}","templated":true}]}}