{"id":7383,"date":"2024-10-29T16:48:00","date_gmt":"2024-10-29T16:48:00","guid":{"rendered":"https:\/\/renynsys.es\/?post_type=product&#038;p=7383"},"modified":"2025-12-01T19:34:14","modified_gmt":"2025-12-01T19:34:14","slug":"chasse-camera-apache-ii","status":"publish","type":"product","link":"https:\/\/renynsys.es\/fr\/chasse-camera-apache-ii\/","title":{"rendered":"Cam\u00e9ra de chasse Apache II"},"content":{"rendered":"<p>[et_pb_section fb_built=&#8221;1&#8243; _builder_version=&#8221;4.16&#8243; custom_padding=&#8221;0px||||false|false&#8221; global_colors_info=&#8221;{}&#8221;][et_pb_row _builder_version=&#8221;4.16&#8243; background_size=&#8221;initial&#8221; background_position=&#8221;top_left&#8221; background_repeat=&#8221;repeat&#8221; width=&#8221;100%&#8221; custom_padding=&#8221;0px||0px||false|false&#8221; global_colors_info=&#8221;{}&#8221;][et_pb_column type=&#8221;4_4&#8243; _builder_version=&#8221;4.16&#8243; custom_padding=&#8221;|||&#8221; global_colors_info=&#8221;{}&#8221; custom_padding__hover=&#8221;|||&#8221;][et_pb_wc_breadcrumb _builder_version=&#8221;4.16&#8243; global_colors_info=&#8221;{}&#8221;][\/et_pb_wc_breadcrumb][et_pb_wc_cart_notice _builder_version=&#8221;4.16&#8243; global_colors_info=&#8221;{}&#8221;][\/et_pb_wc_cart_notice][\/et_pb_column][\/et_pb_row][et_pb_row column_structure=&#8221;1_2,1_2&#8243; _builder_version=&#8221;4.16&#8243; background_size=&#8221;initial&#8221; background_position=&#8221;top_left&#8221; background_repeat=&#8221;repeat&#8221; width=&#8221;100%&#8221; custom_padding=&#8221;0px||||false|false&#8221; global_colors_info=&#8221;{}&#8221;][et_pb_column type=&#8221;1_2&#8243; _builder_version=&#8221;4.16&#8243; custom_padding=&#8221;|||&#8221; global_colors_info=&#8221;{}&#8221; custom_padding__hover=&#8221;|||&#8221;][et_pb_wc_images _builder_version=&#8221;4.16&#8243; global_colors_info=&#8221;{}&#8221;][\/et_pb_wc_images][\/et_pb_column][et_pb_column type=&#8221;1_2&#8243; _builder_version=&#8221;4.16&#8243; custom_padding=&#8221;|||&#8221; global_colors_info=&#8221;{}&#8221; custom_padding__hover=&#8221;|||&#8221;][et_pb_wc_title _builder_version=&#8221;4.16&#8243; global_colors_info=&#8221;{}&#8221;][\/et_pb_wc_title][et_pb_wc_rating _builder_version=&#8221;4.16&#8243; global_colors_info=&#8221;{}&#8221;][\/et_pb_wc_rating][et_pb_wc_price _builder_version=&#8221;4.16&#8243; global_colors_info=&#8221;{}&#8221;][\/et_pb_wc_price][et_pb_wc_description _builder_version=&#8221;4.21.0&#8243; custom_margin=&#8221;20px||20px||true|false&#8221; global_colors_info=&#8221;{}&#8221;][\/et_pb_wc_description][et_pb_wc_add_to_cart _builder_version=&#8221;4.16&#8243; global_colors_info=&#8221;{}&#8221;][\/et_pb_wc_add_to_cart][et_pb_wc_meta _builder_version=&#8221;4.16&#8243; global_colors_info=&#8221;{}&#8221;][\/et_pb_wc_meta][\/et_pb_column][\/et_pb_row][et_pb_row _builder_version=&#8221;4.21.0&#8243; _module_preset=&#8221;default&#8221; width=&#8221;100%&#8221; global_colors_info=&#8221;{}&#8221;][et_pb_column type=&#8221;4_4&#8243; _builder_version=&#8221;4.21.0&#8243; _module_preset=&#8221;default&#8221; global_colors_info=&#8221;{}&#8221;][et_pb_image src=&#8221;https:\/\/renynsys.es\/wp-content\/uploads\/2024\/10\/bannerapacheii.png&#8221; title_text=&#8221;bannerapacheii&#8221; _builder_version=&#8221;4.25.1&#8243; _module_preset=&#8221;default&#8221; custom_padding=&#8221;|0px||||&#8221; global_colors_info=&#8221;{}&#8221;][\/et_pb_image][\/et_pb_column][\/et_pb_row][et_pb_row column_structure=&#8221;1_2,1_2&#8243; make_equal=&#8221;on&#8221; _builder_version=&#8221;4.21.0&#8243; _module_preset=&#8221;default&#8221; width=&#8221;100%&#8221; custom_css_main_element=&#8221;align-items: center;&#8221; global_colors_info=&#8221;{}&#8221;][et_pb_column type=&#8221;1_2&#8243; _builder_version=&#8221;4.21.0&#8243; _module_preset=&#8221;default&#8221; global_colors_info=&#8221;{}&#8221;][et_pb_image src=&#8221;https:\/\/renynsys.es\/wp-content\/uploads\/2024\/10\/landingapache1.jpg&#8221; alt=&#8221;Travailler en \u00e9quipe&#8221; title_text=&#8221;landingapache1&#8243; _builder_version=&#8221;4.25.1&#8243; _module_preset=&#8221;default&#8221; width=&#8221;100%&#8221; global_colors_info=&#8221;{}&#8221;][\/et_pb_image][\/et_pb_column][et_pb_column type=&#8221;1_2&#8243; _builder_version=&#8221;4.21.0&#8243; _module_preset=&#8221;default&#8221; global_colors_info=&#8221;{}&#8221;][et_pb_text _builder_version=&#8221;4.25.1&#8243; _module_preset=&#8221;default&#8221; global_colors_info=&#8221;{}&#8221;]<\/p>\n<h2>Lieux fr\u00e9quent\u00e9s ?<\/h2>\n<p>Renyn est \u00e0 l&#8217;\u00e9coute de ses clients et comprend leurs pr\u00e9occupations.<br \/>\nLa question qui revient le plus souvent, m\u00eame si elle semble \u00e9vidente, est la suivante : Que faire si mon appareil photo est vol\u00e9 ? <\/p>\n<p>Renyn Apache II est un appareil photo tr\u00e8s performant \u00e0 un prix imbattable. En plus de cela, nous sommes fabricants et g\u00e9rons tout l&#8217;\u00e9cosyst\u00e8me, en vous aidant de mani\u00e8re personnalis\u00e9e dans la r\u00e9cup\u00e9ration de votre appareil. <\/p>\n<p>[\/et_pb_text][\/et_pb_column][\/et_pb_row][et_pb_row column_structure=&#8221;1_2,1_2&#8243; make_equal=&#8221;on&#8221; _builder_version=&#8221;4.21.0&#8243; _module_preset=&#8221;default&#8221; width=&#8221;100%&#8221; custom_css_main_element=&#8221;align-items: center;&#8221; global_colors_info=&#8221;{}&#8221;][et_pb_column type=&#8221;1_2&#8243; _builder_version=&#8221;4.21.0&#8243; _module_preset=&#8221;default&#8221; global_colors_info=&#8221;{}&#8221;][et_pb_text _builder_version=&#8221;4.25.1&#8243; _module_preset=&#8221;default&#8221; global_colors_info=&#8221;{}&#8221;]<\/p>\n<h2>Haute qualit\u00e9 et faible consommation<\/h2>\n<p>Gr\u00e2ce \u00e0 notre exp\u00e9rience en mati\u00e8re de gestion int\u00e9gr\u00e9e des for\u00eats, nous savons que chaque voyage en for\u00eat compte. C&#8217;est pourquoi nous avons mis au point un produit fiable avec un niveau \u00e9lev\u00e9 d&#8217;autonomie de service. <\/p>\n<p>Recevez jusqu&#8217;\u00e0 2 000 photos avec une seule batterie, \u00e9conomisez sur les consommables et garantissez la disponibilit\u00e9 du service.<\/p>\n<p>&nbsp;<\/p>\n<p>[\/et_pb_text][\/et_pb_column][et_pb_column type=&#8221;1_2&#8243; _builder_version=&#8221;4.21.0&#8243; _module_preset=&#8221;default&#8221; global_colors_info=&#8221;{}&#8221;][et_pb_image src=&#8221;https:\/\/renynsys.es\/wp-content\/uploads\/2024\/10\/DSCF0483-scaled.jpg&#8221; title_text=&#8221;DSCF0483&#8243; _builder_version=&#8221;4.25.1&#8243; _module_preset=&#8221;default&#8221; width=&#8221;100%&#8221; global_colors_info=&#8221;{}&#8221;][\/et_pb_image][\/et_pb_column][\/et_pb_row][et_pb_row column_structure=&#8221;1_2,1_2&#8243; make_equal=&#8221;on&#8221; _builder_version=&#8221;4.21.0&#8243; _module_preset=&#8221;default&#8221; width=&#8221;100%&#8221; min_height=&#8221;387.3px&#8221; custom_padding=&#8221;0px||0px|||&#8221; custom_css_main_element=&#8221;align-items: center;&#8221; global_colors_info=&#8221;{}&#8221;][et_pb_column type=&#8221;1_2&#8243; _builder_version=&#8221;4.21.0&#8243; _module_preset=&#8221;default&#8221; global_colors_info=&#8221;{}&#8221;][et_pb_image src=&#8221;https:\/\/renynsys.es\/wp-content\/uploads\/2024\/10\/open-apacheii.jpg&#8221; alt=&#8221;tarif des donn\u00e9es&#8221; title_text=&#8221;open-apacheii&#8221; _builder_version=&#8221;4.25.1&#8243; _module_preset=&#8221;default&#8221; width=&#8221;100%&#8221; global_colors_info=&#8221;{}&#8221; src__hover_enabled=&#8221;on|hover&#8221; src__hover=&#8221;&#8221;][\/et_pb_image][\/et_pb_column][et_pb_column type=&#8221;1_2&#8243; _builder_version=&#8221;4.21.0&#8243; _module_preset=&#8221;default&#8221; global_colors_info=&#8221;{}&#8221;][et_pb_text _builder_version=&#8221;4.25.1&#8243; _module_preset=&#8221;default&#8221; global_colors_info=&#8221;{}&#8221;]<\/p>\n<h2>Facilit\u00e9 d&#8217;utilisation et travail en \u00e9quipe<\/h2>\n<p>Oubliez l&#8217;\u00e9poque o\u00f9 l&#8217;utilisation d&#8217;un appareil photo avec envoi de photos \u00e9tait r\u00e9serv\u00e9e aux bricoleurs. Gr\u00e2ce \u00e0 notre application, scannez le QR de votre appareil photo et recevez des images instantan\u00e9ment. <\/p>\n<p>Notre cam\u00e9ra comprend tout ce dont vous avez besoin, ce qui en fait un kit garanti sans surprise d&#8217;installation. Et si vous avez des questions, vous pouvez nous appeler imm\u00e9diatement. <\/p>\n<p>&nbsp;<\/p>\n<p>[\/et_pb_text][\/et_pb_column][\/et_pb_row][et_pb_row column_structure=&#8221;1_2,1_2&#8243; make_equal=&#8221;on&#8221; _builder_version=&#8221;4.21.0&#8243; _module_preset=&#8221;default&#8221; width=&#8221;100%&#8221; custom_css_main_element=&#8221;align-items: center;&#8221; global_colors_info=&#8221;{}&#8221;][et_pb_column type=&#8221;1_2&#8243; _builder_version=&#8221;4.21.0&#8243; _module_preset=&#8221;default&#8221; global_colors_info=&#8221;{}&#8221;][et_pb_text _builder_version=&#8221;4.25.1&#8243; _module_preset=&#8221;default&#8221; custom_padding=&#8221;13px|||||&#8221; global_colors_info=&#8221;{}&#8221;]<\/p>\n<h2>Stockage gratuit dans le nuage, team building<\/h2>\n<p>Fatigu\u00e9 de regarder vos photos et de les partager avec vos coll\u00e8gues, votre t\u00e9l\u00e9phone ralentit ? Utilisez notre APP et oubliez-le.<\/p>\n<p>Gr\u00e2ce \u00e0 notre syst\u00e8me de stockage dans le nuage et \u00e0 notre syst\u00e8me de groupes, recevez les photos que vous et qui vous voulez. G\u00e9rez les autorisations de vos coll\u00e8gues et rendez la gestion plus efficace et plus pratique. <\/p>\n<p>[\/et_pb_text][\/et_pb_column][et_pb_column type=&#8221;1_2&#8243; _builder_version=&#8221;4.21.0&#8243; _module_preset=&#8221;default&#8221; global_colors_info=&#8221;{}&#8221;][et_pb_image src=&#8221;https:\/\/renynsys.es\/wp-content\/uploads\/2021\/11\/pantalla-inicio-b.jpg&#8221; alt=&#8221;App renyn systems&#8221; title_text=&#8221;App renyn systems&#8221; _builder_version=&#8221;4.25.1&#8243; _module_preset=&#8221;default&#8221; width=&#8221;100%&#8221; global_colors_info=&#8221;{}&#8221;][\/et_pb_image][\/et_pb_column][\/et_pb_row][et_pb_row _builder_version=&#8221;4.21.0&#8243; _module_preset=&#8221;default&#8221; global_colors_info=&#8221;{}&#8221;][et_pb_column type=&#8221;4_4&#8243; _builder_version=&#8221;4.21.0&#8243; _module_preset=&#8221;default&#8221; global_colors_info=&#8221;{}&#8221;][et_pb_text _builder_version=&#8221;4.25.1&#8243; _module_preset=&#8221;default&#8221; custom_padding=&#8221;13px|||||&#8221; global_colors_info=&#8221;{}&#8221;]<\/p>\n<h2 style=\"text-align: center;\">Pourquoi utiliser notre cam\u00e9ra apache ?<\/h2>\n<p>[\/et_pb_text][\/et_pb_column][\/et_pb_row][et_pb_row _builder_version=&#8221;4.25.1&#8243; _module_preset=&#8221;default&#8221; width=&#8221;100%&#8221; custom_margin=&#8221;|-105px||-1px||&#8221; border_radii=&#8221;on|1px|1px|1px|1px&#8221; border_width_all=&#8221;1px&#8221; border_color_all=&#8221;#d9d9d9&#8243; global_colors_info=&#8221;{}&#8221;][et_pb_column type=&#8221;4_4&#8243; _builder_version=&#8221;4.21.0&#8243; _module_preset=&#8221;default&#8221; custom_padding=&#8221;20px|40px|20px|40px|false|false&#8221; global_colors_info=&#8221;{}&#8221;][et_pb_text _builder_version=&#8221;4.25.1&#8243; _module_preset=&#8221;default&#8221; global_colors_info=&#8221;{}&#8221;]<\/p>\n<p><strong><span style=\"color: #339966;\">\u2713<\/span><\/strong> Recevez des images dans une application intuitive, d\u00e9velopp\u00e9e par nos soins.<\/p>\n<hr class=\"solid\">\n<p><strong><span style=\"color: #339966;\">\u2713<\/span><\/strong> Fabricant en Espagne (Ciudad Real), avec service technique et assistance t\u00e9l\u00e9phonique.<\/p>\n<hr class=\"solid\">\n<p><strong><span style=\"color: #339966;\">\u2713<\/span><\/strong> Prix bas, r\u00e9duction de l&#8217;impact \u00e9conomique en cas de vol<\/p>\n<hr class=\"solid\">\n<p><strong><span style=\"color: #339966;\">\u2713<\/span><\/strong> Rapport qualit\u00e9\/prix imbattable<\/p>\n<hr class=\"solid\">\n<p><strong><span style=\"color: #339966;\">\u2713<\/span><\/strong> Propre service internet associ\u00e9 \u00e0 votre carte au prix des grands.<\/p>\n<hr class=\"solid\">\n<p><strong><span style=\"color: #339966;\">\u2713<\/span><\/strong> R\u00e9sistant aux intemp\u00e9ries avec IP66 et des fixations de qualit\u00e9<\/p>\n<hr class=\"solid\">\n<p><strong><span style=\"color: #339966;\">\u2713<\/span><\/strong> Faible consommation d&#8217;\u00e9nergie avec jusqu&#8217;\u00e0 2 000 photos par charge<\/p>\n<hr class=\"solid\">\n<p><strong><span style=\"color: #339966;\">\u2713<\/span> <\/strong>Travail d&#8217;\u00e9quipe<\/p>\n<p>[\/et_pb_text][\/et_pb_column][\/et_pb_row][et_pb_row _builder_version=&#8221;4.16&#8243; background_size=&#8221;initial&#8221; background_position=&#8221;top_left&#8221; background_repeat=&#8221;repeat&#8221; width=&#8221;100%&#8221; global_colors_info=&#8221;{}&#8221;][et_pb_column type=&#8221;4_4&#8243; _builder_version=&#8221;4.16&#8243; custom_padding=&#8221;|||&#8221; global_colors_info=&#8221;{}&#8221; custom_padding__hover=&#8221;|||&#8221;][et_pb_wc_tabs _builder_version=&#8221;4.16&#8243; global_colors_info=&#8221;{}&#8221;] [\/et_pb_wc_tabs][et_pb_wc_upsells _builder_version=&#8221;4.16&#8243; global_colors_info=&#8221;{}&#8221;][\/et_pb_wc_upsells][et_pb_wc_related_products _builder_version=&#8221;4.16&#8243; global_colors_info=&#8221;{}&#8221;][\/et_pb_wc_related_products][\/et_pb_column][\/et_pb_row][\/et_pb_section]<\/p>\n","protected":false},"excerpt":{"rendered":"<p><strong>LANCEMENT LE 4 ET 5 NOVEMBRE &#8211; R\u00c9SERVEZ D\u00c8S MAINTENANT !<\/strong><\/p>\n<p>Carte SD de 32 Go et stockage gratuit illimit\u00e9 dans le cloud \u00e0 vie ! <strong>D\u00e9couvrez notre Apache II,<\/strong> notre cam\u00e9ra de chasse pour les zones de passage et\/ou \u00e0 risque de vol, avec livraison sur notre application. Gr\u00e2ce \u00e0 son prix bas, elle est id\u00e9ale pour les zones o\u00f9 les vols sont fr\u00e9quents. C&#8217;est aussi votre cam\u00e9ra si vous ne souhaitez pas investir lourdement dans le pi\u00e9geage photo. Gr\u00e2ce \u00e0 ses 28 LED 940nm, totalement invisibles pour les humains et la faune, elle prend des photos claires et de qualit\u00e9, m\u00eame la nuit. Travaillez en \u00e9quipe gr\u00e2ce \u00e0 son application et configurez-la confortablement depuis chez vous. Gr\u00e2ce \u00e0 son module de communication basse consommation, vous pouvez prendre plus de 2 000 photos avec un seul jeu de piles AA. Prenez des photos de haute qualit\u00e9 jusqu&#8217;\u00e0 24Mpx et des vid\u00e9os 2K et ne manquez rien de ce qui se passe dans votre ferme.<\/p>\n","protected":false},"featured_media":7368,"comment_status":"open","ping_status":"closed","template":"","meta":{"_et_pb_use_builder":"on","_et_pb_old_content":"<strong>Tableau des caract\u00e9ristiques :<\/strong>\r\n<table>\r\n<tbody>\r\n<tr>\r\n<td>TAILLE DE L'IMAGE<\/td>\r\n<td>8\/16\/24 MP<\/td>\r\n<\/tr>\r\n<tr>\r\n<td>VID\u00c9O<\/td>\r\n<td>2.7K @ 30FPS<\/td>\r\n<\/tr>\r\n<tr>\r\n<td>VITESSE DE D\u00c9CLENCHEMENT<\/td>\r\n<td>0.2S<\/td>\r\n<\/tr>\r\n<tr>\r\n<td>LED IR<\/td>\r\n<td>28 PCS INVISIBLES, 940NM<\/td>\r\n<\/tr>\r\n<tr>\r\n<td>AFFICHAGE LCD<\/td>\r\n<td>2\" COULEUR<\/td>\r\n<\/tr>\r\n<tr>\r\n<td>DISTANCE DE D\u00c9TECTION<\/td>\r\n<td>20 m\u00e8tres<\/td>\r\n<\/tr>\r\n<tr>\r\n<td>CARTE M\u00c9MOIRE<\/td>\r\n<td>SD jusqu'\u00e0 128GB<\/td>\r\n<\/tr>\r\n<tr>\r\n<td>R\u00c9SISTANCE AUX INTEMP\u00c9RIES<\/td>\r\n<td>IP66<\/td>\r\n<\/tr>\r\n<tr>\r\n<td>CERTIFICACION<\/td>\r\n<td>CE\/ROHS\/FCC<\/td>\r\n<\/tr>\r\n<\/tbody>\r\n<\/table>","_et_gb_content_width":"","_joinchat":[]},"product_brand":[],"product_cat":[70],"product_tag":[],"class_list":{"0":"post-7383","1":"product","2":"type-product","3":"status-publish","4":"has-post-thumbnail","6":"product_cat-cameras-fr","8":"first","9":"instock","10":"taxable","11":"shipping-taxable","12":"purchasable","13":"product-type-variable","14":"has-default-attributes"},"_links":{"self":[{"href":"https:\/\/renynsys.es\/fr\/wp-json\/wp\/v2\/product\/7383","targetHints":{"allow":["GET"]}}],"collection":[{"href":"https:\/\/renynsys.es\/fr\/wp-json\/wp\/v2\/product"}],"about":[{"href":"https:\/\/renynsys.es\/fr\/wp-json\/wp\/v2\/types\/product"}],"replies":[{"embeddable":true,"href":"https:\/\/renynsys.es\/fr\/wp-json\/wp\/v2\/comments?post=7383"}],"wp:featuredmedia":[{"embeddable":true,"href":"https:\/\/renynsys.es\/fr\/wp-json\/wp\/v2\/media\/7368"}],"wp:attachment":[{"href":"https:\/\/renynsys.es\/fr\/wp-json\/wp\/v2\/media?parent=7383"}],"wp:term":[{"taxonomy":"product_brand","embeddable":true,"href":"https:\/\/renynsys.es\/fr\/wp-json\/wp\/v2\/product_brand?post=7383"},{"taxonomy":"product_cat","embeddable":true,"href":"https:\/\/renynsys.es\/fr\/wp-json\/wp\/v2\/product_cat?post=7383"},{"taxonomy":"product_tag","embeddable":true,"href":"https:\/\/renynsys.es\/fr\/wp-json\/wp\/v2\/product_tag?post=7383"}],"curies":[{"name":"wp","href":"https:\/\/api.w.org\/{rel}","templated":true}]}}