{"id":2788,"date":"2021-11-15T08:20:55","date_gmt":"2021-11-15T08:20:55","guid":{"rendered":"https:\/\/renynsys.es\/tienda-2\/"},"modified":"2023-08-11T12:41:40","modified_gmt":"2023-08-11T12:41:40","slug":"tienda-2","status":"publish","type":"page","link":"https:\/\/renynsys.es\/pt-pt\/tienda-2\/","title":{"rendered":"Tienda"},"content":{"rendered":"<p>[et_pb_section fb_built=&#8221;1&#8243; disabled_on=&#8221;on|on|off&#8221; _builder_version=&#8221;4.19.4&#8243; _module_preset=&#8221;default&#8221; background_image=&#8221;https:\/\/renynsys.es\/wp-content\/uploads\/2022\/12\/instalacion_camara.webp&#8221; background_size=&#8221;initial&#8221; custom_padding=&#8221;108px||100px|||&#8221; locked=&#8221;off&#8221; global_colors_info=&#8221;{}&#8221;][et_pb_row column_structure=&#8221;1_2,1_2&#8243; _builder_version=&#8221;4.21.0&#8243; _module_preset=&#8221;default&#8221; custom_margin=&#8221;116px|auto||auto||&#8221; custom_padding=&#8221;9px|||||&#8221; hover_enabled=&#8221;0&#8243; global_colors_info=&#8221;{}&#8221; sticky_enabled=&#8221;0&#8243;][et_pb_column type=&#8221;1_2&#8243; _builder_version=&#8221;4.16&#8243; _module_preset=&#8221;default&#8221; global_colors_info=&#8221;{}&#8221;][et_pb_text _builder_version=&#8221;4.16&#8243; _module_preset=&#8221;default&#8221; header_2_font_size=&#8221;30px&#8221; header_2_line_height=&#8221;1.2em&#8221; global_colors_info=&#8221;{}&#8221;]<\/p>\n<h1><em><span style=\"color: #ffffff;\"><span>VIGIL\u00c2NCIA POR V\u00cdDEO 24 HORAS POR DIA!<\/span><\/span><\/em><em><span style=\"color: #ffffff;\"><\/span><\/em><\/h1>\n<p>[\/et_pb_text][et_pb_text _builder_version=&#8221;4.16&#8243; _module_preset=&#8221;default&#8221; text_font_size=&#8221;16px&#8221; global_colors_info=&#8221;{}&#8221;]<\/p>\n<p><span style=\"color: #ffffff;\">Evite intrus\u00f5es indesejadas e monitore o comportamento dos animais. <\/span><\/p>\n<p><span style=\"color: #ffffff;\">Renyn Systems \u00e9 o primeiro sistema de vigil\u00e2ncia criado exclusivamente para os setores agr\u00edcola, florestal e de ca\u00e7a que possui intelig\u00eancia artificial.<\/span><\/p>\n<p>[\/et_pb_text][\/et_pb_column][et_pb_column type=&#8221;1_2&#8243; _builder_version=&#8221;4.16&#8243; _module_preset=&#8221;default&#8221; global_colors_info=&#8221;{}&#8221;][\/et_pb_column][\/et_pb_row][\/et_pb_section][et_pb_section fb_built=&#8221;1&#8243; disabled_on=&#8221;off|off|on&#8221; _builder_version=&#8221;4.16&#8243; _module_preset=&#8221;default&#8221; background_color=&#8221;#ffffff&#8221; background_enable_image=&#8221;off&#8221; background_size=&#8221;initial&#8221; custom_padding=&#8221;43px||0px|||&#8221; locked=&#8221;off&#8221; global_colors_info=&#8221;{}&#8221;][et_pb_row column_structure=&#8221;1_2,1_2&#8243; _builder_version=&#8221;4.16&#8243; _module_preset=&#8221;default&#8221; custom_margin=&#8221;-5px|auto||auto||&#8221; custom_padding=&#8221;9px|||||&#8221; global_colors_info=&#8221;{}&#8221;][et_pb_column type=&#8221;1_2&#8243; _builder_version=&#8221;4.16&#8243; _module_preset=&#8221;default&#8221; global_colors_info=&#8221;{}&#8221;][et_pb_text _builder_version=&#8221;4.16&#8243; _module_preset=&#8221;default&#8221; header_2_font_size=&#8221;22px&#8221; global_colors_info=&#8221;{}&#8221;]<\/p>\n<h2><span style=\"color: #b2292e;\"><span>VIGIL\u00c2NCIA POR V\u00cdDEO 24 HORAS POR DIA! <\/span><\/span><\/h2>\n<p>[\/et_pb_text][et_pb_text _builder_version=&#8221;4.16&#8243; _module_preset=&#8221;default&#8221; global_colors_info=&#8221;{}&#8221;]<\/p>\n<p style=\"text-align: justify;\">Evite intrus\u00f5es indesejadas e monitore o comportamento dos animais.<\/p>\n<p style=\"text-align: justify;\">Renyn Systems \u00e9 o primeiro sistema de vigil\u00e2ncia criado exclusivamente para os setores agr\u00edcola, florestal e de ca\u00e7a que possui intelig\u00eancia artificial.<span style=\"font-size: 14px;\"><\/span><\/p>\n<p>[\/et_pb_text][\/et_pb_column][et_pb_column type=&#8221;1_2&#8243; _builder_version=&#8221;4.16&#8243; _module_preset=&#8221;default&#8221; global_colors_info=&#8221;{}&#8221;][et_pb_image src=&#8221;https:\/\/renynsys.es\/wp-content\/uploads\/2022\/12\/intalar-camara.webp&#8221; alt=&#8221;Instalaci\u00f3n c\u00e1mara&#8221; title_text=&#8221;intalar-camara&#8221; align=&#8221;center&#8221; _builder_version=&#8221;4.19.4&#8243; _module_preset=&#8221;default&#8221; background_enable_image=&#8221;off&#8221; global_colors_info=&#8221;{}&#8221;][\/et_pb_image][et_pb_button button_url=&#8221;https:\/\/renynsys.es\/producto\/camara-cherokee\/&#8221; button_text=&#8221;N\u00e3o espere mais!&#8221; _builder_version=&#8221;4.21.0&#8243; _module_preset=&#8221;f8c61b31-983d-42b4-92e8-26c071f1b562&#8243; button_text_size=&#8221;16px&#8221; hover_enabled=&#8221;0&#8243; global_colors_info=&#8221;{}&#8221; sticky_enabled=&#8221;0&#8243;][\/et_pb_button][\/et_pb_column][\/et_pb_row][\/et_pb_section][et_pb_section fb_built=&#8221;1&#8243; _builder_version=&#8221;4.16&#8243; _module_preset=&#8221;default&#8221; global_colors_info=&#8221;{}&#8221;][et_pb_row _builder_version=&#8221;4.16&#8243; _module_preset=&#8221;default&#8221; max_width=&#8221;1195px&#8221; custom_margin=&#8221;|auto|-92px|auto||&#8221; global_colors_info=&#8221;{}&#8221;][et_pb_column type=&#8221;4_4&#8243; _builder_version=&#8221;4.16&#8243; _module_preset=&#8221;default&#8221; global_colors_info=&#8221;{}&#8221;][et_pb_shop columns_number=&#8221;3&#8243; orderby=&#8221;price-desc&#8221; _builder_version=&#8221;4.16&#8243; _module_preset=&#8221;default&#8221; custom_margin=&#8221;||48px|||&#8221; custom_padding=&#8221;||0px|||&#8221; global_colors_info=&#8221;{}&#8221;][\/et_pb_shop][\/et_pb_column][\/et_pb_row][\/et_pb_section][et_pb_section fb_built=&#8221;1&#8243; _builder_version=&#8221;4.16&#8243; _module_preset=&#8221;default&#8221; custom_padding=&#8221;2px|||||&#8221; locked=&#8221;off&#8221; global_colors_info=&#8221;{}&#8221;][et_pb_row _builder_version=&#8221;4.16&#8243; _module_preset=&#8221;default&#8221; custom_padding=&#8221;4px||1px|||&#8221; global_colors_info=&#8221;{}&#8221;][et_pb_column type=&#8221;4_4&#8243; _builder_version=&#8221;4.16&#8243; _module_preset=&#8221;default&#8221; global_colors_info=&#8221;{}&#8221;][et_pb_text content_tablet=&#8221;&#8221; content_phone=&#8221;&#8221; content_last_edited=&#8221;on|desktop&#8221; disabled_on=&#8221;on|on|off&#8221; _builder_version=&#8221;4.21.0&#8243; _module_preset=&#8221;default&#8221; hover_enabled=&#8221;0&#8243; global_colors_info=&#8221;{}&#8221; sticky_enabled=&#8221;0&#8243;]<\/p>\n<h2 style=\"text-align: center;\"><span style=\"color: #b2292e;\"><em><span>Obtenha agora o sistema ideal para si<\/span><\/em><\/span><\/h2>\n<p>[\/et_pb_text][et_pb_text content_tablet=&#8221;<\/p>\n<h2 style=%22text-align: center;%22><span style=%22color: #b2292e;%22><em>Hazte ahora con el sistema ideal para t\u00ed<\/em><\/span><\/h2>\n<p>&#8221; content_phone=&#8221;<\/p>\n<h2 style=%22text-align: center;%22><span style=%22color: #b2292e;%22><em>Hazte ahora con el sistema ideal para t\u00ed<\/em><\/span><\/h2>\n<p>&#8221; content_last_edited=&#8221;on|phone&#8221; disabled_on=&#8221;off|off|on&#8221; _builder_version=&#8221;4.21.0&#8243; _module_preset=&#8221;default&#8221; header_2_font_size=&#8221;22px&#8221; hover_enabled=&#8221;0&#8243; global_colors_info=&#8221;{}&#8221; sticky_enabled=&#8221;0&#8243;]<\/p>\n<h2 style=\"text-align: center;\"><span style=\"color: #b2292e;\"><em><span>Obtenha agora o sistema ideal para si<\/span><\/em><\/span><\/h2>\n<p>[\/et_pb_text][\/et_pb_column][\/et_pb_row][et_pb_row column_structure=&#8221;1_2,1_2&#8243; disabled_on=&#8221;on|on|off&#8221; _builder_version=&#8221;4.16&#8243; _module_preset=&#8221;default&#8221; global_colors_info=&#8221;{}&#8221;][et_pb_column type=&#8221;1_2&#8243; _builder_version=&#8221;4.16&#8243; _module_preset=&#8221;default&#8221; global_colors_info=&#8221;{}&#8221;][et_pb_text _builder_version=&#8221;4.16&#8243; _module_preset=&#8221;default&#8221; text_font_size=&#8221;22px&#8221; background_color=&#8221;#f3f4f5&#8243; custom_margin=&#8221;1px||||false|false&#8221; custom_padding=&#8221;14px||17px||false|false&#8221; border_radii=&#8221;off|20px|20px||&#8221; global_colors_info=&#8221;{}&#8221;]<\/p>\n<p style=\"text-align: center;\">Pack Est\u00e1ndar Renyn Systems<\/p>\n<p>[\/et_pb_text][et_pb_text _builder_version=&#8221;4.16&#8243; _module_preset=&#8221;default&#8221; text_line_height=&#8221;1.2em&#8221; custom_margin=&#8221;-32px||5px||false|false&#8221; custom_padding=&#8221;26px|50px|188px|50px|false|false&#8221; border_radii=&#8221;off|||20px|20px&#8221; box_shadow_style=&#8221;preset3&#8243; global_colors_info=&#8221;{}&#8221;]<\/p>\n<ul>\n<li style=\"text-align: justify;\">Aficionados a la caza, uso personal o fincas de tama\u00f1o est\u00e1ndar.<\/li>\n<li style=\"text-align: justify;\">C\u00e1mara de videovigilancia adaptable a condiciones clim\u00e1ticas.<\/li>\n<li style=\"text-align: justify;\">Acceso a aplicaci\u00f3n Renyn Systems para controlar todo desde tu m\u00f3vil u ordenador.<\/li>\n<li style=\"text-align: justify;\">Tarjeta SIM Renyn Systems multioperador.<\/li>\n<\/ul>\n<p>[\/et_pb_text][et_pb_text _builder_version=&#8221;4.16&#8243; _module_preset=&#8221;default&#8221; text_font_size=&#8221;20px&#8221; custom_margin=&#8221;-175px||||false|false&#8221; custom_padding=&#8221;0px||||false|false&#8221; global_colors_info=&#8221;{}&#8221;]<\/p>\n<p style=\"text-align: center;\"><span style=\"color: #b2292e;\">Oferta de lanzamiento<\/span><\/p>\n<p>[\/et_pb_text][et_pb_text _builder_version=&#8221;4.16&#8243; _module_preset=&#8221;default&#8221; text_font_size=&#8221;23px&#8221; global_colors_info=&#8221;{}&#8221;]<\/p>\n<p style=\"text-align: center;\">107\u20ac + IVA<\/p>\n<p>[\/et_pb_text][et_pb_button button_url=&#8221;https:\/\/renynsys.es\/producto\/camara-cherokee\/&#8221; button_text=&#8221;A\u00f1adir al carrito&#8221; _builder_version=&#8221;4.16&#8243; _module_preset=&#8221;f8c61b31-983d-42b4-92e8-26c071f1b562&#8243; custom_button=&#8221;off&#8221; global_colors_info=&#8221;{}&#8221;][\/et_pb_button][\/et_pb_column][et_pb_column type=&#8221;1_2&#8243; _builder_version=&#8221;4.16&#8243; _module_preset=&#8221;default&#8221; global_colors_info=&#8221;{}&#8221;][et_pb_text _builder_version=&#8221;4.16&#8243; _module_preset=&#8221;default&#8221; text_font_size=&#8221;22px&#8221; background_color=&#8221;#f3f4f5&#8243; custom_margin=&#8221;1px||35px||false|false&#8221; custom_padding=&#8221;14px||17px||false|false&#8221; border_radii=&#8221;off|20px|20px||&#8221; global_colors_info=&#8221;{}&#8221;]<\/p>\n<p style=\"text-align: center;\">Pack Premium Renyn Systems<\/p>\n<p>[\/et_pb_text][et_pb_text _builder_version=&#8221;4.16&#8243; _module_preset=&#8221;default&#8221; text_line_height=&#8221;0.7em&#8221; custom_margin=&#8221;-38px||-4px||false|false&#8221; custom_padding=&#8221;25px|50px|214px|50px|false|false&#8221; border_radii=&#8221;off|||20px|20px&#8221; box_shadow_style=&#8221;preset3&#8243; global_colors_info=&#8221;{}&#8221;]<\/p>\n<ul>\n<li>Empresas, grandes fincas y entidades p\u00fablicas.<\/li>\n<li>Renting de c\u00e1mara de videovigilancia Cherokee y sustituci\u00f3n en caso de aver\u00eda.<\/li>\n<li>Atenci\u00f3n al cliente personalizada.<\/li>\n<li>Tarjeta SIM multioperador y servicio internet incluido.<\/li>\n<li>Acceso a todas las funciones de Renyn System.<\/li>\n<\/ul>\n<p>[\/et_pb_text][et_pb_text _builder_version=&#8221;4.16&#8243; _module_preset=&#8221;default&#8221; text_font_size=&#8221;20px&#8221; custom_margin=&#8221;-175px||||false|false&#8221; custom_padding=&#8221;0px||||false|false&#8221; global_colors_info=&#8221;{}&#8221;]<\/p>\n<p style=\"text-align: center;\"><span style=\"color: #b2292e;\">Oferta de lanzamiento<\/span><\/p>\n<p>[\/et_pb_text][et_pb_text _builder_version=&#8221;4.16&#8243; _module_preset=&#8221;default&#8221; text_font_size=&#8221;23px&#8221; custom_margin=&#8221;||35px|||&#8221; global_colors_info=&#8221;{}&#8221;]<\/p>\n<p style=\"text-align: center;\">20\u20ac\/ MES+ IVA<\/p>\n<p>[\/et_pb_text][et_pb_button button_url=&#8221;https:\/\/renynsys.es\/pack-premium\/&#8221; button_text=&#8221;Lo quiero&#8221; _builder_version=&#8221;4.16&#8243; _module_preset=&#8221;f8c61b31-983d-42b4-92e8-26c071f1b562&#8243; global_colors_info=&#8221;{}&#8221;][\/et_pb_button][\/et_pb_column][\/et_pb_row][et_pb_row column_structure=&#8221;1_2,1_2&#8243; disabled_on=&#8221;off|off|on&#8221; _builder_version=&#8221;4.16&#8243; _module_preset=&#8221;default&#8221; global_colors_info=&#8221;{}&#8221;][et_pb_column type=&#8221;1_2&#8243; _builder_version=&#8221;4.16&#8243; _module_preset=&#8221;default&#8221; global_colors_info=&#8221;{}&#8221;][et_pb_text _builder_version=&#8221;4.16&#8243; _module_preset=&#8221;default&#8221; text_font_size=&#8221;22px&#8221; background_color=&#8221;#f3f4f5&#8243; custom_margin=&#8221;1px||||false|false&#8221; custom_padding=&#8221;14px||17px||false|false&#8221; border_radii=&#8221;off|20px|20px||&#8221; global_colors_info=&#8221;{}&#8221;]<\/p>\n<p style=\"text-align: center;\">Pack Est\u00e1ndar Renyn Systems<\/p>\n<p>[\/et_pb_text][et_pb_text _builder_version=&#8221;4.16&#8243; _module_preset=&#8221;default&#8221; text_font_size=&#8221;15px&#8221; text_line_height=&#8221;1.2em&#8221; custom_margin=&#8221;-36px||-5px||false|false&#8221; custom_padding=&#8221;25px|25px|188px|25px|false|false&#8221; border_radii=&#8221;off|||20px|20px&#8221; box_shadow_style=&#8221;preset3&#8243; global_colors_info=&#8221;{}&#8221;]<\/p>\n<ul>\n<li style=\"text-align: justify;\">Aficionados a la caza, uso personal o fincas de tama\u00f1o est\u00e1ndar.<\/li>\n<li style=\"text-align: justify;\">C\u00e1mara de videovigilancia adaptable a condiciones clim\u00e1ticas.<\/li>\n<li style=\"text-align: justify;\">Acceso a aplicaci\u00f3n Renyn Systems para controlar todo desde tu m\u00f3vil u ordenador.<\/li>\n<li style=\"text-align: justify;\">Tarjeta SIM Renyn Systems multioperador.<\/li>\n<\/ul>\n<p>[\/et_pb_text][et_pb_text _builder_version=&#8221;4.16&#8243; _module_preset=&#8221;default&#8221; text_font_size=&#8221;20px&#8221; custom_margin=&#8221;-175px||||false|false&#8221; custom_padding=&#8221;0px||||false|false&#8221; global_colors_info=&#8221;{}&#8221;]<\/p>\n<p style=\"text-align: center;\"><span style=\"color: #b2292e;\">Oferta de lanzamiento<\/span><\/p>\n<p>[\/et_pb_text][et_pb_text _builder_version=&#8221;4.16&#8243; _module_preset=&#8221;default&#8221; text_font_size=&#8221;23px&#8221; global_colors_info=&#8221;{}&#8221;]<\/p>\n<p style=\"text-align: center;\">107\u20ac + IVA<\/p>\n<p>[\/et_pb_text][et_pb_button button_url=&#8221;https:\/\/renynsys.es\/producto\/camara-cherokee\/&#8221; button_text=&#8221;A\u00f1adir al carrito&#8221; _builder_version=&#8221;4.16&#8243; _module_preset=&#8221;f8c61b31-983d-42b4-92e8-26c071f1b562&#8243; button_text_size=&#8221;16px&#8221; button_text_color=&#8221;#b2292e&#8221; global_colors_info=&#8221;{}&#8221;][\/et_pb_button][\/et_pb_column][et_pb_column type=&#8221;1_2&#8243; _builder_version=&#8221;4.16&#8243; _module_preset=&#8221;default&#8221; global_colors_info=&#8221;{}&#8221;][et_pb_divider show_divider=&#8221;off&#8221; _builder_version=&#8221;4.16&#8243; _module_preset=&#8221;default&#8221; global_colors_info=&#8221;{}&#8221;][\/et_pb_divider][et_pb_text _builder_version=&#8221;4.16&#8243; _module_preset=&#8221;default&#8221; text_font_size=&#8221;22px&#8221; background_color=&#8221;#f3f4f5&#8243; custom_margin=&#8221;1px||||false|false&#8221; custom_padding=&#8221;14px||17px||false|false&#8221; border_radii=&#8221;off|20px|20px||&#8221; global_colors_info=&#8221;{}&#8221;]<\/p>\n<p style=\"text-align: center;\">Pack Premium Renyn Systems<\/p>\n<p>[\/et_pb_text][et_pb_text _builder_version=&#8221;4.16&#8243; _module_preset=&#8221;default&#8221; text_font_size=&#8221;15px&#8221; text_line_height=&#8221;1.2em&#8221; custom_margin=&#8221;-36px||-5px||false|false&#8221; custom_padding=&#8221;25px|25px|188px|25px|false|false&#8221; border_radii=&#8221;off|||20px|20px&#8221; box_shadow_style=&#8221;preset3&#8243; global_colors_info=&#8221;{}&#8221;]<\/p>\n<ul>\n<li style=\"text-align: justify;\">Empresas, grandes fincas y entidades p\u00fablicas.<\/li>\n<li style=\"text-align: justify;\">Renting de c\u00e1mara de videovigilancia Cherokee y sustituci\u00f3n en caso de aver\u00eda.<\/li>\n<li style=\"text-align: justify;\">Atenci\u00f3n al cliente personalizada.<\/li>\n<li style=\"text-align: justify;\">Tarjeta SIM multioperador y servicio internet incluido.<\/li>\n<li style=\"text-align: justify;\">Acceso a todas las funciones de Renyn System.<\/li>\n<\/ul>\n<p>[\/et_pb_text][et_pb_text _builder_version=&#8221;4.16&#8243; _module_preset=&#8221;default&#8221; text_font_size=&#8221;20px&#8221; custom_margin=&#8221;-208px||||false|false&#8221; custom_padding=&#8221;26px||0px||false|false&#8221; global_colors_info=&#8221;{}&#8221;]<\/p>\n<p style=\"text-align: center;\"><span style=\"color: #b2292e;\">Oferta de lanzamiento<\/span><\/p>\n<p>[\/et_pb_text][et_pb_text _builder_version=&#8221;4.16&#8243; _module_preset=&#8221;default&#8221; text_font_size=&#8221;23px&#8221; global_colors_info=&#8221;{}&#8221;]<\/p>\n<p style=\"text-align: center;\">20\u20ac\/ MES+ IVA<\/p>\n<p>[\/et_pb_text][et_pb_button button_url=&#8221;https:\/\/renynsys.es\/pack-premium\/&#8221; button_text=&#8221;Lo quiero&#8221; _builder_version=&#8221;4.16&#8243; _module_preset=&#8221;f8c61b31-983d-42b4-92e8-26c071f1b562&#8243; button_text_size=&#8221;16px&#8221; global_colors_info=&#8221;{}&#8221;][\/et_pb_button][\/et_pb_column][\/et_pb_row][\/et_pb_section]<\/p>\n","protected":false},"excerpt":{"rendered":"<p>VIGIL\u00c2NCIA POR V\u00cdDEO 24 HORAS POR DIA!Evite intrus\u00f5es indesejadas e monitore o comportamento dos animais. Renyn Systems \u00e9 o primeiro sistema de vigil\u00e2ncia criado exclusivamente para os setores agr\u00edcola, florestal e de ca\u00e7a que possui intelig\u00eancia artificial.VIGIL\u00c2NCIA POR V\u00cdDEO 24 HORAS POR DIA! Evite intrus\u00f5es indesejadas e monitore o comportamento dos animais. Renyn Systems \u00e9 [&hellip;]<\/p>\n","protected":false},"author":3,"featured_media":0,"parent":0,"menu_order":0,"comment_status":"closed","ping_status":"closed","template":"","meta":{"_et_pb_use_builder":"on","_et_pb_old_content":"","_et_gb_content_width":"","_joinchat":[],"footnotes":""},"class_list":["post-2788","page","type-page","status-publish","hentry"],"_links":{"self":[{"href":"https:\/\/renynsys.es\/pt-pt\/wp-json\/wp\/v2\/pages\/2788","targetHints":{"allow":["GET"]}}],"collection":[{"href":"https:\/\/renynsys.es\/pt-pt\/wp-json\/wp\/v2\/pages"}],"about":[{"href":"https:\/\/renynsys.es\/pt-pt\/wp-json\/wp\/v2\/types\/page"}],"author":[{"embeddable":true,"href":"https:\/\/renynsys.es\/pt-pt\/wp-json\/wp\/v2\/users\/3"}],"replies":[{"embeddable":true,"href":"https:\/\/renynsys.es\/pt-pt\/wp-json\/wp\/v2\/comments?post=2788"}],"version-history":[{"count":0,"href":"https:\/\/renynsys.es\/pt-pt\/wp-json\/wp\/v2\/pages\/2788\/revisions"}],"wp:attachment":[{"href":"https:\/\/renynsys.es\/pt-pt\/wp-json\/wp\/v2\/media?parent=2788"}],"curies":[{"name":"wp","href":"https:\/\/api.w.org\/{rel}","templated":true}]}}