{"id":4065,"date":"2021-11-09T07:55:22","date_gmt":"2021-11-09T07:55:22","guid":{"rendered":"https:\/\/renynsys.es\/contacto\/"},"modified":"2023-08-11T09:04:50","modified_gmt":"2023-08-11T09:04:50","slug":"contacto","status":"publish","type":"page","link":"https:\/\/renynsys.es\/pt-pt\/contacto\/","title":{"rendered":"CONTATO"},"content":{"rendered":"<p>[et_pb_section fb_built=&#8221;1&#8243; _builder_version=&#8221;4.5.8&#8243; _module_preset=&#8221;default&#8221; background_image=&#8221;https:\/\/renynsys.es\/wp-content\/uploads\/2021\/11\/contacto-1.jpg&#8221; custom_padding=&#8221;||24px|||&#8221;][et_pb_row column_structure=&#8221;1_2,1_2&#8243; _builder_version=&#8221;4.5.8&#8243; _module_preset=&#8221;default&#8221; max_width=&#8221;1195px&#8221; custom_margin=&#8221;|auto|43px|auto||&#8221; custom_padding=&#8221;||0px|||&#8221;][et_pb_column type=&#8221;1_2&#8243; _builder_version=&#8221;4.5.8&#8243; _module_preset=&#8221;default&#8221;][et_pb_text disabled_on=&#8221;off|off|on&#8221; _builder_version=&#8221;4.5.8&#8243; _module_preset=&#8221;default&#8221; header_font_size=&#8221;22px&#8221;]<\/p>\n<h1><span style=\"color: #ffffff;\">Precisa que o ajudemos com uma solu\u00e7\u00e3o tecnol\u00f3gica \u00e0 medida?<\/span><\/h1>\n<p>[\/et_pb_text][et_pb_text disabled_on=&#8221;off|off|on&#8221; _builder_version=&#8221;4.5.8&#8243; _module_preset=&#8221;default&#8221; text_line_height=&#8221;1.2em&#8221;]<span style=\"color: #ffffff;\">Preencha este formul\u00e1rio e entraremos em contacto consigo o mais rapidamente poss\u00edvel.<\/span>[\/et_pb_text][wpforms_selector form_id=&#8221;916&#8243; _builder_version=&#8221;4.5.8&#8243; _module_preset=&#8221;default&#8221;][\/wpforms_selector][\/et_pb_column][et_pb_column type=&#8221;1_2&#8243; _builder_version=&#8221;4.5.8&#8243; _module_preset=&#8221;default&#8221;][et_pb_text disabled_on=&#8221;on|on|off&#8221; _builder_version=&#8221;4.5.8&#8243; _module_preset=&#8221;default&#8221; header_font_size=&#8221;26px&#8221;]<\/p>\n<h1><span style=\"color: #ffffff;\">Precisa que o ajudemos com uma solu\u00e7\u00e3o tecnol\u00f3gica \u00e0 medida?<\/span><\/h1>\n<p>[\/et_pb_text][et_pb_text disabled_on=&#8221;on|on|off&#8221; _builder_version=&#8221;4.5.8&#8243; _module_preset=&#8221;default&#8221; text_font_size=&#8221;18px&#8221;]<span style=\"color: #ffffff;\">Preencha este formul\u00e1rio e entraremos em contacto consigo o mais rapidamente poss\u00edvel.<\/span>[\/et_pb_text][\/et_pb_column][\/et_pb_row][\/et_pb_section][et_pb_section fb_built=&#8221;1&#8243; _builder_version=&#8221;4.5.8&#8243; _module_preset=&#8221;default&#8221; custom_margin=&#8221;26px|||||&#8221; custom_padding=&#8221;||23px|||&#8221;][et_pb_row _builder_version=&#8221;4.5.8&#8243; _module_preset=&#8221;default&#8221; custom_padding=&#8221;4px|||||&#8221;][et_pb_column type=&#8221;4_4&#8243; _builder_version=&#8221;4.5.8&#8243; _module_preset=&#8221;default&#8221;][et_pb_text disabled_on=&#8221;on|on|off&#8221; _builder_version=&#8221;4.5.8&#8243; _module_preset=&#8221;default&#8221;]<\/p>\n<h2 style=\"text-align: center;\"><em>Outras formas de nos contactar<\/em><\/h2>\n<p>[\/et_pb_text][et_pb_text disabled_on=&#8221;off|off|on&#8221; _builder_version=&#8221;4.5.8&#8243; _module_preset=&#8221;default&#8221; header_2_font_size=&#8221;22px&#8221;]<\/p>\n<h2 style=\"text-align: center;\"><em>Outras formas de nos contactar<\/em><\/h2>\n<p>[\/et_pb_text][\/et_pb_column][\/et_pb_row][et_pb_row column_structure=&#8221;1_3,1_3,1_3&#8243; _builder_version=&#8221;4.5.8&#8243; _module_preset=&#8221;default&#8221; animation_style=&#8221;slide&#8221;][et_pb_column type=&#8221;1_3&#8243; _builder_version=&#8221;4.5.8&#8243; _module_preset=&#8221;default&#8221;][et_pb_image src=&#8221;https:\/\/renynsys.es\/wp-content\/uploads\/2021\/11\/telefono.jpg&#8221; alt=&#8221;Entre em contacto connosco&#8221; title_text=&#8221;telefone&#8221; align=&#8221;center&#8221; _builder_version=&#8221;4.5.8&#8243; _module_preset=&#8221;default&#8221;][\/et_pb_image][et_pb_text _builder_version=&#8221;4.5.8&#8243; _module_preset=&#8221;default&#8221; text_font_size=&#8221;16px&#8221;]<\/p>\n<p style=\"text-align: center;\"><strong>Ligue-nos!<\/strong><\/p>\n<p>[\/et_pb_text][et_pb_text _builder_version=&#8221;4.5.8&#8243; _module_preset=&#8221;default&#8221;]<\/p>\n<p style=\"text-align: center;\">926 678 249<\/p>\n<p>[\/et_pb_text][\/et_pb_column][et_pb_column type=&#8221;1_3&#8243; _builder_version=&#8221;4.5.8&#8243; _module_preset=&#8221;default&#8221;][et_pb_image src=&#8221;https:\/\/renynsys.es\/wp-content\/uploads\/2021\/11\/mensaje-1.jpg&#8221; alt=&#8221;Entre em contacto connosco&#8221; title_text=&#8221;mensagem&#8221; align=&#8221;center&#8221; _builder_version=&#8221;4.5.8&#8243; _module_preset=&#8221;default&#8221; custom_margin=&#8221;||43px|||&#8221;][\/et_pb_image][et_pb_text content_tablet=&#8221;<\/p>\n<p style=%22text-align: center;%22><strong>Enviar-nos uma mensagem de correio electr\u00f3nico<\/strong><\/p>\n<p>&#8221; content_phone=&#8221;<\/p>\n<p style=%22text-align: center;%22><strong>Enviar-nos uma mensagem de correio electr\u00f3nico<\/strong><\/p>\n<p>&#8221; content_last_edited=&#8221;on|phone&#8221; _builder_version=&#8221;4.5.8&#8243; _module_preset=&#8221;default&#8221; text_font_size=&#8221;16px&#8221;]<\/p>\n<p style=\"text-align: center;\"><strong>Enviar-nos uma mensagem de correio electr\u00f3nico<\/strong><\/p>\n<p>[\/et_pb_text][et_pb_text _builder_version=&#8221;4.5.8&#8243; _module_preset=&#8221;default&#8221;]<\/p>\n<p style=\"text-align: center;\">  info@renynsys.es<\/p>\n<p>[\/et_pb_text][\/et_pb_column][et_pb_column type=&#8221;1_3&#8243; _builder_version=&#8221;4.5.8&#8243; _module_preset=&#8221;default&#8221;][et_pb_image src=&#8221;https:\/\/renynsys.es\/wp-content\/uploads\/2021\/11\/ubicacion2.jpg&#8221; alt=&#8221;Entre em contacto connosco&#8221; title_text=&#8221;localiza\u00e7\u00e3o2&#8243; align=&#8221;center&#8221; _builder_version=&#8221;4.5.8&#8243; _module_preset=&#8221;default&#8221;][\/et_pb_image][et_pb_text content_tablet=&#8221;<\/p>\n<p style=%22text-align: center;%22><strong>Venha conhecer-nos<\/strong><\/p>\n<p>&#8221; content_phone=&#8221;<\/p>\n<p style=%22text-align: center;%22><strong>Venha conhecer-nos<\/strong><\/p>\n<p>&#8221; content_last_edited=&#8221;on|phone&#8221; _builder_version=&#8221;4.5.8&#8243; _module_preset=&#8221;default&#8221; text_font_size=&#8221;16px&#8221;]<\/p>\n<p style=\"text-align: center;\"><strong>Venha conhecer-nos<\/strong><\/p>\n<p>[\/et_pb_text][et_pb_text _builder_version=&#8221;4.5.8&#8243; _module_preset=&#8221;default&#8221;]<\/p>\n<p style=\"text-align: center;\">Plaza de Cervantes, 4, 1\u00baA.<br \/>\nCiudad Real (Espanha)<\/p>\n<p>[\/et_pb_text][\/et_pb_column][\/et_pb_row][\/et_pb_section][et_pb_section fb_built=&#8221;1&#8243; _builder_version=&#8221;4.5.8&#8243; _module_preset=&#8221;default&#8221; custom_padding=&#8221;0px|||||&#8221;][et_pb_row _builder_version=&#8221;4.5.8&#8243; _module_preset=&#8221;default&#8221; custom_padding=&#8221;1px|||||&#8221;][et_pb_column type=&#8221;4_4&#8243; _builder_version=&#8221;4.5.8&#8243; _module_preset=&#8221;default&#8221;][et_pb_code _builder_version=&#8221;4.5.8&#8243; _module_preset=&#8221;default&#8221;]<iframe src=\"https:\/\/www.google.com\/maps\/embed?pb=!1m18!1m12!1m3!1d3101.364455150843!2d-3.9310287843236176!3d38.98417774942865!2m3!1f0!2f0!3f0!3m2!1i1024!2i768!4f13.1!3m3!1m2!1s0xd6bc3152ce85835%3A0x5c5ef80750c0983!2sPl.%20Cervantes%2C%204%2C%2013001%20Ciudad%20Real%2C%20Cdad.%20Real!5e0!3m2!1ses!2ses!4v1648207408171!5m2!1ses!2ses\" width=\"1300\" height=\"500\" style=\"border:0;\" allowfullscreen=\"\" loading=\"lazy\" referrerpolicy=\"no-referrer-when-downgrade\"><\/iframe>[\/et_pb_code][\/et_pb_column][\/et_pb_row][\/et_pb_section][et_pb_section fb_built=&#8221;1&#8243; _builder_version=&#8221;4.5.8&#8243; _module_preset=&#8221;default&#8221; background_color=&#8221;#f3f4f5&#8243;][et_pb_row _builder_version=&#8221;4.5.8&#8243; _module_preset=&#8221;default&#8221;][et_pb_column type=&#8221;4_4&#8243; _builder_version=&#8221;4.5.8&#8243; _module_preset=&#8221;default&#8221;][et_pb_text content_tablet=&#8221;&#8221; content_phone=&#8221;&#8221; content_last_edited=&#8221;on|desktop&#8221; disabled_on=&#8221;on|on|off&#8221; _builder_version=&#8221;4.5.8&#8243; _module_preset=&#8221;default&#8221; locked=&#8221;off&#8221;]<\/p>\n<h2 style=\"text-align: center;\"><em>Siga-nos nas nossas redes sociais<\/em><\/h2>\n<p>[\/et_pb_text][et_pb_text content_tablet=&#8221;<\/p>\n<h2 style=%22text-align: center;%22><em>Siga-nos nas nossas redes sociais<\/em><\/h2>\n<p>&#8221; content_phone=&#8221;<\/p>\n<h2 style=%22text-align: center;%22><em>Siga-nos nas nossas redes sociais<\/em><\/h2>\n<p>&#8221; content_last_edited=&#8221;on|phone&#8221; disabled_on=&#8221;off|off|on&#8221; _builder_version=&#8221;4.5.8&#8243; _module_preset=&#8221;default&#8221; header_2_font_size=&#8221;22px&#8221; locked=&#8221;off&#8221;]<\/p>\n<h2 style=\"text-align: center;\"><em>Siga-nos nas nossas redes sociais<\/em><\/h2>\n<p>[\/et_pb_text][et_pb_text content_tablet=&#8221;<\/p>\n<p style=%22text-align: center;%22>Carregamos diariamente conte\u00fados com fotografias e v\u00eddeos captados pelas nossas c\u00e2maras.<br \/>  N\u00e3o perca!<\/p>\n<p>&#8221; content_phone=&#8221;<\/p>\n<p>Carregamos diariamente conte\u00fados com fotografias e v\u00eddeos captados pelas nossas c\u00e2maras. N\u00e3o perca!<\/p>\n<p>&#8221; content_last_edited=&#8221;on|phone&#8221; _builder_version=&#8221;4.5.8&#8243; _module_preset=&#8221;default&#8221; text_font_size=&#8221;16px&#8221;]<\/p>\n<p style=\"text-align: center;\">Carregamos diariamente conte\u00fados com fotografias e v\u00eddeos captados pelas nossas c\u00e2maras.<br \/>  N\u00e3o perca!<\/p>\n<p>[\/et_pb_text][\/et_pb_column][\/et_pb_row][et_pb_row column_structure=&#8221;1_3,1_3,1_3&#8243; _builder_version=&#8221;4.5.8&#8243; _module_preset=&#8221;default&#8221; animation_style=&#8221;fade&#8221;][et_pb_column type=&#8221;1_3&#8243; _builder_version=&#8221;4.5.8&#8243; _module_preset=&#8221;default&#8221;][et_pb_image src=&#8221;https:\/\/renynsys.es\/wp-content\/uploads\/2021\/11\/face.png&#8221; alt=&#8221;Sistemas Renyn&#8221; title_text=&#8221;rosto&#8221; url=&#8221;https:\/\/www.facebook.com\/RenynSystems&#8221; url_new_window=&#8221;on&#8221; align=&#8221;center&#8221; _builder_version=&#8221;4.5.8&#8243; _module_preset=&#8221;default&#8221;][\/et_pb_image][\/et_pb_column][et_pb_column type=&#8221;1_3&#8243; _builder_version=&#8221;4.5.8&#8243; _module_preset=&#8221;default&#8221;][et_pb_image src=&#8221;https:\/\/renynsys.es\/wp-content\/uploads\/2021\/11\/insta.png&#8221; alt=&#8221;Sistemas Renyn&#8221; title_text=&#8221;impulsos&#8221; url=&#8221;https:\/\/www.instagram.com\/renynsys\/&#8221; align=&#8221;center&#8221; _builder_version=&#8221;4.5.8&#8243; _module_preset=&#8221;default&#8221;][\/et_pb_image][\/et_pb_column][et_pb_column type=&#8221;1_3&#8243; _builder_version=&#8221;4.5.8&#8243; _module_preset=&#8221;default&#8221;][et_pb_image src=&#8221;https:\/\/renynsys.es\/wp-content\/uploads\/2021\/11\/linkedin.png&#8221; alt=&#8221;Sistemas Renyn&#8221; title_text=&#8221;linkedin&#8221; url=&#8221;https:\/\/www.linkedin.com\/company\/71809565\/admin\/&#8221; align=&#8221;center&#8221; _builder_version=&#8221;4.5.8&#8243; _module_preset=&#8221;default&#8221;][\/et_pb_image][\/et_pb_column][\/et_pb_row][\/et_pb_section][et_pb_section fb_built=&#8221;1&#8243; _builder_version=&#8221;4.5.8&#8243; _module_preset=&#8221;default&#8221; custom_padding=&#8221;0px||0px|||&#8221;][et_pb_row _builder_version=&#8221;4.5.8&#8243; _module_preset=&#8221;default&#8221;][et_pb_column type=&#8221;4_4&#8243; _builder_version=&#8221;4.5.8&#8243; _module_preset=&#8221;default&#8221;][et_pb_divider show_divider=&#8221;off&#8221; _builder_version=&#8221;4.5.8&#8243; _module_preset=&#8221;default&#8221;][\/et_pb_divider][\/et_pb_column][\/et_pb_row][\/et_pb_section]<\/p>\n","protected":false},"excerpt":{"rendered":"<p>Precisa que o ajudemos com uma solu\u00e7\u00e3o tecnol\u00f3gica \u00e0 medida?Preencha este formul\u00e1rio e entraremos em contacto consigo o mais rapidamente poss\u00edvel.<div class=\"et_pb_module wpforms_selector wpforms_selector_0\">\n\t\t\t\t\n\t\t\t\t\n\t\t\t\t\n\t\t\t\t\n\t\t\t\t\n\t\t\t\t\n\t\t\t\t<div class=\"et_pb_module_inner\">\n\t\t\t\t\t<div class=\"wpforms-container wpforms-container-full\" id=\"wpforms-916\"><form id=\"wpforms-form-916\" class=\"wpforms-validate wpforms-form wpforms-ajax-form\" data-formid=\"916\" method=\"post\" enctype=\"multipart\/form-data\" action=\"\/pt-pt\/wp-json\/wp\/v2\/pages\/4065\" data-token=\"980aa63eea87e871d5f4883ccbad9d85\" data-token-time=\"1775569755\"><noscript class=\"wpforms-error-noscript\">Please enable JavaScript in your browser to complete this form.<\/noscript><div class=\"wpforms-field-container\"><div id=\"wpforms-916-field_1-container\" class=\"wpforms-field wpforms-field-name\" data-field-id=\"1\"><label class=\"wpforms-field-label\" for=\"wpforms-916-field_1\">\u00bfC\u00f3mo te llamas? <span class=\"wpforms-required-label\">*<\/span><\/label><input type=\"text\" id=\"wpforms-916-field_1\" class=\"wpforms-field-medium wpforms-field-required\" name=\"wpforms[fields][1]\" required><\/div><div id=\"wpforms-916-field_2-container\" class=\"wpforms-field wpforms-field-email\" data-field-id=\"2\"><label class=\"wpforms-field-label\" for=\"wpforms-916-field_2\">\u00bfCu\u00e1l es tu email? <span class=\"wpforms-required-label\">*<\/span><\/label><input type=\"email\" id=\"wpforms-916-field_2\" class=\"wpforms-field-medium wpforms-field-required\" name=\"wpforms[fields][2]\" spellcheck=\"false\" required><\/div><div id=\"wpforms-916-field_4-container\" class=\"wpforms-field wpforms-field-text\" data-field-id=\"4\"><label class=\"wpforms-field-label\" for=\"wpforms-916-field_4\">\u00bfCu\u00e1l es tu tel\u00e9fono? <span class=\"wpforms-required-label\">*<\/span><\/label><input type=\"text\" id=\"wpforms-916-field_4\" class=\"wpforms-field-medium wpforms-field-required\" name=\"wpforms[fields][4]\" required><\/div><div id=\"wpforms-916-field_5-container\" class=\"wpforms-field wpforms-field-checkbox\" data-field-id=\"5\"><label class=\"wpforms-field-label\">\u00bfEn qu\u00e9 franja horaria podemos llamarte? <span class=\"wpforms-required-label\">*<\/span><\/label><ul id=\"wpforms-916-field_5\" class=\"wpforms-field-required\"><li class=\"choice-1 depth-1\"><input type=\"checkbox\" id=\"wpforms-916-field_5_1\" name=\"wpforms[fields][5][]\" value=\"De 8 a 12 de la ma\u00f1ana\" required ><label class=\"wpforms-field-label-inline\" for=\"wpforms-916-field_5_1\">De 8 a 12 de la ma\u00f1ana<\/label><\/li><li class=\"choice-2 depth-1\"><input type=\"checkbox\" id=\"wpforms-916-field_5_2\" name=\"wpforms[fields][5][]\" value=\"De 12 a 3 de la tarde\" required ><label class=\"wpforms-field-label-inline\" for=\"wpforms-916-field_5_2\">De 12 a 3 de la tarde<\/label><\/li><li class=\"choice-3 depth-1\"><input type=\"checkbox\" id=\"wpforms-916-field_5_3\" name=\"wpforms[fields][5][]\" value=\"De 4 a 7 de la tarde\" required ><label class=\"wpforms-field-label-inline\" for=\"wpforms-916-field_5_3\">De 4 a 7 de la tarde<\/label><\/li><\/ul><\/div><div id=\"wpforms-916-field_7-container\" class=\"wpforms-field wpforms-field-textarea\" data-field-id=\"7\"><label class=\"wpforms-field-label\" for=\"wpforms-916-field_7\">\u00bfC\u00f3mo te podemos ayudar? <span class=\"wpforms-required-label\">*<\/span><\/label><textarea id=\"wpforms-916-field_7\" class=\"wpforms-field-medium wpforms-field-required\" name=\"wpforms[fields][7]\" required><\/textarea><\/div><\/div><!-- .wpforms-field-container --><div class=\"wpforms-recaptcha-container wpforms-is-recaptcha wpforms-is-recaptcha-type-v2\" ><div class=\"g-recaptcha\" data-sitekey=\"6LeWq6sgAAAAAG6MeYG1iqsQCW5PQbTTWVEwzW_p\"><\/div><input type=\"text\" name=\"g-recaptcha-hidden\" class=\"wpforms-recaptcha-hidden\" style=\"position:absolute!important;clip:rect(0,0,0,0)!important;height:1px!important;width:1px!important;border:0!important;overflow:hidden!important;padding:0!important;margin:0!important;\" data-rule-recaptcha=\"1\"><\/div><div class=\"wpforms-submit-container\" ><input type=\"hidden\" name=\"wpforms[id]\" value=\"916\"><input type=\"hidden\" name=\"page_title\" value=\"\"><input type=\"hidden\" name=\"page_url\" value=\"https:\/\/renynsys.es\/pt-pt\/wp-json\/wp\/v2\/pages\/4065\"><input type=\"hidden\" name=\"url_referer\" value=\"\"><button type=\"submit\" name=\"wpforms[submit]\" id=\"wpforms-submit-916\" class=\"wpforms-submit\" data-alt-text=\"Enviando...\" data-submit-text=\"Enviar\" aria-live=\"assertive\" value=\"wpforms-submit\">Enviar<\/button><img loading=\"lazy\" decoding=\"async\" src=\"https:\/\/renynsys.es\/wp-content\/plugins\/wpforms-lite\/assets\/images\/submit-spin.svg\" class=\"wpforms-submit-spinner\" style=\"display: none;\" width=\"26\" height=\"26\" alt=\"Loading\"><\/div><\/form><\/div>  <!-- .wpforms-container -->\n\t\t\t\t<\/div>\n\t\t\t<\/div>Precisa que o ajudemos com uma solu\u00e7\u00e3o tecnol\u00f3gica \u00e0 medida?Preencha este formul\u00e1rio e entraremos em contacto consigo o mais rapidamente poss\u00edvel.Outras formas de nos contactarOutras formas de nos contactarLigue-nos!926 678 249Enviar-nos uma [&hellip;]<\/p>\n","protected":false},"author":3,"featured_media":0,"parent":0,"menu_order":0,"comment_status":"closed","ping_status":"closed","template":"","meta":{"_et_pb_use_builder":"on","_et_pb_old_content":"","_et_gb_content_width":"","_joinchat":[],"footnotes":""},"class_list":["post-4065","page","type-page","status-publish","hentry"],"_links":{"self":[{"href":"https:\/\/renynsys.es\/pt-pt\/wp-json\/wp\/v2\/pages\/4065","targetHints":{"allow":["GET"]}}],"collection":[{"href":"https:\/\/renynsys.es\/pt-pt\/wp-json\/wp\/v2\/pages"}],"about":[{"href":"https:\/\/renynsys.es\/pt-pt\/wp-json\/wp\/v2\/types\/page"}],"author":[{"embeddable":true,"href":"https:\/\/renynsys.es\/pt-pt\/wp-json\/wp\/v2\/users\/3"}],"replies":[{"embeddable":true,"href":"https:\/\/renynsys.es\/pt-pt\/wp-json\/wp\/v2\/comments?post=4065"}],"version-history":[{"count":0,"href":"https:\/\/renynsys.es\/pt-pt\/wp-json\/wp\/v2\/pages\/4065\/revisions"}],"wp:attachment":[{"href":"https:\/\/renynsys.es\/pt-pt\/wp-json\/wp\/v2\/media?parent=4065"}],"curies":[{"name":"wp","href":"https:\/\/api.w.org\/{rel}","templated":true}]}}