{"id":4129,"date":"2021-11-11T08:48:25","date_gmt":"2021-11-11T08:48:25","guid":{"rendered":"https:\/\/renynsys.es\/pacote-premium\/"},"modified":"2023-06-02T13:13:04","modified_gmt":"2023-06-02T13:13:04","slug":"pacote-premium","status":"publish","type":"page","link":"https:\/\/renynsys.es\/pt-pt\/pacote-premium\/","title":{"rendered":"Pacote Premium"},"content":{"rendered":"<p>[et_pb_section fb_built=&#8221;1&#8243; disabled_on=&#8221;on|on|off&#8221; _builder_version=&#8221;4.12.1&#8243; _module_preset=&#8221;default&#8221; custom_padding=&#8221;45px|||||&#8221; locked=&#8221;off&#8221;][et_pb_row _builder_version=&#8221;4.5.8&#8243; _module_preset=&#8221;default&#8221; max_width=&#8221;1195px&#8221;][et_pb_column type=&#8221;4_4&#8243; _builder_version=&#8221;4.12.1&#8243; _module_preset=&#8221;default&#8221;][et_pb_text content_tablet=&#8221;<\/p>\n<h1 style=\"%22text-align:\" center;%22=\"\"><em><span style=\"%22color:\" #b2292e;%22=\"\">Crea tu sistema de Videovigilancia Renyn Systems<\/span><\/em><\/h1>\n<p>&#8221; content_phone=&#8221;<\/p>\n<h1 style=\"%22text-align:\" center;%22=\"\"><em><span style=\"%22color:\" #b2292e;%22=\"\">Crea tu sistema de Videovigilancia Renyn Systems<\/span><\/em><\/h1>\n<p>&#8221; content_last_edited=&#8221;on|desktop&#8221; _builder_version=&#8221;4.5.8&#8243; _module_preset=&#8221;default&#8221; header_font_size=&#8221;26px&#8221;]<\/p>\n<h1 style=\"text-align: center;\"><em><span style=\"color: #b2292e;\">O pr\u00f3ximo passo para garantir a sua seguran\u00e7a<\/span><\/em><\/h1>\n<p>[\/et_pb_text][\/et_pb_column][\/et_pb_row][et_pb_row column_structure=&#8221;1_2,1_2&#8243; _builder_version=&#8221;4.5.8&#8243; _module_preset=&#8221;default&#8221; max_width=&#8221;1195px&#8221; animation_style=&#8221;slide&#8221;][et_pb_column type=&#8221;1_2&#8243; _builder_version=&#8221;4.5.8&#8243; _module_preset=&#8221;default&#8221;][et_pb_image src=&#8221;https:\/\/renynsys.es\/wp-content\/uploads\/2021\/11\/4.8CG-5.jpg&#8221; alt=&#8221;Sistema de videovigil\u00e2ncia para propriedades&#8221; title_text=&#8221;4.8CG-5&#8243; align=&#8221;center&#8221; _builder_version=&#8221;4.5.8&#8243; _module_preset=&#8221;default&#8221; width=&#8221;80%&#8221; custom_margin=&#8221;||0px|||&#8221;][\/et_pb_image][et_pb_text _builder_version=&#8221;4.5.8&#8243; _module_preset=&#8221;default&#8221; text_font_size=&#8221;22px&#8221;]<\/p>\n<p style=\"text-align: center;\">Oferta de lan\u00e7amento<\/p>\n<p style=\"text-align: center;\"><em><span style=\"color: #b2292e;\">20\u20ac \/ M\u00eas + IVA<\/span><\/em><\/p>\n<p>[\/et_pb_text][\/et_pb_column][et_pb_column type=&#8221;1_2&#8243; _builder_version=&#8221;4.5.8&#8243; _module_preset=&#8221;default&#8221;][et_pb_text content_tablet=&#8221;&#8221; content_phone=&#8221;&#8221; content_last_edited=&#8221;on|phone&#8221; _builder_version=&#8221;4.5.8&#8243; _module_preset=&#8221;default&#8221; header_2_font_size=&#8221;22px&#8221;]<\/p>\n<h2>ESCOLHEU O PACOTE PREMIUM DA RENYN SYSTEMS QUE INCLUI<\/h2>\n<p>[\/et_pb_text][et_pb_text content_tablet=&#8221;&#8221; content_phone=&#8221;&#8221; content_last_edited=&#8221;on|desktop&#8221; _builder_version=&#8221;4.5.8&#8243; _module_preset=&#8221;default&#8221;]<\/p>\n<p style=\"text-align: justify;\">C\u00e2mara de armadilhagem fotogr\u00e1fica de alta resolu\u00e7\u00e3o com cart\u00e3o multi-operador, servi\u00e7o mensal de Internet e acesso \u00e0 nossa aplica\u00e7\u00e3o com todas as funcionalidades activas.<\/p>\n<p>[\/et_pb_text][et_pb_text content_tablet=&#8221;&#8221; content_phone=&#8221;&#8221; content_last_edited=&#8221;on|desktop&#8221; _builder_version=&#8221;4.5.8&#8243; _module_preset=&#8221;default&#8221;]<\/p>\n<p><b>DESTA FORMA, \u00c9 POSS\u00cdVEL:<\/b><\/p>\n<p><img loading=\"lazy\" decoding=\"async\" src=\"https:\/\/renynsys.es\/wp-content\/uploads\/2021\/11\/flechac-3.jpg\" width=\"8\" height=\"13\" alt=\"Sistemas Renyn\" class=\"wp-image-461 alignnone size-full\" title=\"\">  Gerir toda a sua seguran\u00e7a de v\u00eddeo a partir do seu telem\u00f3vel<br \/>\n<img loading=\"lazy\" decoding=\"async\" src=\"https:\/\/renynsys.es\/wp-content\/uploads\/2021\/11\/flechac-3.jpg\" width=\"8\" height=\"13\" alt=\"Sistemas Renyn\" class=\"wp-image-461 alignnone size-full\" title=\"\">  Criar grupos para partilhar imagens das suas c\u00e2maras<br \/>\n<img loading=\"lazy\" decoding=\"async\" src=\"https:\/\/renynsys.es\/wp-content\/uploads\/2021\/11\/flechac-3.jpg\" width=\"8\" height=\"13\" alt=\"Sistemas Renyn\" class=\"wp-image-461 alignnone size-full\" title=\"\">  Detectar pessoas, animais, ve\u00edculos e matr\u00edculas<br \/>\n<img loading=\"lazy\" decoding=\"async\" src=\"https:\/\/renynsys.es\/wp-content\/uploads\/2021\/11\/flechac-3.jpg\" width=\"8\" height=\"13\" alt=\"Sistemas Renyn\" class=\"wp-image-461 alignnone size-full\" title=\"\">  Receber alertas em tempo real<\/p>\n<p>[\/et_pb_text][et_pb_text _builder_version=&#8221;4.5.8&#8243; _module_preset=&#8221;default&#8221;]<\/p>\n<p><strong>QUAL \u00c9 O PR\u00d3XIMO PASSO?<\/strong><\/p>\n<p style=\"text-align: justify;\">O pr\u00f3ximo passo \u00e9 preencher o formul\u00e1rio abaixo e n\u00f3s entraremos em contacto consigo.<\/p>\n<p style=\"text-align: justify;\">O Renyn Systems Premium Pack \u00e9 um servi\u00e7o personalizado para empresas, grandes propriet\u00e1rios e entidades p\u00fablicas. Aconselh\u00e1-lo-emos sobre a forma mais adequada de o aplicar em fun\u00e7\u00e3o da sua situa\u00e7\u00e3o, do seu terreno, etc.<\/p>\n<p style=\"text-align: justify;\">[\/et_pb_text][\/et_pb_column][\/et_pb_row][et_pb_row _builder_version=&#8221;4.5.8&#8243; _module_preset=&#8221;default&#8221; max_width=&#8221;1195px&#8221;][et_pb_column type=&#8221;4_4&#8243; _builder_version=&#8221;4.5.8&#8243; _module_preset=&#8221;default&#8221;][et_pb_text _builder_version=&#8221;4.5.8&#8243; _module_preset=&#8221;default&#8221; text_font_size=&#8221;16px&#8221;]<\/p>\n<p style=\"text-align: center;\">*Preencha<em>o formul\u00e1rio e entraremos em contacto consigo no prazo de 48 horas \u00fateis<\/em>.<\/p>\n<p>[\/et_pb_text][wpforms_selector form_id=&#8221;961&#8243; _builder_version=&#8221;4.5.8&#8243; _module_preset=&#8221;default&#8221;][\/wpforms_selector][\/et_pb_column][\/et_pb_row][\/et_pb_section][et_pb_section fb_built=&#8221;1&#8243; disabled_on=&#8221;off|off|on&#8221; _builder_version=&#8221;4.12.1&#8243; _module_preset=&#8221;default&#8221; custom_padding=&#8221;45px|||||&#8221; locked=&#8221;off&#8221;][et_pb_row _builder_version=&#8221;4.5.8&#8243; _module_preset=&#8221;default&#8221; max_width=&#8221;1195px&#8221;][et_pb_column type=&#8221;4_4&#8243; _builder_version=&#8221;4.12.1&#8243; _module_preset=&#8221;default&#8221;][et_pb_text content_tablet=&#8221;<\/p>\n<h1 style=\"%22text-align:\" center;%22=\"\"><em><span style=\"%22color:\" #b2292e;%22=\"\">El siguiente paso para garantizar tu seguridad<\/span><\/em><\/h1>\n<p>&#8221; content_phone=&#8221;<\/p>\n<h1 style=\"%22text-align:\" center;%22=\"\"><em><span style=\"%22color:\" #b2292e;%22=\"\">El siguiente paso para garantizar tu seguridad<\/span><\/em><\/h1>\n<p>&#8221; content_last_edited=&#8221;on|phone&#8221; _builder_version=&#8221;4.5.8&#8243; _module_preset=&#8221;default&#8221; header_font_size=&#8221;22px&#8221;]<\/p>\n<h1 style=\"text-align: center;\"><em><span style=\"color: #b2292e;\">O pr\u00f3ximo passo para garantir a sua seguran\u00e7a<\/span><\/em><\/h1>\n<p>[\/et_pb_text][\/et_pb_column][\/et_pb_row][et_pb_row column_structure=&#8221;1_2,1_2&#8243; _builder_version=&#8221;4.5.8&#8243; _module_preset=&#8221;default&#8221; max_width=&#8221;1195px&#8221; animation_style=&#8221;slide&#8221; custom_padding=&#8221;5px|||||&#8221;][et_pb_column type=&#8221;1_2&#8243; _builder_version=&#8221;4.5.8&#8243; _module_preset=&#8221;default&#8221;][et_pb_text content_tablet=&#8221;<\/p>\n<h2>ESCOLHEU O PACOTE PREMIUM DA RENYN SYSTEMS QUE INCLUI<\/h2>\n<p>&#8221; content_phone=&#8221;<\/p>\n<h2>ESCOLHEU O PACOTE PREMIUM DA RENYN SYSTEMS QUE INCLUI<\/h2>\n<p>&#8221; content_last_edited=&#8221;on|phone&#8221; _builder_version=&#8221;4.5.8&#8243; _module_preset=&#8221;default&#8221; header_2_font_size=&#8221;18px&#8221;]<\/p>\n<h2>ESCOLHEU O PACOTE PREMIUM DA RENYN SYSTEMS QUE INCLUI<\/h2>\n<p>[\/et_pb_text][et_pb_image src=&#8221;https:\/\/renynsys.es\/wp-content\/uploads\/2021\/11\/4.8CG-5.jpg&#8221; alt=&#8221;Sistema de videovigil\u00e2ncia para propriedades&#8221; title_text=&#8221;4.8CG-5&#8243; align=&#8221;center&#8221; _builder_version=&#8221;4.5.8&#8243; _module_preset=&#8221;default&#8221; width=&#8221;80%&#8221; custom_margin=&#8221;-15px||0px|||&#8221; custom_padding=&#8221;0px|||||&#8221;][\/et_pb_image][et_pb_text _builder_version=&#8221;4.5.8&#8243; _module_preset=&#8221;default&#8221; text_font_size=&#8221;22px&#8221;]<\/p>\n<p style=\"text-align: center;\">Oferta de lan\u00e7amento<\/p>\n<p style=\"text-align: center;\"><em><span style=\"color: #b2292e;\">20\u20ac \/ M\u00eas + IVA<\/span><\/em><\/p>\n<p>[\/et_pb_text][et_pb_text content_tablet=&#8221;<\/p>\n<p style=\"%22text-align:\" justify;%22=\"\">C\u00e1mara de fototrampeo de alta resoluci\u00f3n con tarjeta multioperador, servicio de internet mensual y acceso a nuestra aplicaci\u00f3n con todas las funcionalidades activas.<\/p>\n<p>&#8221; content_phone=&#8221;<\/p>\n<p style=\"%22text-align:\" justify;%22=\"\">C\u00e1mara de fototrampeo de alta resoluci\u00f3n con tarjeta multioperador, servicio de internet mensual y acceso a nuestra aplicaci\u00f3n con todas las funcionalidades activas.<\/p>\n<p>&#8221; content_last_edited=&#8221;on|phone&#8221; _builder_version=&#8221;4.5.8&#8243; _module_preset=&#8221;default&#8221;]<\/p>\n<p style=\"text-align: justify;\">C\u00e2mara de armadilhagem fotogr\u00e1fica de alta resolu\u00e7\u00e3o com cart\u00e3o multi-operador, servi\u00e7o mensal de Internet e acesso \u00e0 nossa aplica\u00e7\u00e3o com todas as funcionalidades activas.<\/p>\n<p>[\/et_pb_text][et_pb_text content_tablet=&#8221;<\/p>\n<p><b>DE ESTE MODO PUEDES:<\/b><\/p>\n<p><img decoding=\"async\" src=\"%22https:\/\/renynsys.es\/wp-content\/uploads\/2021\/11\/flechac-3.jpg%22\" width=\"%228%22\" height=\"%2213%22\" alt=\"%22Renyn\" systems%22=\"\" class=\"%22wp-image-461\" alignnone=\"\" size-full%22=\"\" title=\"\"> Gestionar toda tu videoseguridad desde el m\u00f3vil<br \/>\n<img decoding=\"async\" src=\"%22https:\/\/renynsys.es\/wp-content\/uploads\/2021\/11\/flechac-3.jpg%22\" width=\"%228%22\" height=\"%2213%22\" alt=\"%22Renyn\" systems%22=\"\" class=\"%22wp-image-461\" alignnone=\"\" size-full%22=\"\" title=\"\"> Crear grupos para compartir im\u00e1genes de tus c\u00e1maras<br \/>\n<img decoding=\"async\" src=\"%22https:\/\/renynsys.es\/wp-content\/uploads\/2021\/11\/flechac-3.jpg%22\" width=\"%228%22\" height=\"%2213%22\" alt=\"%22Renyn\" systems%22=\"\" class=\"%22wp-image-461\" alignnone=\"\" size-full%22=\"\" title=\"\"> Detectar personas, animales, veh\u00edculos y matr\u00edculas<br \/>\n<img decoding=\"async\" src=\"%22https:\/\/renynsys.es\/wp-content\/uploads\/2021\/11\/flechac-3.jpg%22\" width=\"%228%22\" height=\"%2213%22\" alt=\"%22Renyn\" systems%22=\"\" class=\"%22wp-image-461\" alignnone=\"\" size-full%22=\"\" title=\"\"> Recibir avisos en tiempo real<\/p>\n<p>&#8221; content_phone=&#8221;<\/p>\n<p><b>DE ESTE MODO PUEDES:<\/b><\/p>\n<p><img decoding=\"async\" src=\"%22https:\/\/renynsys.es\/wp-content\/uploads\/2021\/11\/flechac-3.jpg%22\" width=\"%228%22\" height=\"%2213%22\" alt=\"%22Renyn\" systems%22=\"\" class=\"%22wp-image-461\" alignnone=\"\" size-full%22=\"\" title=\"\"> Gestionar toda tu videoseguridad desde el m\u00f3vil<br \/>\n<img decoding=\"async\" src=\"%22https:\/\/renynsys.es\/wp-content\/uploads\/2021\/11\/flechac-3.jpg%22\" width=\"%228%22\" height=\"%2213%22\" alt=\"%22Renyn\" systems%22=\"\" class=\"%22wp-image-461\" alignnone=\"\" size-full%22=\"\" title=\"\"> Crear grupos para compartir im\u00e1genes de tus c\u00e1maras<br \/>\n<img decoding=\"async\" src=\"%22https:\/\/renynsys.es\/wp-content\/uploads\/2021\/11\/flechac-3.jpg%22\" width=\"%228%22\" height=\"%2213%22\" alt=\"%22Renyn\" systems%22=\"\" class=\"%22wp-image-461\" alignnone=\"\" size-full%22=\"\" title=\"\"> Detectar personas, animales, veh\u00edculos y matr\u00edculas<br \/>\n<img decoding=\"async\" src=\"%22https:\/\/renynsys.es\/wp-content\/uploads\/2021\/11\/flechac-3.jpg%22\" width=\"%228%22\" height=\"%2213%22\" alt=\"%22Renyn\" systems%22=\"\" class=\"%22wp-image-461\" alignnone=\"\" size-full%22=\"\" title=\"\"> Recibir avisos en tiempo real<\/p>\n<p>&#8221; content_last_edited=&#8221;on|phone&#8221; _builder_version=&#8221;4.5.8&#8243; _module_preset=&#8221;default&#8221;]<\/p>\n<p><b>DESTA FORMA, \u00c9 POSS\u00cdVEL:<\/b><\/p>\n<p><img loading=\"lazy\" decoding=\"async\" src=\"https:\/\/renynsys.es\/wp-content\/uploads\/2021\/11\/flechac-3.jpg\" width=\"8\" height=\"13\" alt=\"Sistemas Renyn\" class=\"wp-image-461 alignnone size-full\" title=\"\">  Gerir toda a sua seguran\u00e7a de v\u00eddeo a partir do seu telem\u00f3vel<br \/>\n<img loading=\"lazy\" decoding=\"async\" src=\"https:\/\/renynsys.es\/wp-content\/uploads\/2021\/11\/flechac-3.jpg\" width=\"8\" height=\"13\" alt=\"Sistemas Renyn\" class=\"wp-image-461 alignnone size-full\" title=\"\">  Criar grupos para partilhar imagens das suas c\u00e2maras<br \/>\n<img loading=\"lazy\" decoding=\"async\" src=\"https:\/\/renynsys.es\/wp-content\/uploads\/2021\/11\/flechac-3.jpg\" width=\"8\" height=\"13\" alt=\"Sistemas Renyn\" class=\"wp-image-461 alignnone size-full\" title=\"\">  Detectar pessoas, animais, ve\u00edculos e matr\u00edculas<br \/>\n<img loading=\"lazy\" decoding=\"async\" src=\"https:\/\/renynsys.es\/wp-content\/uploads\/2021\/11\/flechac-3.jpg\" width=\"8\" height=\"13\" alt=\"Sistemas Renyn\" class=\"wp-image-461 alignnone size-full\" title=\"\">  Receber alertas em tempo real<\/p>\n<p>[\/et_pb_text][\/et_pb_column][et_pb_column type=&#8221;1_2&#8243; _builder_version=&#8221;4.5.8&#8243; _module_preset=&#8221;default&#8221;][et_pb_text _builder_version=&#8221;4.5.8&#8243; _module_preset=&#8221;default&#8221;]<\/p>\n<p><strong>QUAL \u00c9 O PR\u00d3XIMO PASSO?<\/strong><\/p>\n<p style=\"text-align: justify;\">O pr\u00f3ximo passo \u00e9 preencher o formul\u00e1rio abaixo e n\u00f3s entraremos em contacto consigo.<\/p>\n<p style=\"text-align: justify;\">O Renyn Systems Premium Pack \u00e9 um servi\u00e7o personalizado para empresas, grandes propriet\u00e1rios e entidades p\u00fablicas. Aconselh\u00e1-lo-emos sobre a forma mais adequada de o aplicar em fun\u00e7\u00e3o da sua situa\u00e7\u00e3o, do seu terreno, etc.<\/p>\n<p style=\"text-align: justify;\">[\/et_pb_text][\/et_pb_column][\/et_pb_row][et_pb_row _builder_version=&#8221;4.5.8&#8243; _module_preset=&#8221;default&#8221; max_width=&#8221;1195px&#8221; custom_padding=&#8221;4px|||||&#8221;][et_pb_column type=&#8221;4_4&#8243; _builder_version=&#8221;4.5.8&#8243; _module_preset=&#8221;default&#8221;][et_pb_text _builder_version=&#8221;4.5.8&#8243; _module_preset=&#8221;default&#8221; text_text_color=&#8221;#b2292e&#8221; text_font_size=&#8221;16px&#8221; header_text_color=&#8221;#b2292e&#8221;]<\/p>\n<p style=\"text-align: center;\">*Preencha<em>o formul\u00e1rio e entraremos em contacto consigo no prazo de 48 horas \u00fateis<\/em>.<\/p>\n<p>[\/et_pb_text][wpforms_selector form_id=&#8221;961&#8243; _builder_version=&#8221;4.5.8&#8243; _module_preset=&#8221;default&#8221;][\/wpforms_selector][\/et_pb_column][\/et_pb_row][\/et_pb_section]<\/p>\n","protected":false},"excerpt":{"rendered":"<p>O pr\u00f3ximo passo para garantir a sua seguran\u00e7a Oferta de lan\u00e7amento 20\u20ac \/ M\u00eas + IVA ESCOLHEU O PACOTE PREMIUM DA RENYN SYSTEMS QUE INCLUI C\u00e2mara de armadilhagem fotogr\u00e1fica de alta resolu\u00e7\u00e3o com cart\u00e3o multi-operador, servi\u00e7o mensal de Internet e acesso \u00e0 nossa aplica\u00e7\u00e3o com todas as funcionalidades activas. DESTA FORMA, \u00c9 POSS\u00cdVEL: Gerir toda [&hellip;]<\/p>\n","protected":false},"author":3,"featured_media":0,"parent":0,"menu_order":0,"comment_status":"closed","ping_status":"closed","template":"","meta":{"_et_pb_use_builder":"on","_et_pb_old_content":"","_et_gb_content_width":"","_joinchat":[],"footnotes":""},"class_list":["post-4129","page","type-page","status-publish","hentry"],"_links":{"self":[{"href":"https:\/\/renynsys.es\/pt-pt\/wp-json\/wp\/v2\/pages\/4129","targetHints":{"allow":["GET"]}}],"collection":[{"href":"https:\/\/renynsys.es\/pt-pt\/wp-json\/wp\/v2\/pages"}],"about":[{"href":"https:\/\/renynsys.es\/pt-pt\/wp-json\/wp\/v2\/types\/page"}],"author":[{"embeddable":true,"href":"https:\/\/renynsys.es\/pt-pt\/wp-json\/wp\/v2\/users\/3"}],"replies":[{"embeddable":true,"href":"https:\/\/renynsys.es\/pt-pt\/wp-json\/wp\/v2\/comments?post=4129"}],"version-history":[{"count":0,"href":"https:\/\/renynsys.es\/pt-pt\/wp-json\/wp\/v2\/pages\/4129\/revisions"}],"wp:attachment":[{"href":"https:\/\/renynsys.es\/pt-pt\/wp-json\/wp\/v2\/media?parent=4129"}],"curies":[{"name":"wp","href":"https:\/\/api.w.org\/{rel}","templated":true}]}}