{"id":4151,"date":"2021-11-09T15:21:45","date_gmt":"2021-11-09T15:21:45","guid":{"rendered":"https:\/\/renynsys.es\/perguntas-mais-frequentes\/"},"modified":"2023-06-02T13:13:07","modified_gmt":"2023-06-02T13:13:07","slug":"perguntas-mais-frequentes","status":"publish","type":"page","link":"https:\/\/renynsys.es\/pt-pt\/perguntas-mais-frequentes\/","title":{"rendered":"Perguntas mais frequentes"},"content":{"rendered":"<p>[et_pb_section fb_built=&#8221;1&#8243; disabled_on=&#8221;on|on|off&#8221; _builder_version=&#8221;4.5.8&#8243; _module_preset=&#8221;default&#8221; background_color=&#8221;#f3f4f5&#8243; custom_padding=&#8221;||0px|||&#8221;][et_pb_row column_structure=&#8221;1_2,1_2&#8243; _builder_version=&#8221;4.5.8&#8243; _module_preset=&#8221;default&#8221; max_width=&#8221;1195px&#8221; min_height=&#8221;568px&#8221; custom_padding=&#8221;||0px|||&#8221;][et_pb_column type=&#8221;1_2&#8243; _builder_version=&#8221;4.5.8&#8243; _module_preset=&#8221;default&#8221;][et_pb_text content_tablet=&#8221;&#8221; content_phone=&#8221;&#8221; content_last_edited=&#8221;on|desktop&#8221; _builder_version=&#8221;4.5.8&#8243; _module_preset=&#8221;default&#8221; header_text_color=&#8221;#b2292e&#8221;]<\/p>\n<h1>PERGUNTAS FREQUENTES<\/h1>\n<p>[\/et_pb_text][et_pb_text content_tablet=&#8221;&#8221; content_phone=&#8221;&#8221; content_last_edited=&#8221;on|desktop&#8221; _builder_version=&#8221;4.5.8&#8243; _module_preset=&#8221;default&#8221; text_font_size=&#8221;16px&#8221; header_text_color=&#8221;#b2292e&#8221;]<\/p>\n<p style=\"text-align: justify;\">Se ainda tiver d\u00favidas, reunimos nesta sec\u00e7\u00e3o as perguntas mais frequentes dos nossos clientes.<\/p>\n<p>[\/et_pb_text][\/et_pb_column][et_pb_column type=&#8221;1_2&#8243; _builder_version=&#8221;4.5.8&#8243; _module_preset=&#8221;default&#8221;][et_pb_image src=&#8221;https:\/\/renynsys.es\/wp-content\/uploads\/2021\/11\/preguntas_frecuentes.png&#8221; alt=&#8221;Perguntas mais frequentes&#8221; title_text=&#8221;perguntas_frequentes&#8221; align=&#8221;right&#8221; disabled_on=&#8221;on|on|off&#8221; _builder_version=&#8221;4.5.8&#8243; _module_preset=&#8221;default&#8221; width=&#8221;100%&#8221; hover_enabled=&#8221;0&#8243;][\/et_pb_image][\/et_pb_column][\/et_pb_row][\/et_pb_section][et_pb_section fb_built=&#8221;1&#8243; disabled_on=&#8221;off|off|on&#8221; _builder_version=&#8221;4.5.8&#8243; _module_preset=&#8221;default&#8221; background_color=&#8221;#f3f4f5&#8243; min_height=&#8221;711px&#8221; custom_margin=&#8221;||4px|||&#8221; custom_padding=&#8221;||0px|||&#8221;][et_pb_row column_structure=&#8221;1_2,1_2&#8243; _builder_version=&#8221;4.5.8&#8243; _module_preset=&#8221;default&#8221; custom_padding=&#8221;3px||0px|||&#8221;][et_pb_column type=&#8221;1_2&#8243; _builder_version=&#8221;4.5.8&#8243; _module_preset=&#8221;default&#8221;][et_pb_text content_tablet=&#8221;<\/p>\n<h1>PERGUNTAS FREQUENTES<\/h1>\n<p>&#8221; content_phone=&#8221;<\/p>\n<h1>PERGUNTAS FREQUENTES<\/h1>\n<p>&#8221; content_last_edited=&#8221;on|phone&#8221; _builder_version=&#8221;4.5.8&#8243; _module_preset=&#8221;default&#8221; header_text_color=&#8221;#b2292e&#8221; header_font_size=&#8221;22px&#8221;]<\/p>\n<h1>PERGUNTAS FREQUENTES<\/h1>\n<p>[\/et_pb_text][et_pb_text content_tablet=&#8221;<\/p>\n<p>Se ainda tiver d\u00favidas, reunimos nesta sec\u00e7\u00e3o as perguntas mais frequentes dos nossos clientes.<\/p>\n<p>&#8221; content_phone=&#8221;<\/p>\n<p style=%22text-align: justify;%22>Se ainda tiver d\u00favidas, reunimos nesta sec\u00e7\u00e3o as perguntas mais frequentes dos nossos clientes.<\/p>\n<p>&#8221; content_last_edited=&#8221;on|desktop&#8221; _builder_version=&#8221;4.5.8&#8243; _module_preset=&#8221;default&#8221; header_text_color=&#8221;#b2292e&#8221;]<\/p>\n<p style=\"text-align: justify;\">Se ainda tiver d\u00favidas, reunimos nesta sec\u00e7\u00e3o as perguntas mais frequentes dos nossos clientes.<\/p>\n<p>[\/et_pb_text][\/et_pb_column][et_pb_column type=&#8221;1_2&#8243; _builder_version=&#8221;4.5.8&#8243; _module_preset=&#8221;default&#8221;][et_pb_image src=&#8221;https:\/\/renynsys.es\/wp-content\/uploads\/2021\/11\/preguntas_frecuentes.png&#8221; alt=&#8221;Perguntas mais frequentes&#8221; title_text=&#8221;perguntas_frequentes&#8221; align=&#8221;center&#8221; disabled_on=&#8221;off|off|on&#8221; _builder_version=&#8221;4.5.8&#8243; _module_preset=&#8221;default&#8221; width=&#8221;100%&#8221; locked=&#8221;off&#8221;][\/et_pb_image][\/et_pb_column][\/et_pb_row][\/et_pb_section][et_pb_section fb_built=&#8221;1&#8243; _builder_version=&#8221;4.5.8&#8243; _module_preset=&#8221;default&#8221; custom_margin=&#8221;-2px|||||&#8221; custom_padding=&#8221;||2px|||&#8221;][et_pb_row _builder_version=&#8221;4.5.8&#8243; _module_preset=&#8221;default&#8221; max_width=&#8221;1195px&#8221;][et_pb_column type=&#8221;4_4&#8243; _builder_version=&#8221;4.5.8&#8243; _module_preset=&#8221;default&#8221;][et_pb_toggle title=&#8221;Em que \u00e9 que a c\u00e2mara Cherokee difere das c\u00e2maras de armadilhagem fotogr\u00e1fica tradicionais?&#8221; open_toggle_text_color=&#8221;#b2292e&#8221; _builder_version=&#8221;4.5.8&#8243; _module_preset=&#8221;default&#8221;]<\/p>\n<p style=\"text-align: justify;\">A c\u00e2mara Cherokee \u00e9 uma c\u00e2mara de armadilha fotogr\u00e1fica de<span lang=\"ES-TRAD\">alta qualidade<\/span>&nbsp;<span lang=\"ES-TRAD\">, adaptada e configurada para a monitoriza\u00e7\u00e3o de explora\u00e7\u00f5es agr\u00edcolas<\/span>.<span lang=\"ES-TRAD\"><o:p><\/o:p><\/span><\/p>\n<p class=\"parrafo\"><span lang=\"ES-TRAD\">Gra\u00e7as a este e ao seu sistema de intelig\u00eancia artificial, poder\u00e1 usufruir de vantagens como<o:p><\/o:p><\/span><\/p>\n<ul style=\"text-align: justify;\">\n<li>Detec\u00e7\u00e3o de ve\u00edculos e de matr\u00edculas.<\/li>\n<li>Gest\u00e3o e armazenamento de imagens na nuvem.<\/li>\n<li>Sistema de alarme personaliz\u00e1vel.<\/li>\n<li>Monitoriza\u00e7\u00e3o da c\u00e2mara sem desloca\u00e7\u00e3o a partir da aplica\u00e7\u00e3o.<\/li>\n<li>Cria\u00e7\u00e3o de grupos para partilhar informa\u00e7\u00f5es com o seu ambiente ou equipa de trabalho.<\/li>\n<li>Filtragem autom\u00e1tica de imagens.<\/li>\n<\/ul>\n<p style=\"text-align: justify;\">[\/et_pb_toggle][et_pb_toggle title=&#8221;Posso gerir v\u00e1rias c\u00e2maras de armadilhagem a partir de uma \u00fanica conta de utilizador?&#8221; open_toggle_text_color=&#8221;#b2292e&#8221; _builder_version=&#8221;4.5.8&#8243; _module_preset=&#8221;default&#8221;]<\/p>\n<p style=\"text-align: justify;\">Claro que sim. A partir da aplica\u00e7\u00e3o Renyn Systems, pode gerir e configurar o n\u00famero de c\u00e2maras fotogr\u00e1ficas que desejar (mesmo que estejam distantes umas das outras).&nbsp;<\/p>\n<p style=\"text-align: justify;\">Atrav\u00e9s das vistas <strong><br \/>\n  <em>Mapa<\/em><br \/>\n<\/strong> y <strong><br \/>\n  <em>Vista do dispositivo<\/em><br \/>\n<\/strong> da aplica\u00e7\u00e3o, pode verificar a sua localiza\u00e7\u00e3o, saber o seu estado, a carga da bateria que lhe resta, etc.<\/p>\n<p>[\/et_pb_toggle][et_pb_toggle title=&#8221;Posso utilizar a c\u00e2mara Cherokee com um cart\u00e3o SIM que n\u00e3o seja da Renyn?&#8221; open_toggle_text_color=&#8221;#b2292e&#8221; _builder_version=&#8221;4.5.8&#8243; _module_preset=&#8221;default&#8221;]<\/p>\n<p style=\"text-align: justify;\">Sim, pode utilizar a c\u00e2mara Cherokee com um cart\u00e3o SIM que n\u00e3o seja da Renyn Systems e continuar a ter acesso \u00e0s funcionalidades da aplica\u00e7\u00e3o.<\/p>\n<p class=\"parrafo\" style=\"text-align: justify;\"><span lang=\"ES-TRAD\">No entanto, ter\u00e1 de se certificar de que o operador tem cobertura na \u00e1rea espec\u00edfica onde vai montar a sua c\u00e2mara, o que n\u00e3o \u00e9 uma preocupa\u00e7\u00e3o com o Renyn Systems Sim.<o:p><\/o:p><\/span><\/p>\n<p>[\/et_pb_toggle][et_pb_toggle title=&#8221;Posso utilizar a c\u00e2mara do Cherokee sem cobertura?&#8221; open_toggle_text_color=&#8221;#b2292e&#8221; _builder_version=&#8221;4.5.8&#8243; _module_preset=&#8221;default&#8221;]<\/p>\n<p style=\"text-align: justify;\">\u00c9 poss\u00edvel utilizar a c\u00e2mara do Cherokee sem cobertura. A \u00fanica coisa que deve ter em conta \u00e9 que n\u00e3o sincronizar\u00e1 com a aplica\u00e7\u00e3o para lhe enviar as fotografias at\u00e9 ter novamente cobertura.&nbsp;<\/p>\n<p style=\"text-align: justify;\">No entanto, gra\u00e7as ao nosso cart\u00e3o SIM, \u00e9 mais dif\u00edcil ficar retido porque \u00e9 multi-operador. Ou seja, liga-se \u00e0 antena do teleoperador mais pr\u00f3ximo, seja ele de que marca for.<\/p>\n<p>[\/et_pb_toggle][et_pb_toggle title=&#8221;Estou a ter problemas para activar a c\u00e2mara, configur\u00e1-la ou sincroniz\u00e1-la com a aplica\u00e7\u00e3o. O que \u00e9 que eu posso fazer?&#8221; open_toggle_text_color=&#8221;#b2292e&#8221; _builder_version=&#8221;4.5.8&#8243; _module_preset=&#8221;default&#8221;]<\/p>\n<p style=\"text-align: justify;\">Se j\u00e1 possui a c\u00e2mara Cherokee, aconselhamos que siga as instru\u00e7\u00f5es passo a passo do manual que lhe enviamos.&nbsp;<\/p>\n<p style=\"text-align: justify;\">Todas as informa\u00e7\u00f5es que precisa de seguir est\u00e3o a\u00ed detalhadas.&nbsp;<\/p>\n<p style=\"text-align: justify;\">Se continuar a ter dificuldades ou se houver algum problema, envie-nos um e-mail para info@renynsys.es.<\/p>\n<p>[\/et_pb_toggle][et_pb_toggle title=&#8221;N\u00e3o sou bom em tecnologia. Poderei utilizar a c\u00e2mara e a aplica\u00e7\u00e3o?&#8221; open_toggle_text_color=&#8221;#b2292e&#8221; _builder_version=&#8221;4.5.8&#8243; _module_preset=&#8221;default&#8221;]<\/p>\n<p style=\"text-align: justify;\">Escolhemos a c\u00e2mara Cherokee porque \u00e9 r\u00e1pida e f\u00e1cil de activar e come\u00e7ar a utilizar.<\/p>\n<p style=\"text-align: justify;\">&nbsp;Tamb\u00e9m desenvolvemos n\u00f3s pr\u00f3prios a aplica\u00e7\u00e3o Renyn Systems, que foi concebida para ser f\u00e1cil de utilizar por todos gra\u00e7as \u00e0 sua interface de f\u00e1cil utiliza\u00e7\u00e3o.&nbsp;<\/p>\n<p style=\"text-align: justify;\">Al\u00e9m disso, com a nossa c\u00e2mara, enviamos-lhe um manual e todas as informa\u00e7\u00f5es necess\u00e1rias para utilizar rapidamente a c\u00e2mara e a aplica\u00e7\u00e3o.<\/p>\n<p>[\/et_pb_toggle][et_pb_toggle title=&#8221;Onde \u00e9 que os meus dados s\u00e3o armazenados e como \u00e9 que sei que est\u00e3o seguros?&#8221; open_toggle_text_color=&#8221;#b2292e&#8221; _builder_version=&#8221;4.5.8&#8243; _module_preset=&#8221;default&#8221;]<\/p>\n<p style=\"text-align: justify;\">Apenas o utilizador e as pessoas que escolher atrav\u00e9s da aplica\u00e7\u00e3o poder\u00e3o ver as fotografias.<br \/>\nEstes s\u00e3o armazenados na nossa nuvem, alojados nos servidores da Google para evitar a pirataria inform\u00e1tica e o roubo de informa\u00e7\u00f5es.<br \/>\nAssim, n\u00e3o s\u00f3 os seus activos f\u00edsicos est\u00e3o seguros, como tamb\u00e9m os seus dados.<\/p>\n<p>[\/et_pb_toggle][et_pb_toggle title=&#8221;O servi\u00e7o inclui a utiliza\u00e7\u00e3o da Internet atrav\u00e9s da minha c\u00e2mara?&#8221; open_toggle_text_color=&#8221;#b2292e&#8221; _builder_version=&#8221;4.5.8&#8243; _module_preset=&#8221;default&#8221;]<\/p>\n<p style=\"text-align: justify;\">Com o pacote premium, o servi\u00e7o de Internet est\u00e1 inclu\u00eddo no pre\u00e7o e n\u00e3o tem de pagar mais para o utilizar. No entanto, trata-se de um servi\u00e7o destinado exclusivamente a empresas, grandes propriet\u00e1rios e entidades p\u00fablicas.&nbsp;<\/p>\n<p style=\"text-align: justify;\">Com o pacote normal, recebe um cart\u00e3o SIM multi-operador que pode activar a partir da aplica\u00e7\u00e3o sempre que quiser. Isto significa que pode desactiv\u00e1-lo nos meses em que n\u00e3o o vai utilizar para evitar gastar dinheiro. O pre\u00e7o do servi\u00e7o Internet multi-operador \u00e9 de 5 euros por m\u00eas (+ IVA).&nbsp;<\/p>\n<p style=\"text-align: justify;\">Quando utiliza o nosso servi\u00e7o com qualquer um dos pacotes, obt\u00e9m Internet multi-operador. Por outras palavras, se tiver algum servi\u00e7o na propriedade, a c\u00e2mara ligar-se-\u00e1 e funcionar\u00e1 de forma sincronizada com a aplica\u00e7\u00e3o. Al\u00e9m disso, o servi\u00e7o garante que receber\u00e1 cerca de 1200 fotografias por m\u00eas, mais do que o necess\u00e1rio para garantir a sua seguran\u00e7a.<\/p>\n<p>[\/et_pb_toggle][et_pb_toggle title=&#8221;Posso utilizar a aplica\u00e7\u00e3o Renyn System numa c\u00e2mara que n\u00e3o seja a vossa?&#8221; open_toggle_text_color=&#8221;#b2292e&#8221; _builder_version=&#8221;4.5.8&#8243; _module_preset=&#8221;default&#8221;]<\/p>\n<p style=\"text-align: justify;\">Se j\u00e1 tem uma c\u00e2mara e n\u00e3o quer comprar outra, podemos integr\u00e1-la na sua c\u00e2mara para que possa utilizar os nossos servi\u00e7os.&nbsp;<\/p>\n<p style=\"text-align: justify;\">Subscreva o servi\u00e7o de integra\u00e7\u00e3o por 2 euros por m\u00eas (+ IVA) <u>aqui<\/u>.<\/p>\n<p>[\/et_pb_toggle][et_pb_toggle title=&#8221;Perdi o meu cart\u00e3o SIM. Onde posso comprar outro ou obter um duplicado?&#8221; open_toggle_text_color=&#8221;#b2292e&#8221; _builder_version=&#8221;4.5.8&#8243; _module_preset=&#8221;default&#8221;]<\/p>\n<p style=\"text-align: justify;\">Se perdeu o seu cart\u00e3o SIM, <u>contacte-nos<\/u> e dar-lhe-emos a op\u00e7\u00e3o de comprar um novo.<\/p>\n<p>[\/et_pb_toggle][et_pb_toggle title=&#8221;Vendem a c\u00e2mara Cherokee sem cart\u00e3o SIM e sem liga\u00e7\u00e3o \u00e0 Internet?&#8221; open_toggle_text_color=&#8221;#b2292e&#8221; _builder_version=&#8221;4.5.8&#8243; _module_preset=&#8221;default&#8221; custom_margin=&#8221;||68px|||&#8221;]<\/p>\n<p style=\"text-align: justify;\">A c\u00e2mara do Cherokee s\u00f3 \u00e9 vendida como parte do pack de s\u00e9rie.<\/p>\n<p style=\"text-align: justify;\">&nbsp;Se n\u00e3o pretender utilizar o cart\u00e3o SIM, lig\u00e1-lo \u00e0 Internet ou sincroniz\u00e1-lo com a aplica\u00e7\u00e3o para usufruir das suas fun\u00e7\u00f5es, pode continuar a adquiri-lo na nossa loja.&nbsp;<\/p>\n<p style=\"text-align: justify;\">Mesmo que n\u00e3o utilize estes extras, o pre\u00e7o \u00e9 mais barato do que o de muitas outras c\u00e2maras que pode encontrar online noutras lojas. E se quiser utilizar estas fun\u00e7\u00f5es no futuro, tem a possibilidade de o fazer em qualquer altura.<\/p>\n<p>[\/et_pb_toggle][et_pb_text content_tablet=&#8221;<\/p>\n<p>Se ainda tiver d\u00favidas, pode contactar-nos atrav\u00e9s deste formul\u00e1rio<\/p>\n<p>&#8221; content_phone=&#8221;<\/p>\n<p>Se ainda tiver d\u00favidas, pode contactar-nos atrav\u00e9s deste formul\u00e1rio<\/p>\n<p>&#8221; content_last_edited=&#8221;on|phone&#8221; _builder_version=&#8221;4.5.8&#8243; _module_preset=&#8221;default&#8221; text_text_color=&#8221;#b2292e&#8221; text_font_size=&#8221;16px&#8221; custom_margin=&#8221;18px|||||&#8221; custom_padding=&#8221;||0px|||&#8221; hover_enabled=&#8221;0&#8243;]<\/p>\n<p style=\"text-align: center;\">Se ainda tiver d\u00favidas, pode contactar-nos atrav\u00e9s deste formul\u00e1rio<\/p>\n<p>[\/et_pb_text][\/et_pb_column][\/et_pb_row][et_pb_row _builder_version=&#8221;4.5.8&#8243; _module_preset=&#8221;default&#8221; custom_padding=&#8221;0px|||||&#8221;][et_pb_column type=&#8221;4_4&#8243; _builder_version=&#8221;4.5.8&#8243; _module_preset=&#8221;default&#8221;][wpforms_selector form_id=&#8221;961&#8243; _builder_version=&#8221;4.5.8&#8243; _module_preset=&#8221;default&#8221;][\/wpforms_selector][\/et_pb_column][\/et_pb_row][\/et_pb_section][et_pb_section fb_built=&#8221;1&#8243; _builder_version=&#8221;4.5.8&#8243; _module_preset=&#8221;default&#8221; background_color=&#8221;#f3f4f5&#8243; locked=&#8221;off&#8221;][et_pb_row _builder_version=&#8221;4.5.8&#8243; _module_preset=&#8221;default&#8221;][et_pb_column type=&#8221;4_4&#8243; _builder_version=&#8221;4.5.8&#8243; _module_preset=&#8221;default&#8221;][et_pb_text content_tablet=&#8221;&#8221; content_phone=&#8221;&#8221; content_last_edited=&#8221;on|desktop&#8221; disabled_on=&#8221;on|on|off&#8221; _builder_version=&#8221;4.5.8&#8243; _module_preset=&#8221;default&#8221; locked=&#8221;off&#8221;]<\/p>\n<h2 style=\"text-align: center;\"><em>Siga-nos nas nossas redes sociais<\/em><\/h2>\n<p>[\/et_pb_text][et_pb_text content_tablet=&#8221;<\/p>\n<h2 style=%22text-align: center;%22><em>Siga-nos nas nossas redes sociais<\/em><\/h2>\n<p>&#8221; content_phone=&#8221;<\/p>\n<h2 style=%22text-align: center;%22><em>Siga-nos nas nossas redes sociais<\/em><\/h2>\n<p>&#8221; content_last_edited=&#8221;on|phone&#8221; disabled_on=&#8221;off|off|on&#8221; _builder_version=&#8221;4.5.8&#8243; _module_preset=&#8221;default&#8221; header_2_font_size=&#8221;22px&#8221; locked=&#8221;off&#8221;]<\/p>\n<h2 style=\"text-align: center;\"><em>Siga-nos nas nossas redes sociais<\/em><\/h2>\n<p>[\/et_pb_text][et_pb_text content_tablet=&#8221;<\/p>\n<p>Carregamos diariamente conte\u00fados com fotografias e v\u00eddeos captados pelas nossas c\u00e2maras. N\u00e3o perca!<\/p>\n<p>&#8221; content_phone=&#8221;<\/p>\n<p>Carregamos diariamente conte\u00fados com fotografias e v\u00eddeos captados pelas nossas c\u00e2maras.<br \/>  N\u00e3o perca!<\/p>\n<p>&#8221; content_last_edited=&#8221;on|phone&#8221; _builder_version=&#8221;4.5.8&#8243; _module_preset=&#8221;default&#8221; text_font_size=&#8221;16px&#8221;]<\/p>\n<p style=\"text-align: center;\">Carregamos diariamente conte\u00fados com fotografias e v\u00eddeos captados pelas nossas c\u00e2maras.<br \/>  N\u00e3o perca!<\/p>\n<p>[\/et_pb_text][\/et_pb_column][\/et_pb_row][et_pb_row column_structure=&#8221;1_3,1_3,1_3&#8243; _builder_version=&#8221;4.5.8&#8243; _module_preset=&#8221;default&#8221; animation_style=&#8221;fade&#8221;][et_pb_column type=&#8221;1_3&#8243; _builder_version=&#8221;4.5.8&#8243; _module_preset=&#8221;default&#8221;][et_pb_image src=&#8221;https:\/\/renynsys.es\/wp-content\/uploads\/2021\/11\/face.png&#8221; alt=&#8221;Sistemas Renyn&#8221; title_text=&#8221;rosto&#8221; url=&#8221;https:\/\/www.facebook.com\/RenynSystems&#8221; url_new_window=&#8221;on&#8221; align=&#8221;center&#8221; _builder_version=&#8221;4.5.8&#8243; _module_preset=&#8221;default&#8221;][\/et_pb_image][\/et_pb_column][et_pb_column type=&#8221;1_3&#8243; _builder_version=&#8221;4.5.8&#8243; _module_preset=&#8221;default&#8221;][et_pb_image src=&#8221;https:\/\/renynsys.es\/wp-content\/uploads\/2021\/11\/insta.png&#8221; alt=&#8221;Sistemas Renyn&#8221; title_text=&#8221;impulsos&#8221; url=&#8221;https:\/\/www.instagram.com\/renynsys\/&#8221; align=&#8221;center&#8221; _builder_version=&#8221;4.5.8&#8243; _module_preset=&#8221;default&#8221;][\/et_pb_image][\/et_pb_column][et_pb_column type=&#8221;1_3&#8243; _builder_version=&#8221;4.5.8&#8243; _module_preset=&#8221;default&#8221;][et_pb_image src=&#8221;https:\/\/renynsys.es\/wp-content\/uploads\/2021\/11\/linkedin.png&#8221; alt=&#8221;Sistemas Renyn&#8221; title_text=&#8221;linkedin&#8221; url=&#8221;https:\/\/www.linkedin.com\/company\/71809565\/admin\/&#8221; align=&#8221;center&#8221; _builder_version=&#8221;4.5.8&#8243; _module_preset=&#8221;default&#8221;][\/et_pb_image][\/et_pb_column][\/et_pb_row][\/et_pb_section][et_pb_section fb_built=&#8221;1&#8243; _builder_version=&#8221;4.5.8&#8243; _module_preset=&#8221;default&#8221; custom_padding=&#8221;0px||0px|||&#8221;][et_pb_row _builder_version=&#8221;4.5.8&#8243; _module_preset=&#8221;default&#8221;][et_pb_column type=&#8221;4_4&#8243; _builder_version=&#8221;4.5.8&#8243; _module_preset=&#8221;default&#8221;][et_pb_divider show_divider=&#8221;off&#8221; _builder_version=&#8221;4.5.8&#8243; _module_preset=&#8221;default&#8221;][\/et_pb_divider][\/et_pb_column][\/et_pb_row][\/et_pb_section]<\/p>\n","protected":false},"excerpt":{"rendered":"<p>PERGUNTAS FREQUENTESSe ainda tiver d\u00favidas, reunimos nesta sec\u00e7\u00e3o as perguntas mais frequentes dos nossos clientes.PERGUNTAS FREQUENTESSe ainda tiver d\u00favidas, reunimos nesta sec\u00e7\u00e3o as perguntas mais frequentes dos nossos clientes.A c\u00e2mara Cherokee \u00e9 uma c\u00e2mara de armadilha fotogr\u00e1fica dealta qualidade&nbsp;, adaptada e configurada para a monitoriza\u00e7\u00e3o de explora\u00e7\u00f5es agr\u00edcolas. Gra\u00e7as a este e ao seu sistema [&hellip;]<\/p>\n","protected":false},"author":3,"featured_media":0,"parent":0,"menu_order":0,"comment_status":"closed","ping_status":"closed","template":"","meta":{"_et_pb_use_builder":"on","_et_pb_old_content":"","_et_gb_content_width":"","_joinchat":[],"footnotes":""},"class_list":["post-4151","page","type-page","status-publish","hentry"],"_links":{"self":[{"href":"https:\/\/renynsys.es\/pt-pt\/wp-json\/wp\/v2\/pages\/4151","targetHints":{"allow":["GET"]}}],"collection":[{"href":"https:\/\/renynsys.es\/pt-pt\/wp-json\/wp\/v2\/pages"}],"about":[{"href":"https:\/\/renynsys.es\/pt-pt\/wp-json\/wp\/v2\/types\/page"}],"author":[{"embeddable":true,"href":"https:\/\/renynsys.es\/pt-pt\/wp-json\/wp\/v2\/users\/3"}],"replies":[{"embeddable":true,"href":"https:\/\/renynsys.es\/pt-pt\/wp-json\/wp\/v2\/comments?post=4151"}],"version-history":[{"count":0,"href":"https:\/\/renynsys.es\/pt-pt\/wp-json\/wp\/v2\/pages\/4151\/revisions"}],"wp:attachment":[{"href":"https:\/\/renynsys.es\/pt-pt\/wp-json\/wp\/v2\/media?parent=4151"}],"curies":[{"name":"wp","href":"https:\/\/api.w.org\/{rel}","templated":true}]}}