{"id":4167,"date":"2021-11-16T08:55:26","date_gmt":"2021-11-16T08:55:26","guid":{"rendered":"https:\/\/renynsys.es\/embale-renyn-systems-na-sua-camara\/"},"modified":"2023-06-02T13:13:12","modified_gmt":"2023-06-02T13:13:12","slug":"embale-renyn-systems-na-sua-camara","status":"publish","type":"page","link":"https:\/\/renynsys.es\/pt-pt\/embale-renyn-systems-na-sua-camara\/","title":{"rendered":"Embale Renyn Systems na sua c\u00e2mara"},"content":{"rendered":"<p>[et_pb_section fb_built=&#8221;1&#8243; disabled_on=&#8221;on|on|off&#8221; _builder_version=&#8221;4.12.1&#8243; _module_preset=&#8221;default&#8221; custom_padding=&#8221;45px|||||&#8221; locked=&#8221;off&#8221;][et_pb_row _builder_version=&#8221;4.5.8&#8243; _module_preset=&#8221;default&#8221; max_width=&#8221;1195px&#8221;][et_pb_column type=&#8221;4_4&#8243; _builder_version=&#8221;4.12.1&#8243; _module_preset=&#8221;default&#8221;][et_pb_text content_tablet=&#8221;<\/p>\n<h1 style=\"%22text-align:\" center;%22=\"\"><em><span style=\"%22color:\" #b2292e;%22=\"\">Crea tu sistema de Videovigilancia Renyn Systems<\/span><\/em><\/h1>\n<p>&#8221; content_phone=&#8221;<\/p>\n<h1 style=\"%22text-align:\" center;%22=\"\"><em><span style=\"%22color:\" #b2292e;%22=\"\">Crea tu sistema de Videovigilancia Renyn Systems<\/span><\/em><\/h1>\n<p>&#8221; content_last_edited=&#8221;on|desktop&#8221; _builder_version=&#8221;4.5.8&#8243; _module_preset=&#8221;default&#8221; header_font_size=&#8221;26px&#8221;]<\/p>\n<h1 style=\"text-align: center;\"><em><span style=\"color: #b2292e;\">O pr\u00f3ximo passo para garantir a sua seguran\u00e7a<\/span><\/em><\/h1>\n<p>[\/et_pb_text][\/et_pb_column][\/et_pb_row][et_pb_row column_structure=&#8221;1_2,1_2&#8243; _builder_version=&#8221;4.5.8&#8243; _module_preset=&#8221;default&#8221; max_width=&#8221;1195px&#8221; animation_style=&#8221;slide&#8221;][et_pb_column type=&#8221;1_2&#8243; _builder_version=&#8221;4.5.8&#8243; _module_preset=&#8221;default&#8221;][et_pb_image src=&#8221;https:\/\/renynsys.es\/wp-content\/uploads\/2021\/11\/alarma-movil-1.jpg&#8221; alt=&#8221;Sistema de alarme com intelig\u00eancia artificial&#8221; title_text=&#8221;Sistema de alarme com intelig\u00eancia artificial&#8221; align=&#8221;center&#8221; _builder_version=&#8221;4.5.8&#8243; _module_preset=&#8221;default&#8221; width=&#8221;80%&#8221; custom_margin=&#8221;||0px|||&#8221;][\/et_pb_image][et_pb_text _builder_version=&#8221;4.5.8&#8243; _module_preset=&#8221;default&#8221; text_font_size=&#8221;22px&#8221;]<\/p>\n<p style=\"text-align: center;\">Oferta de lan\u00e7amento<\/p>\n<p style=\"text-align: center;\"><em><span style=\"color: #b2292e;\">2\u20ac \/ M\u00eas + IVA<\/span><\/em><\/p>\n<p>[\/et_pb_text][\/et_pb_column][et_pb_column type=&#8221;1_2&#8243; _builder_version=&#8221;4.5.8&#8243; _module_preset=&#8221;default&#8221;][et_pb_text content_tablet=&#8221;&#8221; content_phone=&#8221;&#8221; content_last_edited=&#8221;on|phone&#8221; _builder_version=&#8221;4.5.8&#8243; _module_preset=&#8221;default&#8221; header_2_font_size=&#8221;22px&#8221;]<\/p>\n<h2>OPTOU POR UTILIZAR A APLICA\u00c7\u00c3O RENYN SYSTEMS NA SUA C\u00c2MARA:<\/h2>\n<p>[\/et_pb_text][et_pb_text content_tablet=&#8221;<\/p>\n<p style=\"%22text-align:\" justify;%22=\"\">A trav\u00e9s de nuestra aplicaci\u00f3n obtendr\u00e1s total seguridad y vigilancia. Este servicio consiste en la integraci\u00f3n de la App Renyn Systems en tu c\u00e1mara para que puedas utilizar nuestros servicios todos los meses.<\/p>\n<p>&#8221; content_phone=&#8221;<\/p>\n<p style=\"%22text-align:\" justify;%22=\"\">A trav\u00e9s de nuestra aplicaci\u00f3n obtendr\u00e1s total seguridad y vigilancia. Este servicio consiste en la integraci\u00f3n de la App Renyn Systems en tu c\u00e1mara para que puedas utilizar nuestros servicios todos los meses.<\/p>\n<p>&#8221; content_last_edited=&#8221;on|desktop&#8221; _builder_version=&#8221;4.5.8&#8243; _module_preset=&#8221;default&#8221;]<\/p>\n<p style=\"text-align: justify;\">Atrav\u00e9s da nossa aplica\u00e7\u00e3o, obter\u00e1 seguran\u00e7a e vigil\u00e2ncia totais. Este servi\u00e7o consiste em integrar a aplica\u00e7\u00e3o Renyn Systems na sua c\u00e2mara para que possa utilizar os nossos servi\u00e7os todos os meses.<\/p>\n<p>[\/et_pb_text][et_pb_text content_tablet=&#8221;<\/p>\n<p><b>DE ESTE MODO OBTIENES:<\/b><\/p>\n<p><img decoding=\"async\" src=\"%22https:\/\/renynsys.es\/wp-content\/uploads\/2021\/11\/flechac-3.jpg%22\" width=\"%228%22\" height=\"%2213%22\" alt=\"%22Renyn\" systems%22=\"\" class=\"%22wp-image-461\" alignnone=\"\" size-full%22=\"\" title=\"\"> Control de tu c\u00e1mara desde la aplicaci\u00f3n Renyn Systems<br \/>\n<img decoding=\"async\" src=\"%22https:\/\/renynsys.es\/wp-content\/uploads\/2021\/11\/flechac-3.jpg%22\" width=\"%228%22\" height=\"%2213%22\" alt=\"%22Renyn\" systems%22=\"\" class=\"%22wp-image-461\" alignnone=\"\" size-full%22=\"\" title=\"\"> Reconocimiento autom\u00e1tico de animales, personas, veh\u00edculos y matr\u00edculas<br \/>\n<img decoding=\"async\" src=\"%22https:\/\/renynsys.es\/wp-content\/uploads\/2021\/11\/flechac-3.jpg%22\" width=\"%228%22\" height=\"%2213%22\" alt=\"%22Renyn\" systems%22=\"\" class=\"%22wp-image-461\" alignnone=\"\" size-full%22=\"\" title=\"\"> Gesti\u00f3n y almacenamiento de im\u00e1genes en la nube<br \/>\n<img decoding=\"async\" src=\"%22https:\/\/renynsys.es\/wp-content\/uploads\/2021\/11\/flechac-3.jpg%22\" width=\"%228%22\" height=\"%2213%22\" alt=\"%22Renyn\" systems%22=\"\" class=\"%22wp-image-461\" alignnone=\"\" size-full%22=\"\" title=\"\"> Sistema de alarma personalizable<br \/>\n<img decoding=\"async\" src=\"%22https:\/\/renynsys.es\/wp-content\/uploads\/2021\/11\/flechac-3.jpg%22\" width=\"%228%22\" height=\"%2213%22\" alt=\"%22Renyn\" systems%22=\"\" class=\"%22wp-image-461\" alignnone=\"\" size-full%22=\"\" title=\"\"> Filtrado de im\u00e1genes autom\u00e1tico<\/p>\n<p>&#8221; content_phone=&#8221;<\/p>\n<p><b>DE ESTE MODO OBTIENES:<\/b><\/p>\n<p><img decoding=\"async\" src=\"%22https:\/\/renynsys.es\/wp-content\/uploads\/2021\/11\/flechac-3.jpg%22\" width=\"%228%22\" height=\"%2213%22\" alt=\"%22Renyn\" systems%22=\"\" class=\"%22wp-image-461\" alignnone=\"\" size-full%22=\"\" title=\"\"> Control de tu c\u00e1mara desde la aplicaci\u00f3n Renyn Systems<br \/>\n<img decoding=\"async\" src=\"%22https:\/\/renynsys.es\/wp-content\/uploads\/2021\/11\/flechac-3.jpg%22\" width=\"%228%22\" height=\"%2213%22\" alt=\"%22Renyn\" systems%22=\"\" class=\"%22wp-image-461\" alignnone=\"\" size-full%22=\"\" title=\"\"> Reconocimiento autom\u00e1tico de animales, personas, veh\u00edculos y matr\u00edculas<br \/>\n<img decoding=\"async\" src=\"%22https:\/\/renynsys.es\/wp-content\/uploads\/2021\/11\/flechac-3.jpg%22\" width=\"%228%22\" height=\"%2213%22\" alt=\"%22Renyn\" systems%22=\"\" class=\"%22wp-image-461\" alignnone=\"\" size-full%22=\"\" title=\"\"> Gesti\u00f3n y almacenamiento de im\u00e1genes en la nube<br \/>\n<img decoding=\"async\" src=\"%22https:\/\/renynsys.es\/wp-content\/uploads\/2021\/11\/flechac-3.jpg%22\" width=\"%228%22\" height=\"%2213%22\" alt=\"%22Renyn\" systems%22=\"\" class=\"%22wp-image-461\" alignnone=\"\" size-full%22=\"\" title=\"\"> Sistema de alarma personalizable<br \/>\n<img decoding=\"async\" src=\"%22https:\/\/renynsys.es\/wp-content\/uploads\/2021\/11\/flechac-3.jpg%22\" width=\"%228%22\" height=\"%2213%22\" alt=\"%22Renyn\" systems%22=\"\" class=\"%22wp-image-461\" alignnone=\"\" size-full%22=\"\" title=\"\"> Filtrado de im\u00e1genes autom\u00e1tico<\/p>\n<p>&#8221; content_last_edited=&#8221;on|phone&#8221; _builder_version=&#8221;4.5.8&#8243; _module_preset=&#8221;default&#8221; custom_margin=&#8221;||0px|||&#8221;]<\/p>\n<p><b>DESTA FORMA OBT\u00c9M-SE:<\/b><\/p>\n<p><img loading=\"lazy\" decoding=\"async\" src=\"https:\/\/renynsys.es\/wp-content\/uploads\/2021\/11\/flechac-3.jpg\" width=\"8\" height=\"13\" alt=\"Sistemas Renyn\" class=\"wp-image-461 alignnone size-full\" title=\"\">&nbsp;Controlar a c\u00e2mara a partir da aplica\u00e7\u00e3o Renyn Systems<br \/>\n<img loading=\"lazy\" decoding=\"async\" src=\"https:\/\/renynsys.es\/wp-content\/uploads\/2021\/11\/flechac-3.jpg\" width=\"8\" height=\"13\" alt=\"Sistemas Renyn\" class=\"wp-image-461 alignnone size-full\" title=\"\">  Reconhecimento autom\u00e1tico de animais, pessoas, ve\u00edculos e matr\u00edculas<br \/>\n<img loading=\"lazy\" decoding=\"async\" src=\"https:\/\/renynsys.es\/wp-content\/uploads\/2021\/11\/flechac-3.jpg\" width=\"8\" height=\"13\" alt=\"Sistemas Renyn\" class=\"wp-image-461 alignnone size-full\" title=\"\">  Gest\u00e3o e armazenamento de imagens na nuvem<br \/>\n<img loading=\"lazy\" decoding=\"async\" src=\"https:\/\/renynsys.es\/wp-content\/uploads\/2021\/11\/flechac-3.jpg\" width=\"8\" height=\"13\" alt=\"Sistemas Renyn\" class=\"wp-image-461 alignnone size-full\" title=\"\">  Sistema de alarme personaliz\u00e1vel<br \/>\n<img loading=\"lazy\" decoding=\"async\" src=\"https:\/\/renynsys.es\/wp-content\/uploads\/2021\/11\/flechac-3.jpg\" width=\"8\" height=\"13\" alt=\"Sistemas Renyn\" class=\"wp-image-461 alignnone size-full\" title=\"\">  Filtragem autom\u00e1tica de imagens<\/p>\n<p>&nbsp;<\/p>\n<p>[\/et_pb_text][et_pb_text content_tablet=&#8221;&#8221; content_phone=&#8221;&#8221; content_last_edited=&#8221;on|desktop&#8221; _builder_version=&#8221;4.5.8&#8243; _module_preset=&#8221;default&#8221;]<\/p>\n<p><strong>QUAL \u00c9 O PR\u00d3XIMO PASSO?<\/strong><\/p>\n<p style=\"text-align: justify;\">O pr\u00f3ximo passo \u00e9 preencher o formul\u00e1rio abaixo e n\u00f3s entraremos em contacto consigo.<\/p>\n<p style=\"text-align: justify;\">Explicaremos como integrar a aplica\u00e7\u00e3o, o seu funcionamento e as suas vantagens em fun\u00e7\u00e3o da sua situa\u00e7\u00e3o.<\/p>\n<p>[\/et_pb_text][\/et_pb_column][\/et_pb_row][et_pb_row _builder_version=&#8221;4.5.8&#8243; _module_preset=&#8221;default&#8221; max_width=&#8221;1195px&#8221;][et_pb_column type=&#8221;4_4&#8243; _builder_version=&#8221;4.5.8&#8243; _module_preset=&#8221;default&#8221;][et_pb_text _builder_version=&#8221;4.5.8&#8243; _module_preset=&#8221;default&#8221; text_font_size=&#8221;16px&#8221;]<\/p>\n<p style=\"text-align: center;\">*Preencha<em>o formul\u00e1rio e entraremos em contacto consigo no prazo de 48 horas \u00fateis<\/em>.<\/p>\n<p>[\/et_pb_text][wpforms_selector form_id=&#8221;961&#8243; _builder_version=&#8221;4.5.8&#8243; _module_preset=&#8221;default&#8221;][\/wpforms_selector][\/et_pb_column][\/et_pb_row][\/et_pb_section][et_pb_section fb_built=&#8221;1&#8243; disabled_on=&#8221;off|off|on&#8221; _builder_version=&#8221;4.12.1&#8243; _module_preset=&#8221;default&#8221; custom_padding=&#8221;45px|||||&#8221; locked=&#8221;off&#8221;][et_pb_row _builder_version=&#8221;4.5.8&#8243; _module_preset=&#8221;default&#8221; max_width=&#8221;1195px&#8221;][et_pb_column type=&#8221;4_4&#8243; _builder_version=&#8221;4.12.1&#8243; _module_preset=&#8221;default&#8221;][et_pb_text content_tablet=&#8221;<\/p>\n<h1><em><span>O pr\u00f3ximo passo para garantir a sua seguran\u00e7a<\/span><\/em><\/h1>\n<p>&#8221; content_phone=&#8221;<\/p>\n<h1><em><span>O pr\u00f3ximo passo para garantir a sua seguran\u00e7a<\/span><\/em><\/h1>\n<p>&#8221; content_last_edited=&#8221;on|phone&#8221; _builder_version=&#8221;4.5.8&#8243; _module_preset=&#8221;default&#8221; header_text_color=&#8221;#B2292E&#8221; header_font_size=&#8221;22px&#8221;]<\/p>\n<h1 style=\"text-align: center;\"><em><span style=\"color: #b2292e;\">O pr\u00f3ximo passo para garantir a sua seguran\u00e7a<\/span><\/em><\/h1>\n<p>[\/et_pb_text][\/et_pb_column][\/et_pb_row][et_pb_row column_structure=&#8221;1_2,1_2&#8243; _builder_version=&#8221;4.5.8&#8243; _module_preset=&#8221;default&#8221; max_width=&#8221;1195px&#8221; custom_padding=&#8221;9px|||||&#8221; animation_style=&#8221;slide&#8221;][et_pb_column type=&#8221;1_2&#8243; _builder_version=&#8221;4.5.8&#8243; _module_preset=&#8221;default&#8221;][et_pb_text content_tablet=&#8221;<\/p>\n<h2>OPTOU POR UTILIZAR A APLICA\u00c7\u00c3O RENYN SYSTEMS NA SUA C\u00c2MARA:<\/h2>\n<p>&#8221; content_phone=&#8221;<\/p>\n<h2>OPTOU POR UTILIZAR A APLICA\u00c7\u00c3O RENYN SYSTEMS NA SUA C\u00c2MARA:<\/h2>\n<p>&#8221; content_last_edited=&#8221;on|phone&#8221; _builder_version=&#8221;4.5.8&#8243; _module_preset=&#8221;default&#8221; header_2_font_size=&#8221;18px&#8221; custom_margin=&#8221;||-1px|||&#8221;]<\/p>\n<h2>OPTOU POR UTILIZAR A APLICA\u00c7\u00c3O RENYN SYSTEMS NA SUA C\u00c2MARA:<\/h2>\n<p>[\/et_pb_text][et_pb_image src=&#8221;https:\/\/renynsys.es\/wp-content\/uploads\/2021\/11\/alarma-movil-1.jpg&#8221; alt=&#8221;Sistema de alarme com intelig\u00eancia artificial&#8221; title_text=&#8221;Sistema de alarme com intelig\u00eancia artificial&#8221; align=&#8221;center&#8221; _builder_version=&#8221;4.5.8&#8243; _module_preset=&#8221;default&#8221; width=&#8221;40%&#8221; custom_margin=&#8221;9px||15px|||&#8221; custom_padding=&#8221;0px|||||&#8221;][\/et_pb_image][et_pb_text _builder_version=&#8221;4.5.8&#8243; _module_preset=&#8221;default&#8221; text_font_size=&#8221;22px&#8221;]<\/p>\n<p style=\"text-align: center;\">Oferta de lan\u00e7amento<\/p>\n<p style=\"text-align: center;\"><em><span style=\"color: #b2292e;\">2\u20ac \/ M\u00eas + IVA<\/span><\/em><\/p>\n<p>[\/et_pb_text][et_pb_text content_tablet=&#8221;<\/p>\n<p style=\"%22text-align:\" justify;%22=\"\">A trav\u00e9s de nuestra aplicaci\u00f3n obtendr\u00e1s total seguridad y vigilancia. Este servicio consiste en la integraci\u00f3n de la App Renyn Systems en tu c\u00e1mara para que puedas utilizar nuestros servicios todos los meses.<\/p>\n<p>&#8221; content_phone=&#8221;<\/p>\n<p style=\"%22text-align:\" justify;%22=\"\">A trav\u00e9s de nuestra aplicaci\u00f3n obtendr\u00e1s total seguridad y vigilancia. Este servicio consiste en la integraci\u00f3n de la App Renyn Systems en tu c\u00e1mara para que puedas utilizar nuestros servicios todos los meses.<\/p>\n<p>&#8221; content_last_edited=&#8221;on|desktop&#8221; _builder_version=&#8221;4.5.8&#8243; _module_preset=&#8221;default&#8221;]<\/p>\n<p style=\"text-align: justify;\">Atrav\u00e9s da nossa aplica\u00e7\u00e3o, obter\u00e1 seguran\u00e7a e vigil\u00e2ncia totais. Este servi\u00e7o consiste em integrar a aplica\u00e7\u00e3o Renyn Systems na sua c\u00e2mara para que possa utilizar os nossos servi\u00e7os todos os meses.<\/p>\n<p>[\/et_pb_text][et_pb_text content_tablet=&#8221;<\/p>\n<p><b>DE ESTE MODO OBTIENES:<\/b><\/p>\n<p><img decoding=\"async\" src=\"%22https:\/\/renynsys.es\/wp-content\/uploads\/2021\/11\/flechac-3.jpg%22\" width=\"%228%22\" height=\"%2213%22\" alt=\"%22Renyn\" systems%22=\"\" class=\"%22wp-image-461\" alignnone=\"\" size-full%22=\"\" title=\"\"> Control de tu c\u00e1mara desde la aplicaci\u00f3n Renyn Systems<br \/>\n<img decoding=\"async\" src=\"%22https:\/\/renynsys.es\/wp-content\/uploads\/2021\/11\/flechac-3.jpg%22\" width=\"%228%22\" height=\"%2213%22\" alt=\"%22Renyn\" systems%22=\"\" class=\"%22wp-image-461\" alignnone=\"\" size-full%22=\"\" title=\"\"> Reconocimiento autom\u00e1tico de animales, personas, veh\u00edculos y matr\u00edculas<br \/>\n<img decoding=\"async\" src=\"%22https:\/\/renynsys.es\/wp-content\/uploads\/2021\/11\/flechac-3.jpg%22\" width=\"%228%22\" height=\"%2213%22\" alt=\"%22Renyn\" systems%22=\"\" class=\"%22wp-image-461\" alignnone=\"\" size-full%22=\"\" title=\"\"> Gesti\u00f3n y almacenamiento de im\u00e1genes en la nube<br \/>\n<img decoding=\"async\" src=\"%22https:\/\/renynsys.es\/wp-content\/uploads\/2021\/11\/flechac-3.jpg%22\" width=\"%228%22\" height=\"%2213%22\" alt=\"%22Renyn\" systems%22=\"\" class=\"%22wp-image-461\" alignnone=\"\" size-full%22=\"\" title=\"\"> Sistema de alarma personalizable<br \/>\n<img decoding=\"async\" src=\"%22https:\/\/renynsys.es\/wp-content\/uploads\/2021\/11\/flechac-3.jpg%22\" width=\"%228%22\" height=\"%2213%22\" alt=\"%22Renyn\" systems%22=\"\" class=\"%22wp-image-461\" alignnone=\"\" size-full%22=\"\" title=\"\"> Filtrado de im\u00e1genes autom\u00e1tico<\/p>\n<p>&#8221; content_phone=&#8221;<\/p>\n<p><b>DE ESTE MODO OBTIENES:<\/b><\/p>\n<p><img decoding=\"async\" src=\"%22https:\/\/renynsys.es\/wp-content\/uploads\/2021\/11\/flechac-3.jpg%22\" width=\"%228%22\" height=\"%2213%22\" alt=\"%22Renyn\" systems%22=\"\" class=\"%22wp-image-461\" alignnone=\"\" size-full%22=\"\" title=\"\"> Control de tu c\u00e1mara desde la aplicaci\u00f3n Renyn Systems<br \/>\n<img decoding=\"async\" src=\"%22https:\/\/renynsys.es\/wp-content\/uploads\/2021\/11\/flechac-3.jpg%22\" width=\"%228%22\" height=\"%2213%22\" alt=\"%22Renyn\" systems%22=\"\" class=\"%22wp-image-461\" alignnone=\"\" size-full%22=\"\" title=\"\"> Reconocimiento autom\u00e1tico de animales, personas, veh\u00edculos y matr\u00edculas<br \/>\n<img decoding=\"async\" src=\"%22https:\/\/renynsys.es\/wp-content\/uploads\/2021\/11\/flechac-3.jpg%22\" width=\"%228%22\" height=\"%2213%22\" alt=\"%22Renyn\" systems%22=\"\" class=\"%22wp-image-461\" alignnone=\"\" size-full%22=\"\" title=\"\"> Gesti\u00f3n y almacenamiento de im\u00e1genes en la nube<br \/>\n<img decoding=\"async\" src=\"%22https:\/\/renynsys.es\/wp-content\/uploads\/2021\/11\/flechac-3.jpg%22\" width=\"%228%22\" height=\"%2213%22\" alt=\"%22Renyn\" systems%22=\"\" class=\"%22wp-image-461\" alignnone=\"\" size-full%22=\"\" title=\"\"> Sistema de alarma personalizable<br \/>\n<img decoding=\"async\" src=\"%22https:\/\/renynsys.es\/wp-content\/uploads\/2021\/11\/flechac-3.jpg%22\" width=\"%228%22\" height=\"%2213%22\" alt=\"%22Renyn\" systems%22=\"\" class=\"%22wp-image-461\" alignnone=\"\" size-full%22=\"\" title=\"\"> Filtrado de im\u00e1genes autom\u00e1tico<\/p>\n<p>&#8221; content_last_edited=&#8221;on|phone&#8221; _builder_version=&#8221;4.5.8&#8243; _module_preset=&#8221;default&#8221; custom_margin=&#8221;||0px|||&#8221;]<\/p>\n<p><b>DESTA FORMA OBT\u00c9M-SE:<\/b><\/p>\n<p><img loading=\"lazy\" decoding=\"async\" src=\"https:\/\/renynsys.es\/wp-content\/uploads\/2021\/11\/flechac-3.jpg\" width=\"8\" height=\"13\" alt=\"Sistemas Renyn\" class=\"wp-image-461 alignnone size-full\" title=\"\">&nbsp;Controlar a c\u00e2mara a partir da aplica\u00e7\u00e3o Renyn Systems<br \/>\n<img loading=\"lazy\" decoding=\"async\" src=\"https:\/\/renynsys.es\/wp-content\/uploads\/2021\/11\/flechac-3.jpg\" width=\"8\" height=\"13\" alt=\"Sistemas Renyn\" class=\"wp-image-461 alignnone size-full\" title=\"\">  Reconhecimento autom\u00e1tico de animais, pessoas, ve\u00edculos e matr\u00edculas<br \/>\n<img loading=\"lazy\" decoding=\"async\" src=\"https:\/\/renynsys.es\/wp-content\/uploads\/2021\/11\/flechac-3.jpg\" width=\"8\" height=\"13\" alt=\"Sistemas Renyn\" class=\"wp-image-461 alignnone size-full\" title=\"\">  Gest\u00e3o e armazenamento de imagens na nuvem<br \/>\n<img loading=\"lazy\" decoding=\"async\" src=\"https:\/\/renynsys.es\/wp-content\/uploads\/2021\/11\/flechac-3.jpg\" width=\"8\" height=\"13\" alt=\"Sistemas Renyn\" class=\"wp-image-461 alignnone size-full\" title=\"\">  Sistema de alarme personaliz\u00e1vel<br \/>\n<img loading=\"lazy\" decoding=\"async\" src=\"https:\/\/renynsys.es\/wp-content\/uploads\/2021\/11\/flechac-3.jpg\" width=\"8\" height=\"13\" alt=\"Sistemas Renyn\" class=\"wp-image-461 alignnone size-full\" title=\"\">  Filtragem autom\u00e1tica de imagens<\/p>\n<p>&nbsp;<\/p>\n<p>[\/et_pb_text][\/et_pb_column][et_pb_column type=&#8221;1_2&#8243; _builder_version=&#8221;4.5.8&#8243; _module_preset=&#8221;default&#8221;][et_pb_text content_tablet=&#8221;<\/p>\n<p style=\"%22text-align:\" justify;%22=\"\"><strong>\u00bfCU\u00c1L ES EL SIGUIENTE PASO?<\/strong><\/p>\n<p style=\"%22text-align:\" justify;%22=\"\">El siguiente paso es completar el formulario que ves aqu\u00ed abajo y nos pondremos en contacto contigo.<\/p>\n<p style=\"%22text-align:\" justify;%22=\"\">Te explicaremos c\u00f3mo integrar la aplicaci\u00f3n, su funcionamiento y sus ventajas en funci\u00f3n de tu situaci\u00f3n.<\/p>\n<p>&#8221; content_phone=&#8221;<\/p>\n<p style=\"%22text-align:\" justify;%22=\"\"><strong>\u00bfCU\u00c1L ES EL SIGUIENTE PASO?<\/strong><\/p>\n<p style=\"%22text-align:\" justify;%22=\"\">El siguiente paso es completar el formulario que ves aqu\u00ed abajo y nos pondremos en contacto contigo.<\/p>\n<p style=\"%22text-align:\" justify;%22=\"\">Te explicaremos c\u00f3mo integrar la aplicaci\u00f3n, su funcionamiento y sus ventajas en funci\u00f3n de tu situaci\u00f3n.<\/p>\n<p>&#8221; content_last_edited=&#8221;on|phone&#8221; _builder_version=&#8221;4.5.8&#8243; _module_preset=&#8221;default&#8221;]<\/p>\n<p><strong>QUAL \u00c9 O PR\u00d3XIMO PASSO?<\/strong><\/p>\n<p style=\"text-align: justify;\">O pr\u00f3ximo passo \u00e9 preencher o formul\u00e1rio abaixo e n\u00f3s entraremos em contacto consigo.<\/p>\n<p style=\"text-align: justify;\">Explicaremos como integrar a aplica\u00e7\u00e3o, o seu funcionamento e as suas vantagens em fun\u00e7\u00e3o da sua situa\u00e7\u00e3o.<\/p>\n<p>[\/et_pb_text][\/et_pb_column][\/et_pb_row][et_pb_row _builder_version=&#8221;4.5.8&#8243; _module_preset=&#8221;default&#8221; max_width=&#8221;1195px&#8221; custom_padding=&#8221;4px|||||&#8221;][et_pb_column type=&#8221;4_4&#8243; _builder_version=&#8221;4.5.8&#8243; _module_preset=&#8221;default&#8221;][et_pb_text _builder_version=&#8221;4.5.8&#8243; _module_preset=&#8221;default&#8221; text_text_color=&#8221;#B2292E&#8221; text_font_size=&#8221;16px&#8221;]<\/p>\n<p style=\"text-align: center;\">*Preencha<em>o formul\u00e1rio e entraremos em contacto consigo no prazo de 48 horas \u00fateis<\/em>.<\/p>\n<p>[\/et_pb_text][wpforms_selector form_id=&#8221;961&#8243; _builder_version=&#8221;4.5.8&#8243; _module_preset=&#8221;default&#8221;][\/wpforms_selector][\/et_pb_column][\/et_pb_row][\/et_pb_section]<\/p>\n","protected":false},"excerpt":{"rendered":"<p>O pr\u00f3ximo passo para garantir a sua seguran\u00e7a Oferta de lan\u00e7amento 2\u20ac \/ M\u00eas + IVA OPTOU POR UTILIZAR A APLICA\u00c7\u00c3O RENYN SYSTEMS NA SUA C\u00c2MARA: Atrav\u00e9s da nossa aplica\u00e7\u00e3o, obter\u00e1 seguran\u00e7a e vigil\u00e2ncia totais. Este servi\u00e7o consiste em integrar a aplica\u00e7\u00e3o Renyn Systems na sua c\u00e2mara para que possa utilizar os nossos servi\u00e7os todos [&hellip;]<\/p>\n","protected":false},"author":3,"featured_media":0,"parent":0,"menu_order":0,"comment_status":"closed","ping_status":"closed","template":"","meta":{"_et_pb_use_builder":"on","_et_pb_old_content":"","_et_gb_content_width":"","_joinchat":[],"footnotes":""},"class_list":["post-4167","page","type-page","status-publish","hentry"],"_links":{"self":[{"href":"https:\/\/renynsys.es\/pt-pt\/wp-json\/wp\/v2\/pages\/4167","targetHints":{"allow":["GET"]}}],"collection":[{"href":"https:\/\/renynsys.es\/pt-pt\/wp-json\/wp\/v2\/pages"}],"about":[{"href":"https:\/\/renynsys.es\/pt-pt\/wp-json\/wp\/v2\/types\/page"}],"author":[{"embeddable":true,"href":"https:\/\/renynsys.es\/pt-pt\/wp-json\/wp\/v2\/users\/3"}],"replies":[{"embeddable":true,"href":"https:\/\/renynsys.es\/pt-pt\/wp-json\/wp\/v2\/comments?post=4167"}],"version-history":[{"count":0,"href":"https:\/\/renynsys.es\/pt-pt\/wp-json\/wp\/v2\/pages\/4167\/revisions"}],"wp:attachment":[{"href":"https:\/\/renynsys.es\/pt-pt\/wp-json\/wp\/v2\/media?parent=4167"}],"curies":[{"name":"wp","href":"https:\/\/api.w.org\/{rel}","templated":true}]}}