{"id":4543,"date":"2022-06-13T15:46:03","date_gmt":"2022-06-13T15:46:03","guid":{"rendered":"https:\/\/renynsys.es\/assinatura-anual-do-sim-tarifa-de-dados\/"},"modified":"2023-06-06T10:37:48","modified_gmt":"2023-06-06T10:37:48","slug":"tarifadatos","status":"publish","type":"product","link":"https:\/\/renynsys.es\/pt-pt\/tarifadatos\/","title":{"rendered":"Assinatura anual do SIM Tarifa de dados"},"content":{"rendered":"","protected":false},"excerpt":{"rendered":"<p>&nbsp;<\/p>\n<p>Assinatura anual Taxa SIM da Renyn Systems. Assinatura de doze meses (5 euros por m\u00eas + IVA). A sua liga\u00e7\u00e3o ideal \u00e0 c\u00e2mara de vigil\u00e2ncia Cherokee.<\/p>\n<ul>\n<li>Cobertura multioperador (Movistar+Organge+Vodafone)<\/li>\n<li>Mais de 1.200 imagens por m\u00eas com a sua tarifa<\/li>\n<li>100% compat\u00edvel com a c\u00e2mara Cherokee<\/li>\n<\/ul>\n","protected":false},"featured_media":3998,"comment_status":"open","ping_status":"closed","template":"","meta":{"_et_pb_use_builder":"","_et_pb_old_content":"","_et_gb_content_width":"","_joinchat":[]},"product_brand":[],"product_cat":[65],"product_tag":[],"class_list":{"0":"post-4543","1":"product","2":"type-product","3":"status-publish","4":"has-post-thumbnail","6":"product_cat-acessorios-para-camaras","8":"first","9":"instock","10":"taxable","11":"shipping-taxable","12":"purchasable","13":"product-type-simple"},"_links":{"self":[{"href":"https:\/\/renynsys.es\/pt-pt\/wp-json\/wp\/v2\/product\/4543","targetHints":{"allow":["GET"]}}],"collection":[{"href":"https:\/\/renynsys.es\/pt-pt\/wp-json\/wp\/v2\/product"}],"about":[{"href":"https:\/\/renynsys.es\/pt-pt\/wp-json\/wp\/v2\/types\/product"}],"replies":[{"embeddable":true,"href":"https:\/\/renynsys.es\/pt-pt\/wp-json\/wp\/v2\/comments?post=4543"}],"wp:featuredmedia":[{"embeddable":true,"href":"https:\/\/renynsys.es\/pt-pt\/wp-json\/wp\/v2\/media\/3998"}],"wp:attachment":[{"href":"https:\/\/renynsys.es\/pt-pt\/wp-json\/wp\/v2\/media?parent=4543"}],"wp:term":[{"taxonomy":"product_brand","embeddable":true,"href":"https:\/\/renynsys.es\/pt-pt\/wp-json\/wp\/v2\/product_brand?post=4543"},{"taxonomy":"product_cat","embeddable":true,"href":"https:\/\/renynsys.es\/pt-pt\/wp-json\/wp\/v2\/product_cat?post=4543"},{"taxonomy":"product_tag","embeddable":true,"href":"https:\/\/renynsys.es\/pt-pt\/wp-json\/wp\/v2\/product_tag?post=4543"}],"curies":[{"name":"wp","href":"https:\/\/api.w.org\/{rel}","templated":true}]}}