{"id":4550,"date":"2022-06-13T15:48:26","date_gmt":"2022-06-13T15:48:26","guid":{"rendered":"https:\/\/renynsys.es\/cartao-de-memoria-sd\/"},"modified":"2023-12-12T09:29:56","modified_gmt":"2023-12-12T09:29:56","slug":"cartao-de-memoria-sd","status":"publish","type":"product","link":"https:\/\/renynsys.es\/pt-pt\/cartao-de-memoria-sd\/","title":{"rendered":"Cart\u00e3o de mem\u00f3ria SD"},"content":{"rendered":"","protected":false},"excerpt":{"rendered":"<p>&nbsp;<\/p>\n<p>Cart\u00e3o de alta qualidade e totalmente compat\u00edvel com qualquer modelo de c\u00e2mara.<\/p>\n<ul>\n<li>Sem adaptador, sempre funcional<\/li>\n<li>Fun\u00e7\u00e3o de memoriza\u00e7\u00e3o de loops (substituir quando cheio)<\/li>\n<li>Mais de 15.000 imagens<\/li>\n<\/ul>\n","protected":false},"featured_media":6517,"comment_status":"open","ping_status":"closed","template":"","meta":{"_et_pb_use_builder":"","_et_pb_old_content":"","_et_gb_content_width":"","_joinchat":[]},"product_brand":[],"product_cat":[65],"product_tag":[],"class_list":{"0":"post-4550","1":"product","2":"type-product","3":"status-publish","4":"has-post-thumbnail","6":"product_cat-acessorios-para-camaras","8":"first","9":"instock","10":"taxable","11":"shipping-taxable","12":"purchasable","13":"product-type-simple"},"_links":{"self":[{"href":"https:\/\/renynsys.es\/pt-pt\/wp-json\/wp\/v2\/product\/4550","targetHints":{"allow":["GET"]}}],"collection":[{"href":"https:\/\/renynsys.es\/pt-pt\/wp-json\/wp\/v2\/product"}],"about":[{"href":"https:\/\/renynsys.es\/pt-pt\/wp-json\/wp\/v2\/types\/product"}],"replies":[{"embeddable":true,"href":"https:\/\/renynsys.es\/pt-pt\/wp-json\/wp\/v2\/comments?post=4550"}],"wp:featuredmedia":[{"embeddable":true,"href":"https:\/\/renynsys.es\/pt-pt\/wp-json\/wp\/v2\/media\/6517"}],"wp:attachment":[{"href":"https:\/\/renynsys.es\/pt-pt\/wp-json\/wp\/v2\/media?parent=4550"}],"wp:term":[{"taxonomy":"product_brand","embeddable":true,"href":"https:\/\/renynsys.es\/pt-pt\/wp-json\/wp\/v2\/product_brand?post=4550"},{"taxonomy":"product_cat","embeddable":true,"href":"https:\/\/renynsys.es\/pt-pt\/wp-json\/wp\/v2\/product_cat?post=4550"},{"taxonomy":"product_tag","embeddable":true,"href":"https:\/\/renynsys.es\/pt-pt\/wp-json\/wp\/v2\/product_tag?post=4550"}],"curies":[{"name":"wp","href":"https:\/\/api.w.org\/{rel}","templated":true}]}}