{"id":4563,"date":"2022-06-13T15:56:13","date_gmt":"2022-06-13T15:56:13","guid":{"rendered":"https:\/\/renynsys.es\/carregador-solar\/"},"modified":"2025-12-11T09:00:15","modified_gmt":"2025-12-11T09:00:15","slug":"carregador-solar","status":"publish","type":"product","link":"https:\/\/renynsys.es\/pt-pt\/carregador-solar\/","title":{"rendered":"Carregador solar"},"content":{"rendered":"<p>[et_pb_section fb_built=&#8221;1&#8243; _builder_version=&#8221;4.16&#8243; custom_padding=&#8221;0px||||false|false&#8221; global_colors_info=&#8221;{}&#8221;][et_pb_row _builder_version=&#8221;4.16&#8243; background_size=&#8221;initial&#8221; background_position=&#8221;top_left&#8221; background_repeat=&#8221;repeat&#8221; width=&#8221;100%&#8221; custom_padding=&#8221;0px||0px||false|false&#8221; global_colors_info=&#8221;{}&#8221;][et_pb_column type=&#8221;4_4&#8243; _builder_version=&#8221;4.16&#8243; custom_padding=&#8221;|||&#8221; global_colors_info=&#8221;{}&#8221; custom_padding__hover=&#8221;|||&#8221;][et_pb_wc_breadcrumb _builder_version=&#8221;4.16&#8243; global_colors_info=&#8221;{}&#8221;][\/et_pb_wc_breadcrumb][et_pb_wc_cart_notice _builder_version=&#8221;4.16&#8243; global_colors_info=&#8221;{}&#8221;][\/et_pb_wc_cart_notice][\/et_pb_column][\/et_pb_row][et_pb_row column_structure=&#8221;1_2,1_2&#8243; _builder_version=&#8221;4.16&#8243; background_size=&#8221;initial&#8221; background_position=&#8221;top_left&#8221; background_repeat=&#8221;repeat&#8221; width=&#8221;100%&#8221; custom_padding=&#8221;0px||||false|false&#8221; global_colors_info=&#8221;{}&#8221;][et_pb_column type=&#8221;1_2&#8243; _builder_version=&#8221;4.16&#8243; custom_padding=&#8221;|||&#8221; global_colors_info=&#8221;{}&#8221; custom_padding__hover=&#8221;|||&#8221;][et_pb_wc_images _builder_version=&#8221;4.16&#8243; global_colors_info=&#8221;{}&#8221;][\/et_pb_wc_images][\/et_pb_column][et_pb_column type=&#8221;1_2&#8243; _builder_version=&#8221;4.16&#8243; custom_padding=&#8221;|||&#8221; global_colors_info=&#8221;{}&#8221; custom_padding__hover=&#8221;|||&#8221;][et_pb_wc_title _builder_version=&#8221;4.16&#8243; global_colors_info=&#8221;{}&#8221;][\/et_pb_wc_title][et_pb_wc_rating _builder_version=&#8221;4.16&#8243; global_colors_info=&#8221;{}&#8221;][\/et_pb_wc_rating][et_pb_wc_price _builder_version=&#8221;4.16&#8243; global_colors_info=&#8221;{}&#8221;][\/et_pb_wc_price][et_pb_wc_description _builder_version=&#8221;4.21.0&#8243; custom_margin=&#8221;20px||20px||true|false&#8221; global_colors_info=&#8221;{}&#8221;][\/et_pb_wc_description][et_pb_wc_add_to_cart _builder_version=&#8221;4.16&#8243; global_colors_info=&#8221;{}&#8221;][\/et_pb_wc_add_to_cart][et_pb_wc_meta _builder_version=&#8221;4.16&#8243; global_colors_info=&#8221;{}&#8221;][\/et_pb_wc_meta][\/et_pb_column][\/et_pb_row][et_pb_row _builder_version=&#8221;4.21.0&#8243; _module_preset=&#8221;default&#8221; width=&#8221;100%&#8221; global_colors_info=&#8221;{}&#8221;][et_pb_column type=&#8221;4_4&#8243; _builder_version=&#8221;4.21.0&#8243; _module_preset=&#8221;default&#8221; global_colors_info=&#8221;{}&#8221;][et_pb_image src=&#8221;https:\/\/renynsys.es\/wp-content\/uploads\/2022\/06\/bannersolar.png&#8221; title_text=&#8221;bannersolar&#8221; _builder_version=&#8221;4.25.1&#8243; _module_preset=&#8221;default&#8221; custom_padding=&#8221;|0px||||&#8221; global_colors_info=&#8221;{}&#8221;][\/et_pb_image][\/et_pb_column][\/et_pb_row][et_pb_row column_structure=&#8221;1_2,1_2&#8243; make_equal=&#8221;on&#8221; _builder_version=&#8221;4.21.0&#8243; _module_preset=&#8221;default&#8221; width=&#8221;100%&#8221; custom_css_main_element=&#8221;align-items: center;&#8221; global_colors_info=&#8221;{}&#8221;][et_pb_column type=&#8221;1_2&#8243; _builder_version=&#8221;4.21.0&#8243; _module_preset=&#8221;default&#8221; global_colors_info=&#8221;{}&#8221;][et_pb_image src=&#8221;https:\/\/renynsys.es\/wp-content\/uploads\/2022\/06\/2solar-scaled.jpg&#8221; alt=&#8221;Trabalhar em equipa&#8221; title_text=&#8221;2solar&#8221; _builder_version=&#8221;4.25.1&#8243; _module_preset=&#8221;default&#8221; width=&#8221;100%&#8221; global_colors_info=&#8221;{}&#8221;][\/et_pb_image][\/et_pb_column][et_pb_column type=&#8221;1_2&#8243; _builder_version=&#8221;4.21.0&#8243; _module_preset=&#8221;default&#8221; global_colors_info=&#8221;{}&#8221;][et_pb_text _builder_version=&#8221;4.25.1&#8243; _module_preset=&#8221;default&#8221; global_colors_info=&#8221;{}&#8221;]<\/p>\n<h2>Autonomia sem precedentes<\/h2>\n<p>Gra\u00e7as \u00e0s suas<b> baterias internas de l\u00edtio de 5.200 mAh<\/b>, o painel solar Renyn \u00e9 capaz de suportar a atividade dos nossos aparelhos nas condi\u00e7\u00f5es mais exigentes.<\/p>\n<p>Ultrapassa sem problemas as esta\u00e7\u00f5es chuvosas ou nubladas, a Renyn Solar \u00e9 capaz de ultrapassar 15 dias de atividade sem entrada de energia externa.<\/p>\n<p>&nbsp;<\/p>\n<p>[\/et_pb_text][\/et_pb_column][\/et_pb_row][et_pb_row column_structure=&#8221;1_2,1_2&#8243; make_equal=&#8221;on&#8221; _builder_version=&#8221;4.21.0&#8243; _module_preset=&#8221;default&#8221; width=&#8221;100%&#8221; custom_css_main_element=&#8221;align-items: center;&#8221; global_colors_info=&#8221;{}&#8221;][et_pb_column type=&#8221;1_2&#8243; _builder_version=&#8221;4.21.0&#8243; _module_preset=&#8221;default&#8221; global_colors_info=&#8221;{}&#8221;][et_pb_text _builder_version=&#8221;4.25.1&#8243; _module_preset=&#8221;default&#8221; global_colors_info=&#8221;{}&#8221;]<\/p>\n<h2>Desempenho \u00f3timo em condi\u00e7\u00f5es adversas<\/h2>\n<p>Tanto as pilhas recarreg\u00e1veis tradicionais como as pilhas alcalinas t\u00eam s\u00e9rios problemas em fornecer energia quando as temperaturas s\u00e3o particularmente baixas. Gra\u00e7as \u00e0s baterias de l\u00edtio internas, a Renyn Solar \u00e9 capaz de funcionar no tempo mais frio do inverno sem interrup\u00e7\u00f5es. <\/p>\n<p>&nbsp;<\/p>\n<p>&nbsp;<\/p>\n<p>[\/et_pb_text][\/et_pb_column][et_pb_column type=&#8221;1_2&#8243; _builder_version=&#8221;4.21.0&#8243; _module_preset=&#8221;default&#8221; global_colors_info=&#8221;{}&#8221;][et_pb_image src=&#8221;https:\/\/renynsys.es\/wp-content\/uploads\/2022\/06\/6solarcold-scaled.jpg&#8221; title_text=&#8221;6solarcold&#8221; _builder_version=&#8221;4.25.1&#8243; _module_preset=&#8221;default&#8221; width=&#8221;100%&#8221; global_colors_info=&#8221;{}&#8221;][\/et_pb_image][\/et_pb_column][\/et_pb_row][et_pb_row column_structure=&#8221;1_2,1_2&#8243; make_equal=&#8221;on&#8221; _builder_version=&#8221;4.21.0&#8243; _module_preset=&#8221;default&#8221; width=&#8221;100%&#8221; min_height=&#8221;387.3px&#8221; custom_padding=&#8221;0px||0px|||&#8221; custom_css_main_element=&#8221;align-items: center;&#8221; global_colors_info=&#8221;{}&#8221;][et_pb_column type=&#8221;1_2&#8243; _builder_version=&#8221;4.21.0&#8243; _module_preset=&#8221;default&#8221; global_colors_info=&#8221;{}&#8221;][et_pb_image src=&#8221;https:\/\/renynsys.es\/wp-content\/uploads\/2022\/06\/3solar-scaled.jpg&#8221; alt=&#8221;tarifa de dados&#8221; title_text=&#8221;3solar&#8221; _builder_version=&#8221;4.25.1&#8243; _module_preset=&#8221;default&#8221; width=&#8221;100%&#8221; global_colors_info=&#8221;{}&#8221; src__hover_enabled=&#8221;on|hover&#8221; src__hover=&#8221;&#8221;][\/et_pb_image][\/et_pb_column][et_pb_column type=&#8221;1_2&#8243; _builder_version=&#8221;4.21.0&#8243; _module_preset=&#8221;default&#8221; global_colors_info=&#8221;{}&#8221;][et_pb_text _builder_version=&#8221;4.25.1&#8243; _module_preset=&#8221;default&#8221; global_colors_info=&#8221;{}&#8221;]<\/p>\n<h2>Adapta-te a todos os dispositivos<\/h2>\n<p>Um dos grandes problemas dos pain\u00e9is solares tem sido sempre os reflexos do sol que denunciam a sua posi\u00e7\u00e3o.<\/p>\n<p>A Renyn Solar tem uma pel\u00edcula de baixo brilho que reduz os reflexos sem reduzir o desempenho.<\/p>\n<p>Camuflar um painel solar nunca foi t\u00e3o f\u00e1cil!<\/p>\n<p>&nbsp;<\/p>\n<p>&nbsp;<\/p>\n<p>[\/et_pb_text][\/et_pb_column][\/et_pb_row][et_pb_row column_structure=&#8221;1_2,1_2&#8243; make_equal=&#8221;on&#8221; _builder_version=&#8221;4.21.0&#8243; _module_preset=&#8221;default&#8221; width=&#8221;100%&#8221; custom_css_main_element=&#8221;align-items: center;&#8221; global_colors_info=&#8221;{}&#8221;][et_pb_column type=&#8221;1_2&#8243; _builder_version=&#8221;4.21.0&#8243; _module_preset=&#8221;default&#8221; global_colors_info=&#8221;{}&#8221;][et_pb_text _builder_version=&#8221;4.25.1&#8243; _module_preset=&#8221;default&#8221; custom_padding=&#8221;13px|||||&#8221; global_colors_info=&#8221;{}&#8221;]<\/p>\n<h2>Adapta-te a todos os dispositivos<\/h2>\n<p>A Renyn Solar tem <b>3 sa\u00eddas em diferentes tens\u00f5es<\/b> para cobrir toda a gama de exig\u00eancias.<\/p>\n<p>Al\u00e9m disso, possui <b>v\u00e1rios conectores<\/b> para que possa ser adaptado n\u00e3o s\u00f3 \u00e0s c\u00e2maras Renyn, mas tamb\u00e9m a qualquer outra c\u00e2mara no mercado.<\/p>\n<p>&nbsp;<\/p>\n<p>[\/et_pb_text][\/et_pb_column][et_pb_column type=&#8221;1_2&#8243; _builder_version=&#8221;4.21.0&#8243; _module_preset=&#8221;default&#8221; global_colors_info=&#8221;{}&#8221;][et_pb_image src=&#8221;https:\/\/renynsys.es\/wp-content\/uploads\/2022\/06\/4solar-scaled.jpg&#8221; alt=&#8221;Sistemas de aplica\u00e7\u00e3o renyn&#8221; title_text=&#8221;4solar&#8221; _builder_version=&#8221;4.25.1&#8243; _module_preset=&#8221;default&#8221; width=&#8221;100%&#8221; global_colors_info=&#8221;{}&#8221;][\/et_pb_image][\/et_pb_column][\/et_pb_row][et_pb_row _builder_version=&#8221;4.21.0&#8243; _module_preset=&#8221;default&#8221; global_colors_info=&#8221;{}&#8221;][et_pb_column type=&#8221;4_4&#8243; _builder_version=&#8221;4.21.0&#8243; _module_preset=&#8221;default&#8221; global_colors_info=&#8221;{}&#8221;][et_pb_text _builder_version=&#8221;4.25.1&#8243; _module_preset=&#8221;default&#8221; custom_padding=&#8221;13px|||||&#8221; global_colors_info=&#8221;{}&#8221;]<\/p>\n<h2 style=\"text-align: center;\">Porqu\u00ea utilizar o nosso painel solar?<\/h2>\n<p>[\/et_pb_text][\/et_pb_column][\/et_pb_row][et_pb_row _builder_version=&#8221;4.25.1&#8243; _module_preset=&#8221;default&#8221; width=&#8221;100%&#8221; custom_margin=&#8221;|-105px||-1px||&#8221; border_radii=&#8221;on|1px|1px|1px|1px&#8221; border_width_all=&#8221;1px&#8221; border_color_all=&#8221;#d9d9d9&#8243; global_colors_info=&#8221;{}&#8221;][et_pb_column type=&#8221;4_4&#8243; _builder_version=&#8221;4.21.0&#8243; _module_preset=&#8221;default&#8221; custom_padding=&#8221;20px|40px|20px|40px|false|false&#8221; global_colors_info=&#8221;{}&#8221;][et_pb_text _builder_version=&#8221;4.25.1&#8243; _module_preset=&#8221;default&#8221; global_colors_info=&#8221;{}&#8221;]<\/p>\n<p><strong><span style=\"color: #339966;\">\u2713<\/span><\/strong> <b>Poupan\u00e7a<\/b> significativa em compara\u00e7\u00e3o com a utiliza\u00e7\u00e3o de baterias tradicionais<\/p>\n<hr class=\"solid\">\n<p><strong><span style=\"color: #339966;\">\u2713<\/span><\/strong> <b>Dura mais tempo<\/b> do que as pilhas alcalinas e recarreg\u00e1veis tradicionais<\/p>\n<hr class=\"solid\">\n<p><strong><span style=\"color: #339966;\">\u2713<\/span><\/strong> <b>Aumenta a capacidade de descarga.<\/b> Mant\u00e9m o flash da tua c\u00e2mara na pot\u00eancia m\u00e1xima durante a grava\u00e7\u00e3o.<\/p>\n<hr class=\"solid\">\n<p><strong><span style=\"color: #339966;\">\u2713<\/span><\/strong> Elevada <b>toler\u00e2ncia ao frio<\/b>. As pilhas alcalinas podem ter problemas quando as temperaturas s\u00e3o muito baixas durante a noite, pelo que poder\u00e1 n\u00e3o conseguir receber fotografias devido a quedas de tens\u00e3o inesperadas.<\/p>\n<hr class=\"solid\">\n<p><strong><span style=\"color: #339966;\">\u2713<\/span><\/strong> Reduz <b>o lixo<\/b>, esquece a procura de locais para deitar fora as tuas pilhas e s\u00ea amigo do ambiente.<\/p>\n<hr class=\"solid\">\n<p><strong><span style=\"color: #339966;\">\u2713<\/span><\/strong> F\u00e1cil de utilizar, <b>adequado para a maioria das c\u00e2maras do mercado<\/b><\/p>\n<p>[\/et_pb_text][\/et_pb_column][\/et_pb_row][et_pb_row _builder_version=&#8221;4.16&#8243; background_size=&#8221;initial&#8221; background_position=&#8221;top_left&#8221; background_repeat=&#8221;repeat&#8221; width=&#8221;100%&#8221; global_colors_info=&#8221;{}&#8221;][et_pb_column type=&#8221;4_4&#8243; _builder_version=&#8221;4.16&#8243; custom_padding=&#8221;|||&#8221; global_colors_info=&#8221;{}&#8221; custom_padding__hover=&#8221;|||&#8221;][et_pb_wc_tabs _builder_version=&#8221;4.16&#8243; global_colors_info=&#8221;{}&#8221;] [\/et_pb_wc_tabs][et_pb_wc_upsells _builder_version=&#8221;4.16&#8243; global_colors_info=&#8221;{}&#8221;][\/et_pb_wc_upsells][et_pb_wc_related_products _builder_version=&#8221;4.16&#8243; global_colors_info=&#8221;{}&#8221;][\/et_pb_wc_related_products][\/et_pb_column][\/et_pb_row][\/et_pb_section]<\/p>\n","protected":false},"excerpt":{"rendered":"<p>Utiliza os nossos pain\u00e9is solares e faz com que as tuas c\u00e2maras Renyn funcionem de forma aut\u00f3noma.<b>Poupa nas baterias e nas viagens<\/b> e evita para sempre as falhas de bateria. Al\u00e9m disso, os nossos pain\u00e9is solares s\u00e3o capazes de fornecer toda a energia necess\u00e1ria mesmo quando a temperatura ambiente desce abaixo dos 20\u00ba. Al\u00e9m disso, s\u00e3o fornecidos com v\u00e1rios conectores e tens\u00f5es de sa\u00edda para os tornar<b>compat\u00edveis com todos os nossos dispositivos<\/b>.<\/p>\n","protected":false},"featured_media":7619,"comment_status":"open","ping_status":"closed","template":"","meta":{"_et_pb_use_builder":"on","_et_pb_old_content":"<table>\n<tbody>\n<tr>\n<td colspan=\"2\"><b>QUADRO DE CARACTER\u00cdSTICAS<\/b><\/td>\n<\/tr>\n<tr>\n<td>CAPACIDADE<\/td>\n<td>5.600 mAH<\/td>\n<\/tr>\n<tr>\n<td>TENS\u00c3O DE CARGA<\/td>\n<td>6V<\/td>\n<\/tr>\n<tr>\n<td>INTENSIDADE DE CARGA<\/td>\n<td>500mah<\/td>\n<\/tr>\n<tr>\n<td>CARGA SOLAR<\/td>\n<td>3W<\/td>\n<\/tr>\n<tr>\n<td>TENS\u00c3O E CORRENTE DE ALIMENTA\u00c7\u00c3O<\/td>\n<td>6V@2A \/ <a href=\"mailto:9V@1.3A\">9V@1.3A<\/a> \/ 12V@1A<\/td>\n<\/tr>\n<tr>\n<td>PROTEC\u00c7\u00c3O DA BATERIA<\/td>\n<td>\n<ul>\n \t<li>Descarga profunda<\/li>\n \t<li>Curto-circuito<\/li>\n \t<li>Prote\u00e7\u00e3o da temperatura<\/li>\n<\/ul>\n<\/td>\n<\/tr>\n<tr>\n<td>CONECTORES INCLU\u00cdDOS<\/td>\n<td>\n<ul>\n \t<li>5,5 x 2,1 mm<\/li>\n \t<li>4,0 x 1,7 mm<\/li>\n \t<li>3,5 x 1,35 mm<\/li>\n<\/ul>\n<\/td>\n<\/tr>\n<tr>\n<td>CLASSIFICA\u00c7\u00c3O DE PROTEC\u00c7\u00c3O IP<\/td>\n<td>IP66<\/td>\n<\/tr>\n<tr>\n<td>CERTIFICA\u00c7\u00c3O<\/td>\n<td>ROHS\/FCC\/CE<\/td>\n<\/tr>\n<tr>\n<td>GARANTIA<\/td>\n<td>2 anos<\/td>\n<\/tr>\n<\/tbody>\n<\/table>","_et_gb_content_width":"","_joinchat":[]},"product_brand":[],"product_cat":[65],"product_tag":[],"class_list":{"0":"post-4563","1":"product","2":"type-product","3":"status-publish","4":"has-post-thumbnail","6":"product_cat-acessorios-para-camaras","8":"first","9":"instock","10":"taxable","11":"shipping-taxable","12":"purchasable","13":"product-type-simple"},"_links":{"self":[{"href":"https:\/\/renynsys.es\/pt-pt\/wp-json\/wp\/v2\/product\/4563","targetHints":{"allow":["GET"]}}],"collection":[{"href":"https:\/\/renynsys.es\/pt-pt\/wp-json\/wp\/v2\/product"}],"about":[{"href":"https:\/\/renynsys.es\/pt-pt\/wp-json\/wp\/v2\/types\/product"}],"replies":[{"embeddable":true,"href":"https:\/\/renynsys.es\/pt-pt\/wp-json\/wp\/v2\/comments?post=4563"}],"wp:featuredmedia":[{"embeddable":true,"href":"https:\/\/renynsys.es\/pt-pt\/wp-json\/wp\/v2\/media\/7619"}],"wp:attachment":[{"href":"https:\/\/renynsys.es\/pt-pt\/wp-json\/wp\/v2\/media?parent=4563"}],"wp:term":[{"taxonomy":"product_brand","embeddable":true,"href":"https:\/\/renynsys.es\/pt-pt\/wp-json\/wp\/v2\/product_brand?post=4563"},{"taxonomy":"product_cat","embeddable":true,"href":"https:\/\/renynsys.es\/pt-pt\/wp-json\/wp\/v2\/product_cat?post=4563"},{"taxonomy":"product_tag","embeddable":true,"href":"https:\/\/renynsys.es\/pt-pt\/wp-json\/wp\/v2\/product_tag?post=4563"}],"curies":[{"name":"wp","href":"https:\/\/api.w.org\/{rel}","templated":true}]}}