{"id":4572,"date":"2022-06-13T15:59:33","date_gmt":"2022-06-13T15:59:33","guid":{"rendered":"https:\/\/renynsys.es\/cofre-de-seguranca\/"},"modified":"2024-05-02T10:09:32","modified_gmt":"2024-05-02T10:09:32","slug":"cofre-forte-2","status":"publish","type":"product","link":"https:\/\/renynsys.es\/pt-pt\/cofre-forte-2\/","title":{"rendered":"Cofre de seguran\u00e7a"},"content":{"rendered":"<p>Proteja o que \u00e9 importante para si, evite que o seu dispositivo seja roubado ou danificado desnecessariamente e torne o seu produto mais duradouro. Com o seu sistema de fixa\u00e7\u00e3o por parafusos e fecho com cadeado, evita que a sua c\u00e2mara seja roubada sem primeiro tirar uma fotografia do indiv\u00edduo.<\/p>\n","protected":false},"excerpt":{"rendered":"<p>&nbsp;<\/p>\n<ul>\n<li>A caixa \u00e9 feita de a\u00e7o inoxid\u00e1vel e est\u00e1 equipada com encaixes s\u00f3lidos para resistir a choques que possam danificar o dispositivo.<\/li>\n<li>Mecanismo de fixa\u00e7\u00e3o por parafuso e cadeado para dificultar o roubo da c\u00e2mara.<\/li>\n<li>Sistema de fixa\u00e7\u00e3o para evitar que se desloque devido \u00e0 fric\u00e7\u00e3o de animais ou outros elementos. Desta forma, a c\u00e2mara permanece focada no local pretendido e n\u00e3o \u00e9 necess\u00e1rio deslocar-se para a reajustar.<\/li>\n<\/ul>\n","protected":false},"featured_media":3110,"comment_status":"open","ping_status":"closed","template":"","meta":{"_et_pb_use_builder":"","_et_pb_old_content":"","_et_gb_content_width":"","_joinchat":[]},"product_brand":[],"product_cat":[65],"product_tag":[],"class_list":{"0":"post-4572","1":"product","2":"type-product","3":"status-publish","4":"has-post-thumbnail","6":"product_cat-acessorios-para-camaras","8":"first","9":"outofstock","10":"taxable","11":"shipping-taxable","12":"purchasable","13":"product-type-simple"},"_links":{"self":[{"href":"https:\/\/renynsys.es\/pt-pt\/wp-json\/wp\/v2\/product\/4572","targetHints":{"allow":["GET"]}}],"collection":[{"href":"https:\/\/renynsys.es\/pt-pt\/wp-json\/wp\/v2\/product"}],"about":[{"href":"https:\/\/renynsys.es\/pt-pt\/wp-json\/wp\/v2\/types\/product"}],"replies":[{"embeddable":true,"href":"https:\/\/renynsys.es\/pt-pt\/wp-json\/wp\/v2\/comments?post=4572"}],"wp:featuredmedia":[{"embeddable":true,"href":"https:\/\/renynsys.es\/pt-pt\/wp-json\/wp\/v2\/media\/3110"}],"wp:attachment":[{"href":"https:\/\/renynsys.es\/pt-pt\/wp-json\/wp\/v2\/media?parent=4572"}],"wp:term":[{"taxonomy":"product_brand","embeddable":true,"href":"https:\/\/renynsys.es\/pt-pt\/wp-json\/wp\/v2\/product_brand?post=4572"},{"taxonomy":"product_cat","embeddable":true,"href":"https:\/\/renynsys.es\/pt-pt\/wp-json\/wp\/v2\/product_cat?post=4572"},{"taxonomy":"product_tag","embeddable":true,"href":"https:\/\/renynsys.es\/pt-pt\/wp-json\/wp\/v2\/product_tag?post=4572"}],"curies":[{"name":"wp","href":"https:\/\/api.w.org\/{rel}","templated":true}]}}