{"id":4591,"date":"2022-06-13T16:01:45","date_gmt":"2022-06-13T16:01:45","guid":{"rendered":"https:\/\/renynsys.es\/camara-navajo\/"},"modified":"2024-10-01T09:27:19","modified_gmt":"2024-10-01T09:27:19","slug":"camara-navajo","status":"publish","type":"product","link":"https:\/\/renynsys.es\/pt-pt\/camara-navajo\/","title":{"rendered":"C\u00e2mara Navajo"},"content":{"rendered":"<p>A c\u00e2mara Navajo \u00e9 a solu\u00e7\u00e3o para manter o rasto em \u00e1reas onde n\u00e3o existe cobertura. A ca\u00e7a \u00e9 mais do que uma atividade, \u00e9 uma paix\u00e3o que requer a melhor tecnologia para captar os momentos inesquec\u00edveis no campo. Neste contexto, a <strong>c\u00e2mara<\/strong> Renynsys <strong>Navajo<\/strong> surge como uma ferramenta indispens\u00e1vel para os amantes da ca\u00e7a e da natureza. Esta c\u00e2mara, concebida com precis\u00e3o e aten\u00e7\u00e3o aos detalhes, destaca-se n\u00e3o s\u00f3 pela sua capacidade de captar imagens de alta qualidade, mas tamb\u00e9m pela sua adaptabilidade a diferentes cen\u00e1rios e condi\u00e7\u00f5es. Quer seja no meio da floresta, no sil\u00eancio de uma clareira ou na escurid\u00e3o da noite, a c\u00e2mara Navajo est\u00e1 pronta para enfrentar qualquer desafio. \u00c9 mais do que uma simples c\u00e2mara, \u00e9 uma companheira de aventuras que se torna nos seus olhos no terreno, captando todos os detalhes com clareza e precis\u00e3o. Al\u00e9m disso, a sua tecnologia avan\u00e7ada posiciona-a como uma das melhores <strong>c\u00e2maras nocturnas para esperar<\/strong>, permitindo-lhe observar e gravar a vida selvagem no seu estado mais natural, sem interrup\u00e7\u00f5es ou distrac\u00e7\u00f5es. Uma das melhores <span data-sheets-value=\"{\"1\":2,\"2\":\"c\u00e1maras nocturnas para el campo\"}\" data-sheets-userformat=\"{\"2\":513,\"3\":{\"1\":0},\"12\":0}\">c\u00e2maras nocturnas para o campo.<\/span><strong>Especifica\u00e7\u00f5es t\u00e9cnicas:<\/strong> &#8211; Tamanho da imagem 5\/8\/12 Mpx &#8211; V\u00eddeo: FHD 1080P\/720P\/VGA &#8211; Velocidade do obturador: 0,4s &#8211; Dist\u00e2ncia de dete\u00e7\u00e3o: At\u00e9 20 metros &#8211; Vis\u00e3o nocturna: Sim &#8211; Led flash: 56 leds infravermelhos &#8211; Lente: 52\u00ba &#8211; Mem\u00f3ria: Cart\u00e3o SD at\u00e9 32GB &#8211; Modo Burst: At\u00e9 5 imagens por disparo &#8211; Time lapse: Sim &#8211; Programa\u00e7\u00e3o: Sim &#8211; Armazenamento c\u00edclico: Sim &#8211; Imperme\u00e1vel: Sim, IP54 &#8211; Alimenta\u00e7\u00e3o: 8 pilhas AA \/ Carregador 12V \/ Painel solar (n\u00e3o inclu\u00eddo) &#8211; Certifica\u00e7\u00e3o: CE\/RoHs\/FCC<\/p>\n","protected":false},"excerpt":{"rendered":"<p><strong><span style=\"color: #ff0000;\">PRODUTO DESCONTINUADO<\/span><\/strong> C\u00e2mara de videovigil\u00e2ncia para zonas sem cobertura. Resolu\u00e7\u00e3o de 12Mpx. Cart\u00e3o at\u00e9 32 Gb. Atraso, lapso de tempo e hor\u00e1rios configur\u00e1veis.<\/p>\n","protected":false},"featured_media":3122,"comment_status":"open","ping_status":"closed","template":"","meta":{"_et_pb_use_builder":"","_et_pb_old_content":"","_et_gb_content_width":"","_joinchat":[]},"product_brand":[],"product_cat":[71],"product_tag":[],"class_list":{"0":"post-4591","1":"product","2":"type-product","3":"status-publish","4":"has-post-thumbnail","6":"product_cat-camaras-pt-pt","7":"product_shipping_class-gratis","9":"first","10":"outofstock","11":"sale","12":"taxable","13":"shipping-taxable","14":"purchasable","15":"product-type-simple"},"_links":{"self":[{"href":"https:\/\/renynsys.es\/pt-pt\/wp-json\/wp\/v2\/product\/4591","targetHints":{"allow":["GET"]}}],"collection":[{"href":"https:\/\/renynsys.es\/pt-pt\/wp-json\/wp\/v2\/product"}],"about":[{"href":"https:\/\/renynsys.es\/pt-pt\/wp-json\/wp\/v2\/types\/product"}],"replies":[{"embeddable":true,"href":"https:\/\/renynsys.es\/pt-pt\/wp-json\/wp\/v2\/comments?post=4591"}],"wp:featuredmedia":[{"embeddable":true,"href":"https:\/\/renynsys.es\/pt-pt\/wp-json\/wp\/v2\/media\/3122"}],"wp:attachment":[{"href":"https:\/\/renynsys.es\/pt-pt\/wp-json\/wp\/v2\/media?parent=4591"}],"wp:term":[{"taxonomy":"product_brand","embeddable":true,"href":"https:\/\/renynsys.es\/pt-pt\/wp-json\/wp\/v2\/product_brand?post=4591"},{"taxonomy":"product_cat","embeddable":true,"href":"https:\/\/renynsys.es\/pt-pt\/wp-json\/wp\/v2\/product_cat?post=4591"},{"taxonomy":"product_tag","embeddable":true,"href":"https:\/\/renynsys.es\/pt-pt\/wp-json\/wp\/v2\/product_tag?post=4591"}],"curies":[{"name":"wp","href":"https:\/\/api.w.org\/{rel}","templated":true}]}}