{"id":7384,"date":"2024-10-29T16:48:00","date_gmt":"2024-10-29T16:48:00","guid":{"rendered":"https:\/\/renynsys.es\/?post_type=product&#038;p=7384"},"modified":"2025-12-01T19:34:14","modified_gmt":"2025-12-01T19:34:14","slug":"geolocalizador-camera-cherokee-2-copia-2","status":"publish","type":"product","link":"https:\/\/renynsys.es\/pt-pt\/geolocalizador-camera-cherokee-2-copia-2\/","title":{"rendered":"C\u00e2mara de ca\u00e7a Apache II"},"content":{"rendered":"<p>[et_pb_section fb_built=&#8221;1&#8243; _builder_version=&#8221;4.16&#8243; custom_padding=&#8221;0px||||false|false&#8221; global_colors_info=&#8221;{}&#8221;][et_pb_row _builder_version=&#8221;4.16&#8243; background_size=&#8221;initial&#8221; background_position=&#8221;top_left&#8221; background_repeat=&#8221;repeat&#8221; width=&#8221;100%&#8221; custom_padding=&#8221;0px||0px||false|false&#8221; global_colors_info=&#8221;{}&#8221;][et_pb_column type=&#8221;4_4&#8243; _builder_version=&#8221;4.16&#8243; custom_padding=&#8221;|||&#8221; global_colors_info=&#8221;{}&#8221; custom_padding__hover=&#8221;|||&#8221;][et_pb_wc_breadcrumb _builder_version=&#8221;4.16&#8243; global_colors_info=&#8221;{}&#8221;][\/et_pb_wc_breadcrumb][et_pb_wc_cart_notice _builder_version=&#8221;4.16&#8243; global_colors_info=&#8221;{}&#8221;][\/et_pb_wc_cart_notice][\/et_pb_column][\/et_pb_row][et_pb_row column_structure=&#8221;1_2,1_2&#8243; _builder_version=&#8221;4.16&#8243; background_size=&#8221;initial&#8221; background_position=&#8221;top_left&#8221; background_repeat=&#8221;repeat&#8221; width=&#8221;100%&#8221; custom_padding=&#8221;0px||||false|false&#8221; global_colors_info=&#8221;{}&#8221;][et_pb_column type=&#8221;1_2&#8243; _builder_version=&#8221;4.16&#8243; custom_padding=&#8221;|||&#8221; global_colors_info=&#8221;{}&#8221; custom_padding__hover=&#8221;|||&#8221;][et_pb_wc_images _builder_version=&#8221;4.16&#8243; global_colors_info=&#8221;{}&#8221;][\/et_pb_wc_images][\/et_pb_column][et_pb_column type=&#8221;1_2&#8243; _builder_version=&#8221;4.16&#8243; custom_padding=&#8221;|||&#8221; global_colors_info=&#8221;{}&#8221; custom_padding__hover=&#8221;|||&#8221;][et_pb_wc_title _builder_version=&#8221;4.16&#8243; global_colors_info=&#8221;{}&#8221;][\/et_pb_wc_title][et_pb_wc_rating _builder_version=&#8221;4.16&#8243; global_colors_info=&#8221;{}&#8221;][\/et_pb_wc_rating][et_pb_wc_price _builder_version=&#8221;4.16&#8243; global_colors_info=&#8221;{}&#8221;][\/et_pb_wc_price][et_pb_wc_description _builder_version=&#8221;4.21.0&#8243; custom_margin=&#8221;20px||20px||true|false&#8221; global_colors_info=&#8221;{}&#8221;][\/et_pb_wc_description][et_pb_wc_add_to_cart _builder_version=&#8221;4.16&#8243; global_colors_info=&#8221;{}&#8221;][\/et_pb_wc_add_to_cart][et_pb_wc_meta _builder_version=&#8221;4.16&#8243; global_colors_info=&#8221;{}&#8221;][\/et_pb_wc_meta][\/et_pb_column][\/et_pb_row][et_pb_row _builder_version=&#8221;4.21.0&#8243; _module_preset=&#8221;default&#8221; width=&#8221;100%&#8221; global_colors_info=&#8221;{}&#8221;][et_pb_column type=&#8221;4_4&#8243; _builder_version=&#8221;4.21.0&#8243; _module_preset=&#8221;default&#8221; global_colors_info=&#8221;{}&#8221;][et_pb_image src=&#8221;https:\/\/renynsys.es\/wp-content\/uploads\/2024\/10\/bannerapacheii.png&#8221; title_text=&#8221;bannerapacheii&#8221; _builder_version=&#8221;4.25.1&#8243; _module_preset=&#8221;default&#8221; custom_padding=&#8221;|0px||||&#8221; global_colors_info=&#8221;{}&#8221;][\/et_pb_image][\/et_pb_column][\/et_pb_row][et_pb_row column_structure=&#8221;1_2,1_2&#8243; make_equal=&#8221;on&#8221; _builder_version=&#8221;4.21.0&#8243; _module_preset=&#8221;default&#8221; width=&#8221;100%&#8221; custom_css_main_element=&#8221;align-items: center;&#8221; global_colors_info=&#8221;{}&#8221;][et_pb_column type=&#8221;1_2&#8243; _builder_version=&#8221;4.21.0&#8243; _module_preset=&#8221;default&#8221; global_colors_info=&#8221;{}&#8221;][et_pb_image src=&#8221;https:\/\/renynsys.es\/wp-content\/uploads\/2024\/10\/landingapache1.jpg&#8221; alt=&#8221;Trabalhar em equipa&#8221; title_text=&#8221;aterragemapache1&#8243; _builder_version=&#8221;4.25.1&#8243; _module_preset=&#8221;default&#8221; width=&#8221;100%&#8221; global_colors_info=&#8221;{}&#8221;][\/et_pb_image][\/et_pb_column][et_pb_column type=&#8221;1_2&#8243; _builder_version=&#8221;4.21.0&#8243; _module_preset=&#8221;default&#8221; global_colors_info=&#8221;{}&#8221;][et_pb_text _builder_version=&#8221;4.25.1&#8243; _module_preset=&#8221;default&#8221; global_colors_info=&#8221;{}&#8221;]<\/p>\n<h2>Lugares que frequentas?<\/h2>\n<p>A Renyn ouve os seus clientes e compreende as suas preocupa\u00e7\u00f5es.<br \/>\nA pergunta mais recorrente, embora possa parecer \u00f3bvia, \u00e9: E se a minha c\u00e2mara for roubada? <\/p>\n<p>A Renyn Apache II \u00e9 uma c\u00e2mara com um desempenho muito bom a um pre\u00e7o imbat\u00edvel. Al\u00e9m disso, somos fabricantes e tratamos de todo o ecossistema, ajudando-te de forma personalizada na recupera\u00e7\u00e3o do teu dispositivo. <\/p>\n<p>[\/et_pb_text][\/et_pb_column][\/et_pb_row][et_pb_row column_structure=&#8221;1_2,1_2&#8243; make_equal=&#8221;on&#8221; _builder_version=&#8221;4.21.0&#8243; _module_preset=&#8221;default&#8221; width=&#8221;100%&#8221; custom_css_main_element=&#8221;align-items: center;&#8221; global_colors_info=&#8221;{}&#8221;][et_pb_column type=&#8221;1_2&#8243; _builder_version=&#8221;4.21.0&#8243; _module_preset=&#8221;default&#8221; global_colors_info=&#8221;{}&#8221;][et_pb_text _builder_version=&#8221;4.25.1&#8243; _module_preset=&#8221;default&#8221; global_colors_info=&#8221;{}&#8221;]<\/p>\n<h2>Alta qualidade e baixo consumo<\/h2>\n<p>Com a nossa experi\u00eancia em gest\u00e3o integrada de patrim\u00f3nio florestal, sabemos que cada viagem \u00e0 floresta conta. \u00c9 por isso que desenvolvemos um produto fi\u00e1vel com um elevado n\u00edvel de autonomia de servi\u00e7o. <\/p>\n<p>Recebe at\u00e9 2.000 fotografias com apenas uma bateria, poupa em consum\u00edveis e garante a disponibilidade do servi\u00e7o.<\/p>\n<p>&nbsp;<\/p>\n<p>[\/et_pb_text][\/et_pb_column][et_pb_column type=&#8221;1_2&#8243; _builder_version=&#8221;4.21.0&#8243; _module_preset=&#8221;default&#8221; global_colors_info=&#8221;{}&#8221;][et_pb_image src=&#8221;https:\/\/renynsys.es\/wp-content\/uploads\/2024\/10\/DSCF0483-scaled.jpg&#8221; title_text=&#8221;DSCF0483&#8243; _builder_version=&#8221;4.25.1&#8243; _module_preset=&#8221;default&#8221; width=&#8221;100%&#8221; global_colors_info=&#8221;{}&#8221;][\/et_pb_image][\/et_pb_column][\/et_pb_row][et_pb_row column_structure=&#8221;1_2,1_2&#8243; make_equal=&#8221;on&#8221; _builder_version=&#8221;4.21.0&#8243; _module_preset=&#8221;default&#8221; width=&#8221;100%&#8221; min_height=&#8221;387.3px&#8221; custom_padding=&#8221;0px||0px|||&#8221; custom_css_main_element=&#8221;align-items: center;&#8221; global_colors_info=&#8221;{}&#8221;][et_pb_column type=&#8221;1_2&#8243; _builder_version=&#8221;4.21.0&#8243; _module_preset=&#8221;default&#8221; global_colors_info=&#8221;{}&#8221;][et_pb_image src=&#8221;https:\/\/renynsys.es\/wp-content\/uploads\/2024\/10\/open-apacheii.jpg&#8221; alt=&#8221;tarifa de dados&#8221; title_text=&#8221;open-apacheii&#8221; _builder_version=&#8221;4.25.1&#8243; _module_preset=&#8221;default&#8221; width=&#8221;100%&#8221; global_colors_info=&#8221;{}&#8221; src__hover_enabled=&#8221;on|hover&#8221; src__hover=&#8221;&#8221;][\/et_pb_image][\/et_pb_column][et_pb_column type=&#8221;1_2&#8243; _builder_version=&#8221;4.21.0&#8243; _module_preset=&#8221;default&#8221; global_colors_info=&#8221;{}&#8221;][et_pb_text _builder_version=&#8221;4.25.1&#8243; _module_preset=&#8221;default&#8221; global_colors_info=&#8221;{}&#8221;]<\/p>\n<h2>Facilidade de utiliza\u00e7\u00e3o e de trabalho em equipa<\/h2>\n<p>Esquece os dias em que utilizar uma m\u00e1quina fotogr\u00e1fica com envio de fotos era para os mais astutos. Gra\u00e7as \u00e0 nossa aplica\u00e7\u00e3o, digitaliza o QR da tua c\u00e2mara e recebe imagens instantaneamente. <\/p>\n<p>A nossa c\u00e2mara inclui tudo o que precisas, tornando-a um kit garantido sem surpresas de instala\u00e7\u00e3o. E se tiveres alguma d\u00favida&#8230; podes telefonar-nos imediatamente. <\/p>\n<p>&nbsp;<\/p>\n<p>[\/et_pb_text][\/et_pb_column][\/et_pb_row][et_pb_row column_structure=&#8221;1_2,1_2&#8243; make_equal=&#8221;on&#8221; _builder_version=&#8221;4.21.0&#8243; _module_preset=&#8221;default&#8221; width=&#8221;100%&#8221; custom_css_main_element=&#8221;align-items: center;&#8221; global_colors_info=&#8221;{}&#8221;][et_pb_column type=&#8221;1_2&#8243; _builder_version=&#8221;4.21.0&#8243; _module_preset=&#8221;default&#8221; global_colors_info=&#8221;{}&#8221;][et_pb_text _builder_version=&#8221;4.25.1&#8243; _module_preset=&#8221;default&#8221; custom_padding=&#8221;13px|||||&#8221; global_colors_info=&#8221;{}&#8221;]<\/p>\n<h2>Armazenamento em nuvem gratuito, forma\u00e7\u00e3o de equipas<\/h2>\n<p>Cansado de olhar para as tuas fotos e de as partilhar com os teus colegas, o teu telefone est\u00e1 lento? Utiliza a nossa APP e esquece isso.<\/p>\n<p>Com o nosso armazenamento na nuvem inclu\u00eddo e o nosso sistema de grupos, recebe as fotografias que tu e quem tu quiseres. Gere as permiss\u00f5es dos teus colegas e torna a gest\u00e3o mais eficiente e c\u00f3moda. <\/p>\n<p>[\/et_pb_text][\/et_pb_column][et_pb_column type=&#8221;1_2&#8243; _builder_version=&#8221;4.21.0&#8243; _module_preset=&#8221;default&#8221; global_colors_info=&#8221;{}&#8221;][et_pb_image src=&#8221;https:\/\/renynsys.es\/wp-content\/uploads\/2021\/11\/pantalla-inicio-b.jpg&#8221; alt=&#8221;Sistemas de aplica\u00e7\u00e3o renyn&#8221; title_text=&#8221;Sistemas de aplica\u00e7\u00e3o renyn&#8221; _builder_version=&#8221;4.25.1&#8243; _module_preset=&#8221;default&#8221; width=&#8221;100%&#8221; global_colors_info=&#8221;{}&#8221;][\/et_pb_image][\/et_pb_column][\/et_pb_row][et_pb_row _builder_version=&#8221;4.21.0&#8243; _module_preset=&#8221;default&#8221; global_colors_info=&#8221;{}&#8221;][et_pb_column type=&#8221;4_4&#8243; _builder_version=&#8221;4.21.0&#8243; _module_preset=&#8221;default&#8221; global_colors_info=&#8221;{}&#8221;][et_pb_text _builder_version=&#8221;4.25.1&#8243; _module_preset=&#8221;default&#8221; custom_padding=&#8221;13px|||||&#8221; global_colors_info=&#8221;{}&#8221;]<\/p>\n<h2 style=\"text-align: center;\">Porqu\u00ea utilizar a nossa c\u00e2mara apache?<\/h2>\n<p>[\/et_pb_text][\/et_pb_column][\/et_pb_row][et_pb_row _builder_version=&#8221;4.25.1&#8243; _module_preset=&#8221;default&#8221; width=&#8221;100%&#8221; custom_margin=&#8221;|-105px||-1px||&#8221; border_radii=&#8221;on|1px|1px|1px|1px&#8221; border_width_all=&#8221;1px&#8221; border_color_all=&#8221;#d9d9d9&#8243; global_colors_info=&#8221;{}&#8221;][et_pb_column type=&#8221;4_4&#8243; _builder_version=&#8221;4.21.0&#8243; _module_preset=&#8221;default&#8221; custom_padding=&#8221;20px|40px|20px|40px|false|false&#8221; global_colors_info=&#8221;{}&#8221;][et_pb_text _builder_version=&#8221;4.25.1&#8243; _module_preset=&#8221;default&#8221; global_colors_info=&#8221;{}&#8221;]<\/p>\n<p><strong><span style=\"color: #339966;\">\u2713<\/span><\/strong> Recebe imagens numa aplica\u00e7\u00e3o intuitiva, desenvolvida por n\u00f3s.<\/p>\n<hr class=\"solid\">\n<p><strong><span style=\"color: #339966;\">\u2713<\/span><\/strong> Fabricante em Espanha (Ciudad Real), com servi\u00e7o t\u00e9cnico e apoio telef\u00f3nico.<\/p>\n<hr class=\"solid\">\n<p><strong><span style=\"color: #339966;\">\u2713<\/span><\/strong> Pre\u00e7o baixo, reduz o impacto econ\u00f3mico em caso de roubo<\/p>\n<hr class=\"solid\">\n<p><strong><span style=\"color: #339966;\">\u2713<\/span><\/strong> Rela\u00e7\u00e3o pre\u00e7o\/desempenho imbat\u00edvel<\/p>\n<hr class=\"solid\">\n<p><strong><span style=\"color: #339966;\">\u2713<\/span><\/strong> Servi\u00e7o de internet pr\u00f3prio associado ao teu cart\u00e3o ao pre\u00e7o dos grandes.<\/p>\n<hr class=\"solid\">\n<p><strong><span style=\"color: #339966;\">\u2713<\/span><\/strong> Resistente \u00e0s intemp\u00e9ries com IP66 e fechos de qualidade<\/p>\n<hr class=\"solid\">\n<p><strong><span style=\"color: #339966;\">\u2713<\/span><\/strong> Baixo consumo de energia com at\u00e9 2.000 fotos por carga<\/p>\n<hr class=\"solid\">\n<p><strong><span style=\"color: #339966;\">\u2713<\/span> <\/strong>Trabalho em equipa<\/p>\n<p>[\/et_pb_text][\/et_pb_column][\/et_pb_row][et_pb_row _builder_version=&#8221;4.16&#8243; background_size=&#8221;initial&#8221; background_position=&#8221;top_left&#8221; background_repeat=&#8221;repeat&#8221; width=&#8221;100%&#8221; global_colors_info=&#8221;{}&#8221;][et_pb_column type=&#8221;4_4&#8243; _builder_version=&#8221;4.16&#8243; custom_padding=&#8221;|||&#8221; global_colors_info=&#8221;{}&#8221; custom_padding__hover=&#8221;|||&#8221;][et_pb_wc_tabs _builder_version=&#8221;4.16&#8243; global_colors_info=&#8221;{}&#8221;] [\/et_pb_wc_tabs][et_pb_wc_upsells _builder_version=&#8221;4.16&#8243; global_colors_info=&#8221;{}&#8221;][\/et_pb_wc_upsells][et_pb_wc_related_products _builder_version=&#8221;4.16&#8243; global_colors_info=&#8221;{}&#8221;][\/et_pb_wc_related_products][\/et_pb_column][\/et_pb_row][\/et_pb_section]<\/p>\n","protected":false},"excerpt":{"rendered":"<p><strong>LAN\u00c7AMENTO 4-5 DE NOVEMBRO &#8211; RESERVA J\u00c1!<\/strong><\/p>\n<p>Cart\u00e3o SD de 32 GB e armazenamento gratuito e ilimitado na nuvem para toda a vida! Descobre a <strong>nossa Apache II,<\/strong> a nossa c\u00e2mara de ca\u00e7a para zonas com tr\u00e1fego pedonal e\/ou risco de roubo, com entrega na nossa aplica\u00e7\u00e3o. Gra\u00e7as ao seu baixo pre\u00e7o, \u00e9 ideal para zonas onde os roubos s\u00e3o frequentes. \u00c9 tamb\u00e9m a tua c\u00e2mara se n\u00e3o quiseres investir muito em armadilhas fotogr\u00e1ficas. Gra\u00e7as aos seus 28 LED 940nm, totalmente invis\u00edveis para o homem e para a vida selvagem, tira fotografias n\u00edtidas e de qualidade mesmo \u00e0 noite. Trabalha em equipa gra\u00e7as \u00e0 sua aplica\u00e7\u00e3o e configura-a comodamente a partir de casa. Gra\u00e7as ao seu m\u00f3dulo de comunica\u00e7\u00e3o de baixo consumo, podes tirar mais de 2.000 fotografias com apenas um conjunto de pilhas AA. Tira fotografias de alta qualidade at\u00e9 24Mpx e v\u00eddeos 2K e n\u00e3o percas nada do que acontece na tua quinta.<\/p>\n","protected":false},"featured_media":7370,"comment_status":"open","ping_status":"closed","template":"","meta":{"_et_pb_use_builder":"on","_et_pb_old_content":"<strong>Quadro de carater\u00edsticas:<\/strong>\n<table>\n<tbody>\n<tr>\n<td>TAMANHO DA IMAGEM<\/td>\n<td>8\/16\/24 MP<\/td>\n<\/tr>\n<tr>\n<td>V\u00cdDEO<\/td>\n<td>2.7K A 30FPS<\/td>\n<\/tr>\n<tr>\n<td>VELOCIDADE DO GATILHO<\/td>\n<td>0.2S<\/td>\n<\/tr>\n<tr>\n<td>LED IR<\/td>\n<td>28 PCS INVIS\u00cdVEIS, 940NM<\/td>\n<\/tr>\n<tr>\n<td>ECR\u00c3 LCD<\/td>\n<td>2\" A CORES<\/td>\n<\/tr>\n<tr>\n<td>DIST\u00c2NCIA DE DETEC\u00c7\u00c3O<\/td>\n<td>20 metros<\/td>\n<\/tr>\n<tr>\n<td>CART\u00c3O DE MEM\u00d3RIA<\/td>\n<td>SD at\u00e9 128GB<\/td>\n<\/tr>\n<tr>\n<td>RESIST\u00caNCIA \u00c0S INTEMP\u00c9RIES<\/td>\n<td>IP66<\/td>\n<\/tr>\n<tr>\n<td>CERTIFICACION<\/td>\n<td>CE\/ROHS\/FCC<\/td>\n<\/tr>\n<\/tbody>\n<\/table>","_et_gb_content_width":"","_joinchat":[]},"product_brand":[],"product_cat":[71],"product_tag":[],"class_list":{"0":"post-7384","1":"product","2":"type-product","3":"status-publish","4":"has-post-thumbnail","6":"product_cat-camaras-pt-pt","8":"first","9":"instock","10":"taxable","11":"shipping-taxable","12":"purchasable","13":"product-type-variable","14":"has-default-attributes"},"_links":{"self":[{"href":"https:\/\/renynsys.es\/pt-pt\/wp-json\/wp\/v2\/product\/7384","targetHints":{"allow":["GET"]}}],"collection":[{"href":"https:\/\/renynsys.es\/pt-pt\/wp-json\/wp\/v2\/product"}],"about":[{"href":"https:\/\/renynsys.es\/pt-pt\/wp-json\/wp\/v2\/types\/product"}],"replies":[{"embeddable":true,"href":"https:\/\/renynsys.es\/pt-pt\/wp-json\/wp\/v2\/comments?post=7384"}],"wp:featuredmedia":[{"embeddable":true,"href":"https:\/\/renynsys.es\/pt-pt\/wp-json\/wp\/v2\/media\/7370"}],"wp:attachment":[{"href":"https:\/\/renynsys.es\/pt-pt\/wp-json\/wp\/v2\/media?parent=7384"}],"wp:term":[{"taxonomy":"product_brand","embeddable":true,"href":"https:\/\/renynsys.es\/pt-pt\/wp-json\/wp\/v2\/product_brand?post=7384"},{"taxonomy":"product_cat","embeddable":true,"href":"https:\/\/renynsys.es\/pt-pt\/wp-json\/wp\/v2\/product_cat?post=7384"},{"taxonomy":"product_tag","embeddable":true,"href":"https:\/\/renynsys.es\/pt-pt\/wp-json\/wp\/v2\/product_tag?post=7384"}],"curies":[{"name":"wp","href":"https:\/\/api.w.org\/{rel}","templated":true}]}}